{"id":20115,"date":"2023-07-06T18:10:10","date_gmt":"2023-07-06T18:10:10","guid":{"rendered":"https:\/\/tapadum.com\/product\/kanun-professionnel-turc-qanun-par-ozgur-gurbuz\/"},"modified":"2025-11-03T22:36:39","modified_gmt":"2025-11-03T22:36:39","slug":"kanun-professionnel-turc-qanun-par-ozgur-gurbuz","status":"publish","type":"product","link":"https:\/\/tapadum.com\/fr\/produit\/kanun-professionnel-turc-qanun-par-ozgur-gurbuz\/","title":{"rendered":"Kanun Professionnel Turc Qanun Par \u00d6zg\u00fcr G\u00fcrb\u00fcz"},"content":{"rendered":"<p><strong>Kanun Professionnel Turc Qanun Par \u00d6zg\u00fcr G\u00fcrb\u00fcz &#8211; Artisanat et Qualit\u00e9 Exceptionnelle<\/strong><\/p>\n<p>D\u00e9couvrez le <strong>Kanun Professionnel Turc Qanun Par \u00d6zg\u00fcr G\u00fcrb\u00fcz<\/strong>, un instrument incomparable qui allie tradition et savoir-faire artisanal. Chaque <strong>Qanun<\/strong> est fabriqu\u00e9 \u00e0 partir des meilleurs mat\u00e9riaux, garantissant une qualit\u00e9 exceptionnelle et une fabrication impeccable. Du coffre de r\u00e9sonance au chevalet, chaque d\u00e9tail est con\u00e7u pour offrir une exp\u00e9rience musicale authentique et immersive.<\/p>\n<h3><strong>Caract\u00e9ristiques Techniques :<\/strong><\/h3>\n<ul>\n<li><strong>Coffre de r\u00e9sonance :<\/strong> Plateau en bois noble pour une qualit\u00e9 sonore in\u00e9gal\u00e9e<\/li>\n<li><strong>Cadre :<\/strong> <strong>\u00c9rable<\/strong>, r\u00e9put\u00e9 pour sa robustesse et ses qualit\u00e9s acoustiques<\/li>\n<li><strong>Chevilles de r\u00e9glage :<\/strong> <strong>Cranberry<\/strong>, pour un accordage pr\u00e9cis<\/li>\n<li><strong>Chevalet :<\/strong> Fabriqu\u00e9 en <strong>\u00e9rable<\/strong>, orn\u00e9 d\u2019une d\u00e9licate marqueterie en <strong>acajou<\/strong><\/li>\n<li><strong>Eclisses :<\/strong> <strong>\u00c9rable<\/strong> et <strong>acajou<\/strong>, pour une structure solide et une r\u00e9sonance optimale<\/li>\n<\/ul>\n<p>Chaque <strong>Qanun<\/strong> est con\u00e7u pour produire un son exceptionnel, permettant aux musiciens de tous niveaux d\u2019explorer la beaut\u00e9 de la musique ethnique turque. Notre collection comprend des instruments uniques, chacun dot\u00e9 de caract\u00e9ristiques sp\u00e9cifiques, vous permettant de choisir selon le ton, la taille et le style souhait\u00e9s.<\/p>\n<p>Notre \u00e9quipe d\u2019experts est \u00e0 votre disposition pour vous aider \u00e0 s\u00e9lectionner le <strong>Qanun<\/strong> parfait, r\u00e9pondant \u00e0 vos besoins et pr\u00e9f\u00e9rences musicales.<\/p>\n<h3><strong>Accessoires et Support pour Votre Parcours Musical<\/strong><\/h3>\n<p>En plus de notre s\u00e9lection de <strong>Qanuns<\/strong>, le <strong>Tapadum Ethnic Music Store<\/strong> propose une large gamme d\u2019accessoires, tels que des cordes pour <strong>Qanun<\/strong> et des \u00e9tuis. Nous avons tout ce qu\u2019il faut pour accompagner votre voyage musical et enrichir votre r\u00e9pertoire.<\/p>\n<p>Nous vous invitons \u00e0 explorer le monde fascinant de la musique ethnique turque. Visitez notre site web ou rendez-vous dans notre magasin pour d\u00e9couvrir notre collection et profiter du plaisir de jouer cet instrument extraordinaire.<\/p>\n","protected":false},"excerpt":{"rendered":"<p>Ce produit est pr\u00e9par\u00e9 sur commande. Veuillez nous contacter pour obtenir des informations sur les conditions de commande.<\/p>\n<p>Table d&rsquo;harmonie : Plane<\/p>\n<p>Qanun professionnel<\/p>\n<p>Cages : Erable<\/p>\n<p>Chevalets : Cranberry<\/p>\n<p>Chevalet Erable Broderies lat\u00e9rales : Acajou<\/p>\n<p>Filets c\u00f4tiers \u00e9rable : Acajou<\/p>\n","protected":false},"featured_media":20116,"comment_status":"open","ping_status":"closed","template":"","meta":{"_eb_attr":""},"product_brand":[],"product_cat":[307,322],"product_tag":[],"class_list":{"0":"post-20115","1":"product","2":"type-product","3":"status-publish","4":"has-post-thumbnail","6":"product_cat-instruments-a-cordes","7":"product_cat-qanun-fr","9":"first","10":"instock","11":"shipping-taxable","12":"purchasable","13":"product-type-simple"},"jetpack_sharing_enabled":true,"_links":{"self":[{"href":"https:\/\/tapadum.com\/fr\/wp-json\/wp\/v2\/product\/20115","targetHints":{"allow":["GET"]}}],"collection":[{"href":"https:\/\/tapadum.com\/fr\/wp-json\/wp\/v2\/product"}],"about":[{"href":"https:\/\/tapadum.com\/fr\/wp-json\/wp\/v2\/types\/product"}],"replies":[{"embeddable":true,"href":"https:\/\/tapadum.com\/fr\/wp-json\/wp\/v2\/comments?post=20115"}],"version-history":[{"count":1,"href":"https:\/\/tapadum.com\/fr\/wp-json\/wp\/v2\/product\/20115\/revisions"}],"predecessor-version":[{"id":30081,"href":"https:\/\/tapadum.com\/fr\/wp-json\/wp\/v2\/product\/20115\/revisions\/30081"}],"wp:featuredmedia":[{"embeddable":true,"href":"https:\/\/tapadum.com\/fr\/wp-json\/wp\/v2\/media\/20116"}],"wp:attachment":[{"href":"https:\/\/tapadum.com\/fr\/wp-json\/wp\/v2\/media?parent=20115"}],"wp:term":[{"taxonomy":"product_brand","embeddable":true,"href":"https:\/\/tapadum.com\/fr\/wp-json\/wp\/v2\/product_brand?post=20115"},{"taxonomy":"product_cat","embeddable":true,"href":"https:\/\/tapadum.com\/fr\/wp-json\/wp\/v2\/product_cat?post=20115"},{"taxonomy":"product_tag","embeddable":true,"href":"https:\/\/tapadum.com\/fr\/wp-json\/wp\/v2\/product_tag?post=20115"}],"curies":[{"name":"wp","href":"https:\/\/api.w.org\/{rel}","templated":true}]}}