{"id":20126,"date":"2023-01-14T20:30:45","date_gmt":"2023-01-14T20:30:45","guid":{"rendered":"https:\/\/tapadum.com\/product\/20126\/"},"modified":"2025-11-03T22:33:25","modified_gmt":"2025-11-03T22:33:25","slug":"20126","status":"publish","type":"product","link":"https:\/\/tapadum.com\/fr\/produit\/20126\/","title":{"rendered":"Bouzouki Grec (6 cordes)"},"content":{"rendered":"<p><strong>Bouzouki Grec (6 cordes)<\/strong><br \/>\nUn chef-d&rsquo;\u0153uvre musical fait main qui incarne les riches traditions de la musique grecque. Ce <strong>Trichordo<\/strong> (instrument \u00e0 trois ch\u0153urs) met en valeur un savoir-faire exceptionnel et des mat\u00e9riaux de qualit\u00e9 sup\u00e9rieure soigneusement s\u00e9lectionn\u00e9s pour garantir une exp\u00e9rience de jeu incomparable.<\/p>\n<h3><strong>Caract\u00e9ristiques Principales :<\/strong><\/h3>\n<ul>\n<li><strong>Coque : Noyer<\/strong><br \/>\nLa coque est minutieusement fabriqu\u00e9e \u00e0 partir de bois de <strong>noyer<\/strong> exquis, reconnu pour ses qualit\u00e9s tonales chaleureuses et r\u00e9sonantes. Ce choix de mat\u00e9riau enrichit non seulement la profondeur sonore, mais ajoute \u00e9galement une \u00e9l\u00e9gance visuelle \u00e0 l&rsquo;instrument.<\/li>\n<li><strong>Table d\u2019harmonie : \u00c9pic\u00e9a<\/strong><br \/>\nLa <strong>table d\u2019harmonie<\/strong> en <strong>\u00e9pic\u00e9a<\/strong>, qui couronne le corps, t\u00e9moigne de ses propri\u00e9t\u00e9s acoustiques exceptionnelles. Ce bois garantit un son \u00e9quilibr\u00e9 et expressif, offrant une clart\u00e9 et une brillance \u00e0 chaque note jou\u00e9e.<\/li>\n<li><strong>Touche : \u00c9b\u00e8ne<\/strong><br \/>\nDot\u00e9e d&rsquo;une touche en <strong>\u00e9b\u00e8ne<\/strong> luxueuse, elle offre une surface de jeu lisse et confortable. La texture dense et soyeuse de l&rsquo;\u00e9b\u00e8ne permet des mouvements fluides sur les frettes, vous invitant \u00e0 explorer facilement une large gamme de possibilit\u00e9s m\u00e9lodiques.<\/li>\n<li><strong>Manche : Noyer &amp; Afromosia<\/strong><br \/>\nLe manche est habilement con\u00e7u \u00e0 partir d\u2019une combinaison de <strong>noyer<\/strong> et d\u2019<strong>afromosia<\/strong>, offrant \u00e0 la fois stabilit\u00e9 et robustesse tout en enrichissant le caract\u00e8re tonal de l&rsquo;instrument. Cette association soigneusement choisie assure une exp\u00e9rience de jeu fluide, permettant une articulation pr\u00e9cise et des performances expressives.<\/li>\n<\/ul>\n<hr \/>\n<h3><strong>Bouzouki Trichordo Fait Main<\/strong><\/h3>\n<ul>\n<li><strong>Coque :<\/strong> <strong>Noyer<\/strong><\/li>\n<li><strong>Table d\u2019harmonie :<\/strong> <strong>\u00c9pic\u00e9a<\/strong><\/li>\n<li><strong>Touche :<\/strong> <strong>\u00c9b\u00e8ne<\/strong><\/li>\n<li><strong>Manche :<\/strong> <strong>Noyer<\/strong> &amp; <strong>Afromosia<\/strong><\/li>\n<li><strong>Longueur du manche :<\/strong> 53 cm<\/li>\n<li><strong>Longueur des cordes :<\/strong> 67 cm<\/li>\n<li><strong>Corps (Coque) :<\/strong>\n<ul>\n<li><strong>Longueur :<\/strong> 38 cm<\/li>\n<li><strong>Profondeur :<\/strong> 18 cm<\/li>\n<li><strong>Largeur :<\/strong> 29 cm<\/li>\n<\/ul>\n<\/li>\n<\/ul>\n","protected":false},"excerpt":{"rendered":"<div class=\"flex-shrink-0 flex flex-col relative items-end\">\n<div>\n<div class=\"pt-0\">\n<div class=\"gizmo-bot-avatar flex h-8 w-8 items-center justify-center overflow-hidden rounded-full\">\n<div class=\"relative p-1 rounded-sm flex items-center justify-center bg-token-main-surface-primary text-token-text-primary h-8 w-8\"><\/div>\n<\/div>\n<\/div>\n<\/div>\n<\/div>\n<div class=\"group\/conversation-turn relative flex w-full min-w-0 flex-col agent-turn\">\n<div class=\"flex-col gap-1 md:gap-3\">\n<div class=\"flex max-w-full flex-col flex-grow\">\n<div class=\"min-h-8 text-message flex w-full flex-col items-end gap-2 whitespace-normal break-words [.text-message+&#038;]:mt-5\" dir=\"auto\" data-message-author-role=\"assistant\" data-message-id=\"76cbfc49-130f-4249-af1c-4b61f8f0e9d2\" data-message-model-slug=\"gpt-4o\">\n<div class=\"flex w-full flex-col gap-1 empty:hidden first:pt-[3px]\">\n<div class=\"markdown prose w-full break-words dark:prose-invert dark\">\n<p><strong>Le Bouzouki Grec<\/strong><\/p>\n<p>Le <strong>Bouzouki Grec<\/strong> est un instrument embl\u00e9matique de la musique grecque, reconnu pour son son unique et riche. Appartenant \u00e0 la famille des instruments \u00e0 cordes, il se distingue traditionnellement par un jeu de cordes \u00e0 trois ch\u0153urs. De nos jours, il existe \u00e9galement des mod\u00e8les de <strong>Bouzouki<\/strong> avec quatre ou cinq ch\u0153urs de cordes.<\/p>\n<\/div>\n<\/div>\n<\/div>\n<\/div>\n<\/div>\n<\/div>\n","protected":false},"featured_media":20127,"comment_status":"closed","ping_status":"closed","template":"","meta":{"_eb_attr":""},"product_brand":[],"product_cat":[309,307],"product_tag":[],"class_list":{"0":"post-20126","1":"product","2":"type-product","3":"status-publish","4":"has-post-thumbnail","6":"product_cat-bouzouki-grec","7":"product_cat-instruments-a-cordes","9":"first","10":"instock","11":"sale","12":"featured","13":"shipping-taxable","14":"purchasable","15":"product-type-simple"},"jetpack_sharing_enabled":true,"_links":{"self":[{"href":"https:\/\/tapadum.com\/fr\/wp-json\/wp\/v2\/product\/20126","targetHints":{"allow":["GET"]}}],"collection":[{"href":"https:\/\/tapadum.com\/fr\/wp-json\/wp\/v2\/product"}],"about":[{"href":"https:\/\/tapadum.com\/fr\/wp-json\/wp\/v2\/types\/product"}],"replies":[{"embeddable":true,"href":"https:\/\/tapadum.com\/fr\/wp-json\/wp\/v2\/comments?post=20126"}],"version-history":[{"count":3,"href":"https:\/\/tapadum.com\/fr\/wp-json\/wp\/v2\/product\/20126\/revisions"}],"predecessor-version":[{"id":30075,"href":"https:\/\/tapadum.com\/fr\/wp-json\/wp\/v2\/product\/20126\/revisions\/30075"}],"wp:featuredmedia":[{"embeddable":true,"href":"https:\/\/tapadum.com\/fr\/wp-json\/wp\/v2\/media\/20127"}],"wp:attachment":[{"href":"https:\/\/tapadum.com\/fr\/wp-json\/wp\/v2\/media?parent=20126"}],"wp:term":[{"taxonomy":"product_brand","embeddable":true,"href":"https:\/\/tapadum.com\/fr\/wp-json\/wp\/v2\/product_brand?post=20126"},{"taxonomy":"product_cat","embeddable":true,"href":"https:\/\/tapadum.com\/fr\/wp-json\/wp\/v2\/product_cat?post=20126"},{"taxonomy":"product_tag","embeddable":true,"href":"https:\/\/tapadum.com\/fr\/wp-json\/wp\/v2\/product_tag?post=20126"}],"curies":[{"name":"wp","href":"https:\/\/api.w.org\/{rel}","templated":true}]}}