{"id":21535,"date":"2025-02-06T12:04:41","date_gmt":"2025-02-06T12:04:41","guid":{"rendered":"https:\/\/tapadum.com\/?post_type=product&#038;p=21535"},"modified":"2025-07-01T10:58:08","modified_gmt":"2025-07-01T10:58:08","slug":"lavta-traditionnelle-turque-4","status":"publish","type":"product","link":"https:\/\/tapadum.com\/fr\/produit\/lavta-traditionnelle-turque-4\/","title":{"rendered":"Lavta Traditionnelle Turque"},"content":{"rendered":"<p><strong>Lavta Traditionnelle Turque<\/strong><\/p>\n<p>La <strong>Lavta Traditionnelle Turque<\/strong> est un instrument \u00e0 cordes fascinant, appr\u00e9ci\u00e9 pour son son riche et r\u00e9sonnant, qui provient de l\u2019utilisation habile de bois pr\u00e9cieux. Sa table d\u2019harmonie en <strong>sapin<\/strong> produit des sons chauds et vibrants qui enchantent les auditeurs, en faisant un instrument essentiel pour les performances traditionnelles comme modernes.<\/p>\n<p><strong>Mat\u00e9riaux et Sp\u00e9cifications<\/strong> :<\/p>\n<ul>\n<li>Table : <strong>Sapin<\/strong><\/li>\n<li>Chevilles : <strong>\u00c9b\u00e8ne<\/strong><\/li>\n<li>Manche : <strong>Pin<\/strong><\/li>\n<li>Longueur du Corps : 44,5 cm<\/li>\n<li>Largeur du Corps : 30,5 cm<\/li>\n<li>Longueur des Cordes : 68 cm<\/li>\n<li>Profondeur : 15,5 cm<\/li>\n<\/ul>\n<p><strong>Signification Historique<\/strong> : Ayant des racines remontant \u00e0 l\u2019Empire Ottoman, la <strong>lavta<\/strong> tire ses influences des traditions musicales perses et arabes, incarnant des si\u00e8cles d\u2019\u00e9volution musicale. Bien que sa popularit\u00e9 ait d\u00e9clin\u00e9 au XIXe si\u00e8cle, cet instrument extraordinaire a \u00e9t\u00e9 red\u00e9couvert ces derni\u00e8res ann\u00e9es, retrouvant sa place comme un pilier de la musique et de la culture turques.<\/p>\n<p>Que vous jouiez des compositions classiques turques ou exploriez de nouveaux horizons musicaux, la <strong>Lavta Traditionnelle Turque<\/strong> offre une exp\u00e9rience fascinante. Impr\u00e9gnez-vous de son riche h\u00e9ritage, \u00e9levant vos performances gr\u00e2ce \u00e0 son son authentique et \u00e0 la beaut\u00e9 intemporelle de cet instrument exceptionnel.<\/p>\n<p>Embrassez l&rsquo;h\u00e9ritage durable de la <strong>Lavta Turque<\/strong> et d\u00e9couvrez sa magie d\u00e8s aujourd&rsquo;hui.<\/p>\n<p><iframe title=\"Turkish Lavta\" width=\"800\" height=\"450\" src=\"https:\/\/www.youtube.com\/embed\/CTjEYhoogIA?feature=oembed\" frameborder=\"0\" allow=\"accelerometer; autoplay; clipboard-write; encrypted-media; gyroscope; picture-in-picture; web-share\" referrerpolicy=\"strict-origin-when-cross-origin\" allowfullscreen><\/iframe><\/p>\n<p><iframe title=\"Professinal Turkish Lavta\" width=\"800\" height=\"450\" src=\"https:\/\/www.youtube.com\/embed\/COaDYx0Qa6I?feature=oembed\" frameborder=\"0\" allow=\"accelerometer; autoplay; clipboard-write; encrypted-media; gyroscope; picture-in-picture; web-share\" referrerpolicy=\"strict-origin-when-cross-origin\" allowfullscreen><\/iframe><\/p>\n","protected":false},"excerpt":{"rendered":"<p>La <strong>Lavta Turque Traditionnelle<\/strong> est un instrument \u00e0 cordes historiquement riche, avec une table en <strong>sapin<\/strong>, des chevilles en <strong>\u00e9b\u00e8ne<\/strong> et un manche en <strong>pin<\/strong>, produisant des sons chauds et vibrants.<\/p>\n<p>Ayant des racines remontant \u00e0 l\u2019<strong>Empire Ottoman<\/strong> et influenc\u00e9e par les traditions perses et arabes, elle a retrouv\u00e9 sa popularit\u00e9 dans la musique turque moderne apr\u00e8s une p\u00e9riode de d\u00e9clin.<\/p>\n<p>Son design \u00e9l\u00e9gant et son son envo\u00fbtant en font un choix id\u00e9al pour les spectacles traditionnels et contemporains, offrant aux musiciens la possibilit\u00e9 de se connecter avec des si\u00e8cles d\u2019h\u00e9ritage musical.<\/p>\n","protected":false},"featured_media":21537,"comment_status":"open","ping_status":"closed","template":"","meta":{"_eb_attr":""},"product_brand":[],"product_cat":[307,314],"product_tag":[],"class_list":{"0":"post-21535","1":"product","2":"type-product","3":"status-publish","4":"has-post-thumbnail","6":"product_cat-instruments-a-cordes","7":"product_cat-lavta-fr","9":"first","10":"instock","11":"sale","12":"shipping-taxable","13":"purchasable","14":"product-type-simple"},"jetpack_sharing_enabled":true,"_links":{"self":[{"href":"https:\/\/tapadum.com\/fr\/wp-json\/wp\/v2\/product\/21535","targetHints":{"allow":["GET"]}}],"collection":[{"href":"https:\/\/tapadum.com\/fr\/wp-json\/wp\/v2\/product"}],"about":[{"href":"https:\/\/tapadum.com\/fr\/wp-json\/wp\/v2\/types\/product"}],"replies":[{"embeddable":true,"href":"https:\/\/tapadum.com\/fr\/wp-json\/wp\/v2\/comments?post=21535"}],"version-history":[{"count":6,"href":"https:\/\/tapadum.com\/fr\/wp-json\/wp\/v2\/product\/21535\/revisions"}],"predecessor-version":[{"id":26717,"href":"https:\/\/tapadum.com\/fr\/wp-json\/wp\/v2\/product\/21535\/revisions\/26717"}],"wp:featuredmedia":[{"embeddable":true,"href":"https:\/\/tapadum.com\/fr\/wp-json\/wp\/v2\/media\/21537"}],"wp:attachment":[{"href":"https:\/\/tapadum.com\/fr\/wp-json\/wp\/v2\/media?parent=21535"}],"wp:term":[{"taxonomy":"product_brand","embeddable":true,"href":"https:\/\/tapadum.com\/fr\/wp-json\/wp\/v2\/product_brand?post=21535"},{"taxonomy":"product_cat","embeddable":true,"href":"https:\/\/tapadum.com\/fr\/wp-json\/wp\/v2\/product_cat?post=21535"},{"taxonomy":"product_tag","embeddable":true,"href":"https:\/\/tapadum.com\/fr\/wp-json\/wp\/v2\/product_tag?post=21535"}],"curies":[{"name":"wp","href":"https:\/\/api.w.org\/{rel}","templated":true}]}}