{"id":22700,"date":"2024-12-03T12:39:46","date_gmt":"2024-12-03T12:39:46","guid":{"rendered":"https:\/\/tapadum.com\/product\/cura-rabab-curabab\/"},"modified":"2025-06-14T13:56:07","modified_gmt":"2025-06-14T13:56:07","slug":"cura-rabab-curabab","status":"publish","type":"product","link":"https:\/\/tapadum.com\/fr\/produit\/cura-rabab-curabab\/","title":{"rendered":"Cura Rabab &#8211; Curabab"},"content":{"rendered":"<article class=\"text-token-text-primary w-full\" dir=\"auto\" data-testid=\"conversation-turn-24\" data-scroll-anchor=\"true\">\n<div class=\"text-base my-auto mx-auto py-5 px-6\">\n<div class=\"mx-auto flex flex-1 text-base gap-4 md:gap-5 lg:gap-6 md:max-w-3xl group\/turn-messages focus-visible:outline-hidden\" tabindex=\"-1\">\n<div class=\"group\/conversation-turn relative flex w-full min-w-0 flex-col agent-turn @xs\/thread:px-0 @sm\/thread:px-1.5 @md\/thread:px-4\">\n<div class=\"relative flex-col gap-1 md:gap-3\">\n<div class=\"flex max-w-full flex-col grow\">\n<div class=\"min-h-8 text-message relative flex w-full flex-col items-end gap-2 text-start break-words whitespace-normal [.text-message+&amp;]:mt-5\" dir=\"auto\" data-message-author-role=\"assistant\" data-message-id=\"52ff5869-1fa2-4797-ac36-a111a00478f8\" data-message-model-slug=\"gpt-4o-mini\">\n<div class=\"flex w-full flex-col gap-1 empty:hidden first:pt-[3px]\">\n<div class=\"markdown prose dark:prose-invert w-full break-words light\">\n<p class=\"\" data-start=\"46\" data-end=\"120\"><strong data-start=\"46\" data-end=\"120\">Cura Rabab (Curabab) \u2013 Une Fusion du Rabab Indien et de la Cura Turque<\/strong><\/p>\n<p class=\"\" data-start=\"122\" data-end=\"467\">Le <strong data-start=\"125\" data-end=\"139\">Cura Rabab<\/strong>, \u00e9galement connu sous le nom de <strong data-start=\"172\" data-end=\"183\">Curabab<\/strong>, est un instrument de musique innovant qui m\u00eale l&rsquo;essence profonde du Rabab indien aux caract\u00e9ristiques complexes de la Cura turque. Cette cr\u00e9ation unique introduit des cordes sympathiques, offrant un son riche et r\u00e9sonnant qui s&rsquo;harmonise magnifiquement avec les cordes principales.<\/p>\n<p class=\"\" data-start=\"469\" data-end=\"503\"><strong data-start=\"469\" data-end=\"503\">Caract\u00e9ristiques Principales :<\/strong><\/p>\n<ul data-start=\"504\" data-end=\"1097\">\n<li class=\"\" data-start=\"504\" data-end=\"647\">\n<p class=\"\" data-start=\"506\" data-end=\"647\"><strong data-start=\"506\" data-end=\"517\">Corps :<\/strong> Sculpt\u00e9 avec expertise dans du bois de m\u00fbrier massif, garantissant une profondeur tonale exceptionnelle et une grande durabilit\u00e9.<\/p>\n<\/li>\n<li class=\"\" data-start=\"648\" data-end=\"758\">\n<p class=\"\" data-start=\"650\" data-end=\"758\"><strong data-start=\"650\" data-end=\"661\">Table :<\/strong> Table en \u00e9pic\u00e9a de qualit\u00e9 sup\u00e9rieure pour une meilleure projection sonore et une clart\u00e9 tonale.<\/p>\n<\/li>\n<li class=\"\" data-start=\"759\" data-end=\"852\">\n<p class=\"\" data-start=\"761\" data-end=\"852\"><strong data-start=\"761\" data-end=\"773\">Touche :<\/strong> Touche lisse en palissandre pour une jouabilit\u00e9 pr\u00e9cise et un confort optimal.<\/p>\n<\/li>\n<li class=\"\" data-start=\"853\" data-end=\"982\">\n<p class=\"\" data-start=\"855\" data-end=\"982\"><strong data-start=\"855\" data-end=\"891\">Pernes des Cordes Sympathiques :<\/strong> Pernes en \u00e9b\u00e8ne de haute qualit\u00e9, con\u00e7us pour un accordage stable et des r\u00e9glages faciles.<\/p>\n<\/li>\n<li class=\"\" data-start=\"983\" data-end=\"1097\">\n<p class=\"\" data-start=\"985\" data-end=\"1097\"><strong data-start=\"985\" data-end=\"1020\">Pernes des Cordes Principales :<\/strong> Pernes m\u00e9caniques fiables pour une stabilit\u00e9 d&rsquo;accordage pr\u00e9cise et durable.<\/p>\n<\/li>\n<\/ul>\n<p class=\"\" data-start=\"1099\" data-end=\"1537\"><strong data-start=\"1099\" data-end=\"1135\">Pourquoi Choisir le Cura Rabab ?<\/strong> Le <strong data-start=\"1139\" data-end=\"1150\">Curabab<\/strong> est parfait pour les musiciens \u00e0 la recherche d&rsquo;un instrument qui relie des sons de diff\u00e9rentes cultures. Ses cordes sympathiques amplifient les harmoniques, cr\u00e9ant une exp\u00e9rience auditive riche et en couches. Que vous exploriez des m\u00e9lodies folkloriques turques, la musique classique indienne ou votre propre style de fusion, le <strong data-start=\"1481\" data-end=\"1492\">Curabab<\/strong> offre une polyvalence et un charme in\u00e9gal\u00e9s.<\/p>\n<p class=\"\" data-start=\"1539\" data-end=\"1964\"><strong data-start=\"1539\" data-end=\"1586\">Parfait pour Tous les Niveaux de Comp\u00e9tence<\/strong> Des professionnels chevronn\u00e9s aux d\u00e9butants passionn\u00e9s, cet instrument offre une plateforme inspirante pour explorer de nouvelles dimensions musicales. Son design m\u00e9ticuleusement con\u00e7u et ses mat\u00e9riaux de haute qualit\u00e9 assurent sa durabilit\u00e9, en faisant un excellent choix pour les enregistrements en studio, les performances en direct ou les sessions de pratique personnelles.<\/p>\n<p class=\"\" data-start=\"1966\" data-end=\"2076\"><strong data-start=\"1966\" data-end=\"2076\">D\u00e9couvrez d\u00e8s aujourd&rsquo;hui le monde extraordinaire du Cura Rabab \u2013 o\u00f9 la tradition rencontre l&rsquo;innovation !<\/strong><\/p>\n<p class=\"\" data-start=\"2078\" data-end=\"2134\">Il est livr\u00e9 avec une housse professionnelle rembourr\u00e9e.<\/p>\n<p class=\"\" data-start=\"2136\" data-end=\"2169\">\n<\/div>\n<\/div>\n<\/div>\n<\/div>\n<div class=\"flex justify-start\">\n<div class=\"touch:-me-2 touch:-ms-3.5 -ms-2.5 -me-1 flex items-center p-1 select-none -mt-1 duration-[1.5s] focus-within:transition-none hover:transition-none pointer-events-none [mask-image:linear-gradient(to_right,black_33%,transparent_66%)] [mask-position:100%_0%] [mask-size:300%_100%] motion-safe:transition-[mask-position] group-hover\/turn-messages:pointer-events-auto group-hover\/turn-messages:[mask-position:0_0] group-focus-within\/turn-messages:pointer-events-auto group-focus-within\/turn-messages:[mask-position:0_0] has-data-[state=open]:pointer-events-auto has-data-[state=open]:[mask-position:0_0]\"><\/div>\n<\/div>\n<\/div>\n<div class=\"absolute\">\n<div class=\"flex items-center justify-center\"><\/div>\n<\/div>\n<\/div>\n<\/div>\n<\/div>\n<\/article>\n<div class=\"pointer-events-none h-px w-px\" aria-hidden=\"true\" data-edge=\"true\"><\/div>\n","protected":false},"excerpt":{"rendered":"<p>D\u00e9couvrez le Cura Rabab &#8211; Curabab, une fusion unique du rabab indien et de la cura turque. Dot\u00e9 d\u2019un corps en m\u00fbrier massif, d\u2019une table en \u00e9pic\u00e9a, d\u2019une touche en palissandre, de cordes sympathiques avec des chevilles en \u00e9b\u00e8ne et de chevilles m\u00e9caniques pour les cordes principales. Parfait pour les passionn\u00e9s de musique du monde.<\/p>\n","protected":false},"featured_media":21186,"comment_status":"open","ping_status":"closed","template":"","meta":{"_eb_attr":""},"product_brand":[],"product_cat":[308,307],"product_tag":[],"class_list":{"0":"post-22700","1":"product","2":"type-product","3":"status-publish","4":"has-post-thumbnail","6":"product_cat-baglama-saz-fr","7":"product_cat-instruments-a-cordes","9":"first","10":"instock","11":"sale","12":"shipping-taxable","13":"purchasable","14":"product-type-simple"},"jetpack_sharing_enabled":true,"_links":{"self":[{"href":"https:\/\/tapadum.com\/fr\/wp-json\/wp\/v2\/product\/22700","targetHints":{"allow":["GET"]}}],"collection":[{"href":"https:\/\/tapadum.com\/fr\/wp-json\/wp\/v2\/product"}],"about":[{"href":"https:\/\/tapadum.com\/fr\/wp-json\/wp\/v2\/types\/product"}],"replies":[{"embeddable":true,"href":"https:\/\/tapadum.com\/fr\/wp-json\/wp\/v2\/comments?post=22700"}],"version-history":[{"count":2,"href":"https:\/\/tapadum.com\/fr\/wp-json\/wp\/v2\/product\/22700\/revisions"}],"predecessor-version":[{"id":25793,"href":"https:\/\/tapadum.com\/fr\/wp-json\/wp\/v2\/product\/22700\/revisions\/25793"}],"wp:featuredmedia":[{"embeddable":true,"href":"https:\/\/tapadum.com\/fr\/wp-json\/wp\/v2\/media\/21186"}],"wp:attachment":[{"href":"https:\/\/tapadum.com\/fr\/wp-json\/wp\/v2\/media?parent=22700"}],"wp:term":[{"taxonomy":"product_brand","embeddable":true,"href":"https:\/\/tapadum.com\/fr\/wp-json\/wp\/v2\/product_brand?post=22700"},{"taxonomy":"product_cat","embeddable":true,"href":"https:\/\/tapadum.com\/fr\/wp-json\/wp\/v2\/product_cat?post=22700"},{"taxonomy":"product_tag","embeddable":true,"href":"https:\/\/tapadum.com\/fr\/wp-json\/wp\/v2\/product_tag?post=22700"}],"curies":[{"name":"wp","href":"https:\/\/api.w.org\/{rel}","templated":true}]}}