{"id":22957,"date":"2024-09-02T08:52:36","date_gmt":"2024-09-02T08:52:36","guid":{"rendered":"https:\/\/tapadum.com\/product\/bouzouk-professionnel\/"},"modified":"2025-07-04T11:19:19","modified_gmt":"2025-07-04T11:19:19","slug":"bouzouk-professionnel","status":"publish","type":"product","link":"https:\/\/tapadum.com\/fr\/produit\/bouzouk-professionnel\/","title":{"rendered":"Bouzouk Professionnel"},"content":{"rendered":"<p class=\"\" data-start=\"59\" data-end=\"499\">Le <strong data-start=\"62\" data-end=\"73\">Bouzouq<\/strong> est un instrument \u00e0 cordes traditionnel magnifiquement fabriqu\u00e9, appr\u00e9ci\u00e9 pour sa riche qualit\u00e9 sonore et son importance culturelle dans la musique kurde et iranienne. Fabriqu\u00e9 \u00e0 la main \u00e0 partir de bois pr\u00e9cieux comme le m\u00fbrier ou le noyer, ce luth \u00e0 long manche pr\u00e9sente un corps arrondi et un manche fin avec des frettes r\u00e9glables, permettant l&rsquo;expression de microtons complexes qui d\u00e9finissent la musique du Moyen-Orient.<\/p>\n<p class=\"\" data-start=\"501\" data-end=\"858\">Accord\u00e9 g\u00e9n\u00e9ralement en <strong data-start=\"525\" data-end=\"534\">D-A-D<\/strong>, le Bouzouq produit un son r\u00e9sonnant, semblable \u00e0 un drone, capable de fusionner harmonieusement m\u00e9lodie et rythme, ce qui le rend id\u00e9al pour les performances solo ou l&rsquo;accompagnement dans des ensembles. Jou\u00e9 avec un plectre, il offre une gamme de techniques expressives, allant des trilles d\u00e9licats aux accords dynamiques.<\/p>\n<p class=\"\" data-start=\"860\" data-end=\"1114\">Parfait pour les musiciens de tous niveaux, ce Bouzouq n&rsquo;est pas seulement un instrument, mais une passerelle vers les traditions profondes de la musique kurde et iranienne, que vous exploriez des m\u00e9lodies folkloriques ou des compositions contemporaines.<\/p>\n<p class=\"\" data-start=\"1116\" data-end=\"1135\"><strong data-start=\"1116\" data-end=\"1134\">Sp\u00e9cifications<\/strong>:<\/p>\n<ul data-start=\"1137\" data-end=\"1248\">\n<li class=\"\" data-start=\"1137\" data-end=\"1169\">\n<p class=\"\" data-start=\"1139\" data-end=\"1169\"><strong data-start=\"1139\" data-end=\"1148\">Corps<\/strong>: Bois de gen\u00e9vrier<\/p>\n<\/li>\n<li class=\"\" data-start=\"1170\" data-end=\"1191\">\n<p class=\"\" data-start=\"1172\" data-end=\"1191\"><strong data-start=\"1172\" data-end=\"1181\">Table<\/strong>: \u00c9pic\u00e9a<\/p>\n<\/li>\n<li class=\"\" data-start=\"1192\" data-end=\"1221\">\n<p class=\"\" data-start=\"1194\" data-end=\"1221\"><strong data-start=\"1194\" data-end=\"1204\">Manche<\/strong>: Bois de fr\u00eane<\/p>\n<\/li>\n<li class=\"\" data-start=\"1222\" data-end=\"1248\">\n<p class=\"\" data-start=\"1224\" data-end=\"1248\"><strong data-start=\"1224\" data-end=\"1235\">Clavier<\/strong>: Afromosia<\/p>\n<p><iframe title=\"Professional Bozuq\" src=\"https:\/\/www.youtube.com\/embed\/tekv33LWGWg?feature=oembed\" width=\"374\" height=\"210\" frameborder=\"0\" allowfullscreen=\"allowfullscreen\"><\/iframe><\/p>\n<\/li>\n<\/ul>\n","protected":false},"excerpt":{"rendered":"<p class=\"first:mt-1.5\">Le Buzuq professionnel \u2013 Instrument \u00e0 cordes traditionnel kurde et arabe<\/p>\n<p class=\"first:mt-1.5\">Le bozuq est un instrument \u00e0 cordes traditionnel, connu pour son long manche, sa caisse en bois arrondie et ses trois ch\u0153urs de cordes. G\u00e9n\u00e9ralement accord\u00e9 en D-A-D, il produit des microtons et un effet de bourdon, ce qui le rend id\u00e9al \u00e0 la fois pour la m\u00e9lodie et le rythme. Jou\u00e9 avec un plectre, il permet des motifs de picking complexes et des ornements tels que les glissandos et les trilles.<\/p>\n<p class=\"first:mt-1.5\">D&rsquo;une grande importance culturelle dans la musique folklorique kurde et le Yarsanisme, le bozuq reste un instrument cl\u00e9 dans les contextes musicaux traditionnels et modernes, connaissant un renouveau ces derni\u00e8res ann\u00e9es.<\/p>\n","protected":false},"featured_media":22967,"comment_status":"open","ping_status":"closed","template":"","meta":{"_eb_attr":""},"product_brand":[],"product_cat":[310,307],"product_tag":[],"class_list":{"0":"post-22957","1":"product","2":"type-product","3":"status-publish","4":"has-post-thumbnail","6":"product_cat-buzuq-fr","7":"product_cat-instruments-a-cordes","9":"first","10":"instock","11":"sale","12":"shipping-taxable","13":"purchasable","14":"product-type-simple"},"jetpack_sharing_enabled":true,"_links":{"self":[{"href":"https:\/\/tapadum.com\/fr\/wp-json\/wp\/v2\/product\/22957","targetHints":{"allow":["GET"]}}],"collection":[{"href":"https:\/\/tapadum.com\/fr\/wp-json\/wp\/v2\/product"}],"about":[{"href":"https:\/\/tapadum.com\/fr\/wp-json\/wp\/v2\/types\/product"}],"replies":[{"embeddable":true,"href":"https:\/\/tapadum.com\/fr\/wp-json\/wp\/v2\/comments?post=22957"}],"version-history":[{"count":2,"href":"https:\/\/tapadum.com\/fr\/wp-json\/wp\/v2\/product\/22957\/revisions"}],"predecessor-version":[{"id":26812,"href":"https:\/\/tapadum.com\/fr\/wp-json\/wp\/v2\/product\/22957\/revisions\/26812"}],"wp:featuredmedia":[{"embeddable":true,"href":"https:\/\/tapadum.com\/fr\/wp-json\/wp\/v2\/media\/22967"}],"wp:attachment":[{"href":"https:\/\/tapadum.com\/fr\/wp-json\/wp\/v2\/media?parent=22957"}],"wp:term":[{"taxonomy":"product_brand","embeddable":true,"href":"https:\/\/tapadum.com\/fr\/wp-json\/wp\/v2\/product_brand?post=22957"},{"taxonomy":"product_cat","embeddable":true,"href":"https:\/\/tapadum.com\/fr\/wp-json\/wp\/v2\/product_cat?post=22957"},{"taxonomy":"product_tag","embeddable":true,"href":"https:\/\/tapadum.com\/fr\/wp-json\/wp\/v2\/product_tag?post=22957"}],"curies":[{"name":"wp","href":"https:\/\/api.w.org\/{rel}","templated":true}]}}