{"id":23054,"date":"2021-10-10T17:33:11","date_gmt":"2021-10-10T17:33:11","guid":{"rendered":"https:\/\/tapadum.com\/product\/cumbus-saz-cooper-saz-neck-cumbus-sazbus-professional\/"},"modified":"2021-10-10T17:33:11","modified_gmt":"2021-10-10T17:33:11","slug":"cumbus-saz-cooper-saz-neck-cumbus-sazbus-professional","status":"publish","type":"product","link":"https:\/\/tapadum.com\/fr\/produit\/cumbus-saz-cooper-saz-neck-cumbus-sazbus-professional\/","title":{"rendered":"Cumbus Saz Cooper (Saz Neck Cumbus) Sazbus Professional"},"content":{"rendered":"<p class=\"\" data-start=\"0\" data-end=\"199\">Bien s\u00fbr, je peux vous aider \u00e0 traduire le nom \u00ab\u00a0Cumbus Saz Cooper (Saz Neck Cumbus) Sazbus Professional\u00a0\u00bb en fran\u00e7ais. <span class=\"relative -mx-px my-[-0.2rem] rounded-sm px-px py-[0.2rem]\">Cependant, il est important de noter que le nom \u00ab\u00a0Cumbus\u00a0\u00bb est un terme propre qui d\u00e9signe un instrument de musique sp\u00e9cifique, et il n&rsquo;est donc pas traduit.<\/span>\u200b<\/p>\n<p class=\"\" data-start=\"201\" data-end=\"358\"><span class=\"relative -mx-px my-[-0.2rem] rounded-sm px-px py-[0.2rem]\">Le \u00ab\u00a0Cumbus Saz Cooper (Saz Neck Cumbus) Sazbus Professional\u00a0\u00bb est un instrument de musique innovant d\u00e9velopp\u00e9 au d\u00e9but du XX\u1d49 si\u00e8cle par Zeynel Abidin C\u00fcmb\u00fc\u015f.<\/span> <span class=\"relative -mx-px my-[-0.2rem] rounded-sm px-px py-[0.2rem]\">Il combine des \u00e9l\u00e9ments de la guitare, du banjo et du oud, offrant une grande polyvalence sonore.<\/span> \u200b<span class=\"ms-1 inline-flex max-w-full items-center relative top-[-0.094rem]\"><a class=\"flex h-6 overflow-hidden rounded-xl px-2.5 text-[0.5625em] font-medium text-token-text-secondary! bg-[#F4F4F4]! dark:bg-[#303030]!\" href=\"https:\/\/tapadum.com\/fr\/produit\/cumbus-saz-cooper-saz-neck-cumbus-sazbus-professional\/?utm_source=chatgpt.com\" target=\"_blank\" rel=\"noopener\"><span class=\"relative bottom-0 left-0 flex h-full w-full items-center\"><span class=\"flex h-4 w-full items-center justify-between overflow-hidden\"><span class=\"max-w-full grow truncate overflow-hidden text-center\">Tapadum<\/span><\/span><\/span><\/a><\/span><\/p>\n<p class=\"\" data-start=\"360\" data-end=\"382\"><strong data-start=\"360\" data-end=\"382\">Caract\u00e9ristiques :<\/strong><\/p>\n<ul data-start=\"384\" data-end=\"890\">\n<li class=\"\" data-start=\"384\" data-end=\"479\">\n<p class=\"\" data-start=\"386\" data-end=\"479\"><strong data-start=\"386\" data-end=\"397\">Corps :<\/strong> <span class=\"relative -mx-px my-[-0.2rem] rounded-sm px-px py-[0.2rem]\">Cuivre forg\u00e9 \u00e0 la main<\/span>\u200b<\/p>\n<\/li>\n<li class=\"\" data-start=\"480\" data-end=\"576\">\n<p class=\"\" data-start=\"482\" data-end=\"576\"><strong data-start=\"482\" data-end=\"494\">Manche :<\/strong> <span class=\"relative -mx-px my-[-0.2rem] rounded-sm px-px py-[0.2rem]\">H\u00eatre (19 ou 24 frettes)<\/span>\u200b<span class=\"ms-1 inline-flex max-w-full items-center relative top-[-0.094rem]\"><a class=\"flex h-6 overflow-hidden rounded-xl px-2.5 text-[0.5625em] font-medium text-token-text-secondary! bg-[#F4F4F4]! dark:bg-[#303030]!\" href=\"https:\/\/tapadum.com\/fr\/produit\/cumbus-saz-cooper-saz-neck-cumbus-sazbus-professional\/?utm_source=chatgpt.com\" target=\"_blank\" rel=\"noopener\"><span class=\"relative bottom-0 left-0 flex h-full w-full items-center\"><span class=\"flex h-4 w-full items-center justify-between\"><span class=\"max-w-full grow truncate overflow-hidden text-center\">Tapadum<\/span><span class=\"ms-1 -me-1 flex h-full items-center rounded-full px-1 text-[#8F8F8F]\">+1<\/span><\/span><span class=\"flex h-4 w-full items-center justify-between absolute\"><span class=\"max-w-full grow truncate overflow-hidden text-center\">Blue Note Woodworks<\/span><span class=\"ms-1 -me-1 flex h-full items-center rounded-full px-1 text-[#8F8F8F]\">+1<\/span><\/span><\/span><\/a><\/span><\/p>\n<\/li>\n<li class=\"\" data-start=\"577\" data-end=\"678\">\n<p class=\"\" data-start=\"579\" data-end=\"678\"><strong data-start=\"579\" data-end=\"592\">Touches :<\/strong> <span class=\"relative -mx-px my-[-0.2rem] rounded-sm px-px py-[0.2rem]\">Acajou \/ Noyer<\/span>\u200b<\/p>\n<\/li>\n<li class=\"\" data-start=\"679\" data-end=\"779\">\n<p class=\"\" data-start=\"681\" data-end=\"779\"><strong data-start=\"681\" data-end=\"693\">Cordes :<\/strong> <span class=\"relative -mx-px my-[-0.2rem] rounded-sm px-px py-[0.2rem]\">3 paires de cordes m\u00e9talliques<\/span>\u200b<\/p>\n<\/li>\n<li class=\"\" data-start=\"780\" data-end=\"890\">\n<p class=\"\" data-start=\"782\" data-end=\"890\"><strong data-start=\"782\" data-end=\"804\">Table d&rsquo;harmonie :<\/strong> <span class=\"relative -mx-px my-[-0.2rem] rounded-sm px-px py-[0.2rem]\">Cuir synth\u00e9tique de 0,125 micron<\/span>\u200b<span class=\"ms-1 inline-flex max-w-full items-center relative top-[-0.094rem]\"><a class=\"flex h-6 overflow-hidden rounded-xl px-2.5 text-[0.5625em] font-medium text-token-text-secondary! bg-[#F4F4F4]! dark:bg-[#303030]!\" href=\"https:\/\/tapadum.com\/fr\/produit\/cumbus-saz-cooper-saz-neck-cumbus-sazbus-professional\/?utm_source=chatgpt.com\" target=\"_blank\" rel=\"noopener\"><span class=\"relative bottom-0 left-0 flex h-full w-full items-center\"><span class=\"flex h-4 w-full items-center justify-between overflow-hidden\"><span class=\"max-w-full grow truncate overflow-hidden text-center\">Tapadum<\/span><\/span><\/span><\/a><\/span><\/p>\n<\/li>\n<\/ul>\n<p class=\"\" data-start=\"892\" data-end=\"1017\"><span class=\"relative -mx-px my-[-0.2rem] rounded-sm px-px py-[0.2rem]\">Cet instrument offre des options de manches longs et courts, permettant aux musiciens d&rsquo;explorer diverses tonalit\u00e9s et styles musicaux.<\/span><\/p>\n","protected":false},"excerpt":{"rendered":"<p>Cooper Cumbus Saz Cr\u00e9\u00e9 par Zeynel Abidin Cumbus<\/p>\n","protected":false},"featured_media":23055,"comment_status":"open","ping_status":"closed","template":"","meta":{"_eb_attr":""},"product_brand":[],"product_cat":[308,307,406],"product_tag":[],"class_list":{"0":"post-23054","1":"product","2":"type-product","3":"status-publish","4":"has-post-thumbnail","6":"product_cat-baglama-saz-fr","7":"product_cat-instruments-a-cordes","8":"product_cat-long-cou","10":"first","11":"instock","12":"sold-individually","13":"shipping-taxable","14":"purchasable","15":"product-type-simple"},"jetpack_sharing_enabled":true,"_links":{"self":[{"href":"https:\/\/tapadum.com\/fr\/wp-json\/wp\/v2\/product\/23054","targetHints":{"allow":["GET"]}}],"collection":[{"href":"https:\/\/tapadum.com\/fr\/wp-json\/wp\/v2\/product"}],"about":[{"href":"https:\/\/tapadum.com\/fr\/wp-json\/wp\/v2\/types\/product"}],"replies":[{"embeddable":true,"href":"https:\/\/tapadum.com\/fr\/wp-json\/wp\/v2\/comments?post=23054"}],"version-history":[{"count":0,"href":"https:\/\/tapadum.com\/fr\/wp-json\/wp\/v2\/product\/23054\/revisions"}],"wp:featuredmedia":[{"embeddable":true,"href":"https:\/\/tapadum.com\/fr\/wp-json\/wp\/v2\/media\/23055"}],"wp:attachment":[{"href":"https:\/\/tapadum.com\/fr\/wp-json\/wp\/v2\/media?parent=23054"}],"wp:term":[{"taxonomy":"product_brand","embeddable":true,"href":"https:\/\/tapadum.com\/fr\/wp-json\/wp\/v2\/product_brand?post=23054"},{"taxonomy":"product_cat","embeddable":true,"href":"https:\/\/tapadum.com\/fr\/wp-json\/wp\/v2\/product_cat?post=23054"},{"taxonomy":"product_tag","embeddable":true,"href":"https:\/\/tapadum.com\/fr\/wp-json\/wp\/v2\/product_tag?post=23054"}],"curies":[{"name":"wp","href":"https:\/\/api.w.org\/{rel}","templated":true}]}}