{"id":23077,"date":"2023-01-29T21:20:38","date_gmt":"2023-01-29T21:20:38","guid":{"rendered":"https:\/\/tapadum.com\/product\/jeu-de-cordes-pour-baglama-a-mat-long-saz-baglama-x-3-pack\/"},"modified":"2023-01-29T21:20:38","modified_gmt":"2023-01-29T21:20:38","slug":"jeu-de-cordes-pour-baglama-a-mat-long-saz-baglama-x-3-pack","status":"publish","type":"product","link":"https:\/\/tapadum.com\/fr\/produit\/jeu-de-cordes-pour-baglama-a-mat-long-saz-baglama-x-3-pack\/","title":{"rendered":"Jeu de Cordes pour Baglama \u00e0 M\u00e2t Long (Saz Baglama) x 3 Pack"},"content":{"rendered":"<p class=\"\" data-start=\"45\" data-end=\"112\"><strong data-start=\"45\" data-end=\"112\">Jeu de Cordes Professionnel pour Baglama \u00e0 M\u00e2t Long \u2013 Pack de 3<\/strong><\/p>\n<p class=\"\" data-start=\"114\" data-end=\"271\">\u00c9levez vos performances sur le saz \u00e0 m\u00e2t long avec ce jeu de cordes professionnel pour baglama, con\u00e7u pour des tons acoustiques riches, chauds et \u00e9quilibr\u00e9s.<\/p>\n<p class=\"\" data-start=\"273\" data-end=\"431\">Chaque paquet comprend trois jeux complets de sept cordes \u00e0 embout boule, garantissant un remplacement facile et sans tracas des cordes. Chaque jeu comprend :<\/p>\n<ul data-start=\"433\" data-end=\"536\">\n<li class=\"\" data-start=\"433\" data-end=\"456\">\n<p class=\"\" data-start=\"435\" data-end=\"456\">3 cordes de 0,18 mm<\/p>\n<\/li>\n<li class=\"\" data-start=\"457\" data-end=\"480\">\n<p class=\"\" data-start=\"459\" data-end=\"480\">2 cordes de 0,28 mm<\/p>\n<\/li>\n<li class=\"\" data-start=\"481\" data-end=\"509\">\n<p class=\"\" data-start=\"483\" data-end=\"509\">1 corde de 0,40 mm (Bam)<\/p>\n<\/li>\n<li class=\"\" data-start=\"510\" data-end=\"536\">\n<p class=\"\" data-start=\"512\" data-end=\"536\">1 corde de 0,50 mm (Bam)<\/p>\n<\/li>\n<\/ul>\n<p class=\"\" data-start=\"538\" data-end=\"695\">Con\u00e7ues pour leur durabilit\u00e9 et leur son sup\u00e9rieur, ces cordes mettent en valeur le ton lumineux unique du saz tout en am\u00e9liorant sa chaleur et sa r\u00e9sonance.<\/p>\n<p class=\"\" data-start=\"697\" data-end=\"850\">Parfait pour les musiciens professionnels et les passionn\u00e9s, ce jeu est essentiel pour capturer un son acoustique authentique lors de chaque performance.<\/p>\n","protected":false},"excerpt":{"rendered":"<p class=\"\" data-start=\"45\" data-end=\"68\"><strong data-start=\"45\" data-end=\"68\">Cordes pour Baglama<\/strong><\/p>\n<p class=\"\" data-start=\"70\" data-end=\"267\"><strong data-start=\"70\" data-end=\"267\">\u00ab\u00a0Jeu de cordes professionnel pour saz \u00e0 m\u00e2t long \u2013 pack de 3 comprenant 7 cordes \u00e0 embout boule pour un remplacement facile, offrant des tons chauds et \u00e9quilibr\u00e9s pour un son acoustique riche.\u00a0\u00bb<\/strong><\/p>\n<p class=\"\" data-start=\"269\" data-end=\"298\">Un jeu comprend sept cordes :<\/p>\n<p class=\"\" data-start=\"300\" data-end=\"314\"><strong data-start=\"300\" data-end=\"314\">M\u00e2t Long :<\/strong><\/p>\n<ul data-start=\"316\" data-end=\"409\">\n<li class=\"\" data-start=\"316\" data-end=\"339\">\n<p class=\"\" data-start=\"318\" data-end=\"339\">3 pi\u00e8ces de 0,20 mm<\/p>\n<\/li>\n<li class=\"\" data-start=\"340\" data-end=\"363\">\n<p class=\"\" data-start=\"342\" data-end=\"363\">2 pi\u00e8ces de 0,30 mm<\/p>\n<\/li>\n<li class=\"\" data-start=\"364\" data-end=\"386\">\n<p class=\"\" data-start=\"366\" data-end=\"386\">1 pi\u00e8ce de 0,40 mm<\/p>\n<\/li>\n<li class=\"\" data-start=\"387\" data-end=\"409\">\n<p class=\"\" data-start=\"389\" data-end=\"409\">1 pi\u00e8ce de 0,50 mm<\/p>\n<\/li>\n<\/ul>\n","protected":false},"featured_media":23078,"comment_status":"open","ping_status":"closed","template":"","meta":{"_eb_attr":""},"product_brand":[],"product_cat":[289,290],"product_tag":[],"class_list":{"0":"post-23077","1":"product","2":"type-product","3":"status-publish","4":"has-post-thumbnail","6":"product_cat-accessoires","7":"product_cat-accessoires-baglama-saz","9":"first","10":"instock","11":"sale","12":"shipping-taxable","13":"purchasable","14":"product-type-simple"},"jetpack_sharing_enabled":true,"_links":{"self":[{"href":"https:\/\/tapadum.com\/fr\/wp-json\/wp\/v2\/product\/23077","targetHints":{"allow":["GET"]}}],"collection":[{"href":"https:\/\/tapadum.com\/fr\/wp-json\/wp\/v2\/product"}],"about":[{"href":"https:\/\/tapadum.com\/fr\/wp-json\/wp\/v2\/types\/product"}],"replies":[{"embeddable":true,"href":"https:\/\/tapadum.com\/fr\/wp-json\/wp\/v2\/comments?post=23077"}],"version-history":[{"count":0,"href":"https:\/\/tapadum.com\/fr\/wp-json\/wp\/v2\/product\/23077\/revisions"}],"wp:featuredmedia":[{"embeddable":true,"href":"https:\/\/tapadum.com\/fr\/wp-json\/wp\/v2\/media\/23078"}],"wp:attachment":[{"href":"https:\/\/tapadum.com\/fr\/wp-json\/wp\/v2\/media?parent=23077"}],"wp:term":[{"taxonomy":"product_brand","embeddable":true,"href":"https:\/\/tapadum.com\/fr\/wp-json\/wp\/v2\/product_brand?post=23077"},{"taxonomy":"product_cat","embeddable":true,"href":"https:\/\/tapadum.com\/fr\/wp-json\/wp\/v2\/product_cat?post=23077"},{"taxonomy":"product_tag","embeddable":true,"href":"https:\/\/tapadum.com\/fr\/wp-json\/wp\/v2\/product_tag?post=23077"}],"curies":[{"name":"wp","href":"https:\/\/api.w.org\/{rel}","templated":true}]}}