{"id":23176,"date":"2024-03-21T08:08:06","date_gmt":"2024-03-21T08:08:06","guid":{"rendered":"https:\/\/tapadum.com\/product\/stand-pour-baglama-saz\/"},"modified":"2026-04-20T21:56:29","modified_gmt":"2026-04-20T21:56:29","slug":"stand-pour-baglama-saz","status":"publish","type":"product","link":"https:\/\/tapadum.com\/fr\/produit\/stand-pour-baglama-saz\/","title":{"rendered":"Stand pour Ba\u011flama &#8211; Saz"},"content":{"rendered":"<p class=\"\" data-start=\"45\" data-end=\"109\"><strong data-start=\"45\" data-end=\"109\">Affichez et Prot\u00e9gez Votre Baglama avec un Support Universel<\/strong><\/p>\n<p class=\"\" data-start=\"111\" data-end=\"330\">\u00c9levez votre exp\u00e9rience de jeu de baglama avec un support universellement compatible ! Ce support r\u00e9glable s&rsquo;adapte \u00e0 toutes les tailles de boules de baglama, offrant un moyen s\u00fbr et \u00e9l\u00e9gant d&rsquo;afficher votre instrument.<\/p>\n<p class=\"\" data-start=\"332\" data-end=\"361\"><strong data-start=\"332\" data-end=\"361\">Con\u00e7u pour la Stabilit\u00e9 :<\/strong><\/p>\n<p class=\"\" data-start=\"363\" data-end=\"531\">Fabriqu\u00e9 avec des mat\u00e9riaux durables [exemple de mat\u00e9riau, par exemple, acier de haute qualit\u00e9], ce support est con\u00e7u pour durer et supporter le poids de votre baglama.<\/p>\n<p class=\"\" data-start=\"533\" data-end=\"567\"><strong data-start=\"533\" data-end=\"567\">Trouvez l&rsquo;Ajustement Parfait :<\/strong><\/p>\n<p class=\"\" data-start=\"569\" data-end=\"702\">La hauteur enti\u00e8rement r\u00e9glable vous permet de personnaliser la position de votre baglama pour un confort et une jouabilit\u00e9 optimaux.<\/p>\n<p class=\"\" data-start=\"704\" data-end=\"743\"><strong data-start=\"704\" data-end=\"743\">Performance en Toute Tranquillit\u00e9 :<\/strong><\/p>\n<p class=\"\" data-start=\"745\" data-end=\"899\">Le support dispose de socles anti-d\u00e9rapants sur les pieds, garantissant que votre baglama reste solidement en place pendant la pratique ou la performance.<\/p>\n<p class=\"\" data-start=\"901\" data-end=\"932\"><strong data-start=\"901\" data-end=\"932\">Plus Qu&rsquo;un Simple Support :<\/strong><\/p>\n<p class=\"\" data-start=\"934\" data-end=\"1121\">Ce support n&rsquo;est pas seulement fonctionnel, il est aussi visuellement attrayant. Son design \u00e9l\u00e9gant compl\u00e8te votre baglama et ajoute une touche de sophistication \u00e0 n&rsquo;importe quelle pi\u00e8ce.<\/p>\n<p class=\"\" data-start=\"1123\" data-end=\"1229\">Offrez \u00e0 votre baglama la pr\u00e9sentation qu&rsquo;elle m\u00e9rite. Commandez votre support universel d\u00e8s aujourd&rsquo;hui !<\/p>\n","protected":false},"excerpt":{"rendered":"<p>Affichez et Prot\u00e9gez Votre Baglama avec un Support Universel \u00c9levez votre exp\u00e9rience de jeu de baglama avec un support universellement compatible ! Ce support r\u00e9glable s&rsquo;adapte \u00e0 toutes les tailles de boules de baglama, offrant un moyen s\u00fbr et \u00e9l\u00e9gant d&rsquo;afficher votre instrument. Con\u00e7u pour la Stabilit\u00e9 : Fabriqu\u00e9 avec des mat\u00e9riaux durables [exemple de [&hellip;]<\/p>\n","protected":false},"featured_media":11695,"comment_status":"open","ping_status":"closed","template":"","meta":{"googlesitekit_rrm_CAow0IDLDA:productID":"","_eb_attr":""},"product_brand":[],"product_cat":[290,289],"product_tag":[],"class_list":{"0":"post-23176","1":"product","2":"type-product","3":"status-publish","4":"has-post-thumbnail","6":"product_cat-accessoires-baglama-saz","7":"product_cat-accessoires","9":"first","10":"instock","11":"sale","12":"shipping-taxable","13":"purchasable","14":"product-type-simple"},"jetpack_sharing_enabled":true,"_links":{"self":[{"href":"https:\/\/tapadum.com\/fr\/wp-json\/wp\/v2\/product\/23176","targetHints":{"allow":["GET"]}}],"collection":[{"href":"https:\/\/tapadum.com\/fr\/wp-json\/wp\/v2\/product"}],"about":[{"href":"https:\/\/tapadum.com\/fr\/wp-json\/wp\/v2\/types\/product"}],"replies":[{"embeddable":true,"href":"https:\/\/tapadum.com\/fr\/wp-json\/wp\/v2\/comments?post=23176"}],"version-history":[{"count":0,"href":"https:\/\/tapadum.com\/fr\/wp-json\/wp\/v2\/product\/23176\/revisions"}],"wp:featuredmedia":[{"embeddable":true,"href":"https:\/\/tapadum.com\/fr\/wp-json\/wp\/v2\/media\/11695"}],"wp:attachment":[{"href":"https:\/\/tapadum.com\/fr\/wp-json\/wp\/v2\/media?parent=23176"}],"wp:term":[{"taxonomy":"product_brand","embeddable":true,"href":"https:\/\/tapadum.com\/fr\/wp-json\/wp\/v2\/product_brand?post=23176"},{"taxonomy":"product_cat","embeddable":true,"href":"https:\/\/tapadum.com\/fr\/wp-json\/wp\/v2\/product_cat?post=23176"},{"taxonomy":"product_tag","embeddable":true,"href":"https:\/\/tapadum.com\/fr\/wp-json\/wp\/v2\/product_tag?post=23176"}],"curies":[{"name":"wp","href":"https:\/\/api.w.org\/{rel}","templated":true}]}}