{"id":23207,"date":"2024-05-09T15:00:54","date_gmt":"2024-05-09T15:00:54","guid":{"rendered":"https:\/\/tapadum.com\/product\/23207\/"},"modified":"2024-05-09T15:00:54","modified_gmt":"2024-05-09T15:00:54","slug":"23207","status":"publish","type":"product","link":"https:\/\/tapadum.com\/fr\/produit\/23207\/","title":{"rendered":""},"content":{"rendered":"<h3 class=\"\" data-start=\"42\" data-end=\"87\"><strong data-start=\"46\" data-end=\"87\">Darbouka Professionnelle en Aluminium<\/strong><\/h3>\n<p class=\"\" data-start=\"89\" data-end=\"254\">D\u00e9couvrez notre s\u00e9lection d&rsquo;instruments de percussion modernes : la <strong data-start=\"157\" data-end=\"198\">Darbouka Professionnelle en Aluminium<\/strong>, disponible exclusivement chez <strong data-start=\"230\" data-end=\"253\">Tapadum Music Store<\/strong>.<\/p>\n<p class=\"\" data-start=\"256\" data-end=\"537\">Ces darboukas marient parfaitement le charme des rythmes traditionnels avec l&rsquo;artisanat de pointe de la fonte d&rsquo;aluminium. Fabriqu\u00e9s avec soin, ces instruments offrent une <strong data-start=\"428\" data-end=\"451\">durabilit\u00e9 in\u00e9gal\u00e9e<\/strong> et une <strong data-start=\"459\" data-end=\"488\">r\u00e9sonance impressionnante<\/strong>, le tout dans un design visuellement saisissant.<\/p>\n<p class=\"\" data-start=\"539\" data-end=\"719\">La <strong data-start=\"542\" data-end=\"575\">Darbouka en Fonte d\u2019Aluminium<\/strong> pr\u00e9sente un design \u00e9l\u00e9gant et contemporain, avec un corps en aluminium robuste garantissant <strong data-start=\"668\" data-end=\"681\">long\u00e9vit\u00e9<\/strong> et <strong data-start=\"685\" data-end=\"718\">qualit\u00e9s sonores distinctives<\/strong>.<\/p>\n<p class=\"\" data-start=\"721\" data-end=\"891\">Le mat\u00e9riau en aluminium apporte \u00e0 chaque frappe une <strong data-start=\"774\" data-end=\"806\">tonalit\u00e9 claire et brillante<\/strong>, offrant aux musiciens et passionn\u00e9s une <strong data-start=\"848\" data-end=\"890\">exp\u00e9rience sonore unique et captivante<\/strong>.<\/p>\n<p class=\"\" data-start=\"893\" data-end=\"1067\">Diff\u00e9rente des instruments destin\u00e9s aux d\u00e9butants, la Darbouka Professionnelle en Aluminium se distingue par sa l\u00e9g\u00e8ret\u00e9, ce qui <strong data-start=\"1022\" data-end=\"1066\">am\u00e9liore la jouabilit\u00e9 et la performance<\/strong>.<\/p>\n<p class=\"\" data-start=\"1069\" data-end=\"1224\">Pour une qualit\u00e9 sonore optimale, nous recommandons un poids d\u2019au moins <strong data-start=\"1141\" data-end=\"1153\">6 \u00e0 7 kg<\/strong>, bien que cela puisse varier selon le style de jeu de chaque musicien.<\/p>\n<p class=\"\" data-start=\"1226\" data-end=\"1397\">Pour garantir une <strong data-start=\"1244\" data-end=\"1280\">expression sonore exceptionnelle<\/strong>, notre Darbouka en Aluminium est \u00e9quip\u00e9e de peaux de tambour <strong data-start=\"1342\" data-end=\"1372\">synth\u00e9tiques ou naturelles<\/strong> soigneusement accord\u00e9es.<\/p>\n<p class=\"\" data-start=\"1399\" data-end=\"1563\">Cela permet aux musiciens d&rsquo;explorer une large palette de possibilit\u00e9s expressives, allant des frappes percussives puissantes aux <strong data-start=\"1529\" data-end=\"1562\">tons m\u00e9lodiques et r\u00e9sonnants<\/strong>.<\/p>\n<p class=\"\" data-start=\"1565\" data-end=\"1698\">Avec ces darboukas, les musiciens peuvent facilement cr\u00e9er des <strong data-start=\"1628\" data-end=\"1656\">compositions captivantes<\/strong> et explorer <strong data-start=\"1669\" data-end=\"1697\">divers motifs rythmiques<\/strong>.<\/p>\n","protected":false},"excerpt":{"rendered":"<h3 class=\"\" data-start=\"41\" data-end=\"92\"><strong data-start=\"45\" data-end=\"90\">Tapadum \u2013 Meilleure Boutique de Darboukas<\/strong><\/h3>\n<p class=\"\" data-start=\"93\" data-end=\"294\"><strong data-start=\"93\" data-end=\"146\">Percussions Turques Fait Main et Professionnelles<\/strong><br data-start=\"146\" data-end=\"149\" \/>Darbuka, tarabaki, derbake, debuka, doumbek, dumbec, dumbeg, dumbelek, dumbul, toumperleki (tumberleki), tumbak, zerbaghali, tarabuka (tarambuka)<\/p>\n<p class=\"\" data-start=\"296\" data-end=\"518\">Vivez l\u2019alliance envo\u00fbtante des <strong data-start=\"328\" data-end=\"353\">rythmes traditionnels<\/strong> et de l\u2019<strong data-start=\"362\" data-end=\"388\">artisanat contemporain<\/strong> avec la <strong data-start=\"397\" data-end=\"438\">Darbouka Professionnelle en Aluminium<\/strong>, un chef-d&rsquo;\u0153uvre de percussion moderne disponible chez <strong data-start=\"494\" data-end=\"517\">Tapadum Music Store<\/strong>.<\/p>\n<p class=\"\" data-start=\"520\" data-end=\"739\">Soigneusement fabriqu\u00e9e avec un <strong data-start=\"552\" data-end=\"582\">corps en aluminium \u00e9l\u00e9gant<\/strong>, cette darbouka allie <strong data-start=\"605\" data-end=\"619\">durabilit\u00e9<\/strong> et <strong data-start=\"623\" data-end=\"652\">r\u00e9sonance impressionnante<\/strong>, produisant des <strong data-start=\"669\" data-end=\"697\">tons clairs et brillants<\/strong> qui subliment vos performances musicales.<\/p>\n<p class=\"\" data-start=\"741\" data-end=\"977\">Gr\u00e2ce \u00e0 son <strong data-start=\"753\" data-end=\"769\">design l\u00e9ger<\/strong> et ses <strong data-start=\"777\" data-end=\"815\">peaux de frappe finement accord\u00e9es<\/strong>, elle offre aux musiciens une large gamme de possibilit\u00e9s expressives, permettant de cr\u00e9er des <strong data-start=\"911\" data-end=\"939\">compositions captivantes<\/strong> et d&rsquo;explorer des <strong data-start=\"958\" data-end=\"976\">rythmes vari\u00e9s<\/strong>.<\/p>\n<p class=\"\" data-start=\"979\" data-end=\"1293\">Instrument de percussion intemporel, la darbouka continue d\u2019inspirer les musiciens du monde entier. La <strong data-start=\"1082\" data-end=\"1111\">Darbouka Pro en Aluminium<\/strong> incarne \u00e0 merveille cette <strong data-start=\"1138\" data-end=\"1178\">fusion entre tradition et innovation<\/strong>, vous invitant \u00e0 <strong data-start=\"1196\" data-end=\"1232\">d\u00e9couvrir ses secrets rythmiques<\/strong> et \u00e0 enrichir votre musique de ses <strong data-start=\"1268\" data-end=\"1292\">m\u00e9lodies envo\u00fbtantes<\/strong>.<\/p>\n<p data-start=\"979\" data-end=\"1293\">\ud83d\udce6 <strong data-start=\"1351\" data-end=\"1381\">Exp\u00e9dition depuis l\u2019Italie<\/strong><\/p>\n<p data-start=\"979\" data-end=\"1293\">\n","protected":false},"featured_media":23208,"comment_status":"closed","ping_status":"closed","template":"","meta":{"_eb_attr":""},"product_brand":[],"product_cat":[296,297,294],"product_tag":[],"class_list":{"0":"post-23207","1":"product","2":"type-product","3":"status-publish","4":"has-post-thumbnail","6":"product_cat-darbuka-fr","7":"product_cat-darbuka-aluminium-pro","8":"product_cat-percussions-fr","10":"first","11":"instock","12":"sale","13":"shipping-taxable","14":"purchasable","15":"product-type-simple"},"jetpack_sharing_enabled":true,"_links":{"self":[{"href":"https:\/\/tapadum.com\/fr\/wp-json\/wp\/v2\/product\/23207","targetHints":{"allow":["GET"]}}],"collection":[{"href":"https:\/\/tapadum.com\/fr\/wp-json\/wp\/v2\/product"}],"about":[{"href":"https:\/\/tapadum.com\/fr\/wp-json\/wp\/v2\/types\/product"}],"replies":[{"embeddable":true,"href":"https:\/\/tapadum.com\/fr\/wp-json\/wp\/v2\/comments?post=23207"}],"version-history":[{"count":0,"href":"https:\/\/tapadum.com\/fr\/wp-json\/wp\/v2\/product\/23207\/revisions"}],"wp:featuredmedia":[{"embeddable":true,"href":"https:\/\/tapadum.com\/fr\/wp-json\/wp\/v2\/media\/23208"}],"wp:attachment":[{"href":"https:\/\/tapadum.com\/fr\/wp-json\/wp\/v2\/media?parent=23207"}],"wp:term":[{"taxonomy":"product_brand","embeddable":true,"href":"https:\/\/tapadum.com\/fr\/wp-json\/wp\/v2\/product_brand?post=23207"},{"taxonomy":"product_cat","embeddable":true,"href":"https:\/\/tapadum.com\/fr\/wp-json\/wp\/v2\/product_cat?post=23207"},{"taxonomy":"product_tag","embeddable":true,"href":"https:\/\/tapadum.com\/fr\/wp-json\/wp\/v2\/product_tag?post=23207"}],"curies":[{"name":"wp","href":"https:\/\/api.w.org\/{rel}","templated":true}]}}