{"id":25277,"date":"2025-06-09T09:32:50","date_gmt":"2025-06-09T09:32:50","guid":{"rendered":"https:\/\/tapadum.com\/?post_type=product&#038;p=25277"},"modified":"2026-04-20T21:55:27","modified_gmt":"2026-04-20T21:55:27","slug":"guitare-electrique-sans-frettes-fretless-electric-guitar-2","status":"publish","type":"product","link":"https:\/\/tapadum.com\/fr\/produit\/guitare-electrique-sans-frettes-fretless-electric-guitar-2\/","title":{"rendered":"Guitare \u00e9lectrique sans frettes pour gauchers"},"content":{"rendered":"<p data-start=\"197\" data-end=\"539\"><strong data-start=\"197\" data-end=\"235\">Guitare \u00e9lectrique sans frettes pour gauchers<\/strong><br data-start=\"235\" data-end=\"238\" \/>Con\u00e7ue pour le musicien gaucher aventurier, cette <strong data-start=\"293\" data-end=\"321\">guitare \u00e9lectrique sans frettes<\/strong> est une d\u00e9claration audacieuse tant en design qu&rsquo;en sonorit\u00e9. Construite \u00e0 la main par les habiles luthiers de <strong data-start=\"405\" data-end=\"428\">Tapadum Music Store<\/strong>, elle fusionne l&rsquo;artisanat traditionnel avec des caract\u00e9ristiques innovantes adapt\u00e9es pour une performance expressive et microtonale.<\/p>\n<p data-start=\"541\" data-end=\"785\">Le corps de la guitare est sculpt\u00e9 dans <strong data-start=\"589\" data-end=\"606\">du bois de m\u00fbrier<\/strong>, appr\u00e9ci\u00e9 pour sa r\u00e9sonance chaude et son attrait visuel saisissant. Ses qualit\u00e9s tonales uniques offrent une large palette sonore, la rendant id\u00e9ale pour les musiciens exp\u00e9rimentaux et les explorateurs tonals.<\/p>\n<p data-start=\"787\" data-end=\"1101\">Le manche est un m\u00e9lange robuste de <strong data-start=\"817\" data-end=\"827\">noyer<\/strong> et <strong data-start=\"832\" data-end=\"845\">afromosia<\/strong>, offrant stabilit\u00e9, sustain et une sensation tactile raffin\u00e9e. Avec un doux <strong data-start=\"925\" data-end=\"946\">touche d&rsquo;\u00e9b\u00e8ne<\/strong>, le design sans frettes permet \u00e0 vos doigts de glisser sans effort, parfait pour des glissandos expressifs, des bends subtils et des phrases inspir\u00e9es par la musique du Moyen-Orient ou le jazz.<\/p>\n<p data-start=\"1103\" data-end=\"1378\">Un micro <strong data-start=\"1112\" data-end=\"1136\">Ers Humbucker<\/strong> personnalis\u00e9 met en valeur le caract\u00e8re naturel de l&rsquo;instrument, offrant un ton propre mais chaud qui r\u00e9agit dynamiquement \u00e0 votre toucher. Des textures douces aux leads audacieux, ce micro fournit la polyvalence n\u00e9cessaire pour une large gamme de styles musicaux.<\/p>\n<p data-start=\"1380\" data-end=\"1672\">Que vous soyez en train de repousser des limites ou de peaufiner votre voix en tant que musicien, cette <strong data-start=\"1457\" data-end=\"1495\">guitare \u00e9lectrique sans frettes pour gauchers<\/strong> vous invite \u00e0 vous lib\u00e9rer de la convention. D\u00e9couvrez la profondeur de l&rsquo;\u00e9motion et de l&rsquo;art dans chaque note, et laissez la d\u00e9votion de Tapadum \u00e0 la lutherie inspirer votre prochain voyage musical.<\/p>\n","protected":false},"excerpt":{"rendered":"<p>D\u00e9couvrez la guitare \u00e9lectrique sans frettes pour gauchers, fabriqu\u00e9e \u00e0 la main par Tapadum Music Store. Avec un corps en m\u00fbrier, un manche en noyer et un micro Ers personnalis\u00e9, elle offre un ton expressif et une jouabilit\u00e9 fluide pour la musique microtonale et exp\u00e9rimentale.<\/p>\n","protected":false},"featured_media":25278,"comment_status":"open","ping_status":"closed","template":"","meta":{"googlesitekit_rrm_CAow0IDLDA:productID":"","_eb_attr":""},"product_brand":[],"product_cat":[307,312],"product_tag":[],"class_list":{"0":"post-25277","1":"product","2":"type-product","3":"status-publish","4":"has-post-thumbnail","6":"product_cat-instruments-a-cordes","7":"product_cat-guitares-speciales","9":"first","10":"instock","11":"sale","12":"shipping-taxable","13":"purchasable","14":"product-type-simple"},"jetpack_sharing_enabled":true,"_links":{"self":[{"href":"https:\/\/tapadum.com\/fr\/wp-json\/wp\/v2\/product\/25277","targetHints":{"allow":["GET"]}}],"collection":[{"href":"https:\/\/tapadum.com\/fr\/wp-json\/wp\/v2\/product"}],"about":[{"href":"https:\/\/tapadum.com\/fr\/wp-json\/wp\/v2\/types\/product"}],"replies":[{"embeddable":true,"href":"https:\/\/tapadum.com\/fr\/wp-json\/wp\/v2\/comments?post=25277"}],"version-history":[{"count":4,"href":"https:\/\/tapadum.com\/fr\/wp-json\/wp\/v2\/product\/25277\/revisions"}],"predecessor-version":[{"id":34080,"href":"https:\/\/tapadum.com\/fr\/wp-json\/wp\/v2\/product\/25277\/revisions\/34080"}],"wp:featuredmedia":[{"embeddable":true,"href":"https:\/\/tapadum.com\/fr\/wp-json\/wp\/v2\/media\/25278"}],"wp:attachment":[{"href":"https:\/\/tapadum.com\/fr\/wp-json\/wp\/v2\/media?parent=25277"}],"wp:term":[{"taxonomy":"product_brand","embeddable":true,"href":"https:\/\/tapadum.com\/fr\/wp-json\/wp\/v2\/product_brand?post=25277"},{"taxonomy":"product_cat","embeddable":true,"href":"https:\/\/tapadum.com\/fr\/wp-json\/wp\/v2\/product_cat?post=25277"},{"taxonomy":"product_tag","embeddable":true,"href":"https:\/\/tapadum.com\/fr\/wp-json\/wp\/v2\/product_tag?post=25277"}],"curies":[{"name":"wp","href":"https:\/\/api.w.org\/{rel}","templated":true}]}}