{"id":28111,"date":"2025-10-02T12:55:10","date_gmt":"2025-10-02T12:55:10","guid":{"rendered":"https:\/\/tapadum.com\/product\/handpan-voice-sky-9-notes-re-mineur-d-kurd\/"},"modified":"2025-12-11T11:59:05","modified_gmt":"2025-12-11T11:59:05","slug":"handpan-voice-sky-9-notes-re-mineur-d-kurd","status":"publish","type":"product","link":"https:\/\/tapadum.com\/fr\/produit\/handpan-voice-sky-9-notes-re-mineur-d-kurd\/","title":{"rendered":"Handpan Voice Sky \u2013 9 Notes R\u00e9 Mineur (D Kurd)"},"content":{"rendered":"<p data-start=\"107\" data-end=\"159\"><strong data-start=\"107\" data-end=\"157\">Handpan Voice Sky \u2013 9 Notes R\u00e9 Mineur (D Kurd)<\/strong><\/p>\n<p data-start=\"161\" data-end=\"399\">Le <strong data-start=\"164\" data-end=\"185\">Handpan Voice Sky<\/strong> offre le parfait \u00e9quilibre entre <strong data-start=\"219\" data-end=\"248\">qualit\u00e9 et prix abordable<\/strong>, faisant de lui le choix id\u00e9al pour les <strong data-start=\"289\" data-end=\"302\">d\u00e9butants<\/strong> et les <strong data-start=\"310\" data-end=\"324\">passionn\u00e9s<\/strong> souhaitant d\u00e9couvrir le monde envo\u00fbtant des <strong data-start=\"369\" data-end=\"381\">handpans<\/strong> sans compromis.<\/p>\n<p data-start=\"401\" data-end=\"437\"><strong data-start=\"401\" data-end=\"435\">Caract\u00e9ristiques principales :<\/strong><\/p>\n<ul data-start=\"439\" data-end=\"814\">\n<li data-start=\"439\" data-end=\"521\">\n<p data-start=\"441\" data-end=\"521\"><strong data-start=\"441\" data-end=\"472\">Gammes : R\u00e9 Mineur (D Kurd)<\/strong> \u2013 des tons profonds, expressifs et polyvalents<\/p>\n<\/li>\n<li data-start=\"522\" data-end=\"602\">\n<p data-start=\"524\" data-end=\"602\"><strong data-start=\"524\" data-end=\"563\">Notes : 9 notes accord\u00e9es \u00e0 la main<\/strong> pour des m\u00e9lodies riches et nuanc\u00e9es<\/p>\n<\/li>\n<li data-start=\"603\" data-end=\"676\">\n<p data-start=\"605\" data-end=\"676\"><strong data-start=\"605\" data-end=\"644\">Mat\u00e9riau : Acier inoxydable durable<\/strong> avec un son chaud et r\u00e9sonant<\/p>\n<\/li>\n<li data-start=\"677\" data-end=\"761\">\n<p data-start=\"679\" data-end=\"761\"><strong data-start=\"679\" data-end=\"711\">Dimensions : 53 \u00d7 53 \u00d7 28 cm<\/strong> \u2013 compact pour la maison, le voyage ou la sc\u00e8ne<\/p>\n<\/li>\n<li data-start=\"762\" data-end=\"814\">\n<p data-start=\"764\" data-end=\"814\"><strong data-start=\"764\" data-end=\"780\">Poids : 5 kg<\/strong> \u2013 l\u00e9ger et facile \u00e0 transporter<\/p>\n<\/li>\n<\/ul>\n<p data-start=\"816\" data-end=\"1172\">Id\u00e9al pour la <strong data-start=\"830\" data-end=\"844\">m\u00e9ditation<\/strong>, le <strong data-start=\"849\" data-end=\"857\">yoga<\/strong>, la <strong data-start=\"862\" data-end=\"881\">th\u00e9rapie sonore<\/strong> ou tout simplement pour profiter de la musique, le <strong data-start=\"933\" data-end=\"954\">Handpan Voice Sky<\/strong> offre un <strong data-start=\"964\" data-end=\"991\">paysage sonore apaisant<\/strong> \u00e0 un <strong data-start=\"997\" data-end=\"1016\">prix imbattable<\/strong>. Son <strong data-start=\"1022\" data-end=\"1039\">accord pr\u00e9cis<\/strong> et sa <strong data-start=\"1046\" data-end=\"1065\">r\u00e9sonance riche<\/strong> cr\u00e9ent une ambiance relaxante, adapt\u00e9e aussi bien \u00e0 la pratique personnelle qu\u2019aux sessions collectives.<\/p>\n<p data-start=\"1174\" data-end=\"1219\"><strong data-start=\"1174\" data-end=\"1217\">Pourquoi choisir le Handpan Voice Sky ?<\/strong><\/p>\n<ul data-start=\"1221\" data-end=\"1370\">\n<li data-start=\"1221\" data-end=\"1277\">\n<p data-start=\"1223\" data-end=\"1277\">Meilleur <strong data-start=\"1232\" data-end=\"1256\">rapport qualit\u00e9-prix<\/strong> parmi les handpans<\/p>\n<\/li>\n<li data-start=\"1278\" data-end=\"1321\">\n<p data-start=\"1280\" data-end=\"1321\">Facile \u00e0 jouer, m\u00eame pour les d\u00e9butants<\/p>\n<\/li>\n<li data-start=\"1322\" data-end=\"1370\">\n<p data-start=\"1324\" data-end=\"1370\">Construction <strong data-start=\"1337\" data-end=\"1368\">en acier inoxydable durable<\/strong><\/p>\n<\/li>\n<\/ul>\n<p data-start=\"1372\" data-end=\"1530\">D\u00e9couvrez les <strong data-start=\"1386\" data-end=\"1403\">sons magiques<\/strong> du <strong data-start=\"1407\" data-end=\"1449\">Handpan Voice Sky 9 Notes en R\u00e9 Mineur<\/strong>, un instrument qui rend la beaut\u00e9 de la <strong data-start=\"1490\" data-end=\"1509\">musique handpan<\/strong> accessible \u00e0 tous.<\/p>\n<p><iframe title=\"Tapadum Handpan Voice Sky\" width=\"800\" height=\"450\" src=\"https:\/\/www.youtube.com\/embed\/lje0RJ0QOhc?feature=oembed\" frameborder=\"0\" allow=\"accelerometer; autoplay; clipboard-write; encrypted-media; gyroscope; picture-in-picture; web-share\" referrerpolicy=\"strict-origin-when-cross-origin\" allowfullscreen><\/iframe><\/p>\n<p data-start=\"1372\" data-end=\"1530\">\n","protected":false},"excerpt":{"rendered":"<p>Handpan Voice Sky 9 Notes R\u00e9 Mineur \u2013 handpan en acier inoxydable abordable au son chaud, id\u00e9al pour d\u00e9butants, m\u00e9ditation, yoga et th\u00e9rapie sonore.<\/p>\n","protected":false},"featured_media":29954,"comment_status":"open","ping_status":"closed","template":"","meta":{"_eb_attr":""},"product_brand":[],"product_cat":[300,437,294],"product_tag":[],"class_list":{"0":"post-28111","1":"product","2":"type-product","3":"status-publish","4":"has-post-thumbnail","6":"product_cat-handpan-fr","7":"product_cat-instruments-de-guerison-sonore","8":"product_cat-percussions-fr","10":"first","11":"instock","12":"sale","13":"shipping-taxable","14":"purchasable","15":"product-type-simple"},"jetpack_sharing_enabled":true,"_links":{"self":[{"href":"https:\/\/tapadum.com\/fr\/wp-json\/wp\/v2\/product\/28111","targetHints":{"allow":["GET"]}}],"collection":[{"href":"https:\/\/tapadum.com\/fr\/wp-json\/wp\/v2\/product"}],"about":[{"href":"https:\/\/tapadum.com\/fr\/wp-json\/wp\/v2\/types\/product"}],"replies":[{"embeddable":true,"href":"https:\/\/tapadum.com\/fr\/wp-json\/wp\/v2\/comments?post=28111"}],"version-history":[{"count":1,"href":"https:\/\/tapadum.com\/fr\/wp-json\/wp\/v2\/product\/28111\/revisions"}],"predecessor-version":[{"id":30668,"href":"https:\/\/tapadum.com\/fr\/wp-json\/wp\/v2\/product\/28111\/revisions\/30668"}],"wp:featuredmedia":[{"embeddable":true,"href":"https:\/\/tapadum.com\/fr\/wp-json\/wp\/v2\/media\/29954"}],"wp:attachment":[{"href":"https:\/\/tapadum.com\/fr\/wp-json\/wp\/v2\/media?parent=28111"}],"wp:term":[{"taxonomy":"product_brand","embeddable":true,"href":"https:\/\/tapadum.com\/fr\/wp-json\/wp\/v2\/product_brand?post=28111"},{"taxonomy":"product_cat","embeddable":true,"href":"https:\/\/tapadum.com\/fr\/wp-json\/wp\/v2\/product_cat?post=28111"},{"taxonomy":"product_tag","embeddable":true,"href":"https:\/\/tapadum.com\/fr\/wp-json\/wp\/v2\/product_tag?post=28111"}],"curies":[{"name":"wp","href":"https:\/\/api.w.org\/{rel}","templated":true}]}}