{"id":28264,"date":"2023-07-01T21:53:15","date_gmt":"2023-07-01T21:53:15","guid":{"rendered":"https:\/\/tapadum.com\/product\/tzouras-grec-special-corps-balta-saz\/"},"modified":"2023-07-01T21:53:15","modified_gmt":"2023-07-01T21:53:15","slug":"tzouras-grec-special-corps-balta-saz","status":"publish","type":"product","link":"https:\/\/tapadum.com\/fr\/produit\/tzouras-grec-special-corps-balta-saz\/","title":{"rendered":"TZOURAS GREC SP\u00c9CIAL \u2013 CORPS BALTA SAZ"},"content":{"rendered":"<p>&nbsp;<\/p>\n<p data-start=\"146\" data-end=\"190\"><strong data-start=\"146\" data-end=\"188\">TZOURAS GREC SP\u00c9CIAL \u2013 CORPS BALTA SAZ<\/strong><\/p>\n<p data-start=\"192\" data-end=\"249\"><strong data-start=\"192\" data-end=\"203\">Corps :<\/strong> <strong data-start=\"204\" data-end=\"222\">M\u00fbrier sculpt\u00e9<\/strong><br data-start=\"222\" data-end=\"225\" \/><strong data-start=\"225\" data-end=\"236\">Table :<\/strong> <strong data-start=\"237\" data-end=\"247\">\u00c9pic\u00e9a<\/strong><\/p>\n<p data-start=\"251\" data-end=\"569\">D\u00e9couvrez le <strong data-start=\"264\" data-end=\"280\">Tzouras grec<\/strong>, un joyau musical profond\u00e9ment enracin\u00e9 dans le <strong data-start=\"329\" data-end=\"357\">patrimoine culturel grec<\/strong>. Instrument \u00e0 cordes captivant et polyvalent, il s\u00e9duit les m\u00e9lomanes depuis des si\u00e8cles par son <strong data-start=\"455\" data-end=\"473\">son enchanteur<\/strong> et son design unique, occupant une place sp\u00e9ciale dans la <strong data-start=\"532\" data-end=\"566\">musique traditionnelle grecque<\/strong>.<\/p>\n<p data-start=\"571\" data-end=\"980\">Membre de la famille des <strong data-start=\"596\" data-end=\"609\">bouzoukis<\/strong>, le <strong data-start=\"614\" data-end=\"625\">Tzouras<\/strong> se distingue par sa taille plus compacte et sa tonalit\u00e9 plus aigu\u00eb. Il poss\u00e8de un <strong data-start=\"708\" data-end=\"727\">long manche fin<\/strong> et un <strong data-start=\"734\" data-end=\"769\">corps en forme de bol r\u00e9sonnant<\/strong>, g\u00e9n\u00e9ralement fabriqu\u00e9 \u00e0 partir de <strong data-start=\"805\" data-end=\"820\">bois nobles<\/strong> tels que le <strong data-start=\"833\" data-end=\"843\">m\u00fbrier<\/strong>, le <strong data-start=\"848\" data-end=\"857\">noyer<\/strong> ou l\u2019<strong data-start=\"863\" data-end=\"873\">\u00e9rable<\/strong>. Cette s\u00e9lection minutieuse des bois garantit un <strong data-start=\"923\" data-end=\"949\">son riche et expressif<\/strong>, unique \u00e0 chaque instrument.<\/p>\n<p data-start=\"982\" data-end=\"1291\">Traditionnellement \u00e9quip\u00e9 de <strong data-start=\"1011\" data-end=\"1067\">trois ou quatre doubles ch\u0153urs de cordes m\u00e9talliques<\/strong>, ce <strong data-start=\"1072\" data-end=\"1088\">Tzouras grec<\/strong> offre une <strong data-start=\"1099\" data-end=\"1127\">grande palette m\u00e9lodique<\/strong>. Les musiciens peuvent exploiter sa <strong data-start=\"1164\" data-end=\"1179\">polyvalence<\/strong>, jouant aussi bien des airs dansants que des ballades \u00e9mouvantes, reflet des <strong data-start=\"1257\" data-end=\"1288\">profondes \u00e9motions grecques<\/strong>.<\/p>\n<p data-start=\"1293\" data-end=\"1598\">Ces derni\u00e8res ann\u00e9es, le <strong data-start=\"1318\" data-end=\"1329\">Tzouras<\/strong> a gagn\u00e9 en popularit\u00e9 au-del\u00e0 des fronti\u00e8res de la Gr\u00e8ce, s\u00e9duisant les <strong data-start=\"1402\" data-end=\"1445\">musiciens et passionn\u00e9s du monde entier<\/strong>. Son <strong data-start=\"1451\" data-end=\"1468\">son \u00e9vocateur<\/strong>, son <strong data-start=\"1474\" data-end=\"1501\">h\u00e9ritage culturel riche<\/strong> et sa <strong data-start=\"1508\" data-end=\"1523\">polyvalence<\/strong> en font un instrument pr\u00e9cieux dans divers contextes et genres musicaux.<\/p>\n<p data-start=\"1600\" data-end=\"1925\">Plongez dans l\u2019univers captivant de la <strong data-start=\"1639\" data-end=\"1658\">musique grecque<\/strong> avec le <strong data-start=\"1667\" data-end=\"1678\">Tzouras<\/strong>. Laissez ses <strong data-start=\"1692\" data-end=\"1711\">tons r\u00e9sonnants<\/strong> et son <strong data-start=\"1719\" data-end=\"1743\">caract\u00e8re distinctif<\/strong> \u00e9veiller votre passion, captiver votre public et vivre l\u2019essence v\u00e9ritable de la <strong data-start=\"1825\" data-end=\"1855\">tradition musicale grecque<\/strong> gr\u00e2ce \u00e0 cet instrument exceptionnel et culturellement significatif.<\/p>\n","protected":false},"excerpt":{"rendered":"<p>D\u00e9couvrez le Tzouras grec Balta Saz : instrument \u00e0 cordes artisanal au son riche et expressif, parfait pour la musique traditionnelle grecque.<\/p>\n","protected":false},"featured_media":27054,"comment_status":"open","ping_status":"closed","template":"","meta":{"_eb_attr":""},"product_brand":[],"product_cat":[309,307],"product_tag":[],"class_list":{"0":"post-28264","1":"product","2":"type-product","3":"status-publish","4":"has-post-thumbnail","6":"product_cat-bouzouki-grec","7":"product_cat-instruments-a-cordes","9":"first","10":"instock","11":"sale","12":"shipping-taxable","13":"purchasable","14":"product-type-simple"},"jetpack_sharing_enabled":true,"_links":{"self":[{"href":"https:\/\/tapadum.com\/fr\/wp-json\/wp\/v2\/product\/28264","targetHints":{"allow":["GET"]}}],"collection":[{"href":"https:\/\/tapadum.com\/fr\/wp-json\/wp\/v2\/product"}],"about":[{"href":"https:\/\/tapadum.com\/fr\/wp-json\/wp\/v2\/types\/product"}],"replies":[{"embeddable":true,"href":"https:\/\/tapadum.com\/fr\/wp-json\/wp\/v2\/comments?post=28264"}],"version-history":[{"count":0,"href":"https:\/\/tapadum.com\/fr\/wp-json\/wp\/v2\/product\/28264\/revisions"}],"wp:featuredmedia":[{"embeddable":true,"href":"https:\/\/tapadum.com\/fr\/wp-json\/wp\/v2\/media\/27054"}],"wp:attachment":[{"href":"https:\/\/tapadum.com\/fr\/wp-json\/wp\/v2\/media?parent=28264"}],"wp:term":[{"taxonomy":"product_brand","embeddable":true,"href":"https:\/\/tapadum.com\/fr\/wp-json\/wp\/v2\/product_brand?post=28264"},{"taxonomy":"product_cat","embeddable":true,"href":"https:\/\/tapadum.com\/fr\/wp-json\/wp\/v2\/product_cat?post=28264"},{"taxonomy":"product_tag","embeddable":true,"href":"https:\/\/tapadum.com\/fr\/wp-json\/wp\/v2\/product_tag?post=28264"}],"curies":[{"name":"wp","href":"https:\/\/api.w.org\/{rel}","templated":true}]}}