{"id":29996,"date":"2025-04-09T17:45:09","date_gmt":"2025-04-09T15:45:09","guid":{"rendered":"https:\/\/tapadum.com\/product\/lori-kamancheh\/"},"modified":"2026-04-25T23:31:20","modified_gmt":"2026-04-25T21:31:20","slug":"lori-kamancheh","status":"publish","type":"product","link":"https:\/\/tapadum.com\/fr\/produit\/lori-kamancheh\/","title":{"rendered":"Lori Kamancheh"},"content":{"rendered":"<h3 data-start=\"90\" data-end=\"151\"><strong data-start=\"94\" data-end=\"151\">Lori Kamancheh \u2013 La Voix des Hautes Terres Iraniennes<\/strong><\/h3>\n<p data-start=\"153\" data-end=\"608\">Le <strong data-start=\"156\" data-end=\"174\">Lori Kamancheh<\/strong> est un <strong data-start=\"182\" data-end=\"245\">instrument \u00e0 cordes frott\u00e9es rare et profond\u00e9ment expressif<\/strong>, porteur de l\u2019\u00e2me musicale des <strong data-start=\"277\" data-end=\"306\">hautes terres du Lorestan<\/strong>, en Iran. Fabriqu\u00e9 \u00e0 la main par des artisans iraniens exp\u00e9riment\u00e9s, cette variante unique du kamancheh classique est admir\u00e9e pour son <strong data-start=\"442\" data-end=\"474\">timbre chaleureux et terreux<\/strong>, sa <strong data-start=\"479\" data-end=\"506\">profondeur \u00e9motionnelle<\/strong> et son <strong data-start=\"514\" data-end=\"535\">\u00e9l\u00e9gance rustique<\/strong>, incarnant toute la richesse de l\u2019art et du patrimoine musical persan.<\/p>\n<p data-start=\"610\" data-end=\"1032\">Sculp\u00e9 dans du <strong data-start=\"625\" data-end=\"672\">bois de noyer ou de m\u00fbrier de haute qualit\u00e9<\/strong>, son corps en forme de calice amplifie la <strong data-start=\"715\" data-end=\"738\">r\u00e9sonance naturelle<\/strong> de l\u2019instrument. La <strong data-start=\"759\" data-end=\"779\">table d\u2019harmonie<\/strong>, traditionnellement faite de <strong data-start=\"809\" data-end=\"825\">peau animale<\/strong>, offre un <strong data-start=\"836\" data-end=\"873\">son chaud et l\u00e9g\u00e8rement nasillard<\/strong>, id\u00e9al pour interpr\u00e9ter les <strong data-start=\"902\" data-end=\"952\">m\u00e9lodies lyriques de la musique populaire Lori<\/strong> et les <strong data-start=\"960\" data-end=\"1029\">improvisations subtiles de la musique classique persane (Dastgah)<\/strong>.<\/p>\n<p data-start=\"1034\" data-end=\"1329\">Gr\u00e2ce \u00e0 son <strong data-start=\"1046\" data-end=\"1071\">corps mont\u00e9 sur pique<\/strong>, le Lori Kamancheh se joue en position verticale, reposant sur le genou. L\u2019<strong data-start=\"1147\" data-end=\"1188\">archet traditionnel en crin de cheval<\/strong> glisse avec fluidit\u00e9 sur ses <strong data-start=\"1218\" data-end=\"1247\">quatre cordes m\u00e9talliques<\/strong>, r\u00e9v\u00e9lant un vibrato envo\u00fbtant et une r\u00e9sonance riche qui font tout son charme.<\/p>\n<p data-start=\"1331\" data-end=\"1583\">Appr\u00e9ci\u00e9 \u00e0 la fois par les <strong data-start=\"1358\" data-end=\"1394\">musiciens traditionnels iraniens<\/strong> et les <strong data-start=\"1402\" data-end=\"1432\">compositeurs contemporains<\/strong>, le Lori Kamancheh est un v\u00e9ritable <strong data-start=\"1469\" data-end=\"1500\">pont entre pass\u00e9 et pr\u00e9sent<\/strong> \u2013 une <strong data-start=\"1507\" data-end=\"1528\">voix intemporelle<\/strong> r\u00e9sonnant \u00e0 travers les montagnes et vall\u00e9es d\u2019Iran.<\/p>\n<hr data-start=\"1585\" data-end=\"1588\" \/>\n<h3 data-start=\"1590\" data-end=\"1630\"><strong data-start=\"1594\" data-end=\"1628\">Caract\u00e9ristiques principales :<\/strong><\/h3>\n<ul data-start=\"1631\" data-end=\"2151\">\n<li data-start=\"1631\" data-end=\"1717\">\n<p data-start=\"1633\" data-end=\"1717\">\ud83c\udfb5 <strong data-start=\"1636\" data-end=\"1666\">Fabriqu\u00e9 \u00e0 la main en Iran<\/strong>, inspir\u00e9 de la musique populaire du <strong data-start=\"1703\" data-end=\"1715\">Lorestan<\/strong><\/p>\n<\/li>\n<li data-start=\"1718\" data-end=\"1811\">\n<p data-start=\"1720\" data-end=\"1811\">\ud83c\udf33 <strong data-start=\"1723\" data-end=\"1773\">Corps en noyer ou m\u00fbrier de qualit\u00e9 sup\u00e9rieure<\/strong> pour une sonorit\u00e9 riche et profonde<\/p>\n<\/li>\n<li data-start=\"1812\" data-end=\"1906\">\n<p data-start=\"1814\" data-end=\"1906\">\ud83d\udc11 <strong data-start=\"1817\" data-end=\"1868\">Table d\u2019harmonie en peau animale traditionnelle<\/strong> pour une chaleur sonore authentique<\/p>\n<\/li>\n<li data-start=\"1907\" data-end=\"1999\">\n<p data-start=\"1909\" data-end=\"1999\">\ud83c\udfbb <strong data-start=\"1912\" data-end=\"1941\">Quatre cordes m\u00e9talliques<\/strong>, accordables selon les syst\u00e8mes r\u00e9gionaux ou classiques<\/p>\n<\/li>\n<li data-start=\"2000\" data-end=\"2062\">\n<p data-start=\"2002\" data-end=\"2062\">\ud83c\udffa <strong data-start=\"2005\" data-end=\"2060\">Livr\u00e9 avec un archet traditionnel en crin de cheval<\/strong><\/p>\n<\/li>\n<li data-start=\"2063\" data-end=\"2151\">\n<p data-start=\"2065\" data-end=\"2151\">\ud83c\udf0d <strong data-start=\"2068\" data-end=\"2149\">Id\u00e9al pour les concerts, les enregistrements ou les \u00e9tudes d\u2019ethnomusicologie<\/strong><\/p>\n<\/li>\n<\/ul>\n","protected":false},"excerpt":{"rendered":"<p>D\u00e9couvrez le Lori Kamancheh \u2013 La Voix des Hautes Terres Iraniennes chez Tapadum Ethnic Music Store. Fabriqu\u00e9 \u00e0 la main en Iran avec du bois de noyer de qualit\u00e9 et une table en peau animale, cet instrument offre un son authentique et expressif. Livr\u00e9 avec un archet traditionnel en crin de cheval.<\/p>\n","protected":false},"featured_media":23453,"comment_status":"closed","ping_status":"closed","template":"","meta":{"googlesitekit_rrm_CAow0IDLDA:productID":"","_eb_attr":""},"product_brand":[],"product_cat":[333,335],"product_tag":[],"class_list":{"0":"post-29996","1":"product","2":"type-product","3":"status-publish","4":"has-post-thumbnail","6":"product_cat-instruments-a-archet","7":"product_cat-kamancheh-persan","9":"first","10":"instock","11":"sale","12":"shipping-taxable","13":"purchasable","14":"product-type-simple"},"jetpack_sharing_enabled":true,"_links":{"self":[{"href":"https:\/\/tapadum.com\/fr\/wp-json\/wp\/v2\/product\/29996","targetHints":{"allow":["GET"]}}],"collection":[{"href":"https:\/\/tapadum.com\/fr\/wp-json\/wp\/v2\/product"}],"about":[{"href":"https:\/\/tapadum.com\/fr\/wp-json\/wp\/v2\/types\/product"}],"replies":[{"embeddable":true,"href":"https:\/\/tapadum.com\/fr\/wp-json\/wp\/v2\/comments?post=29996"}],"version-history":[{"count":1,"href":"https:\/\/tapadum.com\/fr\/wp-json\/wp\/v2\/product\/29996\/revisions"}],"predecessor-version":[{"id":34554,"href":"https:\/\/tapadum.com\/fr\/wp-json\/wp\/v2\/product\/29996\/revisions\/34554"}],"wp:featuredmedia":[{"embeddable":true,"href":"https:\/\/tapadum.com\/fr\/wp-json\/wp\/v2\/media\/23453"}],"wp:attachment":[{"href":"https:\/\/tapadum.com\/fr\/wp-json\/wp\/v2\/media?parent=29996"}],"wp:term":[{"taxonomy":"product_brand","embeddable":true,"href":"https:\/\/tapadum.com\/fr\/wp-json\/wp\/v2\/product_brand?post=29996"},{"taxonomy":"product_cat","embeddable":true,"href":"https:\/\/tapadum.com\/fr\/wp-json\/wp\/v2\/product_cat?post=29996"},{"taxonomy":"product_tag","embeddable":true,"href":"https:\/\/tapadum.com\/fr\/wp-json\/wp\/v2\/product_tag?post=29996"}],"curies":[{"name":"wp","href":"https:\/\/api.w.org\/{rel}","templated":true}]}}