{"id":30771,"date":"2025-12-14T12:45:18","date_gmt":"2025-12-14T12:45:18","guid":{"rendered":"https:\/\/tapadum.com\/product\/santur-special-avec-mandal-leviers-mobiles-dalteration\/"},"modified":"2025-12-14T12:45:18","modified_gmt":"2025-12-14T12:45:18","slug":"santur-special-avec-mandal-leviers-mobiles-dalteration","status":"publish","type":"product","link":"https:\/\/tapadum.com\/fr\/produit\/santur-special-avec-mandal-leviers-mobiles-dalteration\/","title":{"rendered":"Santur Sp\u00e9cial avec Mandal (Leviers Mobiles d\u2019Alt\u00e9ration)"},"content":{"rendered":"<p data-start=\"63\" data-end=\"444\">D\u00e9couvrez une flexibilit\u00e9 musicale in\u00e9gal\u00e9e avec notre <strong data-start=\"118\" data-end=\"136\">Santur Sp\u00e9cial<\/strong> \u00e9quip\u00e9 de <strong data-start=\"147\" data-end=\"196\">Leviers Mobiles d\u2019Alt\u00e9ration (Syst\u00e8me Mandal)<\/strong>. Ce <strong data-start=\"201\" data-end=\"212\">Santoor<\/strong> de fabrication professionnelle est con\u00e7u pour les musiciens qui ont besoin de changements d\u2019\u00e9chelle instantan\u00e9s, de modulations de <strong data-start=\"344\" data-end=\"353\">maqam<\/strong> et d\u2019un accordage pr\u00e9cis en <strong data-start=\"382\" data-end=\"399\">quarts de ton<\/strong>, sans devoir r\u00e9accorder l\u2019instrument entier.<\/p>\n<p data-start=\"446\" data-end=\"625\">Fabriqu\u00e9 en <strong data-start=\"458\" data-end=\"475\">bois de noyer<\/strong> de haute qualit\u00e9, ce <strong data-start=\"497\" data-end=\"507\">Santur<\/strong> offre un son chaleureux et r\u00e9sonant, adapt\u00e9 aussi bien aux applications musicales traditionnelles que contemporaines.<\/p>\n<p data-start=\"627\" data-end=\"962\"><strong data-start=\"627\" data-end=\"650\">Sp\u00e9cifications cl\u00e9s<\/strong><br data-start=\"650\" data-end=\"653\" \/>Type d\u2019instrument : <strong data-start=\"673\" data-end=\"692\">Santoor Sp\u00e9cial<\/strong><br data-start=\"692\" data-end=\"695\" \/>Mat\u00e9riau du corps : <strong data-start=\"715\" data-end=\"732\">Bois de noyer<\/strong><br data-start=\"732\" data-end=\"735\" \/>Kharak : <strong data-start=\"744\" data-end=\"749\">9<\/strong><br data-start=\"749\" data-end=\"752\" \/>Dimensions : <strong data-start=\"765\" data-end=\"784\">106 \u00d7 29 \u00d7 8 cm<\/strong><br data-start=\"784\" data-end=\"787\" \/>Syst\u00e8me d\u2019accordage : <strong data-start=\"809\" data-end=\"851\">Leviers Mobiles d\u2019Alt\u00e9ration (Mandals)<\/strong><br data-start=\"851\" data-end=\"854\" \/>Capacit\u00e9 d\u2019accordage : <strong data-start=\"877\" data-end=\"904\">Demi-ton &amp; Quart de ton<\/strong><br data-start=\"904\" data-end=\"907\" \/>Style d\u2019origine : <strong data-start=\"925\" data-end=\"962\">Moyen-Orient \/ Perse \/ Microtonal<\/strong><\/p>\n<p data-start=\"964\" data-end=\"1418\"><strong data-start=\"964\" data-end=\"1024\">Syst\u00e8me Avanc\u00e9 de Leviers Mobiles d\u2019Alt\u00e9ration (Mandals)<\/strong><br data-start=\"1024\" data-end=\"1027\" \/>Ce <strong data-start=\"1030\" data-end=\"1041\">Santour<\/strong> est \u00e9quip\u00e9 de <strong data-start=\"1056\" data-end=\"1088\">leviers mobiles d\u2019alt\u00e9ration<\/strong>, inspir\u00e9s du syst\u00e8me de <strong data-start=\"1113\" data-end=\"1132\">mandal du Kanun<\/strong>. Contrairement aux <strong data-start=\"1152\" data-end=\"1163\">Santurs<\/strong> traditionnels, ces leviers permettent de :<br data-start=\"1206\" data-end=\"1209\" \/>changer de <strong data-start=\"1220\" data-end=\"1229\">maqam<\/strong> instantan\u00e9ment<br data-start=\"1244\" data-end=\"1247\" \/>accorder les <strong data-start=\"1260\" data-end=\"1277\">quarts de ton<\/strong> avec une grande pr\u00e9cision<br data-start=\"1303\" data-end=\"1306\" \/>r\u00e9aliser des modulations <strong data-start=\"1331\" data-end=\"1347\">microtonales<\/strong> fluides<br data-start=\"1355\" data-end=\"1358\" \/>ajuster la hauteur des notes en concert, sans interruption<\/p>\n<p data-start=\"1420\" data-end=\"1614\">Chaque levier modifie la longueur vibrante de la corde, augmentant la hauteur d\u2019un <strong data-start=\"1503\" data-end=\"1515\">demi-ton<\/strong> ou d\u2019un <strong data-start=\"1524\" data-end=\"1540\">quart de ton<\/strong>, offrant aux interpr\u00e8tes un contr\u00f4le exceptionnel de l\u2019expression tonale.<\/p>\n<p data-start=\"1616\" data-end=\"1950\"><strong data-start=\"1616\" data-end=\"1687\">Id\u00e9al pour le Maqam, la Musique Microtonale &amp; les Musiques du Monde<\/strong><br data-start=\"1687\" data-end=\"1690\" \/>Le <strong data-start=\"1693\" data-end=\"1725\">Santoor Sp\u00e9cial avec Mandals<\/strong> est parfait pour les musiciens qui interpr\u00e8tent :<br data-start=\"1775\" data-end=\"1778\" \/>la musique <strong data-start=\"1789\" data-end=\"1800\">persane<\/strong><br data-start=\"1800\" data-end=\"1803\" \/>la musique de <strong data-start=\"1817\" data-end=\"1832\">maqam arabe<\/strong><br data-start=\"1832\" data-end=\"1835\" \/>la musique classique <strong data-start=\"1856\" data-end=\"1866\">turque<\/strong><br data-start=\"1866\" data-end=\"1869\" \/>les fusions <strong data-start=\"1881\" data-end=\"1894\">indiennes<\/strong><br data-start=\"1894\" data-end=\"1897\" \/>les compositions <strong data-start=\"1914\" data-end=\"1950\">exp\u00e9rimentales et contemporaines<\/strong><\/p>\n<p data-start=\"1952\" data-end=\"2122\">Son large registre expressif permet des transitions fluides entre diff\u00e9rents syst\u00e8mes tonals, en faisant un outil puissant pour l\u2019improvisation comme pour la composition.<\/p>\n<p data-start=\"2124\" data-end=\"2405\"><strong data-start=\"2124\" data-end=\"2165\">Son Riche &amp; Interpr\u00e9tation Expressive<\/strong><br data-start=\"2165\" data-end=\"2168\" \/>Jou\u00e9 avec des <strong data-start=\"2182\" data-end=\"2208\">maillets traditionnels<\/strong>, ce <strong data-start=\"2213\" data-end=\"2223\">Santur<\/strong> produit un caract\u00e8re sonore \u00e0 la fois brillant et profond, offrant :<br data-start=\"2292\" data-end=\"2295\" \/>une articulation m\u00e9lodique claire<br data-start=\"2328\" data-end=\"2331\" \/>une pr\u00e9sence rythmique affirm\u00e9e<br data-start=\"2362\" data-end=\"2365\" \/>une r\u00e9sonance et un sustain \u00e9quilibr\u00e9s<\/p>\n<p data-start=\"2407\" data-end=\"2508\">Convient aux performances en solo, aux ensembles, aux enregistrements en studio et aux concerts live.<\/p>\n<p data-start=\"2510\" data-end=\"2851\"><strong data-start=\"2510\" data-end=\"2557\">Bienfaits en Musicoth\u00e9rapie &amp; Sound Healing<\/strong><br data-start=\"2557\" data-end=\"2560\" \/>Gr\u00e2ce \u00e0 sa richesse harmonique et \u00e0 ses vibrations apaisantes, ce <strong data-start=\"2626\" data-end=\"2636\">Santur<\/strong> est \u00e9galement tr\u00e8s appr\u00e9ci\u00e9 en <strong data-start=\"2668\" data-end=\"2686\">musicoth\u00e9rapie<\/strong> et en <strong data-start=\"2693\" data-end=\"2708\">soin sonore<\/strong>. Il aide \u00e0 :<br data-start=\"2721\" data-end=\"2724\" \/>r\u00e9duire le stress et l\u2019anxi\u00e9t\u00e9<br data-start=\"2754\" data-end=\"2757\" \/>favoriser la relaxation et la pleine conscience<br data-start=\"2804\" data-end=\"2807\" \/>soutenir le bien-\u00eatre \u00e9motionnel et mental<\/p>\n<p data-start=\"2853\" data-end=\"2940\">Un excellent choix pour les th\u00e9rapeutes, les \u00e9ducateurs et les praticiens du bien-\u00eatre.<\/p>\n<p data-start=\"2942\" data-end=\"3209\"><strong data-start=\"2942\" data-end=\"2979\">Accessoires Professionnels Inclus<\/strong><br data-start=\"2979\" data-end=\"2982\" \/>Ce <strong data-start=\"2985\" data-end=\"3003\">Santur Sp\u00e9cial<\/strong> est livr\u00e9 en pack professionnel complet, comprenant :<br data-start=\"3057\" data-end=\"3060\" \/>un <strong data-start=\"3063\" data-end=\"3078\">\u00e9tui rigide<\/strong> pour le transport et le stockage<br data-start=\"3111\" data-end=\"3114\" \/>des <strong data-start=\"3118\" data-end=\"3154\">maillets traditionnels de Santur<\/strong><br data-start=\"3154\" data-end=\"3157\" \/>une <strong data-start=\"3161\" data-end=\"3180\">cl\u00e9 d\u2019accordage<\/strong><br data-start=\"3180\" data-end=\"3183\" \/>des <strong data-start=\"3187\" data-end=\"3209\">cordes de rechange<\/strong><\/p>\n<p data-start=\"3211\" data-end=\"3267\">Tout le n\u00e9cessaire pour commencer \u00e0 jouer imm\u00e9diatement.<\/p>\n<p data-start=\"3269\" data-end=\"3549\"><strong data-start=\"3269\" data-end=\"3306\">Parfait pour le Studio &amp; la Sc\u00e8ne<\/strong><br data-start=\"3306\" data-end=\"3309\" \/>Le syst\u00e8me de <strong data-start=\"3323\" data-end=\"3342\">mandals mobiles<\/strong> permet aux musiciens de s\u2019adapter instantan\u00e9ment pendant les performances ou les sessions d\u2019enregistrement. Aucune interruption, aucun r\u00e9accordage \u2014 seulement un contr\u00f4le fluide et expressif de chaque note.<\/p>\n<p data-start=\"3551\" data-end=\"3819\"><strong data-start=\"3551\" data-end=\"3591\">Pourquoi choisir ce Santur Sp\u00e9cial ?<\/strong><br data-start=\"3591\" data-end=\"3594\" \/>\u2714 Accordage en <strong data-start=\"3609\" data-end=\"3626\">quarts de ton<\/strong><br data-start=\"3626\" data-end=\"3629\" \/>\u2714 <strong data-start=\"3631\" data-end=\"3673\">Leviers mobiles d\u2019alt\u00e9ration (mandals)<\/strong><br data-start=\"3673\" data-end=\"3676\" \/>\u2714 Construction premium en <strong data-start=\"3702\" data-end=\"3719\">bois de noyer<\/strong><br data-start=\"3719\" data-end=\"3722\" \/>\u2714 <strong data-start=\"3724\" data-end=\"3754\">Accessoires professionnels<\/strong> inclus<br data-start=\"3761\" data-end=\"3764\" \/>\u2714 Id\u00e9al pour la musique de <strong data-start=\"3791\" data-end=\"3800\">maqam<\/strong> et <strong data-start=\"3804\" data-end=\"3819\">microtonale<\/strong><\/p>\n<p data-start=\"3821\" data-end=\"4148\" data-is-last-node=\"\" data-is-only-node=\"\"><strong data-start=\"3821\" data-end=\"3901\">Achetez le Santur Sp\u00e9cial avec Leviers d\u2019Alt\u00e9ration chez Tapadum Music Store<\/strong><br data-start=\"3901\" data-end=\"3904\" \/>\u00c9levez votre expression musicale avec ce <strong data-start=\"3945\" data-end=\"3964\">Santoor Sp\u00e9cial<\/strong> dot\u00e9 de <strong data-start=\"3973\" data-end=\"4022\">Leviers Mobiles d\u2019Alt\u00e9ration (Syst\u00e8me Mandal)<\/strong>. Que vous soyez musicien professionnel ou \u00e9tudiant avanc\u00e9, cet instrument offre pr\u00e9cision, polyvalence et un son authentique<\/p>\n","protected":false},"excerpt":{"rendered":"<p>Santur sp\u00e9cial avec mandals (leviers mobiles d\u2019alt\u00e9ration), accordage en quarts de ton, corps en bois de noyer, 9 kharak, \u00e9tui rigide et accessoires inclus. Id\u00e9al pour la musique de maqam.<\/p>\n","protected":false},"featured_media":30748,"comment_status":"open","ping_status":"closed","template":"","meta":{"_eb_attr":""},"product_brand":[],"product_cat":[307,440,323],"product_tag":[],"class_list":{"0":"post-30771","1":"product","2":"type-product","3":"status-publish","4":"has-post-thumbnail","6":"product_cat-instruments-a-cordes","7":"product_cat-instruments-persans","8":"product_cat-santour-tympanon","10":"first","11":"onbackorder","12":"sale","13":"sold-individually","14":"shipping-taxable","15":"purchasable","16":"product-type-simple"},"jetpack_sharing_enabled":true,"_links":{"self":[{"href":"https:\/\/tapadum.com\/fr\/wp-json\/wp\/v2\/product\/30771","targetHints":{"allow":["GET"]}}],"collection":[{"href":"https:\/\/tapadum.com\/fr\/wp-json\/wp\/v2\/product"}],"about":[{"href":"https:\/\/tapadum.com\/fr\/wp-json\/wp\/v2\/types\/product"}],"replies":[{"embeddable":true,"href":"https:\/\/tapadum.com\/fr\/wp-json\/wp\/v2\/comments?post=30771"}],"version-history":[{"count":0,"href":"https:\/\/tapadum.com\/fr\/wp-json\/wp\/v2\/product\/30771\/revisions"}],"wp:featuredmedia":[{"embeddable":true,"href":"https:\/\/tapadum.com\/fr\/wp-json\/wp\/v2\/media\/30748"}],"wp:attachment":[{"href":"https:\/\/tapadum.com\/fr\/wp-json\/wp\/v2\/media?parent=30771"}],"wp:term":[{"taxonomy":"product_brand","embeddable":true,"href":"https:\/\/tapadum.com\/fr\/wp-json\/wp\/v2\/product_brand?post=30771"},{"taxonomy":"product_cat","embeddable":true,"href":"https:\/\/tapadum.com\/fr\/wp-json\/wp\/v2\/product_cat?post=30771"},{"taxonomy":"product_tag","embeddable":true,"href":"https:\/\/tapadum.com\/fr\/wp-json\/wp\/v2\/product_tag?post=30771"}],"curies":[{"name":"wp","href":"https:\/\/api.w.org\/{rel}","templated":true}]}}