{"id":31507,"date":"2026-03-20T22:03:32","date_gmt":"2026-03-20T22:03:32","guid":{"rendered":"https:\/\/tapadum.com\/product\/tar-iranien-professionnel-par-amin-golestani\/"},"modified":"2026-03-20T22:03:32","modified_gmt":"2026-03-20T22:03:32","slug":"tar-iranien-professionnel-par-amin-golestani","status":"publish","type":"product","link":"https:\/\/tapadum.com\/fr\/produit\/tar-iranien-professionnel-par-amin-golestani\/","title":{"rendered":"Tar Iranien Professionnel par Amin Golestani"},"content":{"rendered":"<p data-start=\"2702\" data-end=\"2750\"><strong data-start=\"2702\" data-end=\"2750\">Tar Iranien Professionnel par Amin Golestani<\/strong><\/p>\n<p data-start=\"2752\" data-end=\"3034\">D\u00e9couvrez la richesse de la musique classique persane avec ce <strong data-start=\"2814\" data-end=\"2843\">tar iranien professionnel<\/strong>, fabriqu\u00e9 \u00e0 la main par le ma\u00eetre luthier <strong data-start=\"2886\" data-end=\"2904\">Amin Golestani<\/strong>. Alliant tradition et pr\u00e9cision artisanale, cet instrument offre une sonorit\u00e9 expressive et une \u00e9l\u00e9gance visuelle exceptionnelle.<\/p>\n<p data-start=\"3036\" data-end=\"3227\">La caisse en <strong data-start=\"3049\" data-end=\"3078\">bois de m\u00fbrier (mulberry)<\/strong> produit un son chaud, profond et riche en r\u00e9sonance. Sa structure \u00e0 double caisse am\u00e9liore la projection et la clart\u00e9 sonore sur toute la tessiture.<\/p>\n<p data-start=\"3229\" data-end=\"3358\">Le manche et la t\u00eate en <strong data-start=\"3253\" data-end=\"3271\">noyer (walnut)<\/strong> assurent solidit\u00e9 et stabilit\u00e9 d\u2019accordage, tout en offrant un confort de jeu optimal.<\/p>\n<p data-start=\"3360\" data-end=\"3473\">La touche est orn\u00e9e d\u2019incrustations en <strong data-start=\"3399\" data-end=\"3425\">os et tibia de chameau<\/strong>, refl\u00e9tant le savoir-faire traditionnel persan.<\/p>\n<p data-start=\"3475\" data-end=\"3601\">La table en <strong data-start=\"3487\" data-end=\"3512\">peau interne d\u2019agneau<\/strong> permet d\u2019obtenir le timbre caract\u00e9ristique du tar : brillant, dynamique et tr\u00e8s r\u00e9actif.<\/p>\n<p data-start=\"3603\" data-end=\"3704\">Le <strong data-start=\"3606\" data-end=\"3641\">chevalet et le cordier en corne<\/strong> am\u00e9liorent la transmission sonore, le sustain et la pr\u00e9cision.<\/p>\n<p data-start=\"3706\" data-end=\"3834\">Gr\u00e2ce \u00e0 son <strong data-start=\"3718\" data-end=\"3743\">syst\u00e8me de m\u00e9caniques<\/strong>, l\u2019accordage est pr\u00e9cis, stable et beaucoup plus simple que les chevilles traditionnelles.<\/p>\n<p data-start=\"3836\" data-end=\"3909\">Livr\u00e9 avec un <strong data-start=\"3850\" data-end=\"3879\">\u00e9tui rigide professionnel<\/strong> pour une protection maximale.<\/p>\n<p data-start=\"3911\" data-end=\"3965\">Id\u00e9al pour concerts, enregistrements et \u00e9tude avanc\u00e9e.<\/p>\n<p data-start=\"3967\" data-end=\"4001\"><strong data-start=\"3967\" data-end=\"4001\">Caract\u00e9ristiques principales :<\/strong><\/p>\n<ul data-start=\"4003\" data-end=\"4251\">\n<li data-section-id=\"1ft9u7p\" data-start=\"4003\" data-end=\"4048\">Fabriqu\u00e9 \u00e0 la main par <strong data-start=\"4028\" data-end=\"4046\">Amin Golestani<\/strong><\/li>\n<li data-section-id=\"bqsjav\" data-start=\"4049\" data-end=\"4073\">Caisse en <strong data-start=\"4061\" data-end=\"4071\">m\u00fbrier<\/strong><\/li>\n<li data-section-id=\"1cyurkw\" data-start=\"4074\" data-end=\"4097\">Manche en <strong data-start=\"4086\" data-end=\"4095\">noyer<\/strong><\/li>\n<li data-section-id=\"ipkqlv\" data-start=\"4098\" data-end=\"4143\">D\u00e9corations en <strong data-start=\"4115\" data-end=\"4141\">os et tibia de chameau<\/strong><\/li>\n<li data-section-id=\"1alfhiw\" data-start=\"4144\" data-end=\"4174\">Table en <strong data-start=\"4155\" data-end=\"4172\">peau d\u2019agneau<\/strong><\/li>\n<li data-section-id=\"1h4fzw2\" data-start=\"4175\" data-end=\"4200\">Chevalet en <strong data-start=\"4189\" data-end=\"4198\">corne<\/strong><\/li>\n<li data-section-id=\"1i50etu\" data-start=\"4201\" data-end=\"4228\"><strong data-start=\"4203\" data-end=\"4226\">M\u00e9caniques modernes<\/strong><\/li>\n<li data-section-id=\"uh18yb\" data-start=\"4229\" data-end=\"4251\">\u00c9tui rigide inclus<\/li>\n<\/ul>\n<p data-start=\"4253\" data-end=\"4314\">Un choix id\u00e9al pour un <strong data-start=\"4276\" data-end=\"4313\">tar persan authentique et moderne<\/strong>.<\/p>\n","protected":false},"excerpt":{"rendered":"<p>Tar iranien professionnel Amin Golestani avec caisse en m\u00fbrier, peau d\u2019agneau et m\u00e9caniques. Instrument persan authentique, son riche, accordage pr\u00e9cis, \u00e9tui rigide inclus.<\/p>\n","protected":false},"featured_media":31469,"comment_status":"open","ping_status":"closed","template":"","meta":{"_eb_attr":""},"product_brand":[],"product_cat":[307,440,434],"product_tag":[],"class_list":{"0":"post-31507","1":"product","2":"type-product","3":"status-publish","4":"has-post-thumbnail","6":"product_cat-instruments-a-cordes","7":"product_cat-instruments-persans","8":"product_cat-tar-fr","10":"first","11":"instock","12":"sale","13":"shipping-taxable","14":"purchasable","15":"product-type-simple"},"jetpack_sharing_enabled":true,"_links":{"self":[{"href":"https:\/\/tapadum.com\/fr\/wp-json\/wp\/v2\/product\/31507","targetHints":{"allow":["GET"]}}],"collection":[{"href":"https:\/\/tapadum.com\/fr\/wp-json\/wp\/v2\/product"}],"about":[{"href":"https:\/\/tapadum.com\/fr\/wp-json\/wp\/v2\/types\/product"}],"replies":[{"embeddable":true,"href":"https:\/\/tapadum.com\/fr\/wp-json\/wp\/v2\/comments?post=31507"}],"version-history":[{"count":0,"href":"https:\/\/tapadum.com\/fr\/wp-json\/wp\/v2\/product\/31507\/revisions"}],"wp:featuredmedia":[{"embeddable":true,"href":"https:\/\/tapadum.com\/fr\/wp-json\/wp\/v2\/media\/31469"}],"wp:attachment":[{"href":"https:\/\/tapadum.com\/fr\/wp-json\/wp\/v2\/media?parent=31507"}],"wp:term":[{"taxonomy":"product_brand","embeddable":true,"href":"https:\/\/tapadum.com\/fr\/wp-json\/wp\/v2\/product_brand?post=31507"},{"taxonomy":"product_cat","embeddable":true,"href":"https:\/\/tapadum.com\/fr\/wp-json\/wp\/v2\/product_cat?post=31507"},{"taxonomy":"product_tag","embeddable":true,"href":"https:\/\/tapadum.com\/fr\/wp-json\/wp\/v2\/product_tag?post=31507"}],"curies":[{"name":"wp","href":"https:\/\/api.w.org\/{rel}","templated":true}]}}