{"id":16312,"date":"2023-07-09T16:33:26","date_gmt":"2023-07-09T16:33:26","guid":{"rendered":"https:\/\/tapadum.com\/?page_id=16312"},"modified":"2024-12-01T12:27:43","modified_gmt":"2024-12-01T12:27:43","slug":"karadeniz-kemencesi-lyra","status":"publish","type":"page","link":"https:\/\/tapadum.com\/it\/karadeniz-kemencesi-lyra\/","title":{"rendered":"Karadeniz Kemencesi &#8211; Lyra &#8211; Best Tapadum 2024"},"content":{"rendered":"\t\t<div data-elementor-type=\"wp-page\" data-elementor-id=\"16312\" class=\"elementor elementor-16312 elementor-9109\" data-elementor-post-type=\"page\">\n\t\t\t\t\t\t<section class=\"elementor-section elementor-top-section elementor-element elementor-element-662179a0 elementor-section-boxed elementor-section-height-default elementor-section-height-default\" data-id=\"662179a0\" data-element_type=\"section\" data-e-type=\"section\">\n\t\t\t\t\t\t<div class=\"elementor-container elementor-column-gap-default\">\n\t\t\t\t\t<div class=\"elementor-column elementor-col-100 elementor-top-column elementor-element elementor-element-5f8359f7\" data-id=\"5f8359f7\" data-element_type=\"column\" data-e-type=\"column\" data-settings=\"{&quot;background_background&quot;:&quot;classic&quot;}\">\n\t\t\t<div class=\"elementor-widget-wrap elementor-element-populated\">\n\t\t\t\t\t\t<section class=\"elementor-section elementor-inner-section elementor-element elementor-element-3fd6fb63 elementor-section-boxed elementor-section-height-default elementor-section-height-default\" data-id=\"3fd6fb63\" data-element_type=\"section\" data-e-type=\"section\">\n\t\t\t\t\t\t<div class=\"elementor-container elementor-column-gap-default\">\n\t\t\t\t\t<div class=\"elementor-column elementor-col-100 elementor-inner-column elementor-element elementor-element-603ab31c elementor-invisible\" data-id=\"603ab31c\" data-element_type=\"column\" data-e-type=\"column\" data-settings=\"{&quot;animation&quot;:&quot;fadeIn&quot;,&quot;animation_delay&quot;:360}\">\n\t\t\t<div class=\"elementor-widget-wrap elementor-element-populated\">\n\t\t\t\t\t\t<div class=\"elementor-element elementor-element-6b082223 elementor-widget elementor-widget-heading\" data-id=\"6b082223\" data-element_type=\"widget\" data-e-type=\"widget\" data-settings=\"{&quot;ekit_we_effect_on&quot;:&quot;none&quot;}\" data-widget_type=\"heading.default\">\n\t\t\t\t\t<h1 class=\"elementor-heading-title elementor-size-default\">Karadeniz Kemencesi<\/h1>\t\t\t\t<\/div>\n\t\t\t\t\t<\/div>\n\t\t<\/div>\n\t\t\t\t\t<\/div>\n\t\t<\/section>\n\t\t\t\t\t<\/div>\n\t\t<\/div>\n\t\t\t\t\t<\/div>\n\t\t<\/section>\n\t\t<div class=\"elementor-element elementor-element-5399f227 e-flex e-con-boxed e-con e-parent\" data-id=\"5399f227\" data-element_type=\"container\" data-e-type=\"container\" data-settings=\"{&quot;background_background&quot;:&quot;classic&quot;}\">\n\t\t\t\t\t<div class=\"e-con-inner\">\n\t\t<div class=\"elementor-element elementor-element-3f4215a9 e-flex e-con-boxed e-con e-child\" data-id=\"3f4215a9\" data-element_type=\"container\" data-e-type=\"container\" data-settings=\"{&quot;background_background&quot;:&quot;classic&quot;}\">\n\t\t\t\t\t<div class=\"e-con-inner\">\n\t\t\t\t<div class=\"elementor-element elementor-element-7a32b52e elementor-widget elementor-widget-text-editor\" data-id=\"7a32b52e\" data-element_type=\"widget\" data-e-type=\"widget\" data-settings=\"{&quot;ekit_we_effect_on&quot;:&quot;none&quot;}\" data-widget_type=\"text-editor.default\">\n\t\t\t\t\t\t\t\t\t<p>Il suono magico del Mar Nero Lyra<\/p>\t\t\t\t\t\t\t\t<\/div>\n\t\t\t\t\t<\/div>\n\t\t\t\t<\/div>\n\t\t\t\t\t<\/div>\n\t\t\t\t<\/div>\n\t\t<div class=\"elementor-element elementor-element-3d695430 e-flex e-con-boxed e-con e-parent\" data-id=\"3d695430\" data-element_type=\"container\" data-e-type=\"container\" data-settings=\"{&quot;background_background&quot;:&quot;classic&quot;}\">\n\t\t\t\t\t<div class=\"e-con-inner\">\n\t\t<div class=\"elementor-element elementor-element-24e19607 e-flex e-con-boxed e-con e-child\" data-id=\"24e19607\" data-element_type=\"container\" data-e-type=\"container\" data-settings=\"{&quot;background_background&quot;:&quot;classic&quot;}\">\n\t\t\t\t\t<div class=\"e-con-inner\">\n\t\t\t\t<div class=\"elementor-element elementor-element-3601fdb4 elementor-grid-4 elementor-grid-tablet-3 elementor-grid-mobile-2 elementor-products-grid elementor-wc-products elementor-show-pagination-border-yes elementor-widget elementor-widget-woocommerce-products\" data-id=\"3601fdb4\" data-element_type=\"widget\" data-e-type=\"widget\" data-settings=\"{&quot;ekit_we_effect_on&quot;:&quot;none&quot;}\" data-widget_type=\"woocommerce-products.default\">\n\t\t\t\t<div class=\"elementor-widget-container\">\n\t\t\t\t\t<div class=\"woocommerce columns-4 \"><div class=\"woocommerce-notices-wrapper\"><\/div><p class=\"woocommerce-result-count\" role=\"alert\" aria-relevant=\"all\" >\n\tVisualizzazione del risultato<\/p>\n<form class=\"woocommerce-ordering\" method=\"get\">\n\t\t<select\n\t\tname=\"orderby\"\n\t\tclass=\"orderby\"\n\t\t\t\t\taria-label=\"Ordine negozio\"\n\t\t\t>\n\t\t\t\t\t<option value=\"popularity\" >Popolarit\u00e0<\/option>\n\t\t\t\t\t<option value=\"rating\" >Valutazione media<\/option>\n\t\t\t\t\t<option value=\"date\" >Ordina in base al pi\u00f9 recente<\/option>\n\t\t\t\t\t<option value=\"price\"  selected='selected'>Prezzo: dal pi\u00f9 economico<\/option>\n\t\t\t\t\t<option value=\"price-desc\" >Prezzo: dal pi\u00f9 caro<\/option>\n\t\t\t<\/select>\n\t<input type=\"hidden\" name=\"paged\" value=\"1\" \/>\n\t<\/form>\n<ul class=\"products elementor-grid columns-4\">\n<li class=\"product type-product post-17325 status-publish first instock product_cat-kemence-di-marenero product_cat-strumenti-ad-arco has-post-thumbnail sale shipping-taxable purchasable product-type-simple\">\n\t<a href=\"https:\/\/tapadum.com\/it\/prodotto\/kemence-del-mar-nero-professionale-karadeniz-kemencesi\/\" class=\"woocommerce-LoopProduct-link woocommerce-loop-product__link\">\n\t<span class=\"onsale\">In offerta!<\/span>\n\t<img fetchpriority=\"high\" decoding=\"async\" width=\"300\" height=\"300\" src=\"https:\/\/i0.wp.com\/tapadum.com\/wp-content\/uploads\/2022\/12\/Adsiz-tasarim.jpg?resize=300%2C300&amp;ssl=1\" class=\"attachment-woocommerce_thumbnail size-woocommerce_thumbnail\" alt=\"Lyra Kemence\" srcset=\"https:\/\/i0.wp.com\/tapadum.com\/wp-content\/uploads\/2022\/12\/Adsiz-tasarim.jpg?w=1485&amp;ssl=1 1485w, https:\/\/i0.wp.com\/tapadum.com\/wp-content\/uploads\/2022\/12\/Adsiz-tasarim.jpg?resize=300%2C300&amp;ssl=1 300w, https:\/\/i0.wp.com\/tapadum.com\/wp-content\/uploads\/2022\/12\/Adsiz-tasarim.jpg?resize=1024%2C1024&amp;ssl=1 1024w, https:\/\/i0.wp.com\/tapadum.com\/wp-content\/uploads\/2022\/12\/Adsiz-tasarim.jpg?resize=150%2C150&amp;ssl=1 150w, https:\/\/i0.wp.com\/tapadum.com\/wp-content\/uploads\/2022\/12\/Adsiz-tasarim.jpg?resize=768%2C768&amp;ssl=1 768w, https:\/\/i0.wp.com\/tapadum.com\/wp-content\/uploads\/2022\/12\/Adsiz-tasarim.jpg?resize=600%2C600&amp;ssl=1 600w, https:\/\/i0.wp.com\/tapadum.com\/wp-content\/uploads\/2022\/12\/Adsiz-tasarim.jpg?resize=100%2C100&amp;ssl=1 100w\" sizes=\"(max-width: 300px) 100vw, 300px\" \/><h2 class=\"woocommerce-loop-product__title\">Kemence del Mar Nero Professionale &#8211; Karadeniz Kemencesi<\/h2>\n\t<span class=\"price\"><del aria-hidden=\"true\"><span class=\"woocommerce-Price-amount amount\"><bdi><span class=\"woocommerce-Price-currencySymbol\">&euro;<\/span>490,00<\/bdi><\/span><\/del> <span class=\"screen-reader-text\">Il prezzo originale era: &euro;490,00.<\/span><ins aria-hidden=\"true\"><span class=\"woocommerce-Price-amount amount\"><bdi><span class=\"woocommerce-Price-currencySymbol\">&euro;<\/span>379,00<\/bdi><\/span><\/ins><span class=\"screen-reader-text\">Il prezzo attuale \u00e8: &euro;379,00.<\/span><\/span>\n<\/a><a href=\"\/it\/wp-json\/wp\/v2\/pages\/16312?add-to-cart=17325\" aria-describedby=\"woocommerce_loop_add_to_cart_link_describedby_17325\" data-quantity=\"1\" class=\"button product_type_simple add_to_cart_button ajax_add_to_cart\" data-product_id=\"17325\" data-product_sku=\"Tap190\" aria-label=\"Aggiungi al carrello: &quot;Kemence del Mar Nero Professionale - Karadeniz Kemencesi&quot;\" rel=\"nofollow\" data-success_message=\"&quot;Kemence del Mar Nero Professionale - Karadeniz Kemencesi&quot; \u00e8 stato aggiunto al tuo carrello\" role=\"button\">Aggiungi al carrello<\/a>\t<span id=\"woocommerce_loop_add_to_cart_link_describedby_17325\" class=\"screen-reader-text\">\n\t\t\t<\/span>\n<\/li>\n<\/ul>\n<\/div>\t\t\t\t<\/div>\n\t\t\t\t<\/div>\n\t\t\t\t\t<\/div>\n\t\t\t\t<\/div>\n\t\t\t\t\t<\/div>\n\t\t\t\t<\/div>\n\t\t<div class=\"elementor-element elementor-element-6ef6a9cb e-flex e-con-boxed e-con e-parent\" data-id=\"6ef6a9cb\" data-element_type=\"container\" data-e-type=\"container\" data-settings=\"{&quot;background_background&quot;:&quot;gradient&quot;}\">\n\t\t\t\t\t<div class=\"e-con-inner\">\n\t\t<div class=\"elementor-element elementor-element-6a6931c6 e-flex e-con-boxed e-con e-child\" data-id=\"6a6931c6\" data-element_type=\"container\" data-e-type=\"container\" data-settings=\"{&quot;background_background&quot;:&quot;classic&quot;}\">\n\t\t\t\t\t<div class=\"e-con-inner\">\n\t\t\t\t<div class=\"elementor-element elementor-element-66c67185 elementor-widget elementor-widget-text-editor\" data-id=\"66c67185\" data-element_type=\"widget\" data-e-type=\"widget\" data-settings=\"{&quot;ekit_we_effect_on&quot;:&quot;none&quot;}\" data-widget_type=\"text-editor.default\">\n\t\t\t\t\t\t\t\t\t<p><strong>Kemence del Mar Nero (Karadeniz Kemencesi) \/ Lyra di Pontus<\/strong><\/p><p>La <strong>Kemence del Mar Nero<\/strong>\u2014conosciuta in Turchia come <em>Karadeniz Kemencesi<\/em> e in Grecia come <em>Lyra di Pontus<\/em>\u2014\u00e8 uno strumento musicale tradizionale che racchiude una ricca storia culturale ed emotiva, attraversando secoli di evoluzione e influenze. Questo strumento, simbolo della regione del <strong>Pontus<\/strong> (l&#8217;odierna Turchia nord-orientale e alcune parti della Grecia), \u00e8 conosciuto per il suo suono unico e la sua capacit\u00e0 di evocare le emozioni profonde dei popoli che lo hanno suonato.<\/p><h3>Le origini della Kemence del Mar Nero<\/h3><p>Le origini della <strong>Kemence del Mar Nero<\/strong> sono oggetto di discussione tra storici e musicisti. Si pensa che lo strumento abbia avuto origine tra l&#8217;11\u00b0 e il 12\u00b0 secolo nella regione del Pontus. Alcuni sostengono che la kemence sia stata portata in questa area dai popoli provenienti dall&#8217;Asia Centrale, mentre altri, come lo storico greco Pavlos Hairopoulos, affermano che la kemence fu creata dai Greci del Pontus. Il nome &#8220;kemence&#8221;, che significa &#8220;piccolo con arco&#8221;, compare per la prima volta nel 10\u00b0 secolo, segnando l&#8217;inizio della sua presenza in questa regione. Con il passare dei secoli, la kemence ha subito diverse modifiche stilistiche, ma il suo spirito emotivo \u00e8 rimasto invariato.<\/p><h3>Il suono e la costruzione della Kemence<\/h3><p>Il suono della <strong>Kemence del Mar Nero<\/strong> \u00e8 inconfondibile: tre corde vengono suonate con un arco, creando una melodia che richiama i suoni della natura e della vita quotidiana. La qualit\u00e0 del suono \u00e8 morbida e avvolgente, capace di suscitare nostalgia, gioia o malinconia, a seconda del contesto. La costruzione dello strumento varia a seconda delle tradizioni locali, ma la struttura di base rimane la stessa: una piccola cassa di risonanza in legno, tre corde e un arco. La kemence \u00e8 spesso realizzata in legno pregiato come il noce o il ciliegio, materiali che conferiscono al suono una ricchezza e una profondit\u00e0 particolari.<\/p><h3>La kemence come simbolo culturale<\/h3><p>Nel corso dei secoli, la kemence \u00e8 diventata pi\u00f9 di uno strumento musicale. \u00c8 un simbolo culturale che rappresenta la storia e le tradizioni del popolo del Mar Nero, una regione che ha visto il susseguirsi di varie dominazioni e influenze culturali. La <strong>kemence<\/strong> \u00e8 stata utilizzata per esprimere emozioni profonde, dalle tristezze alle gioie, ed \u00e8 sempre stata un elemento centrale nelle celebrazioni e nei momenti di condivisione comunitaria. Le melodie suonate con la kemence evocano immagini della natura selvaggia e delle tradizioni di vita nei villaggi che punteggiano le coste del Mar Nero.<\/p><h3>La kemence oggi<\/h3><p>Oggi, la <strong>Kemence del Mar Nero<\/strong> continua a essere suonata in tutta la regione del Mar Nero, sia in Turchia che in Grecia, mantenendo viva una tradizione che dura da secoli. La sua presenza nella musica popolare \u00e8 sempre forte, ma lo strumento ha anche trovato spazio nelle orchestre moderne e nelle performance internazionali, dove la sua unicit\u00e0 pu\u00f2 emergere in contesti diversi. La kemence viene anche studiata in scuole di musica e universit\u00e0, e molti musicisti contemporanei continuano a esplorare il suo suono in combinazione con altri strumenti moderni.<\/p><p>In Turchia, la <strong>Karadeniz Kemencesi<\/strong> \u00e8 ancora molto popolare, mentre in Grecia, la <strong>Lyra di Pontus<\/strong> viene spesso utilizzata per eseguire musica tradizionale pontica. Questo strumento, che unisce le tradizioni musicali dei due paesi, rimane un ponte tra le culture, dimostrando che, nonostante le separazioni politiche e culturali, la musica continua a unire le persone.<\/p><h3>Conclusioni<\/h3><p>La <strong>Kemence del Mar Nero<\/strong> non \u00e8 solo uno strumento musicale, ma un testimone vivente della storia, della cultura e dell&#8217;identit\u00e0 del popolo del Mar Nero. Sia che venga chiamata <strong>Karadeniz Kemencesi<\/strong> o <strong><a href=\"https:\/\/en.wikipedia.org\/wiki\/Kemenche\" target=\"_blank\" rel=\"noopener\">Lyra<\/a> di Pontus<\/strong>, questo strumento affonda le radici in una tradizione che ha attraversato le epoche, rimanendo immutata nella sua capacit\u00e0 di evocare emozioni e raccontare storie. Oggi, la kemence continua a essere apprezzata da musicisti e appassionati di tutto il mondo, unendo generazioni di amanti della musica turca e greca in un&#8217;armonia senza tempo.<\/p>\t\t\t\t\t\t\t\t<\/div>\n\t\t\t\t\t<\/div>\n\t\t\t\t<\/div>\n\t\t\t\t\t<\/div>\n\t\t\t\t<\/div>\n\t\t\t\t<section class=\"elementor-section elementor-top-section elementor-element elementor-element-3a512f14 elementor-section-boxed elementor-section-height-default elementor-section-height-default\" data-id=\"3a512f14\" data-element_type=\"section\" data-e-type=\"section\" data-settings=\"{&quot;background_background&quot;:&quot;classic&quot;}\">\n\t\t\t\t\t\t<div class=\"elementor-container elementor-column-gap-default\">\n\t\t\t\t\t<div class=\"elementor-column elementor-col-100 elementor-top-column elementor-element elementor-element-4cba14b1\" data-id=\"4cba14b1\" data-element_type=\"column\" data-e-type=\"column\">\n\t\t\t<div class=\"elementor-widget-wrap elementor-element-populated\">\n\t\t\t\t\t\t<section class=\"elementor-section elementor-inner-section elementor-element elementor-element-5251061f elementor-section-boxed elementor-section-height-default elementor-section-height-default\" data-id=\"5251061f\" data-element_type=\"section\" data-e-type=\"section\">\n\t\t\t\t\t\t<div class=\"elementor-container elementor-column-gap-default\">\n\t\t\t\t\t<div class=\"elementor-column elementor-col-25 elementor-inner-column elementor-element elementor-element-1ffa3cf4 elementor-invisible\" data-id=\"1ffa3cf4\" data-element_type=\"column\" data-e-type=\"column\" data-settings=\"{&quot;animation&quot;:&quot;fadeInLeft&quot;}\">\n\t\t\t<div class=\"elementor-widget-wrap elementor-element-populated\">\n\t\t\t\t\t\t<div class=\"elementor-element elementor-element-4ad37f63 elementor-position-inline-start elementor-view-default elementor-mobile-position-block-start elementor-widget elementor-widget-icon-box\" data-id=\"4ad37f63\" data-element_type=\"widget\" data-e-type=\"widget\" data-settings=\"{&quot;ekit_we_effect_on&quot;:&quot;none&quot;}\" data-widget_type=\"icon-box.default\">\n\t\t\t\t\t\t\t<div class=\"elementor-icon-box-wrapper\">\n\n\t\t\t\t\t\t<div class=\"elementor-icon-box-icon\">\n\t\t\t\t<span  class=\"elementor-icon\">\n\t\t\t\t<svg aria-hidden=\"true\" class=\"e-font-icon-svg e-fas-shipping-fast\" viewBox=\"0 0 640 512\" xmlns=\"http:\/\/www.w3.org\/2000\/svg\"><path d=\"M624 352h-16V243.9c0-12.7-5.1-24.9-14.1-33.9L494 110.1c-9-9-21.2-14.1-33.9-14.1H416V48c0-26.5-21.5-48-48-48H112C85.5 0 64 21.5 64 48v48H8c-4.4 0-8 3.6-8 8v16c0 4.4 3.6 8 8 8h272c4.4 0 8 3.6 8 8v16c0 4.4-3.6 8-8 8H40c-4.4 0-8 3.6-8 8v16c0 4.4 3.6 8 8 8h208c4.4 0 8 3.6 8 8v16c0 4.4-3.6 8-8 8H8c-4.4 0-8 3.6-8 8v16c0 4.4 3.6 8 8 8h208c4.4 0 8 3.6 8 8v16c0 4.4-3.6 8-8 8H64v128c0 53 43 96 96 96s96-43 96-96h128c0 53 43 96 96 96s96-43 96-96h48c8.8 0 16-7.2 16-16v-32c0-8.8-7.2-16-16-16zM160 464c-26.5 0-48-21.5-48-48s21.5-48 48-48 48 21.5 48 48-21.5 48-48 48zm320 0c-26.5 0-48-21.5-48-48s21.5-48 48-48 48 21.5 48 48-21.5 48-48 48zm80-208H416V144h44.1l99.9 99.9V256z\"><\/path><\/svg>\t\t\t\t<\/span>\n\t\t\t<\/div>\n\t\t\t\n\t\t\t\t\t\t<div class=\"elementor-icon-box-content\">\n\n\t\t\t\t\t\t\t\t\t<h4 class=\"elementor-icon-box-title\">\n\t\t\t\t\t\t<span  >\n\t\t\t\t\t\t\tFree Shipping\t\t\t\t\t\t<\/span>\n\t\t\t\t\t<\/h4>\n\t\t\t\t\n\t\t\t\t\t\t\t\t\t<p class=\"elementor-icon-box-description\">\n\t\t\t\t\t\tTo Europe &amp; %0 Custom Tax\n\t\t\t\t\t<\/p>\n\t\t\t\t\n\t\t\t<\/div>\n\t\t\t\n\t\t<\/div>\n\t\t\t\t\t\t<\/div>\n\t\t\t\t\t<\/div>\n\t\t<\/div>\n\t\t\t\t<div class=\"elementor-column elementor-col-25 elementor-inner-column elementor-element elementor-element-63476311 elementor-invisible\" data-id=\"63476311\" data-element_type=\"column\" data-e-type=\"column\" data-settings=\"{&quot;animation&quot;:&quot;fadeInLeft&quot;,&quot;animation_delay&quot;:240}\">\n\t\t\t<div class=\"elementor-widget-wrap elementor-element-populated\">\n\t\t\t\t\t\t<div class=\"elementor-element elementor-element-6c3c1152 elementor-position-inline-start elementor-view-default elementor-mobile-position-block-start elementor-widget elementor-widget-icon-box\" data-id=\"6c3c1152\" data-element_type=\"widget\" data-e-type=\"widget\" data-settings=\"{&quot;ekit_we_effect_on&quot;:&quot;none&quot;}\" data-widget_type=\"icon-box.default\">\n\t\t\t\t\t\t\t<div class=\"elementor-icon-box-wrapper\">\n\n\t\t\t\t\t\t<div class=\"elementor-icon-box-icon\">\n\t\t\t\t<span  class=\"elementor-icon\">\n\t\t\t\t<i aria-hidden=\"true\" class=\"icon icon-shield\"><\/i>\t\t\t\t<\/span>\n\t\t\t<\/div>\n\t\t\t\n\t\t\t\t\t\t<div class=\"elementor-icon-box-content\">\n\n\t\t\t\t\t\t\t\t\t<h4 class=\"elementor-icon-box-title\">\n\t\t\t\t\t\t<span  >\n\t\t\t\t\t\t\t15 Days Warranty\t\t\t\t\t\t<\/span>\n\t\t\t\t\t<\/h4>\n\t\t\t\t\n\t\t\t\t\t\t\t\t\t<p class=\"elementor-icon-box-description\">\n\t\t\t\t\t\t15 days money back\n\n\n\t\t\t\t\t<\/p>\n\t\t\t\t\n\t\t\t<\/div>\n\t\t\t\n\t\t<\/div>\n\t\t\t\t\t\t<\/div>\n\t\t\t\t\t<\/div>\n\t\t<\/div>\n\t\t\t\t<div class=\"elementor-column elementor-col-25 elementor-inner-column elementor-element elementor-element-3de86a2a elementor-invisible\" data-id=\"3de86a2a\" data-element_type=\"column\" data-e-type=\"column\" data-settings=\"{&quot;animation&quot;:&quot;fadeInLeft&quot;,&quot;animation_delay&quot;:480}\">\n\t\t\t<div class=\"elementor-widget-wrap elementor-element-populated\">\n\t\t\t\t\t\t<div class=\"elementor-element elementor-element-1783b244 elementor-position-inline-start elementor-view-default elementor-mobile-position-block-start elementor-widget elementor-widget-icon-box\" data-id=\"1783b244\" data-element_type=\"widget\" data-e-type=\"widget\" data-settings=\"{&quot;ekit_we_effect_on&quot;:&quot;none&quot;}\" data-widget_type=\"icon-box.default\">\n\t\t\t\t\t\t\t<div class=\"elementor-icon-box-wrapper\">\n\n\t\t\t\t\t\t<div class=\"elementor-icon-box-icon\">\n\t\t\t\t<span  class=\"elementor-icon\">\n\t\t\t\t<i aria-hidden=\"true\" class=\"icon icon-planet-earth\"><\/i>\t\t\t\t<\/span>\n\t\t\t<\/div>\n\t\t\t\n\t\t\t\t\t\t<div class=\"elementor-icon-box-content\">\n\n\t\t\t\t\t\t\t\t\t<h4 class=\"elementor-icon-box-title\">\n\t\t\t\t\t\t<span  >\n\t\t\t\t\t\t\tGlobal Shipping\t\t\t\t\t\t<\/span>\n\t\t\t\t\t<\/h4>\n\t\t\t\t\n\t\t\t\t\t\t\t\t\t<p class=\"elementor-icon-box-description\">\n\t\t\t\t\t\tWorldwide Shipping\t\t\t\t\t<\/p>\n\t\t\t\t\n\t\t\t<\/div>\n\t\t\t\n\t\t<\/div>\n\t\t\t\t\t\t<\/div>\n\t\t\t\t\t<\/div>\n\t\t<\/div>\n\t\t\t\t<div class=\"elementor-column elementor-col-25 elementor-inner-column elementor-element elementor-element-6d2717d5 elementor-invisible\" data-id=\"6d2717d5\" data-element_type=\"column\" data-e-type=\"column\" data-settings=\"{&quot;animation&quot;:&quot;fadeInLeft&quot;,&quot;animation_delay&quot;:600}\">\n\t\t\t<div class=\"elementor-widget-wrap elementor-element-populated\">\n\t\t\t\t\t\t<div class=\"elementor-element elementor-element-7a3bf503 elementor-position-inline-start elementor-view-default elementor-mobile-position-block-start elementor-widget elementor-widget-icon-box\" data-id=\"7a3bf503\" data-element_type=\"widget\" data-e-type=\"widget\" data-settings=\"{&quot;ekit_we_effect_on&quot;:&quot;none&quot;}\" data-widget_type=\"icon-box.default\">\n\t\t\t\t\t\t\t<div class=\"elementor-icon-box-wrapper\">\n\n\t\t\t\t\t\t<div class=\"elementor-icon-box-icon\">\n\t\t\t\t<span  class=\"elementor-icon\">\n\t\t\t\t<i aria-hidden=\"true\" class=\"icon icon-safebox\"><\/i>\t\t\t\t<\/span>\n\t\t\t<\/div>\n\t\t\t\n\t\t\t\t\t\t<div class=\"elementor-icon-box-content\">\n\n\t\t\t\t\t\t\t\t\t<h4 class=\"elementor-icon-box-title\">\n\t\t\t\t\t\t<span  >\n\t\t\t\t\t\t\t100% Secure\t\t\t\t\t\t<\/span>\n\t\t\t\t\t<\/h4>\n\t\t\t\t\n\t\t\t\t\t\t\t\t\t<p class=\"elementor-icon-box-description\">\n\t\t\t\t\t\t100% Secure Checkout\n\n\n\t\t\t\t\t<\/p>\n\t\t\t\t\n\t\t\t<\/div>\n\t\t\t\n\t\t<\/div>\n\t\t\t\t\t\t<\/div>\n\t\t\t\t\t<\/div>\n\t\t<\/div>\n\t\t\t\t\t<\/div>\n\t\t<\/section>\n\t\t\t\t\t<\/div>\n\t\t<\/div>\n\t\t\t\t\t<\/div>\n\t\t<\/section>\n\t\t\t\t<\/div>\n\t\t","protected":false},"excerpt":{"rendered":"<p>Karadeniz Kemencesi Il suono magico del Mar Nero Lyra Kemence del Mar Nero (Karadeniz Kemencesi) \/ Lyra di Pontus La Kemence del Mar Nero\u2014conosciuta in Turchia come Karadeniz Kemencesi e in Grecia come Lyra di Pontus\u2014\u00e8 uno strumento musicale tradizionale che racchiude una ricca storia culturale ed emotiva, attraversando secoli di evoluzione e influenze. Questo [&hellip;]<\/p>\n","protected":false},"author":1,"featured_media":0,"parent":0,"menu_order":0,"comment_status":"closed","ping_status":"closed","template":"","meta":{"_eb_attr":"","footnotes":""},"class_list":["post-16312","page","type-page","status-publish","hentry"],"jetpack_sharing_enabled":true,"_links":{"self":[{"href":"https:\/\/tapadum.com\/it\/wp-json\/wp\/v2\/pages\/16312","targetHints":{"allow":["GET"]}}],"collection":[{"href":"https:\/\/tapadum.com\/it\/wp-json\/wp\/v2\/pages"}],"about":[{"href":"https:\/\/tapadum.com\/it\/wp-json\/wp\/v2\/types\/page"}],"author":[{"embeddable":true,"href":"https:\/\/tapadum.com\/it\/wp-json\/wp\/v2\/users\/1"}],"replies":[{"embeddable":true,"href":"https:\/\/tapadum.com\/it\/wp-json\/wp\/v2\/comments?post=16312"}],"version-history":[{"count":25,"href":"https:\/\/tapadum.com\/it\/wp-json\/wp\/v2\/pages\/16312\/revisions"}],"predecessor-version":[{"id":20963,"href":"https:\/\/tapadum.com\/it\/wp-json\/wp\/v2\/pages\/16312\/revisions\/20963"}],"wp:attachment":[{"href":"https:\/\/tapadum.com\/it\/wp-json\/wp\/v2\/media?parent=16312"}],"curies":[{"name":"wp","href":"https:\/\/api.w.org\/{rel}","templated":true}]}}