{"id":16355,"date":"2023-07-09T21:12:02","date_gmt":"2023-07-09T19:12:02","guid":{"rendered":"https:\/\/tapadum.com\/?page_id=16355"},"modified":"2026-05-04T15:17:42","modified_gmt":"2026-05-04T13:17:42","slug":"duduk-armeno","status":"publish","type":"page","link":"https:\/\/tapadum.com\/it\/duduk-armeno\/","title":{"rendered":"Armenian Duduk"},"content":{"rendered":"\t\t<div data-elementor-type=\"wp-page\" data-elementor-id=\"16355\" class=\"elementor elementor-16355 elementor-9166\" data-elementor-post-type=\"page\">\n\t\t\t\t\t\t<section class=\"elementor-section elementor-top-section elementor-element elementor-element-6468977d elementor-section-boxed elementor-section-height-default elementor-section-height-default\" data-id=\"6468977d\" data-element_type=\"section\" data-e-type=\"section\">\n\t\t\t\t\t\t<div class=\"elementor-container elementor-column-gap-default\">\n\t\t\t\t\t<div class=\"elementor-column elementor-col-100 elementor-top-column elementor-element elementor-element-612ca836\" data-id=\"612ca836\" data-element_type=\"column\" data-e-type=\"column\" data-settings=\"{&quot;background_background&quot;:&quot;classic&quot;}\">\n\t\t\t<div class=\"elementor-widget-wrap elementor-element-populated\">\n\t\t\t\t\t\t<section class=\"elementor-section elementor-inner-section elementor-element elementor-element-508d961d elementor-section-boxed elementor-section-height-default elementor-section-height-default\" data-id=\"508d961d\" data-element_type=\"section\" data-e-type=\"section\">\n\t\t\t\t\t\t<div class=\"elementor-container elementor-column-gap-default\">\n\t\t\t\t\t<div class=\"elementor-column elementor-col-100 elementor-inner-column elementor-element elementor-element-5ebf0a7e elementor-invisible\" data-id=\"5ebf0a7e\" data-element_type=\"column\" data-e-type=\"column\" data-settings=\"{&quot;animation&quot;:&quot;fadeIn&quot;,&quot;animation_delay&quot;:360}\">\n\t\t\t<div class=\"elementor-widget-wrap elementor-element-populated\">\n\t\t\t\t\t\t<div class=\"elementor-element elementor-element-6ddea254 elementor-widget elementor-widget-heading\" data-id=\"6ddea254\" data-element_type=\"widget\" data-e-type=\"widget\" data-settings=\"{&quot;ekit_we_effect_on&quot;:&quot;none&quot;}\" data-widget_type=\"heading.default\">\n\t\t\t\t\t<h2 class=\"elementor-heading-title elementor-size-default\">Duduk<\/h2>\t\t\t\t<\/div>\n\t\t\t\t\t<\/div>\n\t\t<\/div>\n\t\t\t\t\t<\/div>\n\t\t<\/section>\n\t\t\t\t\t<\/div>\n\t\t<\/div>\n\t\t\t\t\t<\/div>\n\t\t<\/section>\n\t\t<div class=\"elementor-element elementor-element-76588e67 e-flex e-con-boxed e-con e-parent\" data-id=\"76588e67\" data-element_type=\"container\" data-e-type=\"container\" data-settings=\"{&quot;background_background&quot;:&quot;classic&quot;}\">\n\t\t\t\t\t<div class=\"e-con-inner\">\n\t\t<div class=\"elementor-element elementor-element-4f487901 e-flex e-con-boxed e-con e-child\" data-id=\"4f487901\" data-element_type=\"container\" data-e-type=\"container\" data-settings=\"{&quot;background_background&quot;:&quot;classic&quot;}\">\n\t\t\t\t\t<div class=\"e-con-inner\">\n\t\t\t\t<div class=\"elementor-element elementor-element-d0e6220 elementor-widget elementor-widget-text-editor\" data-id=\"d0e6220\" data-element_type=\"widget\" data-e-type=\"widget\" data-settings=\"{&quot;ekit_we_effect_on&quot;:&quot;none&quot;}\" data-widget_type=\"text-editor.default\">\n\t\t\t\t\t\t\t\t\t<p>Abbraccia le melodie piene di sentimento<\/p>\t\t\t\t\t\t\t\t<\/div>\n\t\t\t\t\t<\/div>\n\t\t\t\t<\/div>\n\t\t\t\t\t<\/div>\n\t\t\t\t<\/div>\n\t\t<div class=\"elementor-element elementor-element-6a7a1c93 e-flex e-con-boxed e-con e-parent\" data-id=\"6a7a1c93\" data-element_type=\"container\" data-e-type=\"container\" data-settings=\"{&quot;background_background&quot;:&quot;classic&quot;}\">\n\t\t\t\t\t<div class=\"e-con-inner\">\n\t\t<div class=\"elementor-element elementor-element-7613bc39 e-flex e-con-boxed e-con e-child\" data-id=\"7613bc39\" data-element_type=\"container\" data-e-type=\"container\" data-settings=\"{&quot;background_background&quot;:&quot;classic&quot;}\">\n\t\t\t\t\t<div class=\"e-con-inner\">\n\t\t\t\t\t<\/div>\n\t\t\t\t<\/div>\n\t\t\t\t\t<\/div>\n\t\t\t\t<\/div>\n\t\t<div class=\"elementor-element elementor-element-706c244b e-flex e-con-boxed e-con e-parent\" data-id=\"706c244b\" data-element_type=\"container\" data-e-type=\"container\" data-settings=\"{&quot;background_background&quot;:&quot;gradient&quot;}\">\n\t\t\t\t\t<div class=\"e-con-inner\">\n\t\t<div class=\"elementor-element elementor-element-638add46 e-flex e-con-boxed e-con e-child\" data-id=\"638add46\" data-element_type=\"container\" data-e-type=\"container\" data-settings=\"{&quot;background_background&quot;:&quot;classic&quot;}\">\n\t\t\t\t\t<div class=\"e-con-inner\">\n\t\t\t\t<div class=\"elementor-element elementor-element-3c5b6486 elementor-widget elementor-widget-text-editor\" data-id=\"3c5b6486\" data-element_type=\"widget\" data-e-type=\"widget\" data-settings=\"{&quot;ekit_we_effect_on&quot;:&quot;none&quot;}\" data-widget_type=\"text-editor.default\">\n\t\t\t\t\t\t\t\t\t<p class=\"p1\"><b>Collezione di Duduk Armeno al Tapadum Music Store<\/b><\/p><p class=\"p1\">Benvenuti nella categoria <b>Duduk Armeno<\/b> del Tapadum Music Store, dove troverete una selezione curata di questi strumenti a fiato unici, rinomati per il loro suono profondo e suggestivo. Questo fiato, realizzato in legno di albicocco, \u00e8 celebre in tutto il mondo per i suoi toni caldi e risonanti, che collegano musicisti e ascoltatori al patrimonio musicale armeno. Qui offriamo una gamma di Duduk che incarnano l\u2019autentico artigianato, permettendo ai musicisti di tutti i livelli di sperimentare questo iconico strumento.<\/p><p class=\"p1\"><b>Scoprite l&#8217;Anima<\/b><\/p><p class=\"p1\">Questo strumento a fiato occupa un posto speciale nella musica armena, con origini che risalgono a oltre mille anni fa. Capace di produrre toni profondamente espressivi, il Duduk \u00e8 un elemento essenziale della musica popolare armena. Il suo timbro unico, creato dal design a doppia ancia e dal legno di albicocco, lo rende particolarmente adatto a trasmettere emozioni intense, spesso toccando il pubblico a un livello profondamente personale.<\/p><p class=\"p1\"><b>Alta Qualit\u00e0 per Musicisti di Ogni Livello<\/b><\/p><p class=\"p1\">Al <b>Tapadum Music Store<\/b>, siamo orgogliosi di offrire una collezione selezionata di Duduk autentici realizzati da maestri artigiani. Ogni strumento nel nostro negozio \u00e8 creato con grande attenzione ai dettagli, garantendo un&#8217;esperienza di suono senza pari. Che siate principianti alla scoperta della musica armena per la prima volta o musicisti esperti alla ricerca di uno strumento professionale, abbiamo opzioni adatte a ogni livello.<\/p><p class=\"p1\">I nostri strumenti sono disponibili in diverse accordature, consentendovi di trovare la gamma tonale perfetta per il vostro stile e le vostre preferenze. Dai modelli per principianti progettati per una facile esecuzione agli strumenti di livello professionale che offrono profondit\u00e0 e risonanza senza pari, la nostra collezione ha qualcosa per tutti. Ogni strumento \u00e8 dotato di un\u2019ancia su misura, che contribuisce a dare vita al caratteristico suono amato del Duduk.<\/p><p class=\"p1\"><b>Perch\u00e9 Scegliere :<\/b><\/p><p class=\"p1\">L&#8217;abilit\u00e0 unica del Duduk di trasmettere emozioni attraverso il suo tono caldo e malinconico lo ha reso popolare sia nella musica tradizionale che moderna. Il suo suono ricco aggiunge una qualit\u00e0 distintiva a una vasta gamma di generi, dalla musica popolare armena alle colonne sonore dei film e alla musica del mondo. Musicisti e compositori di tutto il globo utilizzano questo strumento per creare musiche introspettive, soul e di rara bellezza. \u00c8 anche uno strumento prediletto nella musica meditativa grazie ai suoi toni riflessivi e calmanti.<\/p><p class=\"p1\">La versatilit\u00e0 del Duduk lo rende ideale per performance solistiche, ensemble e generi di fusione, aggiungendo profondit\u00e0 e carattere a qualsiasi composizione musicale.<\/p><p class=\"p1\">Scegliere un Duduk adatto al proprio livello di abilit\u00e0 e obiettivi musicali \u00e8 essenziale. Al <b>Tapadum Music Store<\/b>, selezioniamo con cura ogni strumento della nostra collezione, assicurandoci che soddisfi i pi\u00f9 alti standard di qualit\u00e0 e autenticit\u00e0. Collaboriamo con artigiani che rispettano i metodi di costruzione tradizionali, utilizzando legno di albicocco di qualit\u00e0 e un\u2019artigianalit\u00e0 esperta per produrre strumenti dai toni caldi e risonanti tipici del Duduk.<\/p><p class=\"p1\"><b>Intraprendete un Viaggio con i Venti Armeni<\/b><\/p><p class=\"p1\">Imparare a suonare il <a href=\"https:\/\/tr.wikipedia.org\/wiki\/Duduk\" target=\"_blank\" rel=\"noopener\">Duduk<\/a> \u00e8 pi\u00f9 di un semplice apprendimento musicale: \u00e8 un&#8217;opportunit\u00e0 per connettersi con la cultura e la musica armena a un livello pi\u00f9 profondo. Il suono caldo e riflessivo di questo strumento offre ai musicisti un mezzo potente per esprimere emozioni, sia nel contesto della musica popolare tradizionale che in composizioni moderne.<\/p><p class=\"p1\">Al <b>Tapadum Music Store<\/b>, siamo appassionati nell\u2019aiutare i musicisti a trovare strumenti che risuonino con la loro visione artistica. Esplorate oggi la nostra collezione di <b>Venti Armeni<\/b> e trovate lo strumento che meglio si adatta al vostro percorso musicale. Lasciate che i suoi toni profondi e senza tempo siano la colonna sonora di una musica che parla al cuore e crea ricordi indelebili.<\/p>\t\t\t\t\t\t\t\t<\/div>\n\t\t\t\t\t<\/div>\n\t\t\t\t<\/div>\n\t\t\t\t\t<\/div>\n\t\t\t\t<\/div>\n\t\t\t\t<section class=\"elementor-section elementor-top-section elementor-element elementor-element-50ca329f elementor-section-boxed elementor-section-height-default elementor-section-height-default\" data-id=\"50ca329f\" data-element_type=\"section\" data-e-type=\"section\" data-settings=\"{&quot;background_background&quot;:&quot;classic&quot;}\">\n\t\t\t\t\t\t<div class=\"elementor-container elementor-column-gap-default\">\n\t\t\t\t\t<div class=\"elementor-column elementor-col-100 elementor-top-column elementor-element elementor-element-7b05880e\" data-id=\"7b05880e\" data-element_type=\"column\" data-e-type=\"column\">\n\t\t\t<div class=\"elementor-widget-wrap elementor-element-populated\">\n\t\t\t\t\t\t<section class=\"elementor-section elementor-inner-section elementor-element elementor-element-7fdf03a5 elementor-section-boxed elementor-section-height-default elementor-section-height-default\" data-id=\"7fdf03a5\" data-element_type=\"section\" data-e-type=\"section\">\n\t\t\t\t\t\t<div class=\"elementor-container elementor-column-gap-default\">\n\t\t\t\t\t<div class=\"elementor-column elementor-col-25 elementor-inner-column elementor-element elementor-element-38d43b09 elementor-invisible\" data-id=\"38d43b09\" data-element_type=\"column\" data-e-type=\"column\" data-settings=\"{&quot;animation&quot;:&quot;fadeInLeft&quot;}\">\n\t\t\t<div class=\"elementor-widget-wrap elementor-element-populated\">\n\t\t\t\t\t\t<div class=\"elementor-element elementor-element-35b8af4b elementor-position-inline-start elementor-view-default elementor-mobile-position-block-start elementor-widget elementor-widget-icon-box\" data-id=\"35b8af4b\" data-element_type=\"widget\" data-e-type=\"widget\" data-settings=\"{&quot;ekit_we_effect_on&quot;:&quot;none&quot;}\" data-widget_type=\"icon-box.default\">\n\t\t\t\t\t\t\t<div class=\"elementor-icon-box-wrapper\">\n\n\t\t\t\t\t\t<div class=\"elementor-icon-box-icon\">\n\t\t\t\t<span  class=\"elementor-icon\">\n\t\t\t\t<svg aria-hidden=\"true\" class=\"e-font-icon-svg e-fas-shipping-fast\" viewBox=\"0 0 640 512\" xmlns=\"http:\/\/www.w3.org\/2000\/svg\"><path d=\"M624 352h-16V243.9c0-12.7-5.1-24.9-14.1-33.9L494 110.1c-9-9-21.2-14.1-33.9-14.1H416V48c0-26.5-21.5-48-48-48H112C85.5 0 64 21.5 64 48v48H8c-4.4 0-8 3.6-8 8v16c0 4.4 3.6 8 8 8h272c4.4 0 8 3.6 8 8v16c0 4.4-3.6 8-8 8H40c-4.4 0-8 3.6-8 8v16c0 4.4 3.6 8 8 8h208c4.4 0 8 3.6 8 8v16c0 4.4-3.6 8-8 8H8c-4.4 0-8 3.6-8 8v16c0 4.4 3.6 8 8 8h208c4.4 0 8 3.6 8 8v16c0 4.4-3.6 8-8 8H64v128c0 53 43 96 96 96s96-43 96-96h128c0 53 43 96 96 96s96-43 96-96h48c8.8 0 16-7.2 16-16v-32c0-8.8-7.2-16-16-16zM160 464c-26.5 0-48-21.5-48-48s21.5-48 48-48 48 21.5 48 48-21.5 48-48 48zm320 0c-26.5 0-48-21.5-48-48s21.5-48 48-48 48 21.5 48 48-21.5 48-48 48zm80-208H416V144h44.1l99.9 99.9V256z\"><\/path><\/svg>\t\t\t\t<\/span>\n\t\t\t<\/div>\n\t\t\t\n\t\t\t\t\t\t<div class=\"elementor-icon-box-content\">\n\n\t\t\t\t\t\t\t\t\t<h4 class=\"elementor-icon-box-title\">\n\t\t\t\t\t\t<span  >\n\t\t\t\t\t\t\tFree Shipping\t\t\t\t\t\t<\/span>\n\t\t\t\t\t<\/h4>\n\t\t\t\t\n\t\t\t\t\t\t\t\t\t<p class=\"elementor-icon-box-description\">\n\t\t\t\t\t\tTo Europe &amp; %0 Custom Tax\n\t\t\t\t\t<\/p>\n\t\t\t\t\n\t\t\t<\/div>\n\t\t\t\n\t\t<\/div>\n\t\t\t\t\t\t<\/div>\n\t\t\t\t\t<\/div>\n\t\t<\/div>\n\t\t\t\t<div class=\"elementor-column elementor-col-25 elementor-inner-column elementor-element elementor-element-5bf90483 elementor-invisible\" data-id=\"5bf90483\" data-element_type=\"column\" data-e-type=\"column\" data-settings=\"{&quot;animation&quot;:&quot;fadeInLeft&quot;,&quot;animation_delay&quot;:240}\">\n\t\t\t<div class=\"elementor-widget-wrap elementor-element-populated\">\n\t\t\t\t\t\t<div class=\"elementor-element elementor-element-1f0cb2a7 elementor-position-inline-start elementor-view-default elementor-mobile-position-block-start elementor-widget elementor-widget-icon-box\" data-id=\"1f0cb2a7\" data-element_type=\"widget\" data-e-type=\"widget\" data-settings=\"{&quot;ekit_we_effect_on&quot;:&quot;none&quot;}\" data-widget_type=\"icon-box.default\">\n\t\t\t\t\t\t\t<div class=\"elementor-icon-box-wrapper\">\n\n\t\t\t\t\t\t<div class=\"elementor-icon-box-icon\">\n\t\t\t\t<span  class=\"elementor-icon\">\n\t\t\t\t<i aria-hidden=\"true\" class=\"icon icon-shield\"><\/i>\t\t\t\t<\/span>\n\t\t\t<\/div>\n\t\t\t\n\t\t\t\t\t\t<div class=\"elementor-icon-box-content\">\n\n\t\t\t\t\t\t\t\t\t<h4 class=\"elementor-icon-box-title\">\n\t\t\t\t\t\t<span  >\n\t\t\t\t\t\t\t15 Days Warranty\t\t\t\t\t\t<\/span>\n\t\t\t\t\t<\/h4>\n\t\t\t\t\n\t\t\t\t\t\t\t\t\t<p class=\"elementor-icon-box-description\">\n\t\t\t\t\t\t15 days money back\n\n\n\t\t\t\t\t<\/p>\n\t\t\t\t\n\t\t\t<\/div>\n\t\t\t\n\t\t<\/div>\n\t\t\t\t\t\t<\/div>\n\t\t\t\t\t<\/div>\n\t\t<\/div>\n\t\t\t\t<div class=\"elementor-column elementor-col-25 elementor-inner-column elementor-element elementor-element-4dee76fe elementor-invisible\" data-id=\"4dee76fe\" data-element_type=\"column\" data-e-type=\"column\" data-settings=\"{&quot;animation&quot;:&quot;fadeInLeft&quot;,&quot;animation_delay&quot;:480}\">\n\t\t\t<div class=\"elementor-widget-wrap elementor-element-populated\">\n\t\t\t\t\t\t<div class=\"elementor-element elementor-element-b7244fc elementor-position-inline-start elementor-view-default elementor-mobile-position-block-start elementor-widget elementor-widget-icon-box\" data-id=\"b7244fc\" data-element_type=\"widget\" data-e-type=\"widget\" data-settings=\"{&quot;ekit_we_effect_on&quot;:&quot;none&quot;}\" data-widget_type=\"icon-box.default\">\n\t\t\t\t\t\t\t<div class=\"elementor-icon-box-wrapper\">\n\n\t\t\t\t\t\t<div class=\"elementor-icon-box-icon\">\n\t\t\t\t<span  class=\"elementor-icon\">\n\t\t\t\t<i aria-hidden=\"true\" class=\"icon icon-planet-earth\"><\/i>\t\t\t\t<\/span>\n\t\t\t<\/div>\n\t\t\t\n\t\t\t\t\t\t<div class=\"elementor-icon-box-content\">\n\n\t\t\t\t\t\t\t\t\t<h4 class=\"elementor-icon-box-title\">\n\t\t\t\t\t\t<span  >\n\t\t\t\t\t\t\tGlobal Shipping\t\t\t\t\t\t<\/span>\n\t\t\t\t\t<\/h4>\n\t\t\t\t\n\t\t\t\t\t\t\t\t\t<p class=\"elementor-icon-box-description\">\n\t\t\t\t\t\tWorldwide Shipping\t\t\t\t\t<\/p>\n\t\t\t\t\n\t\t\t<\/div>\n\t\t\t\n\t\t<\/div>\n\t\t\t\t\t\t<\/div>\n\t\t\t\t\t<\/div>\n\t\t<\/div>\n\t\t\t\t<div class=\"elementor-column elementor-col-25 elementor-inner-column elementor-element elementor-element-5e6f0a19 elementor-invisible\" data-id=\"5e6f0a19\" data-element_type=\"column\" data-e-type=\"column\" data-settings=\"{&quot;animation&quot;:&quot;fadeInLeft&quot;,&quot;animation_delay&quot;:600}\">\n\t\t\t<div class=\"elementor-widget-wrap elementor-element-populated\">\n\t\t\t\t\t\t<div class=\"elementor-element elementor-element-2f512176 elementor-position-inline-start elementor-view-default elementor-mobile-position-block-start elementor-widget elementor-widget-icon-box\" data-id=\"2f512176\" data-element_type=\"widget\" data-e-type=\"widget\" data-settings=\"{&quot;ekit_we_effect_on&quot;:&quot;none&quot;}\" data-widget_type=\"icon-box.default\">\n\t\t\t\t\t\t\t<div class=\"elementor-icon-box-wrapper\">\n\n\t\t\t\t\t\t<div class=\"elementor-icon-box-icon\">\n\t\t\t\t<span  class=\"elementor-icon\">\n\t\t\t\t<i aria-hidden=\"true\" class=\"icon icon-safebox\"><\/i>\t\t\t\t<\/span>\n\t\t\t<\/div>\n\t\t\t\n\t\t\t\t\t\t<div class=\"elementor-icon-box-content\">\n\n\t\t\t\t\t\t\t\t\t<h4 class=\"elementor-icon-box-title\">\n\t\t\t\t\t\t<span  >\n\t\t\t\t\t\t\t100% Secure\t\t\t\t\t\t<\/span>\n\t\t\t\t\t<\/h4>\n\t\t\t\t\n\t\t\t\t\t\t\t\t\t<p class=\"elementor-icon-box-description\">\n\t\t\t\t\t\t100% Secure Checkout\n\n\n\t\t\t\t\t<\/p>\n\t\t\t\t\n\t\t\t<\/div>\n\t\t\t\n\t\t<\/div>\n\t\t\t\t\t\t<\/div>\n\t\t\t\t\t<\/div>\n\t\t<\/div>\n\t\t\t\t\t<\/div>\n\t\t<\/section>\n\t\t\t\t\t<\/div>\n\t\t<\/div>\n\t\t\t\t\t<\/div>\n\t\t<\/section>\n\t\t\t\t<\/div>\n\t\t","protected":false},"excerpt":{"rendered":"<p>Collezione di Duduk Armeno al Tapadum Music StoreBenvenuti nella categoria Duduk Armeno del Tapadum Music Store, dove troverete una selezione curata di questi strumenti a fiato unici, rinomati per il&#8230;<\/p>\n","protected":false},"author":1,"featured_media":0,"parent":0,"menu_order":0,"comment_status":"closed","ping_status":"closed","template":"","meta":{"googlesitekit_rrm_CAow0IDLDA:productID":"","_eb_attr":"","footnotes":""},"class_list":["post-16355","page","type-page","status-publish","hentry"],"jetpack_sharing_enabled":true,"_links":{"self":[{"href":"https:\/\/tapadum.com\/it\/wp-json\/wp\/v2\/pages\/16355","targetHints":{"allow":["GET"]}}],"collection":[{"href":"https:\/\/tapadum.com\/it\/wp-json\/wp\/v2\/pages"}],"about":[{"href":"https:\/\/tapadum.com\/it\/wp-json\/wp\/v2\/types\/page"}],"author":[{"embeddable":true,"href":"https:\/\/tapadum.com\/it\/wp-json\/wp\/v2\/users\/1"}],"replies":[{"embeddable":true,"href":"https:\/\/tapadum.com\/it\/wp-json\/wp\/v2\/comments?post=16355"}],"version-history":[{"count":10,"href":"https:\/\/tapadum.com\/it\/wp-json\/wp\/v2\/pages\/16355\/revisions"}],"predecessor-version":[{"id":35716,"href":"https:\/\/tapadum.com\/it\/wp-json\/wp\/v2\/pages\/16355\/revisions\/35716"}],"wp:attachment":[{"href":"https:\/\/tapadum.com\/it\/wp-json\/wp\/v2\/media?parent=16355"}],"curies":[{"name":"wp","href":"https:\/\/api.w.org\/{rel}","templated":true}]}}