{"id":16361,"date":"2023-07-09T17:04:15","date_gmt":"2023-07-09T17:04:15","guid":{"rendered":"https:\/\/tapadum.com\/?page_id=16361"},"modified":"2024-12-06T08:55:02","modified_gmt":"2024-12-06T08:55:02","slug":"yayli-tanbur-tanbur-ad-arco","status":"publish","type":"page","link":"https:\/\/tapadum.com\/it\/yayli-tanbur-tanbur-ad-arco\/","title":{"rendered":"Yayli Tanbur | Tanbur ad Arco | Tapadum In Italia dal 2019"},"content":{"rendered":"\t\t<div data-elementor-type=\"wp-page\" data-elementor-id=\"16361\" class=\"elementor elementor-16361 elementor-9123\" data-elementor-post-type=\"page\">\n\t\t\t\t\t\t<section class=\"elementor-section elementor-top-section elementor-element elementor-element-4adcf4d9 elementor-section-boxed elementor-section-height-default elementor-section-height-default\" data-id=\"4adcf4d9\" data-element_type=\"section\" data-e-type=\"section\">\n\t\t\t\t\t\t<div class=\"elementor-container elementor-column-gap-default\">\n\t\t\t\t\t<div class=\"elementor-column elementor-col-100 elementor-top-column elementor-element elementor-element-41e2a55\" data-id=\"41e2a55\" data-element_type=\"column\" data-e-type=\"column\" data-settings=\"{&quot;background_background&quot;:&quot;classic&quot;}\">\n\t\t\t<div class=\"elementor-widget-wrap elementor-element-populated\">\n\t\t\t\t\t\t<section class=\"elementor-section elementor-inner-section elementor-element elementor-element-53589a28 elementor-section-boxed elementor-section-height-default elementor-section-height-default\" data-id=\"53589a28\" data-element_type=\"section\" data-e-type=\"section\">\n\t\t\t\t\t\t<div class=\"elementor-container elementor-column-gap-default\">\n\t\t\t\t\t<div class=\"elementor-column elementor-col-100 elementor-inner-column elementor-element elementor-element-3e5eca19 elementor-invisible\" data-id=\"3e5eca19\" data-element_type=\"column\" data-e-type=\"column\" data-settings=\"{&quot;animation&quot;:&quot;fadeIn&quot;,&quot;animation_delay&quot;:360}\">\n\t\t\t<div class=\"elementor-widget-wrap elementor-element-populated\">\n\t\t\t\t\t\t<div class=\"elementor-element elementor-element-7cabc64c elementor-widget elementor-widget-heading\" data-id=\"7cabc64c\" data-element_type=\"widget\" data-e-type=\"widget\" data-settings=\"{&quot;ekit_we_effect_on&quot;:&quot;none&quot;}\" data-widget_type=\"heading.default\">\n\t\t\t\t\t<h2 class=\"elementor-heading-title elementor-size-default\">Yayli Tanbur<\/h2>\t\t\t\t<\/div>\n\t\t\t\t<div class=\"elementor-element elementor-element-193fb61e elementor-widget elementor-widget-text-editor\" data-id=\"193fb61e\" data-element_type=\"widget\" data-e-type=\"widget\" data-settings=\"{&quot;ekit_we_effect_on&quot;:&quot;none&quot;}\" data-widget_type=\"text-editor.default\">\n\t\t\t\t\t\t\t\t\t<p>Tanbur ad Arc0<\/p>\t\t\t\t\t\t\t\t<\/div>\n\t\t\t\t\t<\/div>\n\t\t<\/div>\n\t\t\t\t\t<\/div>\n\t\t<\/section>\n\t\t\t\t\t<\/div>\n\t\t<\/div>\n\t\t\t\t\t<\/div>\n\t\t<\/section>\n\t\t<div class=\"elementor-element elementor-element-5304f2a1 e-flex e-con-boxed e-con e-parent\" data-id=\"5304f2a1\" data-element_type=\"container\" data-e-type=\"container\" data-settings=\"{&quot;background_background&quot;:&quot;classic&quot;}\">\n\t\t\t\t\t<div class=\"e-con-inner\">\n\t\t<div class=\"elementor-element elementor-element-578780c9 e-flex e-con-boxed e-con e-child\" data-id=\"578780c9\" data-element_type=\"container\" data-e-type=\"container\" data-settings=\"{&quot;background_background&quot;:&quot;classic&quot;}\">\n\t\t\t\t\t<div class=\"e-con-inner\">\n\t\t\t\t<div class=\"elementor-element elementor-element-6342961e elementor-widget elementor-widget-text-editor\" data-id=\"6342961e\" data-element_type=\"widget\" data-e-type=\"widget\" data-settings=\"{&quot;ekit_we_effect_on&quot;:&quot;none&quot;}\" data-widget_type=\"text-editor.default\">\n\t\t\t\t\t\t\t\t\t<p>Il Tambur occupa un posto importante nella musica tradizionale e classica, incantando gli ascoltatori con le sue melodie ammalianti.<\/p>\t\t\t\t\t\t\t\t<\/div>\n\t\t\t\t\t<\/div>\n\t\t\t\t<\/div>\n\t\t\t\t\t<\/div>\n\t\t\t\t<\/div>\n\t\t<div class=\"elementor-element elementor-element-45be10c5 e-flex e-con-boxed e-con e-parent\" data-id=\"45be10c5\" data-element_type=\"container\" data-e-type=\"container\" data-settings=\"{&quot;background_background&quot;:&quot;classic&quot;}\">\n\t\t\t\t\t<div class=\"e-con-inner\">\n\t\t<div class=\"elementor-element elementor-element-7d14c0f2 e-flex e-con-boxed e-con e-child\" data-id=\"7d14c0f2\" data-element_type=\"container\" data-e-type=\"container\" data-settings=\"{&quot;background_background&quot;:&quot;classic&quot;}\">\n\t\t\t\t\t<div class=\"e-con-inner\">\n\t\t\t\t\t<\/div>\n\t\t\t\t<\/div>\n\t\t\t\t\t<\/div>\n\t\t\t\t<\/div>\n\t\t<div class=\"elementor-element elementor-element-3294345 e-flex e-con-boxed e-con e-parent\" data-id=\"3294345\" data-element_type=\"container\" data-e-type=\"container\" data-settings=\"{&quot;background_background&quot;:&quot;gradient&quot;}\">\n\t\t\t\t\t<div class=\"e-con-inner\">\n\t\t<div class=\"elementor-element elementor-element-510b14a e-flex e-con-boxed e-con e-child\" data-id=\"510b14a\" data-element_type=\"container\" data-e-type=\"container\" data-settings=\"{&quot;background_background&quot;:&quot;classic&quot;}\">\n\t\t\t\t\t<div class=\"e-con-inner\">\n\t\t\t\t<div class=\"elementor-element elementor-element-ee94222 elementor-widget elementor-widget-image\" data-id=\"ee94222\" data-element_type=\"widget\" data-e-type=\"widget\" data-settings=\"{&quot;ekit_we_effect_on&quot;:&quot;none&quot;}\" data-widget_type=\"image.default\">\n\t\t\t\t\t\t\t\t\t\t\t\t\t\t\t<img fetchpriority=\"high\" decoding=\"async\" width=\"800\" height=\"166\" src=\"https:\/\/i0.wp.com\/tapadum.com\/wp-content\/uploads\/2023\/07\/kategory-kapak-44.png?fit=800%2C166&amp;ssl=1\" class=\"attachment-large size-large wp-image-16363\" alt=\"Bowed Tanbur , Tanbur\" srcset=\"https:\/\/i0.wp.com\/tapadum.com\/wp-content\/uploads\/2023\/07\/kategory-kapak-44.png?w=2400&amp;ssl=1 2400w, https:\/\/i0.wp.com\/tapadum.com\/wp-content\/uploads\/2023\/07\/kategory-kapak-44.png?resize=300%2C63&amp;ssl=1 300w, https:\/\/i0.wp.com\/tapadum.com\/wp-content\/uploads\/2023\/07\/kategory-kapak-44.png?resize=1024%2C213&amp;ssl=1 1024w, https:\/\/i0.wp.com\/tapadum.com\/wp-content\/uploads\/2023\/07\/kategory-kapak-44.png?resize=768%2C160&amp;ssl=1 768w, https:\/\/i0.wp.com\/tapadum.com\/wp-content\/uploads\/2023\/07\/kategory-kapak-44.png?resize=1536%2C320&amp;ssl=1 1536w, https:\/\/i0.wp.com\/tapadum.com\/wp-content\/uploads\/2023\/07\/kategory-kapak-44.png?resize=2048%2C427&amp;ssl=1 2048w, https:\/\/i0.wp.com\/tapadum.com\/wp-content\/uploads\/2023\/07\/kategory-kapak-44.png?resize=600%2C125&amp;ssl=1 600w, https:\/\/i0.wp.com\/tapadum.com\/wp-content\/uploads\/2023\/07\/kategory-kapak-44.png?w=1600&amp;ssl=1 1600w\" sizes=\"(max-width: 800px) 100vw, 800px\" \/>\t\t\t\t\t\t\t\t\t\t\t\t\t\t\t<\/div>\n\t\t\t\t<div class=\"elementor-element elementor-element-48b8354b elementor-widget elementor-widget-text-editor\" data-id=\"48b8354b\" data-element_type=\"widget\" data-e-type=\"widget\" data-settings=\"{&quot;ekit_we_effect_on&quot;:&quot;none&quot;}\" data-widget_type=\"text-editor.default\">\n\t\t\t\t\t\t\t\t\t<p class=\"p1\"><b>Tanbur ad Arco (Yayl\u0131 Tanbur)<\/b><\/p><p class=\"p1\">Il <b>Tanbur ad Arco<\/b>, conosciuto come <b>Yayl\u0131 Tanbur<\/b> in turco, \u00e8 uno strumento a corde affascinante e profondamente radicato nella musica classica ottomana e turca. Con il suo suono unico e risonante, \u00e8 diventato una parte preziosa della musica turca, apprezzato per la sua capacit\u00e0 di creare melodie prolungate e cariche di sentimento. Derivato dal tradizionale tanbur, questa versione con l\u2019arco permette composizioni espressive e meditative, che si sono affermate come centrali sia nella musica tradizionale che contemporanea.<\/p><p class=\"p1\"><b>Origini Storiche dello Strumento<\/b><\/p><p class=\"p1\">Il Tanbur ad Arco nasce come variazione del tradizionale tanbur, uno strumento a manico lungo centrale nella musica ottomana e turca. Tradizionalmente suonato con un plettro, ha acquisito una nuova voce quando i musicisti hanno iniziato a sperimentare l&#8217;uso dell&#8217;arco agli inizi del XX secolo. Questo cambiamento ha conferito al tanbur un tono pi\u00f9 profondo e risonante, particolarmente apprezzato nella musica spirituale e classica turca, in cui continua ad essere popolare nelle esibizioni tasavvuf (sufi). Il suo suono profondo e la capacit\u00e0 di esprimere musiche sfumate e emozionali lo hanno mantenuto rilevante sia nei contesti tradizionali che moderni.<\/p><p class=\"p1\"><b>Costruzione e Design<\/b><\/p><p class=\"p1\">Caratterizzato da un lungo manico e un corpo arrotondato e risonante, il Tanbur ad Arco si distingue per il suo design unico. Costruito con legni come il gelso o il noce, il corpo \u00e8 progettato per amplificare le basse frequenze, offrendo un suono ricco e avvolgente. Il manico esteso, spesso fino a 100 cm, consente un&#8217;ampia gamma di note, garantendo grande flessibilit\u00e0 nelle esecuzioni. L\u2019aggiunta di corde simpatiche\u2014che vibrano in risposta alle note principali\u2014ne amplifica la profondit\u00e0 tonale con un effetto naturale di riverbero, ideale per le composizioni di maqam (modalit\u00e0) turche.<\/p><p class=\"p1\">Lo strumento \u00e8 solitamente suonato con un arco curvo, pi\u00f9 corto di quelli utilizzati per gli strumenti ad arco occidentali, per facilitare i suoni fluidi e prolungati che caratterizzano il Tanbur ad Arco. Questo design permette ai musicisti di creare melodie meditative e fluide.<\/p><p class=\"p1\"><b>Tecniche di Esecuzione e Stile Musicale<\/b><\/p><p class=\"p1\">La tecnica di esecuzione combina metodi tradizionali turchi con elementi del suonare con l&#8217;arco. Tenuto in posizione verticale contro la gamba del musicista, lo strumento viene suonato con colpi d&#8217;arco controllati e fluidi per ottenere transizioni armoniose e suoni sfumati. Sebbene lo strumento abbia tasti, i musicisti utilizzano variazioni microtonali, un elemento distintivo del maqam turco, per catturare i dettagli intricati della musica classica turca.<\/p><p class=\"p1\">La musica associata al Tanbur ad Arco spesso include melodie lente e prolungate che evocano emozioni profonde, rendendolo particolarmente popolare nelle tradizioni sufi turche. Nelle esibizioni di ensemble, si armonizza splendidamente con altri strumenti, aggiungendo profondit\u00e0 e texture che arricchiscono l&#8217;esperienza complessiva.<\/p><p class=\"p1\"><b>Adattamenti Moderni<\/b><\/p><p class=\"p1\">Negli ultimi anni, lo strumento ha visto una rinascita d&#8217;interesse, non solo in Turchia ma a livello globale. I musicisti lo hanno introdotto in vari generi, dal jazz e ambient alla musica del mondo e alle fusioni sperimentali. Il suono unico del Tanbur ad Arco ha trovato posto nelle composizioni moderne, attirando l\u2019interesse di nuove generazioni.<\/p><p class=\"p1\">Oggi \u00e8 possibile ascoltarlo in progetti di fusione, concerti e festival musicali, dove aggiunge un colore e una texture unici alle esibizioni. Questa adattabilit\u00e0 ha permesso allo strumento di raggiungere il pubblico mondiale, incantato dal suo suono espressivo e dalla sua ricca eredit\u00e0.<\/p><p class=\"p1\"><b>Il Ruolo del<a href=\"https:\/\/tapadum.com\/contact-us\/\"> Tanbur<\/a> ad Arco Oggi<\/b><\/p><p class=\"p1\">Il Tanbur ad Arco \u00e8 oggi ampiamente rispettato sia nei circoli di musica classica che contemporanea, ed \u00e8 sempre pi\u00f9 incluso nei programmi educativi musicali turchi. Molte accademie di musica in Turchia insegnano questo strumento, dove gli studenti apprendono tecniche tradizionali cos\u00ec come stili contemporanei, mantenendo viva e vibrante l&#8217;eredit\u00e0 dello strumento.<\/p><p class=\"p1\">Come simbolo della musica turca, il suo ampio range tonale consente ai musicisti di esplorare temi che spaziano dalla gioia all&#8217;introspezione. La sua adattabilit\u00e0 ha assicurato il suo ruolo sia nella musica tradizionale che moderna, attirando musicisti che desiderano connettersi con il patrimonio culturale turco o sperimentare nuovi stili artistici.<\/p><p class=\"p1\">Dalle sue origini nella musica ottomana alla sua presenza nei generi di fusione odierni, il <a href=\"https:\/\/tr.wikipedia.org\/wiki\/Tanbur\" target=\"_blank\" rel=\"noopener\">Tanbur<\/a> ad Arco incarna sia la storia che l&#8217;innovazione. Il suo suono senza tempo continua a incantare il pubblico, unendo generazioni e culture attraverso il potente linguaggio della musica.<\/p>\t\t\t\t\t\t\t\t<\/div>\n\t\t\t\t\t<\/div>\n\t\t\t\t<\/div>\n\t\t\t\t\t<\/div>\n\t\t\t\t<\/div>\n\t\t\t\t<section class=\"elementor-section elementor-top-section elementor-element elementor-element-7e8cff19 elementor-section-boxed elementor-section-height-default elementor-section-height-default\" data-id=\"7e8cff19\" data-element_type=\"section\" data-e-type=\"section\" data-settings=\"{&quot;background_background&quot;:&quot;classic&quot;}\">\n\t\t\t\t\t\t<div class=\"elementor-container elementor-column-gap-default\">\n\t\t\t\t\t<div class=\"elementor-column elementor-col-100 elementor-top-column elementor-element elementor-element-5e7f6512\" data-id=\"5e7f6512\" data-element_type=\"column\" data-e-type=\"column\">\n\t\t\t<div class=\"elementor-widget-wrap elementor-element-populated\">\n\t\t\t\t\t\t<section class=\"elementor-section elementor-inner-section elementor-element elementor-element-dba97d4 elementor-section-boxed elementor-section-height-default elementor-section-height-default\" data-id=\"dba97d4\" data-element_type=\"section\" data-e-type=\"section\">\n\t\t\t\t\t\t<div class=\"elementor-container elementor-column-gap-default\">\n\t\t\t\t\t<div class=\"elementor-column elementor-col-25 elementor-inner-column elementor-element elementor-element-71196d91 elementor-invisible\" data-id=\"71196d91\" data-element_type=\"column\" data-e-type=\"column\" data-settings=\"{&quot;animation&quot;:&quot;fadeInLeft&quot;}\">\n\t\t\t<div class=\"elementor-widget-wrap elementor-element-populated\">\n\t\t\t\t\t\t<div class=\"elementor-element elementor-element-1c1b8616 elementor-position-inline-start elementor-view-default elementor-mobile-position-block-start elementor-widget elementor-widget-icon-box\" data-id=\"1c1b8616\" data-element_type=\"widget\" data-e-type=\"widget\" data-settings=\"{&quot;ekit_we_effect_on&quot;:&quot;none&quot;}\" data-widget_type=\"icon-box.default\">\n\t\t\t\t\t\t\t<div class=\"elementor-icon-box-wrapper\">\n\n\t\t\t\t\t\t<div class=\"elementor-icon-box-icon\">\n\t\t\t\t<span  class=\"elementor-icon\">\n\t\t\t\t<svg aria-hidden=\"true\" class=\"e-font-icon-svg e-fas-shipping-fast\" viewBox=\"0 0 640 512\" xmlns=\"http:\/\/www.w3.org\/2000\/svg\"><path d=\"M624 352h-16V243.9c0-12.7-5.1-24.9-14.1-33.9L494 110.1c-9-9-21.2-14.1-33.9-14.1H416V48c0-26.5-21.5-48-48-48H112C85.5 0 64 21.5 64 48v48H8c-4.4 0-8 3.6-8 8v16c0 4.4 3.6 8 8 8h272c4.4 0 8 3.6 8 8v16c0 4.4-3.6 8-8 8H40c-4.4 0-8 3.6-8 8v16c0 4.4 3.6 8 8 8h208c4.4 0 8 3.6 8 8v16c0 4.4-3.6 8-8 8H8c-4.4 0-8 3.6-8 8v16c0 4.4 3.6 8 8 8h208c4.4 0 8 3.6 8 8v16c0 4.4-3.6 8-8 8H64v128c0 53 43 96 96 96s96-43 96-96h128c0 53 43 96 96 96s96-43 96-96h48c8.8 0 16-7.2 16-16v-32c0-8.8-7.2-16-16-16zM160 464c-26.5 0-48-21.5-48-48s21.5-48 48-48 48 21.5 48 48-21.5 48-48 48zm320 0c-26.5 0-48-21.5-48-48s21.5-48 48-48 48 21.5 48 48-21.5 48-48 48zm80-208H416V144h44.1l99.9 99.9V256z\"><\/path><\/svg>\t\t\t\t<\/span>\n\t\t\t<\/div>\n\t\t\t\n\t\t\t\t\t\t<div class=\"elementor-icon-box-content\">\n\n\t\t\t\t\t\t\t\t\t<h4 class=\"elementor-icon-box-title\">\n\t\t\t\t\t\t<span  >\n\t\t\t\t\t\t\tFree Shipping\t\t\t\t\t\t<\/span>\n\t\t\t\t\t<\/h4>\n\t\t\t\t\n\t\t\t\t\t\t\t\t\t<p class=\"elementor-icon-box-description\">\n\t\t\t\t\t\tTo Europe &amp; %0 Custom Tax\n\t\t\t\t\t<\/p>\n\t\t\t\t\n\t\t\t<\/div>\n\t\t\t\n\t\t<\/div>\n\t\t\t\t\t\t<\/div>\n\t\t\t\t\t<\/div>\n\t\t<\/div>\n\t\t\t\t<div class=\"elementor-column elementor-col-25 elementor-inner-column elementor-element elementor-element-1b7f3ea5 elementor-invisible\" data-id=\"1b7f3ea5\" data-element_type=\"column\" data-e-type=\"column\" data-settings=\"{&quot;animation&quot;:&quot;fadeInLeft&quot;,&quot;animation_delay&quot;:240}\">\n\t\t\t<div class=\"elementor-widget-wrap elementor-element-populated\">\n\t\t\t\t\t\t<div class=\"elementor-element elementor-element-6f6d404a elementor-position-inline-start elementor-view-default elementor-mobile-position-block-start elementor-widget elementor-widget-icon-box\" data-id=\"6f6d404a\" data-element_type=\"widget\" data-e-type=\"widget\" data-settings=\"{&quot;ekit_we_effect_on&quot;:&quot;none&quot;}\" data-widget_type=\"icon-box.default\">\n\t\t\t\t\t\t\t<div class=\"elementor-icon-box-wrapper\">\n\n\t\t\t\t\t\t<div class=\"elementor-icon-box-icon\">\n\t\t\t\t<span  class=\"elementor-icon\">\n\t\t\t\t<i aria-hidden=\"true\" class=\"icon icon-shield\"><\/i>\t\t\t\t<\/span>\n\t\t\t<\/div>\n\t\t\t\n\t\t\t\t\t\t<div class=\"elementor-icon-box-content\">\n\n\t\t\t\t\t\t\t\t\t<h4 class=\"elementor-icon-box-title\">\n\t\t\t\t\t\t<span  >\n\t\t\t\t\t\t\t15 Days Warranty\t\t\t\t\t\t<\/span>\n\t\t\t\t\t<\/h4>\n\t\t\t\t\n\t\t\t\t\t\t\t\t\t<p class=\"elementor-icon-box-description\">\n\t\t\t\t\t\t15 days money back\n\n\n\t\t\t\t\t<\/p>\n\t\t\t\t\n\t\t\t<\/div>\n\t\t\t\n\t\t<\/div>\n\t\t\t\t\t\t<\/div>\n\t\t\t\t\t<\/div>\n\t\t<\/div>\n\t\t\t\t<div class=\"elementor-column elementor-col-25 elementor-inner-column elementor-element elementor-element-6464f408 elementor-invisible\" data-id=\"6464f408\" data-element_type=\"column\" data-e-type=\"column\" data-settings=\"{&quot;animation&quot;:&quot;fadeInLeft&quot;,&quot;animation_delay&quot;:480}\">\n\t\t\t<div class=\"elementor-widget-wrap elementor-element-populated\">\n\t\t\t\t\t\t<div class=\"elementor-element elementor-element-14af890f elementor-position-inline-start elementor-view-default elementor-mobile-position-block-start elementor-widget elementor-widget-icon-box\" data-id=\"14af890f\" data-element_type=\"widget\" data-e-type=\"widget\" data-settings=\"{&quot;ekit_we_effect_on&quot;:&quot;none&quot;}\" data-widget_type=\"icon-box.default\">\n\t\t\t\t\t\t\t<div class=\"elementor-icon-box-wrapper\">\n\n\t\t\t\t\t\t<div class=\"elementor-icon-box-icon\">\n\t\t\t\t<span  class=\"elementor-icon\">\n\t\t\t\t<i aria-hidden=\"true\" class=\"icon icon-planet-earth\"><\/i>\t\t\t\t<\/span>\n\t\t\t<\/div>\n\t\t\t\n\t\t\t\t\t\t<div class=\"elementor-icon-box-content\">\n\n\t\t\t\t\t\t\t\t\t<h4 class=\"elementor-icon-box-title\">\n\t\t\t\t\t\t<span  >\n\t\t\t\t\t\t\tGlobal Shipping\t\t\t\t\t\t<\/span>\n\t\t\t\t\t<\/h4>\n\t\t\t\t\n\t\t\t\t\t\t\t\t\t<p class=\"elementor-icon-box-description\">\n\t\t\t\t\t\tWorldwide Shipping\t\t\t\t\t<\/p>\n\t\t\t\t\n\t\t\t<\/div>\n\t\t\t\n\t\t<\/div>\n\t\t\t\t\t\t<\/div>\n\t\t\t\t\t<\/div>\n\t\t<\/div>\n\t\t\t\t<div class=\"elementor-column elementor-col-25 elementor-inner-column elementor-element elementor-element-227b6e27 elementor-invisible\" data-id=\"227b6e27\" data-element_type=\"column\" data-e-type=\"column\" data-settings=\"{&quot;animation&quot;:&quot;fadeInLeft&quot;,&quot;animation_delay&quot;:600}\">\n\t\t\t<div class=\"elementor-widget-wrap elementor-element-populated\">\n\t\t\t\t\t\t<div class=\"elementor-element elementor-element-3efc7298 elementor-position-inline-start elementor-view-default elementor-mobile-position-block-start elementor-widget elementor-widget-icon-box\" data-id=\"3efc7298\" data-element_type=\"widget\" data-e-type=\"widget\" data-settings=\"{&quot;ekit_we_effect_on&quot;:&quot;none&quot;}\" data-widget_type=\"icon-box.default\">\n\t\t\t\t\t\t\t<div class=\"elementor-icon-box-wrapper\">\n\n\t\t\t\t\t\t<div class=\"elementor-icon-box-icon\">\n\t\t\t\t<span  class=\"elementor-icon\">\n\t\t\t\t<i aria-hidden=\"true\" class=\"icon icon-safebox\"><\/i>\t\t\t\t<\/span>\n\t\t\t<\/div>\n\t\t\t\n\t\t\t\t\t\t<div class=\"elementor-icon-box-content\">\n\n\t\t\t\t\t\t\t\t\t<h4 class=\"elementor-icon-box-title\">\n\t\t\t\t\t\t<span  >\n\t\t\t\t\t\t\t100% Secure\t\t\t\t\t\t<\/span>\n\t\t\t\t\t<\/h4>\n\t\t\t\t\n\t\t\t\t\t\t\t\t\t<p class=\"elementor-icon-box-description\">\n\t\t\t\t\t\t100% Secure Checkout\n\n\n\t\t\t\t\t<\/p>\n\t\t\t\t\n\t\t\t<\/div>\n\t\t\t\n\t\t<\/div>\n\t\t\t\t\t\t<\/div>\n\t\t\t\t\t<\/div>\n\t\t<\/div>\n\t\t\t\t\t<\/div>\n\t\t<\/section>\n\t\t\t\t\t<\/div>\n\t\t<\/div>\n\t\t\t\t\t<\/div>\n\t\t<\/section>\n\t\t\t\t<\/div>\n\t\t","protected":false},"excerpt":{"rendered":"<p>Yayli Tanbur Tanbur ad Arc0 Il Tambur occupa un posto importante nella musica tradizionale e classica, incantando gli ascoltatori con le sue melodie ammalianti. Tanbur ad Arco (Yayl\u0131 Tanbur) Il Tanbur ad Arco, conosciuto come Yayl\u0131 Tanbur in turco, \u00e8 uno strumento a corde affascinante e profondamente radicato nella musica classica ottomana e turca. Con [&hellip;]<\/p>\n","protected":false},"author":1,"featured_media":0,"parent":0,"menu_order":0,"comment_status":"closed","ping_status":"closed","template":"","meta":{"_eb_attr":"","footnotes":""},"class_list":["post-16361","page","type-page","status-publish","hentry"],"jetpack_sharing_enabled":true,"_links":{"self":[{"href":"https:\/\/tapadum.com\/it\/wp-json\/wp\/v2\/pages\/16361","targetHints":{"allow":["GET"]}}],"collection":[{"href":"https:\/\/tapadum.com\/it\/wp-json\/wp\/v2\/pages"}],"about":[{"href":"https:\/\/tapadum.com\/it\/wp-json\/wp\/v2\/types\/page"}],"author":[{"embeddable":true,"href":"https:\/\/tapadum.com\/it\/wp-json\/wp\/v2\/users\/1"}],"replies":[{"embeddable":true,"href":"https:\/\/tapadum.com\/it\/wp-json\/wp\/v2\/comments?post=16361"}],"version-history":[{"count":11,"href":"https:\/\/tapadum.com\/it\/wp-json\/wp\/v2\/pages\/16361\/revisions"}],"predecessor-version":[{"id":21246,"href":"https:\/\/tapadum.com\/it\/wp-json\/wp\/v2\/pages\/16361\/revisions\/21246"}],"wp:attachment":[{"href":"https:\/\/tapadum.com\/it\/wp-json\/wp\/v2\/media?parent=16361"}],"curies":[{"name":"wp","href":"https:\/\/api.w.org\/{rel}","templated":true}]}}