{"id":16417,"date":"2023-07-10T10:27:03","date_gmt":"2023-07-10T08:27:03","guid":{"rendered":"https:\/\/tapadum.com\/?page_id=16417"},"modified":"2026-04-25T23:44:20","modified_gmt":"2026-04-25T21:44:20","slug":"zurna","status":"publish","type":"page","link":"https:\/\/tapadum.com\/it\/zurna\/","title":{"rendered":"Acquista Zurna | Strumento a Fiato Dalla Turchia dal 2019"},"content":{"rendered":"\t\t<div data-elementor-type=\"wp-page\" data-elementor-id=\"16417\" class=\"elementor elementor-16417 elementor-9253\" data-elementor-post-type=\"page\">\n\t\t\t\t\t\t<section class=\"elementor-section elementor-top-section elementor-element elementor-element-318695ce elementor-section-boxed elementor-section-height-default elementor-section-height-default\" data-id=\"318695ce\" data-element_type=\"section\" data-e-type=\"section\">\n\t\t\t\t\t\t<div class=\"elementor-container elementor-column-gap-default\">\n\t\t\t\t\t<div class=\"elementor-column elementor-col-100 elementor-top-column elementor-element elementor-element-43c647b1\" data-id=\"43c647b1\" data-element_type=\"column\" data-e-type=\"column\" data-settings=\"{&quot;background_background&quot;:&quot;classic&quot;}\">\n\t\t\t<div class=\"elementor-widget-wrap elementor-element-populated\">\n\t\t\t\t\t\t<section class=\"elementor-section elementor-inner-section elementor-element elementor-element-72656c5 elementor-section-boxed elementor-section-height-default elementor-section-height-default\" data-id=\"72656c5\" data-element_type=\"section\" data-e-type=\"section\">\n\t\t\t\t\t\t<div class=\"elementor-container elementor-column-gap-default\">\n\t\t\t\t\t<div class=\"elementor-column elementor-col-100 elementor-inner-column elementor-element elementor-element-3b2d2c65 elementor-invisible\" data-id=\"3b2d2c65\" data-element_type=\"column\" data-e-type=\"column\" data-settings=\"{&quot;animation&quot;:&quot;fadeIn&quot;,&quot;animation_delay&quot;:360}\">\n\t\t\t<div class=\"elementor-widget-wrap elementor-element-populated\">\n\t\t\t\t\t\t<div class=\"elementor-element elementor-element-512d6b76 elementor-widget elementor-widget-heading\" data-id=\"512d6b76\" data-element_type=\"widget\" data-e-type=\"widget\" data-settings=\"{&quot;ekit_we_effect_on&quot;:&quot;none&quot;}\" data-widget_type=\"heading.default\">\n\t\t\t\t\t<h1 class=\"elementor-heading-title elementor-size-default\">Zurna<\/h1>\t\t\t\t<\/div>\n\t\t\t\t\t<\/div>\n\t\t<\/div>\n\t\t\t\t\t<\/div>\n\t\t<\/section>\n\t\t\t\t\t<\/div>\n\t\t<\/div>\n\t\t\t\t\t<\/div>\n\t\t<\/section>\n\t\t<div class=\"elementor-element elementor-element-55de9e9c e-flex e-con-boxed e-con e-parent\" data-id=\"55de9e9c\" data-element_type=\"container\" data-e-type=\"container\" data-settings=\"{&quot;background_background&quot;:&quot;classic&quot;}\">\n\t\t\t\t\t<div class=\"e-con-inner\">\n\t\t<div class=\"elementor-element elementor-element-239253c8 e-flex e-con-boxed e-con e-child\" data-id=\"239253c8\" data-element_type=\"container\" data-e-type=\"container\" data-settings=\"{&quot;background_background&quot;:&quot;classic&quot;}\">\n\t\t\t\t\t<div class=\"e-con-inner\">\n\t\t\t\t<div class=\"elementor-element elementor-element-5faecf93 elementor-widget elementor-widget-text-editor\" data-id=\"5faecf93\" data-element_type=\"widget\" data-e-type=\"widget\" data-settings=\"{&quot;ekit_we_effect_on&quot;:&quot;none&quot;}\" data-widget_type=\"text-editor.default\">\n\t\t\t\t\t\t\t\t\t<p>\u00a0l&#8217;essenza e lo spirito della musica turca. Le nostre Zurna sono realizzate da abili artigiani che hanno dedicato la loro vita a padroneggiare l&#8217;arte della costruzione degli strumenti.<\/p>\t\t\t\t\t\t\t\t<\/div>\n\t\t\t\t\t<\/div>\n\t\t\t\t<\/div>\n\t\t\t\t\t<\/div>\n\t\t\t\t<\/div>\n\t\t<div class=\"elementor-element elementor-element-78799177 e-flex e-con-boxed e-con e-parent\" data-id=\"78799177\" data-element_type=\"container\" data-e-type=\"container\" data-settings=\"{&quot;background_background&quot;:&quot;classic&quot;}\">\n\t\t\t\t\t<div class=\"e-con-inner\">\n\t\t<div class=\"elementor-element elementor-element-43332e4b e-flex e-con-boxed e-con e-child\" data-id=\"43332e4b\" data-element_type=\"container\" data-e-type=\"container\" data-settings=\"{&quot;background_background&quot;:&quot;classic&quot;}\">\n\t\t\t\t\t<div class=\"e-con-inner\">\n\t\t\t\t<div class=\"elementor-element elementor-element-64ee7b53 elementor-grid-4 elementor-grid-tablet-3 elementor-grid-mobile-2 elementor-products-grid elementor-wc-products elementor-show-pagination-border-yes elementor-widget elementor-widget-woocommerce-products\" data-id=\"64ee7b53\" data-element_type=\"widget\" data-e-type=\"widget\" data-settings=\"{&quot;ekit_we_effect_on&quot;:&quot;none&quot;}\" data-widget_type=\"woocommerce-products.default\">\n\t\t\t\t<div class=\"elementor-widget-container\">\n\t\t\t\t\t<div class=\"woocommerce columns-4 \"><div class=\"woocommerce-notices-wrapper\"><\/div><p class=\"woocommerce-result-count\" role=\"alert\" aria-relevant=\"all\" >\n\tVisualizzazione del risultato<\/p>\n<form class=\"woocommerce-ordering\" method=\"get\">\n\t\t<select\n\t\tname=\"orderby\"\n\t\tclass=\"orderby\"\n\t\t\t\t\taria-label=\"Ordine negozio\"\n\t\t\t>\n\t\t\t\t\t<option value=\"popularity\" >Popolarit\u00e0<\/option>\n\t\t\t\t\t<option value=\"rating\" >Valutazione media<\/option>\n\t\t\t\t\t<option value=\"date\" >Ordina in base al pi\u00f9 recente<\/option>\n\t\t\t\t\t<option value=\"price\"  selected='selected'>Prezzo: dal pi\u00f9 economico<\/option>\n\t\t\t\t\t<option value=\"price-desc\" >Prezzo: dal pi\u00f9 caro<\/option>\n\t\t\t<\/select>\n\t<input type=\"hidden\" name=\"paged\" value=\"1\" \/>\n\t<\/form>\n<ul class=\"products elementor-grid columns-4\">\n<li class=\"product type-product post-16966 status-publish first instock product_cat-strumenti-a-fiato product_cat-zurna-it has-post-thumbnail sold-individually shipping-taxable purchasable product-type-simple\">\n\t<a href=\"https:\/\/tapadum.com\/it\/prodotto\/zurna-turco-professionale-di-ali-riza-acar\/\" class=\"woocommerce-LoopProduct-link woocommerce-loop-product__link\"><img fetchpriority=\"high\" decoding=\"async\" width=\"300\" height=\"300\" src=\"https:\/\/i0.wp.com\/tapadum.com\/wp-content\/uploads\/2023\/05\/Plum_Zurna_900x.webp?resize=300%2C300&amp;ssl=1\" class=\"attachment-woocommerce_thumbnail size-woocommerce_thumbnail\" alt=\"zurna turco\" srcset=\"https:\/\/i0.wp.com\/tapadum.com\/wp-content\/uploads\/2023\/05\/Plum_Zurna_900x.webp?w=900&amp;ssl=1 900w, https:\/\/i0.wp.com\/tapadum.com\/wp-content\/uploads\/2023\/05\/Plum_Zurna_900x.webp?resize=300%2C300&amp;ssl=1 300w, https:\/\/i0.wp.com\/tapadum.com\/wp-content\/uploads\/2023\/05\/Plum_Zurna_900x.webp?resize=100%2C100&amp;ssl=1 100w, https:\/\/i0.wp.com\/tapadum.com\/wp-content\/uploads\/2023\/05\/Plum_Zurna_900x.webp?resize=600%2C600&amp;ssl=1 600w\" sizes=\"(max-width: 300px) 100vw, 300px\" \/><h2 class=\"woocommerce-loop-product__title\">Zurna Turco professionale &#8211; Di Ali Riza Acar<\/h2>\n\t<span class=\"price\"><span class=\"woocommerce-Price-amount amount\"><bdi><span class=\"woocommerce-Price-currencySymbol\">&euro;<\/span>220,00<\/bdi><\/span><\/span>\n<\/a><a href=\"\/it\/wp-json\/wp\/v2\/pages\/16417?add-to-cart=16966\" aria-describedby=\"woocommerce_loop_add_to_cart_link_describedby_16966\" data-quantity=\"1\" class=\"button product_type_simple add_to_cart_button ajax_add_to_cart\" data-product_id=\"16966\" data-product_sku=\"Tap231\" aria-label=\"Aggiungi al carrello: &quot;Zurna Turco professionale - Di Ali Riza Acar&quot;\" rel=\"nofollow\" data-success_message=\"&quot;Zurna Turco professionale - Di Ali Riza Acar&quot; \u00e8 stato aggiunto al tuo carrello\" role=\"button\">Aggiungi al carrello<\/a>\t<span id=\"woocommerce_loop_add_to_cart_link_describedby_16966\" class=\"screen-reader-text\">\n\t\t\t<\/span>\n<\/li>\n<\/ul>\n<\/div>\t\t\t\t<\/div>\n\t\t\t\t<\/div>\n\t\t\t\t\t<\/div>\n\t\t\t\t<\/div>\n\t\t\t\t\t<\/div>\n\t\t\t\t<\/div>\n\t\t<div class=\"elementor-element elementor-element-6adeba2a e-flex e-con-boxed e-con e-parent\" data-id=\"6adeba2a\" data-element_type=\"container\" data-e-type=\"container\" data-settings=\"{&quot;background_background&quot;:&quot;gradient&quot;}\">\n\t\t\t\t\t<div class=\"e-con-inner\">\n\t\t<div class=\"elementor-element elementor-element-12643557 e-flex e-con-boxed e-con e-child\" data-id=\"12643557\" data-element_type=\"container\" data-e-type=\"container\" data-settings=\"{&quot;background_background&quot;:&quot;classic&quot;}\">\n\t\t\t\t\t<div class=\"e-con-inner\">\n\t\t\t\t<div class=\"elementor-element elementor-element-3277696a elementor-widget elementor-widget-text-editor\" data-id=\"3277696a\" data-element_type=\"widget\" data-e-type=\"widget\" data-settings=\"{&quot;ekit_we_effect_on&quot;:&quot;none&quot;}\" data-widget_type=\"text-editor.default\">\n\t\t\t\t\t\t\t\t\t<p><strong>\u00a0Il Cuore della Musica Tradizionale Turca a Fiato<\/strong><\/p><p>La <strong>Zurna<\/strong> \u00e8 uno strumento a fiato tradizionale che incarna il patrimonio musicale della <strong>musica turca<\/strong>, emettendo un suono potente e vibrante che risuona attraverso secoli di storia. Con il suo tono acuto, forte e distintivo, lquesto fiato\u00a0\u00e8 un simbolo della cultura musicale turca, ed \u00e8 essenziale per le celebrazioni festive e la musica tradizionale. Questo strumento \u00e8 conosciuto per la sua potenza espressiva, che aggiunge un carattere unico alle melodie dell&#8217;Anatolia e oltre.<\/p><p><strong>Artigianale di Ali Riza Acar<\/strong><\/p><p>Ogni <b>strumento\u00a0<\/b>\u00a0venduta da Tapadum Music Store \u00e8 realizzata con maestria da artigiani esperti come <strong>Ali Riza Acar<\/strong>, uno dei pi\u00f9 rinomati produttori di Zurna. Con anni di esperienza nella lavorazione di questo strumento tradizionale, <strong>Ali Riza Acar<\/strong> porta avanti la tradizione della Zurna, utilizzando solo materiali di altissima qualit\u00e0 per garantire un suono autentico, chiaro e ricco di sfumature.<\/p><p>Ogni fiati creata da <strong>Ali Riza Acar<\/strong> non \u00e8 solo uno strumento musicale, ma un&#8217;opera d&#8217;arte. La combinazione di materiali selezionati e una lavorazione artigianale eccezionale rende ogni <strong>Zurna<\/strong> durevole e performante. Che tu sia un musicista professionista o un appassionato, scegliere una <strong>Zurna<\/strong> di Ali Riza Acar significa possedere uno strumento che produce un suono cristallino e ricco, ideale per ogni tipo di performance.<\/p><ul><li><strong>Suono autentico e potente<\/strong>: La <strong>Zurna<\/strong> emette un suono forte e chiaro, perfetto per performance di musica tradizionale turca.<\/li><li><strong>Maestria artigianale<\/strong>: Ogni Zurna \u00e8 realizzata a mano da esperti artigiani, come <strong>Ali Riza Acar<\/strong>, che garantiscono una qualit\u00e0 senza pari.<\/li><li><strong>Materiali di alta qualit\u00e0<\/strong>: Ogni <strong>Zurna<\/strong> \u00e8 costruita utilizzando materiali selezionati, che conferiscono allo strumento durata e un suono eccezionale.<\/li><li><strong>Ideale per musicisti professionisti e appassionati<\/strong>: Che tu sia un performer o un collezionista, la <strong>Zurna<\/strong> \u00e8 perfetta per ogni livello di esperienza musicale.<\/li><\/ul><p>Da Tapadum Music Store, offriamo una vasta selezione di <strong>Zurne<\/strong> realizzate da <strong>Ali Riza Acar<\/strong> e altri artigiani specializzati. La nostra collezione include Zurne di diverse dimensioni e stili, adatte sia ai principianti che ai musicisti esperti. Ogni strumento \u00e8 realizzato con cura per offrire un&#8217;esperienza musicale autentica e coinvolgente.<\/p><p><strong>Scopri i Fiati Perfetta per Te<\/strong><\/p><p>Esplora la nostra selezione di <strong>Zurna<\/strong> e scegli lo strumento ideale per il tuo percorso musicale. Ogni <strong>strumento\u00a0<\/strong> \u00e8 pronta per essere suonata, portando con s\u00e9 la tradizione della <strong>musica turca<\/strong> e l&#8217;esperienza artigianale di <strong>Ali Riza Acar<\/strong>. Ordina la tua <strong>fiato<\/strong> oggi stesso da Tapadum Music Store e immergiti nel mondo della musica turca a fiato.<\/p><p><strong>Acquista<a href=\"https:\/\/tr.wikipedia.org\/wiki\/Zurna\" target=\"_blank\" rel=\"noopener\"> Zurna<\/a> Oggi<\/strong>: Trova la <b>strumento <\/b>ideale per il tuo stile musicale e aggiungi un pezzo di storia della <strong>musica turca<\/strong> alla tua collezione. Scegli il suono autentico e potente della <b>fiati <\/b>e fai risuonare la sua melodia in ogni performance.<\/p><h3><strong>Vantaggi\u00a0<\/strong><\/h3><ul><li><strong>Qualit\u00e0 artigianale superiore<\/strong><\/li><li><strong>Suono autentico e chiaro<\/strong><\/li><li><strong>Materiali di alta qualit\u00e0<\/strong><\/li><li><strong>Variet\u00e0 di stili e modelli per ogni esigenza<\/strong><\/li><\/ul>\t\t\t\t\t\t\t\t<\/div>\n\t\t\t\t\t<\/div>\n\t\t\t\t<\/div>\n\t\t\t\t\t<\/div>\n\t\t\t\t<\/div>\n\t\t\t\t<section class=\"elementor-section elementor-top-section elementor-element elementor-element-5aa1e515 elementor-section-boxed elementor-section-height-default elementor-section-height-default\" data-id=\"5aa1e515\" data-element_type=\"section\" data-e-type=\"section\" data-settings=\"{&quot;background_background&quot;:&quot;classic&quot;}\">\n\t\t\t\t\t\t<div class=\"elementor-container elementor-column-gap-default\">\n\t\t\t\t\t<div class=\"elementor-column elementor-col-100 elementor-top-column elementor-element elementor-element-211709f7\" data-id=\"211709f7\" data-element_type=\"column\" data-e-type=\"column\">\n\t\t\t<div class=\"elementor-widget-wrap elementor-element-populated\">\n\t\t\t\t\t\t<section class=\"elementor-section elementor-inner-section elementor-element elementor-element-444c15ac elementor-section-boxed elementor-section-height-default elementor-section-height-default\" data-id=\"444c15ac\" data-element_type=\"section\" data-e-type=\"section\">\n\t\t\t\t\t\t<div class=\"elementor-container elementor-column-gap-default\">\n\t\t\t\t\t<div class=\"elementor-column elementor-col-25 elementor-inner-column elementor-element elementor-element-7e8fe3d9 elementor-invisible\" data-id=\"7e8fe3d9\" data-element_type=\"column\" data-e-type=\"column\" data-settings=\"{&quot;animation&quot;:&quot;fadeInLeft&quot;}\">\n\t\t\t<div class=\"elementor-widget-wrap elementor-element-populated\">\n\t\t\t\t\t\t<div class=\"elementor-element elementor-element-786dc239 elementor-position-inline-start elementor-view-default elementor-mobile-position-block-start elementor-widget elementor-widget-icon-box\" data-id=\"786dc239\" data-element_type=\"widget\" data-e-type=\"widget\" data-settings=\"{&quot;ekit_we_effect_on&quot;:&quot;none&quot;}\" data-widget_type=\"icon-box.default\">\n\t\t\t\t\t\t\t<div class=\"elementor-icon-box-wrapper\">\n\n\t\t\t\t\t\t<div class=\"elementor-icon-box-icon\">\n\t\t\t\t<span  class=\"elementor-icon\">\n\t\t\t\t<svg aria-hidden=\"true\" class=\"e-font-icon-svg e-fas-shipping-fast\" viewBox=\"0 0 640 512\" xmlns=\"http:\/\/www.w3.org\/2000\/svg\"><path d=\"M624 352h-16V243.9c0-12.7-5.1-24.9-14.1-33.9L494 110.1c-9-9-21.2-14.1-33.9-14.1H416V48c0-26.5-21.5-48-48-48H112C85.5 0 64 21.5 64 48v48H8c-4.4 0-8 3.6-8 8v16c0 4.4 3.6 8 8 8h272c4.4 0 8 3.6 8 8v16c0 4.4-3.6 8-8 8H40c-4.4 0-8 3.6-8 8v16c0 4.4 3.6 8 8 8h208c4.4 0 8 3.6 8 8v16c0 4.4-3.6 8-8 8H8c-4.4 0-8 3.6-8 8v16c0 4.4 3.6 8 8 8h208c4.4 0 8 3.6 8 8v16c0 4.4-3.6 8-8 8H64v128c0 53 43 96 96 96s96-43 96-96h128c0 53 43 96 96 96s96-43 96-96h48c8.8 0 16-7.2 16-16v-32c0-8.8-7.2-16-16-16zM160 464c-26.5 0-48-21.5-48-48s21.5-48 48-48 48 21.5 48 48-21.5 48-48 48zm320 0c-26.5 0-48-21.5-48-48s21.5-48 48-48 48 21.5 48 48-21.5 48-48 48zm80-208H416V144h44.1l99.9 99.9V256z\"><\/path><\/svg>\t\t\t\t<\/span>\n\t\t\t<\/div>\n\t\t\t\n\t\t\t\t\t\t<div class=\"elementor-icon-box-content\">\n\n\t\t\t\t\t\t\t\t\t<h4 class=\"elementor-icon-box-title\">\n\t\t\t\t\t\t<span  >\n\t\t\t\t\t\t\tFree Shipping\t\t\t\t\t\t<\/span>\n\t\t\t\t\t<\/h4>\n\t\t\t\t\n\t\t\t\t\t\t\t\t\t<p class=\"elementor-icon-box-description\">\n\t\t\t\t\t\tTo Europe &amp; %0 Custom Tax\n\t\t\t\t\t<\/p>\n\t\t\t\t\n\t\t\t<\/div>\n\t\t\t\n\t\t<\/div>\n\t\t\t\t\t\t<\/div>\n\t\t\t\t\t<\/div>\n\t\t<\/div>\n\t\t\t\t<div class=\"elementor-column elementor-col-25 elementor-inner-column elementor-element elementor-element-250121be elementor-invisible\" data-id=\"250121be\" data-element_type=\"column\" data-e-type=\"column\" data-settings=\"{&quot;animation&quot;:&quot;fadeInLeft&quot;,&quot;animation_delay&quot;:240}\">\n\t\t\t<div class=\"elementor-widget-wrap elementor-element-populated\">\n\t\t\t\t\t\t<div class=\"elementor-element elementor-element-63e982e0 elementor-position-inline-start elementor-view-default elementor-mobile-position-block-start elementor-widget elementor-widget-icon-box\" data-id=\"63e982e0\" data-element_type=\"widget\" data-e-type=\"widget\" data-settings=\"{&quot;ekit_we_effect_on&quot;:&quot;none&quot;}\" data-widget_type=\"icon-box.default\">\n\t\t\t\t\t\t\t<div class=\"elementor-icon-box-wrapper\">\n\n\t\t\t\t\t\t<div class=\"elementor-icon-box-icon\">\n\t\t\t\t<span  class=\"elementor-icon\">\n\t\t\t\t<i aria-hidden=\"true\" class=\"icon icon-shield\"><\/i>\t\t\t\t<\/span>\n\t\t\t<\/div>\n\t\t\t\n\t\t\t\t\t\t<div class=\"elementor-icon-box-content\">\n\n\t\t\t\t\t\t\t\t\t<h4 class=\"elementor-icon-box-title\">\n\t\t\t\t\t\t<span  >\n\t\t\t\t\t\t\t15 Days Warranty\t\t\t\t\t\t<\/span>\n\t\t\t\t\t<\/h4>\n\t\t\t\t\n\t\t\t\t\t\t\t\t\t<p class=\"elementor-icon-box-description\">\n\t\t\t\t\t\t15 days money back\n\n\n\t\t\t\t\t<\/p>\n\t\t\t\t\n\t\t\t<\/div>\n\t\t\t\n\t\t<\/div>\n\t\t\t\t\t\t<\/div>\n\t\t\t\t\t<\/div>\n\t\t<\/div>\n\t\t\t\t<div class=\"elementor-column elementor-col-25 elementor-inner-column elementor-element elementor-element-54830fb3 elementor-invisible\" data-id=\"54830fb3\" data-element_type=\"column\" data-e-type=\"column\" data-settings=\"{&quot;animation&quot;:&quot;fadeInLeft&quot;,&quot;animation_delay&quot;:480}\">\n\t\t\t<div class=\"elementor-widget-wrap elementor-element-populated\">\n\t\t\t\t\t\t<div class=\"elementor-element elementor-element-2df2b689 elementor-position-inline-start elementor-view-default elementor-mobile-position-block-start elementor-widget elementor-widget-icon-box\" data-id=\"2df2b689\" data-element_type=\"widget\" data-e-type=\"widget\" data-settings=\"{&quot;ekit_we_effect_on&quot;:&quot;none&quot;}\" data-widget_type=\"icon-box.default\">\n\t\t\t\t\t\t\t<div class=\"elementor-icon-box-wrapper\">\n\n\t\t\t\t\t\t<div class=\"elementor-icon-box-icon\">\n\t\t\t\t<span  class=\"elementor-icon\">\n\t\t\t\t<i aria-hidden=\"true\" class=\"icon icon-planet-earth\"><\/i>\t\t\t\t<\/span>\n\t\t\t<\/div>\n\t\t\t\n\t\t\t\t\t\t<div class=\"elementor-icon-box-content\">\n\n\t\t\t\t\t\t\t\t\t<h4 class=\"elementor-icon-box-title\">\n\t\t\t\t\t\t<span  >\n\t\t\t\t\t\t\tGlobal Shipping\t\t\t\t\t\t<\/span>\n\t\t\t\t\t<\/h4>\n\t\t\t\t\n\t\t\t\t\t\t\t\t\t<p class=\"elementor-icon-box-description\">\n\t\t\t\t\t\tWorldwide Shipping\t\t\t\t\t<\/p>\n\t\t\t\t\n\t\t\t<\/div>\n\t\t\t\n\t\t<\/div>\n\t\t\t\t\t\t<\/div>\n\t\t\t\t\t<\/div>\n\t\t<\/div>\n\t\t\t\t<div class=\"elementor-column elementor-col-25 elementor-inner-column elementor-element elementor-element-418ca81c elementor-invisible\" data-id=\"418ca81c\" data-element_type=\"column\" data-e-type=\"column\" data-settings=\"{&quot;animation&quot;:&quot;fadeInLeft&quot;,&quot;animation_delay&quot;:600}\">\n\t\t\t<div class=\"elementor-widget-wrap elementor-element-populated\">\n\t\t\t\t\t\t<div class=\"elementor-element elementor-element-313f85f elementor-position-inline-start elementor-view-default elementor-mobile-position-block-start elementor-widget elementor-widget-icon-box\" data-id=\"313f85f\" data-element_type=\"widget\" data-e-type=\"widget\" data-settings=\"{&quot;ekit_we_effect_on&quot;:&quot;none&quot;}\" data-widget_type=\"icon-box.default\">\n\t\t\t\t\t\t\t<div class=\"elementor-icon-box-wrapper\">\n\n\t\t\t\t\t\t<div class=\"elementor-icon-box-icon\">\n\t\t\t\t<span  class=\"elementor-icon\">\n\t\t\t\t<i aria-hidden=\"true\" class=\"icon icon-safebox\"><\/i>\t\t\t\t<\/span>\n\t\t\t<\/div>\n\t\t\t\n\t\t\t\t\t\t<div class=\"elementor-icon-box-content\">\n\n\t\t\t\t\t\t\t\t\t<h4 class=\"elementor-icon-box-title\">\n\t\t\t\t\t\t<span  >\n\t\t\t\t\t\t\t100% Secure\t\t\t\t\t\t<\/span>\n\t\t\t\t\t<\/h4>\n\t\t\t\t\n\t\t\t\t\t\t\t\t\t<p class=\"elementor-icon-box-description\">\n\t\t\t\t\t\t100% Secure Checkout\n\n\n\t\t\t\t\t<\/p>\n\t\t\t\t\n\t\t\t<\/div>\n\t\t\t\n\t\t<\/div>\n\t\t\t\t\t\t<\/div>\n\t\t\t\t\t<\/div>\n\t\t<\/div>\n\t\t\t\t\t<\/div>\n\t\t<\/section>\n\t\t\t\t\t<\/div>\n\t\t<\/div>\n\t\t\t\t\t<\/div>\n\t\t<\/section>\n\t\t\t\t<\/div>\n\t\t","protected":false},"excerpt":{"rendered":"<p>\u00a0l&#8217;essenza e lo spirito della musica turca. Le nostre Zurna sono realizzate da abili artigiani che hanno dedicato la loro vita a padroneggiare l&#8217;arte della costruzione degli strumenti.<\/p>\n","protected":false},"author":1,"featured_media":0,"parent":0,"menu_order":0,"comment_status":"closed","ping_status":"closed","template":"","meta":{"googlesitekit_rrm_CAow0IDLDA:productID":"","_eb_attr":"","footnotes":""},"class_list":["post-16417","page","type-page","status-publish","hentry"],"jetpack_sharing_enabled":true,"_links":{"self":[{"href":"https:\/\/tapadum.com\/it\/wp-json\/wp\/v2\/pages\/16417","targetHints":{"allow":["GET"]}}],"collection":[{"href":"https:\/\/tapadum.com\/it\/wp-json\/wp\/v2\/pages"}],"about":[{"href":"https:\/\/tapadum.com\/it\/wp-json\/wp\/v2\/types\/page"}],"author":[{"embeddable":true,"href":"https:\/\/tapadum.com\/it\/wp-json\/wp\/v2\/users\/1"}],"replies":[{"embeddable":true,"href":"https:\/\/tapadum.com\/it\/wp-json\/wp\/v2\/comments?post=16417"}],"version-history":[{"count":9,"href":"https:\/\/tapadum.com\/it\/wp-json\/wp\/v2\/pages\/16417\/revisions"}],"predecessor-version":[{"id":33143,"href":"https:\/\/tapadum.com\/it\/wp-json\/wp\/v2\/pages\/16417\/revisions\/33143"}],"wp:attachment":[{"href":"https:\/\/tapadum.com\/it\/wp-json\/wp\/v2\/media?parent=16417"}],"curies":[{"name":"wp","href":"https:\/\/api.w.org\/{rel}","templated":true}]}}