{"id":16423,"date":"2023-07-09T16:17:35","date_gmt":"2023-07-09T14:17:35","guid":{"rendered":"https:\/\/tapadum.com\/?page_id=16423"},"modified":"2026-05-04T15:18:04","modified_gmt":"2026-05-04T13:18:04","slug":"kabak-kemane","status":"publish","type":"page","link":"https:\/\/tapadum.com\/it\/kabak-kemane\/","title":{"rendered":"Kabak Kemane"},"content":{"rendered":"\t\t<div data-elementor-type=\"wp-page\" data-elementor-id=\"16423\" class=\"elementor elementor-16423 elementor-9101\" data-elementor-post-type=\"page\">\n\t\t\t\t\t\t<section class=\"elementor-section elementor-top-section elementor-element elementor-element-4b922c14 elementor-section-boxed elementor-section-height-default elementor-section-height-default\" data-id=\"4b922c14\" data-element_type=\"section\" data-e-type=\"section\" data-settings=\"{&quot;background_background&quot;:&quot;classic&quot;}\">\n\t\t\t\t\t\t\t<div class=\"elementor-background-overlay\"><\/div>\n\t\t\t\t\t\t\t<div class=\"elementor-container elementor-column-gap-default\">\n\t\t\t\t\t<div class=\"elementor-column elementor-col-100 elementor-top-column elementor-element elementor-element-73c913e8\" data-id=\"73c913e8\" data-element_type=\"column\" data-e-type=\"column\">\n\t\t\t<div class=\"elementor-widget-wrap elementor-element-populated\">\n\t\t\t\t\t\t<div class=\"elementor-element elementor-element-fa1620f elementor-widget elementor-widget-woocommerce-breadcrumb\" data-id=\"fa1620f\" data-element_type=\"widget\" data-e-type=\"widget\" data-settings=\"{&quot;ekit_we_effect_on&quot;:&quot;none&quot;}\" data-widget_type=\"woocommerce-breadcrumb.default\">\n\t\t\t\t\t<nav class=\"woocommerce-breadcrumb\" aria-label=\"Breadcrumb\">Home<\/nav>\t\t\t\t<\/div>\n\t\t\t\t\t<\/div>\n\t\t<\/div>\n\t\t\t\t\t<\/div>\n\t\t<\/section>\n\t\t\t\t<section class=\"elementor-section elementor-top-section elementor-element elementor-element-454cf78a elementor-section-boxed elementor-section-height-default elementor-section-height-default\" data-id=\"454cf78a\" data-element_type=\"section\" data-e-type=\"section\">\n\t\t\t\t\t\t<div class=\"elementor-container elementor-column-gap-default\">\n\t\t\t\t\t<div class=\"elementor-column elementor-col-100 elementor-top-column elementor-element elementor-element-5bb1327a\" data-id=\"5bb1327a\" data-element_type=\"column\" data-e-type=\"column\" data-settings=\"{&quot;background_background&quot;:&quot;classic&quot;}\">\n\t\t\t<div class=\"elementor-widget-wrap elementor-element-populated\">\n\t\t\t\t\t\t<section class=\"elementor-section elementor-inner-section elementor-element elementor-element-7a1a5b0 elementor-section-boxed elementor-section-height-default elementor-section-height-default\" data-id=\"7a1a5b0\" data-element_type=\"section\" data-e-type=\"section\">\n\t\t\t\t\t\t<div class=\"elementor-container elementor-column-gap-default\">\n\t\t\t\t\t<div class=\"elementor-column elementor-col-100 elementor-inner-column elementor-element elementor-element-684c4791 elementor-invisible\" data-id=\"684c4791\" data-element_type=\"column\" data-e-type=\"column\" data-settings=\"{&quot;animation&quot;:&quot;fadeIn&quot;,&quot;animation_delay&quot;:360}\">\n\t\t\t<div class=\"elementor-widget-wrap elementor-element-populated\">\n\t\t\t\t\t\t<div class=\"elementor-element elementor-element-67c5d593 elementor-widget elementor-widget-heading\" data-id=\"67c5d593\" data-element_type=\"widget\" data-e-type=\"widget\" data-settings=\"{&quot;ekit_we_effect_on&quot;:&quot;none&quot;}\" data-widget_type=\"heading.default\">\n\t\t\t\t\t<h1 class=\"elementor-heading-title elementor-size-default\">Kabak Kemane<\/h1>\t\t\t\t<\/div>\n\t\t\t\t\t<\/div>\n\t\t<\/div>\n\t\t\t\t\t<\/div>\n\t\t<\/section>\n\t\t\t\t\t<\/div>\n\t\t<\/div>\n\t\t\t\t\t<\/div>\n\t\t<\/section>\n\t\t<div class=\"elementor-element elementor-element-2634c03c e-flex e-con-boxed e-con e-parent\" data-id=\"2634c03c\" data-element_type=\"container\" data-e-type=\"container\" data-settings=\"{&quot;background_background&quot;:&quot;classic&quot;}\">\n\t\t\t\t\t<div class=\"e-con-inner\">\n\t\t<div class=\"elementor-element elementor-element-6867b08f e-flex e-con-boxed e-con e-child\" data-id=\"6867b08f\" data-element_type=\"container\" data-e-type=\"container\" data-settings=\"{&quot;background_background&quot;:&quot;classic&quot;}\">\n\t\t\t\t\t<div class=\"e-con-inner\">\n\t\t\t\t<div class=\"elementor-element elementor-element-15d0d4d5 elementor-widget elementor-widget-text-editor\" data-id=\"15d0d4d5\" data-element_type=\"widget\" data-e-type=\"widget\" data-settings=\"{&quot;ekit_we_effect_on&quot;:&quot;none&quot;}\" data-widget_type=\"text-editor.default\">\n\t\t\t\t\t\t\t\t\t<p>Il Kabak Kemane \u00e8 uno strumento musicale singolare e affascinante che occupa un posto speciale nella musica folkloristica turca. La sua forma distintiva e le sue capacit\u00e0 melodiche lo rendono uno strumento amato tra i musicisti e gli appassionati.<\/p>\t\t\t\t\t\t\t\t<\/div>\n\t\t\t\t\t<\/div>\n\t\t\t\t<\/div>\n\t\t\t\t\t<\/div>\n\t\t\t\t<\/div>\n\t\t<div class=\"elementor-element elementor-element-7a41ad9d e-flex e-con-boxed e-con e-parent\" data-id=\"7a41ad9d\" data-element_type=\"container\" data-e-type=\"container\" data-settings=\"{&quot;background_background&quot;:&quot;classic&quot;}\">\n\t\t\t\t\t<div class=\"e-con-inner\">\n\t\t<div class=\"elementor-element elementor-element-565b22ad e-flex e-con-boxed e-con e-child\" data-id=\"565b22ad\" data-element_type=\"container\" data-e-type=\"container\" data-settings=\"{&quot;background_background&quot;:&quot;classic&quot;}\">\n\t\t\t\t\t<div class=\"e-con-inner\">\n\t\t\t\t<div class=\"elementor-element elementor-element-7829ba1e elementor-grid-4 elementor-grid-tablet-3 elementor-grid-mobile-2 elementor-products-grid elementor-wc-products elementor-show-pagination-border-yes elementor-widget elementor-widget-woocommerce-products\" data-id=\"7829ba1e\" data-element_type=\"widget\" data-e-type=\"widget\" data-settings=\"{&quot;ekit_we_effect_on&quot;:&quot;none&quot;}\" data-widget_type=\"woocommerce-products.default\">\n\t\t\t\t<div class=\"elementor-widget-container\">\n\t\t\t\t\t<div class=\"woocommerce columns-4 \"><div class=\"woocommerce-notices-wrapper\"><\/div><p class=\"woocommerce-result-count\" role=\"alert\" aria-relevant=\"all\" >\n\tVisualizzazione del risultato<\/p>\n<form class=\"woocommerce-ordering\" method=\"get\">\n\t\t<select\n\t\tname=\"orderby\"\n\t\tclass=\"orderby\"\n\t\t\t\t\taria-label=\"Ordine negozio\"\n\t\t\t>\n\t\t\t\t\t<option value=\"popularity\" >Popolarit\u00e0<\/option>\n\t\t\t\t\t<option value=\"rating\" >Valutazione media<\/option>\n\t\t\t\t\t<option value=\"date\" >Ordina in base al pi\u00f9 recente<\/option>\n\t\t\t\t\t<option value=\"price\"  selected='selected'>Prezzo: dal pi\u00f9 economico<\/option>\n\t\t\t\t\t<option value=\"price-desc\" >Prezzo: dal pi\u00f9 caro<\/option>\n\t\t\t<\/select>\n\t<input type=\"hidden\" name=\"paged\" value=\"1\" \/>\n\t<\/form>\n<ul class=\"products elementor-grid columns-4\">\n<li class=\"product type-product post-31845 status-publish first outofstock product_cat-kabak-kemane-it product_cat-strumenti-ad-arco has-post-thumbnail sale shipping-taxable purchasable product-type-simple\">\n\t<a href=\"https:\/\/tapadum.com\/it\/prodotto\/tradizionale-kabak-kemane-turco\/\" class=\"woocommerce-LoopProduct-link woocommerce-loop-product__link\">\n\t<span class=\"onsale\">In offerta!<\/span>\n\t<img fetchpriority=\"high\" decoding=\"async\" width=\"300\" height=\"300\" src=\"https:\/\/i0.wp.com\/tapadum.com\/wp-content\/uploads\/2023\/05\/5-4.png?resize=300%2C300&amp;ssl=1\" class=\"attachment-woocommerce_thumbnail size-woocommerce_thumbnail\" alt=\"Kabak Kemane Turco\" srcset=\"https:\/\/i0.wp.com\/tapadum.com\/wp-content\/uploads\/2023\/05\/5-4.png?w=900&amp;ssl=1 900w, https:\/\/i0.wp.com\/tapadum.com\/wp-content\/uploads\/2023\/05\/5-4.png?resize=300%2C300&amp;ssl=1 300w, https:\/\/i0.wp.com\/tapadum.com\/wp-content\/uploads\/2023\/05\/5-4.png?resize=100%2C100&amp;ssl=1 100w, https:\/\/i0.wp.com\/tapadum.com\/wp-content\/uploads\/2023\/05\/5-4.png?resize=600%2C600&amp;ssl=1 600w\" sizes=\"(max-width: 300px) 100vw, 300px\" \/><h2 class=\"woocommerce-loop-product__title\">Tradizionale Kabak Kemane Turco<\/h2>\n\t<span class=\"price\"><del aria-hidden=\"true\"><span class=\"woocommerce-Price-amount amount\"><bdi><span class=\"woocommerce-Price-currencySymbol\">&euro;<\/span>379,00<\/bdi><\/span><\/del> <span class=\"screen-reader-text\">Il prezzo originale era: &euro;379,00.<\/span><ins aria-hidden=\"true\"><span class=\"woocommerce-Price-amount amount\"><bdi><span class=\"woocommerce-Price-currencySymbol\">&euro;<\/span>349,00<\/bdi><\/span><\/ins><span class=\"screen-reader-text\">Il prezzo attuale \u00e8: &euro;349,00.<\/span><\/span>\n<\/a><a href=\"https:\/\/tapadum.com\/it\/prodotto\/tradizionale-kabak-kemane-turco\/\" aria-describedby=\"woocommerce_loop_add_to_cart_link_describedby_31845\" data-quantity=\"1\" class=\"button product_type_simple\" data-product_id=\"31845\" data-product_sku=\"Tap224\" aria-label=\"Leggi di pi\u00f9 su &quot;Tradizionale Kabak Kemane Turco&quot;\" rel=\"nofollow\" data-success_message=\"\">Leggi tutto<\/a>\t<span id=\"woocommerce_loop_add_to_cart_link_describedby_31845\" class=\"screen-reader-text\">\n\t\t\t<\/span>\n<\/li>\n<\/ul>\n<\/div>\t\t\t\t<\/div>\n\t\t\t\t<\/div>\n\t\t\t\t\t<\/div>\n\t\t\t\t<\/div>\n\t\t\t\t\t<\/div>\n\t\t\t\t<\/div>\n\t\t<div class=\"elementor-element elementor-element-5ad2fc9d e-flex e-con-boxed e-con e-parent\" data-id=\"5ad2fc9d\" data-element_type=\"container\" data-e-type=\"container\" data-settings=\"{&quot;background_background&quot;:&quot;gradient&quot;}\">\n\t\t\t\t\t<div class=\"e-con-inner\">\n\t\t<div class=\"elementor-element elementor-element-4dcd7719 e-flex e-con-boxed e-con e-child\" data-id=\"4dcd7719\" data-element_type=\"container\" data-e-type=\"container\" data-settings=\"{&quot;background_background&quot;:&quot;classic&quot;}\">\n\t\t\t\t\t<div class=\"e-con-inner\">\n\t\t\t\t<div class=\"elementor-element elementor-element-58bd04fb elementor-widget elementor-widget-text-editor\" data-id=\"58bd04fb\" data-element_type=\"widget\" data-e-type=\"widget\" data-settings=\"{&quot;ekit_we_effect_on&quot;:&quot;none&quot;}\" data-widget_type=\"text-editor.default\">\n\t\t\t\t\t\t\t\t\t<p>Benvenuti nella categoria Kabak Kemane del Tapadum Music Store, dove i suoni profondi della musica folk turca prendono vita attraverso questo strumento unico e incantevole. Il Kabak Kemane, spesso chiamato \u201cviolino di zucca,\u201d \u00e8 uno strumento a corde tradizionale suonato con l\u2019archetto, che occupa un posto speciale nella musica e nella cultura turca. Con i suoi toni caldi e penetranti, il Kabak Kemane trasporta gli ascoltatori in un viaggio di emozioni, narrazione e nostalgia, rendendolo uno strumento davvero unico nel mondo della musica popolare.<\/p><p>Al Tapadum Music Store, offriamo una selezione di modelli di alta qualit\u00e0 per musicisti di tutti i livelli: dai principianti che desiderano esplorare la musica folk turca, fino ai musicisti esperti che cercano un autentico strumento per arricchire la propria collezione. Unitevi a noi nell&#8217;esplorare il mondo affascinante del Kabak Kemane e scoprite la gioia di suonare questo straordinario strumento.<\/p><h4>Costruzione e Design Unici<\/h4><p>L\u2019aspetto caratteristico del Kemane \u00e8 uno dei suoi tratti distintivi. Il nome, che deriva dalla parola turca per \u201czucca,\u201d riflette la forma e i materiali del suo corpo. La cassa di risonanza rotonda e armonica \u00e8 realizzata scavando una zucca o un cucurbitaceo, conferendo allo strumento il suo caratteristico tono caldo e naturale. Questa camera di risonanza naturale \u00e8 coperta da una sottile membrana, tradizionalmente fatta di pelle animale, per migliorare la proiezione e la profondit\u00e0 sonora. Il manico \u00e8 solitamente realizzato in legno e si collega alla zucca, prolungandosi in una tastiera senza tasti che consente una vasta gamma di tecniche espressive.<\/p><p>Senza tasti a limitare la posizione delle dita, il Kabak Kemane invita i musicisti a esplorare intricati scivolamenti, piegature e vibrati, donando a ogni nota una qualit\u00e0 altamente personale ed espressiva. La flessibilit\u00e0 offerta da questo design senza tasti \u00e8 ci\u00f2 che rende il Kabak Kemane cos\u00ec amato dai musicisti folk turchi, che lo utilizzano per esprimere sfumature emotive profonde e elementi narrativi nella loro musica.<\/p><h4>Corde e Tecnica di Esecuzione<\/h4><p>Tradizionalmente, questo strumento ad arco \u00e8 dotato di tre corde, solitamente fatte di crine di cavallo o seta, sebbene nelle versioni moderne possano essere utilizzati materiali sintetici. Queste corde sono accordate per produrre una fusione armoniosa di suoni melodici e ritmici. I musicisti suonano il Kabak Kemane con un arco, anch\u2019esso realizzato in crine di cavallo, che crea i toni unici e risonanti dello strumento.<\/p><p>Suonare il Kabak Kemane richiede di tenere lo strumento in posizione verticale, con la base arrotondata appoggiata sul ginocchio. Questa posizione eretta offre controllo e stabilit\u00e0, permettendo ai musicisti di muovere l\u2019archetto dolcemente sulle corde. Il suono ricco e malinconico dello strumento prende vita con ogni colpo d\u2019arco, riempiendo l\u2019aria con una miscela di calore e risonanza. Questo suono \u00e8 perfetto per melodie lente e emotive, ma lo strumento \u00e8 anche capace di vivaci e ritmiche melodie, rendendolo un\u2019aggiunta versatile per ogni ensemble di musica folk.<\/p><h4>Un Pilastro della Musica Folk Turca<\/h4><p>Il Kabak Kemane ricopre un ruolo prezioso nella musica folk turca, dove il suo timbro unico e le capacit\u00e0 espressive aggiungono profondit\u00e0 e ricchezza agli ensemble. Il suo suono evocativo si abbina ad altri strumenti tradizionali, come il baglama e il ney, e viene spesso utilizzato sia come accompagnamento melodico che come strumento solista. I musicisti usano il Kabak Kemane per esprimere il cuore emotivo della musica folk turca, catturando sentimenti di amore, nostalgia e gioia.<\/p><p>Questo strumento \u00e8 particolarmente adatto ai diversi stili regionali della musica folk turca, ognuno dei quali apporta tecniche e tradizioni uniche. Dalle vaste distese dell\u2019Anatolia agli intimi raduni nei villaggi, il Kabak Kemane \u00e8 stato un elemento chiave nell\u2019espressione culturale turca per secoli.<\/p><h4>Eccezionale Artigianato e Qualit\u00e0<\/h4><p>Al Tapadum Music Store, ci dedichiamo a fornire autentici strumenti Kabak Kemane realizzati da esperti liutai che rispettano i metodi e i materiali tradizionali. La nostra collezione include modelli adatti sia per principianti che per musicisti esperti, ciascuno realizzato per offrire un suono ricco e risonante che cattura l\u2019essenza del Kabak Kemane. Selezioniamo attentamente strumenti con corpi di zucca di qualit\u00e0, membrane durevoli e archi finemente lavorati per garantire che possiate sperimentare la vera voce di questo strumento unico.<\/p><p>I principianti troveranno nei nostri modelli entry-level di Kabak Kemane uno strumento facile da suonare, che permette di sviluppare tecnica e musicalit\u00e0 con un suono pieno e costante. I musicisti avanzati possono esplorare modelli premium con sfumature tonali pi\u00f9 sottili, perfetti per performance dal vivo e registrazioni. Qualunque sia il vostro livello, il Tapadum Music Store offre un Kabak Kemane che soddisfa le vostre esigenze e ispira la vostra musica.<\/p><h4>Intraprendi un Viaggio Musicale con il Kabak Kemane<\/h4><p>Il Kabak Kemane \u00e8 pi\u00f9 di uno strumento; \u00e8 un viaggio nel cuore della musica e della cultura turca. Le sue melodie hanno il potere di evocare emozioni profonde, trasportando musicisti e ascoltatori in un mondo di bellezza, tradizione ed espressione. Suonare il Kabak Kemane permette di esplorare la ricca tradizione della musica folk turca, creando allo stesso tempo un suono unico e personale che riflette la propria storia musicale.<\/p><p>Esplorate la nostra categoria Kabak Kemane al Tapadum Music Store e trovate lo strumento perfetto per accompagnarvi nel vostro percorso musicale. Che siate attratti dal fascino della musica folk turca o semplicemente affascinati dal suono unico del <a href=\"https:\/\/tr.wikipedia.org\/wiki\/Kabak_kemane\" target=\"_blank\" rel=\"noopener\">Kabak Kemane,<\/a> vi invitiamo a scoprire la gioia di suonare questo straordinario strumento. Lasciatevi ispirare dal suo fascino melodico e dalla sua voce profonda mentre vi connettete con secoli di tradizione e artigianato.<\/p>\t\t\t\t\t\t\t\t<\/div>\n\t\t\t\t\t<\/div>\n\t\t\t\t<\/div>\n\t\t\t\t\t<\/div>\n\t\t\t\t<\/div>\n\t\t\t\t<section class=\"elementor-section elementor-top-section elementor-element elementor-element-254b61af elementor-section-boxed elementor-section-height-default elementor-section-height-default\" data-id=\"254b61af\" data-element_type=\"section\" data-e-type=\"section\" data-settings=\"{&quot;background_background&quot;:&quot;classic&quot;}\">\n\t\t\t\t\t\t<div class=\"elementor-container elementor-column-gap-default\">\n\t\t\t\t\t<div class=\"elementor-column elementor-col-100 elementor-top-column elementor-element elementor-element-12dea843\" data-id=\"12dea843\" data-element_type=\"column\" data-e-type=\"column\">\n\t\t\t<div class=\"elementor-widget-wrap elementor-element-populated\">\n\t\t\t\t\t\t<section class=\"elementor-section elementor-inner-section elementor-element elementor-element-39cac30a elementor-section-boxed elementor-section-height-default elementor-section-height-default\" data-id=\"39cac30a\" data-element_type=\"section\" data-e-type=\"section\">\n\t\t\t\t\t\t<div class=\"elementor-container elementor-column-gap-default\">\n\t\t\t\t\t<div class=\"elementor-column elementor-col-25 elementor-inner-column elementor-element elementor-element-69ea24c5 elementor-invisible\" data-id=\"69ea24c5\" data-element_type=\"column\" data-e-type=\"column\" data-settings=\"{&quot;animation&quot;:&quot;fadeInLeft&quot;}\">\n\t\t\t<div class=\"elementor-widget-wrap elementor-element-populated\">\n\t\t\t\t\t\t<div class=\"elementor-element elementor-element-35ed6bcb elementor-position-inline-start elementor-view-default elementor-mobile-position-block-start elementor-widget elementor-widget-icon-box\" data-id=\"35ed6bcb\" data-element_type=\"widget\" data-e-type=\"widget\" data-settings=\"{&quot;ekit_we_effect_on&quot;:&quot;none&quot;}\" data-widget_type=\"icon-box.default\">\n\t\t\t\t\t\t\t<div class=\"elementor-icon-box-wrapper\">\n\n\t\t\t\t\t\t<div class=\"elementor-icon-box-icon\">\n\t\t\t\t<span  class=\"elementor-icon\">\n\t\t\t\t<svg aria-hidden=\"true\" class=\"e-font-icon-svg e-fas-shipping-fast\" viewBox=\"0 0 640 512\" xmlns=\"http:\/\/www.w3.org\/2000\/svg\"><path d=\"M624 352h-16V243.9c0-12.7-5.1-24.9-14.1-33.9L494 110.1c-9-9-21.2-14.1-33.9-14.1H416V48c0-26.5-21.5-48-48-48H112C85.5 0 64 21.5 64 48v48H8c-4.4 0-8 3.6-8 8v16c0 4.4 3.6 8 8 8h272c4.4 0 8 3.6 8 8v16c0 4.4-3.6 8-8 8H40c-4.4 0-8 3.6-8 8v16c0 4.4 3.6 8 8 8h208c4.4 0 8 3.6 8 8v16c0 4.4-3.6 8-8 8H8c-4.4 0-8 3.6-8 8v16c0 4.4 3.6 8 8 8h208c4.4 0 8 3.6 8 8v16c0 4.4-3.6 8-8 8H64v128c0 53 43 96 96 96s96-43 96-96h128c0 53 43 96 96 96s96-43 96-96h48c8.8 0 16-7.2 16-16v-32c0-8.8-7.2-16-16-16zM160 464c-26.5 0-48-21.5-48-48s21.5-48 48-48 48 21.5 48 48-21.5 48-48 48zm320 0c-26.5 0-48-21.5-48-48s21.5-48 48-48 48 21.5 48 48-21.5 48-48 48zm80-208H416V144h44.1l99.9 99.9V256z\"><\/path><\/svg>\t\t\t\t<\/span>\n\t\t\t<\/div>\n\t\t\t\n\t\t\t\t\t\t<div class=\"elementor-icon-box-content\">\n\n\t\t\t\t\t\t\t\t\t<h4 class=\"elementor-icon-box-title\">\n\t\t\t\t\t\t<span  >\n\t\t\t\t\t\t\tFree Shipping\t\t\t\t\t\t<\/span>\n\t\t\t\t\t<\/h4>\n\t\t\t\t\n\t\t\t\t\t\t\t\t\t<p class=\"elementor-icon-box-description\">\n\t\t\t\t\t\tTo Europe &amp; %0 Custom Tax\n\t\t\t\t\t<\/p>\n\t\t\t\t\n\t\t\t<\/div>\n\t\t\t\n\t\t<\/div>\n\t\t\t\t\t\t<\/div>\n\t\t\t\t\t<\/div>\n\t\t<\/div>\n\t\t\t\t<div class=\"elementor-column elementor-col-25 elementor-inner-column elementor-element elementor-element-4a1db75e elementor-invisible\" data-id=\"4a1db75e\" data-element_type=\"column\" data-e-type=\"column\" data-settings=\"{&quot;animation&quot;:&quot;fadeInLeft&quot;,&quot;animation_delay&quot;:240}\">\n\t\t\t<div class=\"elementor-widget-wrap elementor-element-populated\">\n\t\t\t\t\t\t<div class=\"elementor-element elementor-element-30af67e1 elementor-position-inline-start elementor-view-default elementor-mobile-position-block-start elementor-widget elementor-widget-icon-box\" data-id=\"30af67e1\" data-element_type=\"widget\" data-e-type=\"widget\" data-settings=\"{&quot;ekit_we_effect_on&quot;:&quot;none&quot;}\" data-widget_type=\"icon-box.default\">\n\t\t\t\t\t\t\t<div class=\"elementor-icon-box-wrapper\">\n\n\t\t\t\t\t\t<div class=\"elementor-icon-box-icon\">\n\t\t\t\t<span  class=\"elementor-icon\">\n\t\t\t\t<i aria-hidden=\"true\" class=\"icon icon-shield\"><\/i>\t\t\t\t<\/span>\n\t\t\t<\/div>\n\t\t\t\n\t\t\t\t\t\t<div class=\"elementor-icon-box-content\">\n\n\t\t\t\t\t\t\t\t\t<h4 class=\"elementor-icon-box-title\">\n\t\t\t\t\t\t<span  >\n\t\t\t\t\t\t\t15 Days Warranty\t\t\t\t\t\t<\/span>\n\t\t\t\t\t<\/h4>\n\t\t\t\t\n\t\t\t\t\t\t\t\t\t<p class=\"elementor-icon-box-description\">\n\t\t\t\t\t\t15 days money back\n\n\n\t\t\t\t\t<\/p>\n\t\t\t\t\n\t\t\t<\/div>\n\t\t\t\n\t\t<\/div>\n\t\t\t\t\t\t<\/div>\n\t\t\t\t\t<\/div>\n\t\t<\/div>\n\t\t\t\t<div class=\"elementor-column elementor-col-25 elementor-inner-column elementor-element elementor-element-74efb5fc elementor-invisible\" data-id=\"74efb5fc\" data-element_type=\"column\" data-e-type=\"column\" data-settings=\"{&quot;animation&quot;:&quot;fadeInLeft&quot;,&quot;animation_delay&quot;:480}\">\n\t\t\t<div class=\"elementor-widget-wrap elementor-element-populated\">\n\t\t\t\t\t\t<div class=\"elementor-element elementor-element-6148d2d6 elementor-position-inline-start elementor-view-default elementor-mobile-position-block-start elementor-widget elementor-widget-icon-box\" data-id=\"6148d2d6\" data-element_type=\"widget\" data-e-type=\"widget\" data-settings=\"{&quot;ekit_we_effect_on&quot;:&quot;none&quot;}\" data-widget_type=\"icon-box.default\">\n\t\t\t\t\t\t\t<div class=\"elementor-icon-box-wrapper\">\n\n\t\t\t\t\t\t<div class=\"elementor-icon-box-icon\">\n\t\t\t\t<span  class=\"elementor-icon\">\n\t\t\t\t<i aria-hidden=\"true\" class=\"icon icon-planet-earth\"><\/i>\t\t\t\t<\/span>\n\t\t\t<\/div>\n\t\t\t\n\t\t\t\t\t\t<div class=\"elementor-icon-box-content\">\n\n\t\t\t\t\t\t\t\t\t<h4 class=\"elementor-icon-box-title\">\n\t\t\t\t\t\t<span  >\n\t\t\t\t\t\t\tGlobal Shipping\t\t\t\t\t\t<\/span>\n\t\t\t\t\t<\/h4>\n\t\t\t\t\n\t\t\t\t\t\t\t\t\t<p class=\"elementor-icon-box-description\">\n\t\t\t\t\t\tWorldwide Shipping\t\t\t\t\t<\/p>\n\t\t\t\t\n\t\t\t<\/div>\n\t\t\t\n\t\t<\/div>\n\t\t\t\t\t\t<\/div>\n\t\t\t\t\t<\/div>\n\t\t<\/div>\n\t\t\t\t<div class=\"elementor-column elementor-col-25 elementor-inner-column elementor-element elementor-element-30a99351 elementor-invisible\" data-id=\"30a99351\" data-element_type=\"column\" data-e-type=\"column\" data-settings=\"{&quot;animation&quot;:&quot;fadeInLeft&quot;,&quot;animation_delay&quot;:600}\">\n\t\t\t<div class=\"elementor-widget-wrap elementor-element-populated\">\n\t\t\t\t\t\t<div class=\"elementor-element elementor-element-7a6e6d7 elementor-position-inline-start elementor-view-default elementor-mobile-position-block-start elementor-widget elementor-widget-icon-box\" data-id=\"7a6e6d7\" data-element_type=\"widget\" data-e-type=\"widget\" data-settings=\"{&quot;ekit_we_effect_on&quot;:&quot;none&quot;}\" data-widget_type=\"icon-box.default\">\n\t\t\t\t\t\t\t<div class=\"elementor-icon-box-wrapper\">\n\n\t\t\t\t\t\t<div class=\"elementor-icon-box-icon\">\n\t\t\t\t<span  class=\"elementor-icon\">\n\t\t\t\t<i aria-hidden=\"true\" class=\"icon icon-safebox\"><\/i>\t\t\t\t<\/span>\n\t\t\t<\/div>\n\t\t\t\n\t\t\t\t\t\t<div class=\"elementor-icon-box-content\">\n\n\t\t\t\t\t\t\t\t\t<h4 class=\"elementor-icon-box-title\">\n\t\t\t\t\t\t<span  >\n\t\t\t\t\t\t\t100% Secure\t\t\t\t\t\t<\/span>\n\t\t\t\t\t<\/h4>\n\t\t\t\t\n\t\t\t\t\t\t\t\t\t<p class=\"elementor-icon-box-description\">\n\t\t\t\t\t\t100% Secure Checkout\n\n\n\t\t\t\t\t<\/p>\n\t\t\t\t\n\t\t\t<\/div>\n\t\t\t\n\t\t<\/div>\n\t\t\t\t\t\t<\/div>\n\t\t\t\t\t<\/div>\n\t\t<\/div>\n\t\t\t\t\t<\/div>\n\t\t<\/section>\n\t\t\t\t\t<\/div>\n\t\t<\/div>\n\t\t\t\t\t<\/div>\n\t\t<\/section>\n\t\t\t\t<\/div>\n\t\t","protected":false},"excerpt":{"rendered":"<p>Il Kabak Kemane \u00e8 uno strumento musicale singolare e affascinante che occupa un posto speciale nella musica folkloristica turca. La sua forma distintiva e le sue capacit\u00e0 melodiche lo rendono&#8230;<\/p>\n","protected":false},"author":2,"featured_media":0,"parent":0,"menu_order":0,"comment_status":"closed","ping_status":"closed","template":"","meta":{"_eb_attr":"","footnotes":""},"class_list":["post-16423","page","type-page","status-publish","hentry"],"jetpack_sharing_enabled":true,"_links":{"self":[{"href":"https:\/\/tapadum.com\/it\/wp-json\/wp\/v2\/pages\/16423","targetHints":{"allow":["GET"]}}],"collection":[{"href":"https:\/\/tapadum.com\/it\/wp-json\/wp\/v2\/pages"}],"about":[{"href":"https:\/\/tapadum.com\/it\/wp-json\/wp\/v2\/types\/page"}],"author":[{"embeddable":true,"href":"https:\/\/tapadum.com\/it\/wp-json\/wp\/v2\/users\/2"}],"replies":[{"embeddable":true,"href":"https:\/\/tapadum.com\/it\/wp-json\/wp\/v2\/comments?post=16423"}],"version-history":[{"count":12,"href":"https:\/\/tapadum.com\/it\/wp-json\/wp\/v2\/pages\/16423\/revisions"}],"predecessor-version":[{"id":35718,"href":"https:\/\/tapadum.com\/it\/wp-json\/wp\/v2\/pages\/16423\/revisions\/35718"}],"wp:attachment":[{"href":"https:\/\/tapadum.com\/it\/wp-json\/wp\/v2\/media?parent=16423"}],"curies":[{"name":"wp","href":"https:\/\/api.w.org\/{rel}","templated":true}]}}