{"id":16473,"date":"2023-07-09T21:22:38","date_gmt":"2023-07-09T21:22:38","guid":{"rendered":"https:\/\/tapadum.com\/?page_id=16473"},"modified":"2024-12-01T12:13:41","modified_gmt":"2024-12-01T12:13:41","slug":"turkish-mey","status":"publish","type":"page","link":"https:\/\/tapadum.com\/it\/turkish-mey\/","title":{"rendered":"Mey Turco  | Strumento a Fiato Tradizionale Turco | Negozio In Italia dal 2019"},"content":{"rendered":"\t\t<div data-elementor-type=\"wp-page\" data-elementor-id=\"16473\" class=\"elementor elementor-16473 elementor-9173\" data-elementor-post-type=\"page\">\n\t\t\t\t\t\t<section class=\"elementor-section elementor-top-section elementor-element elementor-element-7c6c9a25 elementor-section-boxed elementor-section-height-default elementor-section-height-default\" data-id=\"7c6c9a25\" data-element_type=\"section\" data-e-type=\"section\">\n\t\t\t\t\t\t<div class=\"elementor-container elementor-column-gap-default\">\n\t\t\t\t\t<div class=\"elementor-column elementor-col-100 elementor-top-column elementor-element elementor-element-66364db1\" data-id=\"66364db1\" data-element_type=\"column\" data-e-type=\"column\" data-settings=\"{&quot;background_background&quot;:&quot;classic&quot;}\">\n\t\t\t<div class=\"elementor-widget-wrap elementor-element-populated\">\n\t\t\t\t\t\t<section class=\"elementor-section elementor-inner-section elementor-element elementor-element-4c7c618c elementor-section-boxed elementor-section-height-default elementor-section-height-default\" data-id=\"4c7c618c\" data-element_type=\"section\" data-e-type=\"section\">\n\t\t\t\t\t\t<div class=\"elementor-container elementor-column-gap-default\">\n\t\t\t\t\t<div class=\"elementor-column elementor-col-100 elementor-inner-column elementor-element elementor-element-85f607e elementor-invisible\" data-id=\"85f607e\" data-element_type=\"column\" data-e-type=\"column\" data-settings=\"{&quot;animation&quot;:&quot;fadeIn&quot;,&quot;animation_delay&quot;:360}\">\n\t\t\t<div class=\"elementor-widget-wrap elementor-element-populated\">\n\t\t\t\t\t\t<div class=\"elementor-element elementor-element-5a49cec7 elementor-widget elementor-widget-heading\" data-id=\"5a49cec7\" data-element_type=\"widget\" data-e-type=\"widget\" data-settings=\"{&quot;ekit_we_effect_on&quot;:&quot;none&quot;}\" data-widget_type=\"heading.default\">\n\t\t\t\t\t<h1 class=\"elementor-heading-title elementor-size-default\">Mey<\/h1>\t\t\t\t<\/div>\n\t\t\t\t\t<\/div>\n\t\t<\/div>\n\t\t\t\t\t<\/div>\n\t\t<\/section>\n\t\t\t\t\t<\/div>\n\t\t<\/div>\n\t\t\t\t\t<\/div>\n\t\t<\/section>\n\t\t<div class=\"elementor-element elementor-element-4f58d08c e-flex e-con-boxed e-con e-parent\" data-id=\"4f58d08c\" data-element_type=\"container\" data-e-type=\"container\" data-settings=\"{&quot;background_background&quot;:&quot;classic&quot;}\">\n\t\t\t\t\t<div class=\"e-con-inner\">\n\t\t<div class=\"elementor-element elementor-element-38e02d50 e-flex e-con-boxed e-con e-child\" data-id=\"38e02d50\" data-element_type=\"container\" data-e-type=\"container\" data-settings=\"{&quot;background_background&quot;:&quot;classic&quot;}\">\n\t\t\t\t\t<div class=\"e-con-inner\">\n\t\t\t\t<div class=\"elementor-element elementor-element-6d89d993 elementor-widget elementor-widget-text-editor\" data-id=\"6d89d993\" data-element_type=\"widget\" data-e-type=\"widget\" data-settings=\"{&quot;ekit_we_effect_on&quot;:&quot;none&quot;}\" data-widget_type=\"text-editor.default\">\n\t\t\t\t\t\t\t\t\t<p>Mey Turco: Abbraccia le melodie piene di sentimento\u00a0<\/p>\t\t\t\t\t\t\t\t<\/div>\n\t\t\t\t\t<\/div>\n\t\t\t\t<\/div>\n\t\t\t\t\t<\/div>\n\t\t\t\t<\/div>\n\t\t<div class=\"elementor-element elementor-element-235871f3 e-flex e-con-boxed e-con e-parent\" data-id=\"235871f3\" data-element_type=\"container\" data-e-type=\"container\" data-settings=\"{&quot;background_background&quot;:&quot;classic&quot;}\">\n\t\t\t\t\t<div class=\"e-con-inner\">\n\t\t<div class=\"elementor-element elementor-element-4472324c e-flex e-con-boxed e-con e-child\" data-id=\"4472324c\" data-element_type=\"container\" data-e-type=\"container\" data-settings=\"{&quot;background_background&quot;:&quot;classic&quot;}\">\n\t\t\t\t\t<div class=\"e-con-inner\">\n\t\t\t\t<div class=\"elementor-element elementor-element-2eb99516 elementor-grid-4 elementor-grid-tablet-3 elementor-grid-mobile-2 elementor-products-grid elementor-wc-products elementor-show-pagination-border-yes elementor-widget elementor-widget-woocommerce-products\" data-id=\"2eb99516\" data-element_type=\"widget\" data-e-type=\"widget\" data-settings=\"{&quot;ekit_we_effect_on&quot;:&quot;none&quot;}\" data-widget_type=\"woocommerce-products.default\">\n\t\t\t\t<div class=\"elementor-widget-container\">\n\t\t\t\t\t<div class=\"woocommerce columns-4 \"><div class=\"woocommerce-notices-wrapper\"><\/div><p class=\"woocommerce-result-count\" role=\"alert\" aria-relevant=\"all\" >\n\tVisualizzazione del risultato<\/p>\n<form class=\"woocommerce-ordering\" method=\"get\">\n\t\t<select\n\t\tname=\"orderby\"\n\t\tclass=\"orderby\"\n\t\t\t\t\taria-label=\"Ordine negozio\"\n\t\t\t>\n\t\t\t\t\t<option value=\"popularity\" >Popolarit\u00e0<\/option>\n\t\t\t\t\t<option value=\"rating\" >Valutazione media<\/option>\n\t\t\t\t\t<option value=\"date\" >Ordina in base al pi\u00f9 recente<\/option>\n\t\t\t\t\t<option value=\"price\"  selected='selected'>Prezzo: dal pi\u00f9 economico<\/option>\n\t\t\t\t\t<option value=\"price-desc\" >Prezzo: dal pi\u00f9 caro<\/option>\n\t\t\t<\/select>\n\t<input type=\"hidden\" name=\"paged\" value=\"1\" \/>\n\t<\/form>\n<ul class=\"products elementor-grid columns-4\">\n<li class=\"product type-product post-17194 status-publish first instock product_cat-mey-it product_cat-strumenti-a-fiato has-post-thumbnail sold-individually shipping-taxable purchasable product-type-simple\">\n\t<a href=\"https:\/\/tapadum.com\/it\/prodotto\/mey-professionale\/\" class=\"woocommerce-LoopProduct-link woocommerce-loop-product__link\"><img fetchpriority=\"high\" decoding=\"async\" width=\"300\" height=\"300\" src=\"https:\/\/i0.wp.com\/tapadum.com\/wp-content\/uploads\/2023\/05\/mey-taki3duz_900x.webp?resize=300%2C300&amp;ssl=1\" class=\"attachment-woocommerce_thumbnail size-woocommerce_thumbnail\" alt=\"Mey Professionale\" srcset=\"https:\/\/i0.wp.com\/tapadum.com\/wp-content\/uploads\/2023\/05\/mey-taki3duz_900x.webp?resize=300%2C300&amp;ssl=1 300w, https:\/\/i0.wp.com\/tapadum.com\/wp-content\/uploads\/2023\/05\/mey-taki3duz_900x.webp?resize=100%2C100&amp;ssl=1 100w, https:\/\/i0.wp.com\/tapadum.com\/wp-content\/uploads\/2023\/05\/mey-taki3duz_900x.webp?zoom=2&amp;resize=300%2C300&amp;ssl=1 600w, https:\/\/i0.wp.com\/tapadum.com\/wp-content\/uploads\/2023\/05\/mey-taki3duz_900x.webp?zoom=3&amp;resize=300%2C300&amp;ssl=1 900w\" sizes=\"(max-width: 300px) 100vw, 300px\" \/><h2 class=\"woocommerce-loop-product__title\">Mey Professionale<\/h2>\n\t<span class=\"price\"><span class=\"woocommerce-Price-amount amount\"><bdi><span class=\"woocommerce-Price-currencySymbol\">&euro;<\/span>125,00<\/bdi><\/span><\/span>\n<\/a><a href=\"\/it\/wp-json\/wp\/v2\/pages\/16473?add-to-cart=17194\" aria-describedby=\"woocommerce_loop_add_to_cart_link_describedby_17194\" data-quantity=\"1\" class=\"button product_type_simple add_to_cart_button ajax_add_to_cart\" data-product_id=\"17194\" data-product_sku=\"Tap196\" aria-label=\"Aggiungi al carrello: &quot;Mey Professionale&quot;\" rel=\"nofollow\" data-success_message=\"&quot;Mey Professionale&quot; \u00e8 stato aggiunto al tuo carrello\" role=\"button\">Aggiungi al carrello<\/a>\t<span id=\"woocommerce_loop_add_to_cart_link_describedby_17194\" class=\"screen-reader-text\">\n\t\t\t<\/span>\n<\/li>\n<\/ul>\n<\/div>\t\t\t\t<\/div>\n\t\t\t\t<\/div>\n\t\t\t\t\t<\/div>\n\t\t\t\t<\/div>\n\t\t\t\t\t<\/div>\n\t\t\t\t<\/div>\n\t\t<div class=\"elementor-element elementor-element-414f08ef e-flex e-con-boxed e-con e-parent\" data-id=\"414f08ef\" data-element_type=\"container\" data-e-type=\"container\" data-settings=\"{&quot;background_background&quot;:&quot;gradient&quot;}\">\n\t\t\t\t\t<div class=\"e-con-inner\">\n\t\t<div class=\"elementor-element elementor-element-66bd6285 e-flex e-con-boxed e-con e-child\" data-id=\"66bd6285\" data-element_type=\"container\" data-e-type=\"container\" data-settings=\"{&quot;background_background&quot;:&quot;classic&quot;}\">\n\t\t\t\t\t<div class=\"e-con-inner\">\n\t\t\t\t<div class=\"elementor-element elementor-element-5bd3c60c elementor-widget elementor-widget-text-editor\" data-id=\"5bd3c60c\" data-element_type=\"widget\" data-e-type=\"widget\" data-settings=\"{&quot;ekit_we_effect_on&quot;:&quot;none&quot;}\" data-widget_type=\"text-editor.default\">\n\t\t\t\t\t\t\t\t\t<p><strong>Mey Turco presso Tapadum Music Store: Scopri un Suono Unico e Ricco di Tradizione<\/strong><\/p><p>Benvenuti nella categoria <strong>Mey<\/strong> del Tapadum Music Store, dove potrete immergervi nell\u2019affascinante mondo di questo tradizionale <strong>strumento a fiato turco<\/strong>. Conosciuto per il suo suono profondo, caldo e risonante, il Mey \u00e8 un&#8217;icona della musica popolare e classica turca. Realizzato con materiali di alta qualit\u00e0 e metodi artigianali, questo strumento offre un&#8217;esperienza musicale autentica e ricca di emozioni.<\/p><h3><strong>La Voce Unica:<\/strong><\/h3><p>Il fiaoto Turco ha una storia che si estende per secoli, profondamente intrecciata con la cultura e la musica della Turchia. Questo strumento a <strong>ancia doppia<\/strong> \u00e8 celebre per i suoi toni bassi e terrosi, che evocano sentimenti di nostalgia e introspezione.<\/p><p>Costruito con un corpo in legno pregiato, come prugno o albicocco, e un&#8217;ancia progettata su misura, il strumento produce melodie fluide e ricche di sentimento. La sua capacit\u00e0 di trasmettere emozioni lo rende ideale sia per esibizioni soliste che per performance d&#8217;insieme, creando un legame profondo con il pubblico.<\/p><h3><strong>Strumenti a Fiato di Alta Qualit\u00e0 per Tutti i Livelli<\/strong><\/h3><p>Presso il <strong>Tapadum Music Store<\/strong>, troverete una selezione accuratamente curata di strumento realizzati da abili artigiani. Ogni strumento \u00e8 progettato per garantire una qualit\u00e0 sonora eccellente e una durata nel tempo.<\/p><ul><li><strong>Per principianti<\/strong>: Modelli entry-level facili da suonare, perfetti per chi si avvicina per la prima volta alla musica turca.<\/li><li><strong>Per professionisti<\/strong>: Strumenti di livello avanzato, ideali per esibizioni espressive e per esplorare tutta la gamma delle possibilit\u00e0 sonore del Mey.<\/li><\/ul><p>Offriamo anche modelli in diverse tonalit\u00e0, consentendovi di scegliere lo strumento pi\u00f9 adatto al vostro stile e alle vostre esigenze musicali.<\/p><h3><strong>Perch\u00e9 Scegliere il fiaoto Turchi ?<\/strong><\/h3><p>Il Mey \u00e8 apprezzato per il suo suono distintivo e le sue capacit\u00e0 espressive. Grazie alla sua costruzione artigianale e alla sua versatilit\u00e0, \u00e8 una scelta eccellente per chi desidera esplorare:<\/p><ul><li><strong>Musica tradizionale turca<\/strong>: Con il suo caratteristico timbro caldo, il MeY \u00e8 un elemento chiave della musica popolare e classica della Turchia.<\/li><li><strong>Esplorazione emotiva<\/strong>: I suoi toni profondi e risonanti consentono ai musicisti di trasmettere emozioni intense, rendendolo uno strumento unico nel panorama musicale mondiale.<\/li><li><strong>Innovazione musicale<\/strong>: Nonostante le sue radici tradizionali, il Mey pu\u00f2 essere integrato in generi musicali moderni, offrendo infinite possibilit\u00e0 creative.<\/li><\/ul><h3><strong>Scegliere il Mey PerfettO<\/strong><\/h3><p>Acquistare il giusto strumento \u00e8 fondamentale per migliorare la vostra esperienza musicale. Al Tapadum Music Store, ci assicuriamo che ogni fiato sia realizzato seguendo rigorosi standard di qualit\u00e0.<\/p><p>Ogni strumento viene ispezionato attentamente per garantire intonazione e consistenza sonora. Inoltre, offriamo una gamma di <strong>accessori<\/strong> e <strong>ance di ricambio<\/strong>, cos\u00ec da consentirvi di personalizzare il vostro suono e mantenerlo sempre in condizioni ottimali.<\/p><h3><strong>Come Prendersi Cura<\/strong><\/h3><p>Essendo uno strumento a fiato in legno, il strumento richiede una cura speciale:<\/p><ul><li><strong>Pulizia regolare<\/strong>: Rimuovete residui dall\u2019ancia e dal corpo dopo ogni utilizzo.<\/li><li><strong>Conservazione<\/strong>: Riponete lo strumento in un ambiente stabile, lontano da umidit\u00e0 e sbalzi di temperatura.<\/li><li><strong>Accessori<\/strong>: Utilizzate ance e custodie di alta qualit\u00e0 per preservare il vostro strumento.<\/li><\/ul><h3><strong>Immergiti nel Suono Senza Tempo del <a href=\"https:\/\/tapadum.com\/it\/prodotto\/mey-professionale\/\">Mey<\/a><\/strong><\/h3><p>Il fiato turco \u00e8 molto pi\u00f9 di uno strumento musicale: \u00e8 un ponte tra passato e presente, tra emozioni e tradizioni. Con il suo suono ricco e risonante, invita i musicisti a creare musica che tocca il cuore e celebra il patrimonio culturale della Turchia.<\/p><p>Presso <strong>Tapadum Music Store<\/strong>, il nostro obiettivo \u00e8 fornirvi strumenti autentici che ispirino il vostro viaggio musicale. Esplorate oggi la nostra collezione di <a href=\"https:\/\/tr.wikipedia.org\/wiki\/Mey\" target=\"_blank\" rel=\"noopener\">Mey<\/a> e lasciate che questo straordinario strumento a fiato tradizionale arricchisca la vostra musica con la sua voce unica e senza tempo.<\/p>\t\t\t\t\t\t\t\t<\/div>\n\t\t\t\t\t<\/div>\n\t\t\t\t<\/div>\n\t\t\t\t\t<\/div>\n\t\t\t\t<\/div>\n\t\t\t\t<section class=\"elementor-section elementor-top-section elementor-element elementor-element-3ef8b219 elementor-section-boxed elementor-section-height-default elementor-section-height-default\" data-id=\"3ef8b219\" data-element_type=\"section\" data-e-type=\"section\" data-settings=\"{&quot;background_background&quot;:&quot;classic&quot;}\">\n\t\t\t\t\t\t<div class=\"elementor-container elementor-column-gap-default\">\n\t\t\t\t\t<div class=\"elementor-column elementor-col-100 elementor-top-column elementor-element elementor-element-41807f20\" data-id=\"41807f20\" data-element_type=\"column\" data-e-type=\"column\">\n\t\t\t<div class=\"elementor-widget-wrap elementor-element-populated\">\n\t\t\t\t\t\t<section class=\"elementor-section elementor-inner-section elementor-element elementor-element-6d7553b7 elementor-section-boxed elementor-section-height-default elementor-section-height-default\" data-id=\"6d7553b7\" data-element_type=\"section\" data-e-type=\"section\">\n\t\t\t\t\t\t<div class=\"elementor-container elementor-column-gap-default\">\n\t\t\t\t\t<div class=\"elementor-column elementor-col-25 elementor-inner-column elementor-element elementor-element-6df3e7d1 elementor-invisible\" data-id=\"6df3e7d1\" data-element_type=\"column\" data-e-type=\"column\" data-settings=\"{&quot;animation&quot;:&quot;fadeInLeft&quot;}\">\n\t\t\t<div class=\"elementor-widget-wrap elementor-element-populated\">\n\t\t\t\t\t\t<div class=\"elementor-element elementor-element-ebc8969 elementor-position-inline-start elementor-view-default elementor-mobile-position-block-start elementor-widget elementor-widget-icon-box\" data-id=\"ebc8969\" data-element_type=\"widget\" data-e-type=\"widget\" data-settings=\"{&quot;ekit_we_effect_on&quot;:&quot;none&quot;}\" data-widget_type=\"icon-box.default\">\n\t\t\t\t\t\t\t<div class=\"elementor-icon-box-wrapper\">\n\n\t\t\t\t\t\t<div class=\"elementor-icon-box-icon\">\n\t\t\t\t<span  class=\"elementor-icon\">\n\t\t\t\t<svg aria-hidden=\"true\" class=\"e-font-icon-svg e-fas-shipping-fast\" viewBox=\"0 0 640 512\" xmlns=\"http:\/\/www.w3.org\/2000\/svg\"><path d=\"M624 352h-16V243.9c0-12.7-5.1-24.9-14.1-33.9L494 110.1c-9-9-21.2-14.1-33.9-14.1H416V48c0-26.5-21.5-48-48-48H112C85.5 0 64 21.5 64 48v48H8c-4.4 0-8 3.6-8 8v16c0 4.4 3.6 8 8 8h272c4.4 0 8 3.6 8 8v16c0 4.4-3.6 8-8 8H40c-4.4 0-8 3.6-8 8v16c0 4.4 3.6 8 8 8h208c4.4 0 8 3.6 8 8v16c0 4.4-3.6 8-8 8H8c-4.4 0-8 3.6-8 8v16c0 4.4 3.6 8 8 8h208c4.4 0 8 3.6 8 8v16c0 4.4-3.6 8-8 8H64v128c0 53 43 96 96 96s96-43 96-96h128c0 53 43 96 96 96s96-43 96-96h48c8.8 0 16-7.2 16-16v-32c0-8.8-7.2-16-16-16zM160 464c-26.5 0-48-21.5-48-48s21.5-48 48-48 48 21.5 48 48-21.5 48-48 48zm320 0c-26.5 0-48-21.5-48-48s21.5-48 48-48 48 21.5 48 48-21.5 48-48 48zm80-208H416V144h44.1l99.9 99.9V256z\"><\/path><\/svg>\t\t\t\t<\/span>\n\t\t\t<\/div>\n\t\t\t\n\t\t\t\t\t\t<div class=\"elementor-icon-box-content\">\n\n\t\t\t\t\t\t\t\t\t<h4 class=\"elementor-icon-box-title\">\n\t\t\t\t\t\t<span  >\n\t\t\t\t\t\t\tFree Shipping\t\t\t\t\t\t<\/span>\n\t\t\t\t\t<\/h4>\n\t\t\t\t\n\t\t\t\t\t\t\t\t\t<p class=\"elementor-icon-box-description\">\n\t\t\t\t\t\tTo Europe &amp; %0 Custom Tax\n\t\t\t\t\t<\/p>\n\t\t\t\t\n\t\t\t<\/div>\n\t\t\t\n\t\t<\/div>\n\t\t\t\t\t\t<\/div>\n\t\t\t\t\t<\/div>\n\t\t<\/div>\n\t\t\t\t<div class=\"elementor-column elementor-col-25 elementor-inner-column elementor-element elementor-element-3f133cd7 elementor-invisible\" data-id=\"3f133cd7\" data-element_type=\"column\" data-e-type=\"column\" data-settings=\"{&quot;animation&quot;:&quot;fadeInLeft&quot;,&quot;animation_delay&quot;:240}\">\n\t\t\t<div class=\"elementor-widget-wrap elementor-element-populated\">\n\t\t\t\t\t\t<div class=\"elementor-element elementor-element-2813474f elementor-position-inline-start elementor-view-default elementor-mobile-position-block-start elementor-widget elementor-widget-icon-box\" data-id=\"2813474f\" data-element_type=\"widget\" data-e-type=\"widget\" data-settings=\"{&quot;ekit_we_effect_on&quot;:&quot;none&quot;}\" data-widget_type=\"icon-box.default\">\n\t\t\t\t\t\t\t<div class=\"elementor-icon-box-wrapper\">\n\n\t\t\t\t\t\t<div class=\"elementor-icon-box-icon\">\n\t\t\t\t<span  class=\"elementor-icon\">\n\t\t\t\t<i aria-hidden=\"true\" class=\"icon icon-shield\"><\/i>\t\t\t\t<\/span>\n\t\t\t<\/div>\n\t\t\t\n\t\t\t\t\t\t<div class=\"elementor-icon-box-content\">\n\n\t\t\t\t\t\t\t\t\t<h4 class=\"elementor-icon-box-title\">\n\t\t\t\t\t\t<span  >\n\t\t\t\t\t\t\t15 Days Warranty\t\t\t\t\t\t<\/span>\n\t\t\t\t\t<\/h4>\n\t\t\t\t\n\t\t\t\t\t\t\t\t\t<p class=\"elementor-icon-box-description\">\n\t\t\t\t\t\t15 days money back\n\n\n\t\t\t\t\t<\/p>\n\t\t\t\t\n\t\t\t<\/div>\n\t\t\t\n\t\t<\/div>\n\t\t\t\t\t\t<\/div>\n\t\t\t\t\t<\/div>\n\t\t<\/div>\n\t\t\t\t<div class=\"elementor-column elementor-col-25 elementor-inner-column elementor-element elementor-element-5f1e467b elementor-invisible\" data-id=\"5f1e467b\" data-element_type=\"column\" data-e-type=\"column\" data-settings=\"{&quot;animation&quot;:&quot;fadeInLeft&quot;,&quot;animation_delay&quot;:480}\">\n\t\t\t<div class=\"elementor-widget-wrap elementor-element-populated\">\n\t\t\t\t\t\t<div class=\"elementor-element elementor-element-6895c82d elementor-position-inline-start elementor-view-default elementor-mobile-position-block-start elementor-widget elementor-widget-icon-box\" data-id=\"6895c82d\" data-element_type=\"widget\" data-e-type=\"widget\" data-settings=\"{&quot;ekit_we_effect_on&quot;:&quot;none&quot;}\" data-widget_type=\"icon-box.default\">\n\t\t\t\t\t\t\t<div class=\"elementor-icon-box-wrapper\">\n\n\t\t\t\t\t\t<div class=\"elementor-icon-box-icon\">\n\t\t\t\t<span  class=\"elementor-icon\">\n\t\t\t\t<i aria-hidden=\"true\" class=\"icon icon-planet-earth\"><\/i>\t\t\t\t<\/span>\n\t\t\t<\/div>\n\t\t\t\n\t\t\t\t\t\t<div class=\"elementor-icon-box-content\">\n\n\t\t\t\t\t\t\t\t\t<h4 class=\"elementor-icon-box-title\">\n\t\t\t\t\t\t<span  >\n\t\t\t\t\t\t\tGlobal Shipping\t\t\t\t\t\t<\/span>\n\t\t\t\t\t<\/h4>\n\t\t\t\t\n\t\t\t\t\t\t\t\t\t<p class=\"elementor-icon-box-description\">\n\t\t\t\t\t\tWorldwide Shipping\t\t\t\t\t<\/p>\n\t\t\t\t\n\t\t\t<\/div>\n\t\t\t\n\t\t<\/div>\n\t\t\t\t\t\t<\/div>\n\t\t\t\t\t<\/div>\n\t\t<\/div>\n\t\t\t\t<div class=\"elementor-column elementor-col-25 elementor-inner-column elementor-element elementor-element-7689cd1e elementor-invisible\" data-id=\"7689cd1e\" data-element_type=\"column\" data-e-type=\"column\" data-settings=\"{&quot;animation&quot;:&quot;fadeInLeft&quot;,&quot;animation_delay&quot;:600}\">\n\t\t\t<div class=\"elementor-widget-wrap elementor-element-populated\">\n\t\t\t\t\t\t<div class=\"elementor-element elementor-element-32a6e7cd elementor-position-inline-start elementor-view-default elementor-mobile-position-block-start elementor-widget elementor-widget-icon-box\" data-id=\"32a6e7cd\" data-element_type=\"widget\" data-e-type=\"widget\" data-settings=\"{&quot;ekit_we_effect_on&quot;:&quot;none&quot;}\" data-widget_type=\"icon-box.default\">\n\t\t\t\t\t\t\t<div class=\"elementor-icon-box-wrapper\">\n\n\t\t\t\t\t\t<div class=\"elementor-icon-box-icon\">\n\t\t\t\t<span  class=\"elementor-icon\">\n\t\t\t\t<i aria-hidden=\"true\" class=\"icon icon-safebox\"><\/i>\t\t\t\t<\/span>\n\t\t\t<\/div>\n\t\t\t\n\t\t\t\t\t\t<div class=\"elementor-icon-box-content\">\n\n\t\t\t\t\t\t\t\t\t<h4 class=\"elementor-icon-box-title\">\n\t\t\t\t\t\t<span  >\n\t\t\t\t\t\t\t100% Secure\t\t\t\t\t\t<\/span>\n\t\t\t\t\t<\/h4>\n\t\t\t\t\n\t\t\t\t\t\t\t\t\t<p class=\"elementor-icon-box-description\">\n\t\t\t\t\t\t100% Secure Checkout\n\n\n\t\t\t\t\t<\/p>\n\t\t\t\t\n\t\t\t<\/div>\n\t\t\t\n\t\t<\/div>\n\t\t\t\t\t\t<\/div>\n\t\t\t\t\t<\/div>\n\t\t<\/div>\n\t\t\t\t\t<\/div>\n\t\t<\/section>\n\t\t\t\t\t<\/div>\n\t\t<\/div>\n\t\t\t\t\t<\/div>\n\t\t<\/section>\n\t\t\t\t<\/div>\n\t\t","protected":false},"excerpt":{"rendered":"<p>Mey Mey Turco: Abbraccia le melodie piene di sentimento\u00a0 Mey Turco presso Tapadum Music Store: Scopri un Suono Unico e Ricco di Tradizione Benvenuti nella categoria Mey del Tapadum Music Store, dove potrete immergervi nell\u2019affascinante mondo di questo tradizionale strumento a fiato turco. Conosciuto per il suo suono profondo, caldo e risonante, il Mey \u00e8 [&hellip;]<\/p>\n","protected":false},"author":1,"featured_media":0,"parent":0,"menu_order":0,"comment_status":"closed","ping_status":"closed","template":"","meta":{"_eb_attr":"","footnotes":""},"class_list":["post-16473","page","type-page","status-publish","hentry"],"jetpack_sharing_enabled":true,"_links":{"self":[{"href":"https:\/\/tapadum.com\/it\/wp-json\/wp\/v2\/pages\/16473","targetHints":{"allow":["GET"]}}],"collection":[{"href":"https:\/\/tapadum.com\/it\/wp-json\/wp\/v2\/pages"}],"about":[{"href":"https:\/\/tapadum.com\/it\/wp-json\/wp\/v2\/types\/page"}],"author":[{"embeddable":true,"href":"https:\/\/tapadum.com\/it\/wp-json\/wp\/v2\/users\/1"}],"replies":[{"embeddable":true,"href":"https:\/\/tapadum.com\/it\/wp-json\/wp\/v2\/comments?post=16473"}],"version-history":[{"count":14,"href":"https:\/\/tapadum.com\/it\/wp-json\/wp\/v2\/pages\/16473\/revisions"}],"predecessor-version":[{"id":20945,"href":"https:\/\/tapadum.com\/it\/wp-json\/wp\/v2\/pages\/16473\/revisions\/20945"}],"wp:attachment":[{"href":"https:\/\/tapadum.com\/it\/wp-json\/wp\/v2\/media?parent=16473"}],"curies":[{"name":"wp","href":"https:\/\/api.w.org\/{rel}","templated":true}]}}