{"id":16485,"date":"2023-07-10T09:37:20","date_gmt":"2023-07-10T09:37:20","guid":{"rendered":"https:\/\/tapadum.com\/?page_id=16485"},"modified":"2024-11-21T22:29:37","modified_gmt":"2024-11-21T22:29:37","slug":"kaval","status":"publish","type":"page","link":"https:\/\/tapadum.com\/it\/kaval\/","title":{"rendered":"Kaval Migliori Strumenti a Fiato Turchi 2024"},"content":{"rendered":"\t\t<div data-elementor-type=\"wp-page\" data-elementor-id=\"16485\" class=\"elementor elementor-16485 elementor-9244\" data-elementor-post-type=\"page\">\n\t\t\t\t\t\t<section class=\"elementor-section elementor-top-section elementor-element elementor-element-2966d9a9 elementor-section-boxed elementor-section-height-default elementor-section-height-default\" data-id=\"2966d9a9\" data-element_type=\"section\" data-e-type=\"section\">\n\t\t\t\t\t\t<div class=\"elementor-container elementor-column-gap-default\">\n\t\t\t\t\t<div class=\"elementor-column elementor-col-100 elementor-top-column elementor-element elementor-element-7275d6eb\" data-id=\"7275d6eb\" data-element_type=\"column\" data-e-type=\"column\" data-settings=\"{&quot;background_background&quot;:&quot;classic&quot;}\">\n\t\t\t<div class=\"elementor-widget-wrap elementor-element-populated\">\n\t\t\t\t\t\t<section class=\"elementor-section elementor-inner-section elementor-element elementor-element-52b02c02 elementor-section-boxed elementor-section-height-default elementor-section-height-default\" data-id=\"52b02c02\" data-element_type=\"section\" data-e-type=\"section\">\n\t\t\t\t\t\t<div class=\"elementor-container elementor-column-gap-default\">\n\t\t\t\t\t<div class=\"elementor-column elementor-col-100 elementor-inner-column elementor-element elementor-element-835c94a\" data-id=\"835c94a\" data-element_type=\"column\" data-e-type=\"column\">\n\t\t\t<div class=\"elementor-widget-wrap elementor-element-populated\">\n\t\t\t\t\t\t<div class=\"elementor-element elementor-element-2902028 elementor-widget elementor-widget-heading\" data-id=\"2902028\" data-element_type=\"widget\" data-e-type=\"widget\" data-settings=\"{&quot;ekit_we_effect_on&quot;:&quot;none&quot;}\" data-widget_type=\"heading.default\">\n\t\t\t\t\t<h1 class=\"elementor-heading-title elementor-size-default\">Kaval<\/h1>\t\t\t\t<\/div>\n\t\t\t\t<div class=\"elementor-element elementor-element-3f875ef elementor-widget elementor-widget-text-editor\" data-id=\"3f875ef\" data-element_type=\"widget\" data-e-type=\"widget\" data-settings=\"{&quot;ekit_we_effect_on&quot;:&quot;none&quot;}\" data-widget_type=\"text-editor.default\">\n\t\t\t\t\t\t\t\t\t<p>Kaval<\/p>\t\t\t\t\t\t\t\t<\/div>\n\t\t\t\t\t<\/div>\n\t\t<\/div>\n\t\t\t\t\t<\/div>\n\t\t<\/section>\n\t\t\t\t\t<\/div>\n\t\t<\/div>\n\t\t\t\t\t<\/div>\n\t\t<\/section>\n\t\t<div class=\"elementor-element elementor-element-1d9e3832 e-flex e-con-boxed e-con e-parent\" data-id=\"1d9e3832\" data-element_type=\"container\" data-e-type=\"container\" data-settings=\"{&quot;background_background&quot;:&quot;classic&quot;}\">\n\t\t\t\t\t<div class=\"e-con-inner\">\n\t\t\t\t<div class=\"elementor-element elementor-element-cd4c2d5 elementor-widget elementor-widget-heading\" data-id=\"cd4c2d5\" data-element_type=\"widget\" data-e-type=\"widget\" data-settings=\"{&quot;ekit_we_effect_on&quot;:&quot;none&quot;}\" data-widget_type=\"heading.default\">\n\t\t\t\t\t<h2 class=\"elementor-heading-title elementor-size-default\">Kaval<\/h2>\t\t\t\t<\/div>\n\t\t<div class=\"elementor-element elementor-element-66006ddc e-flex e-con-boxed e-con e-child\" data-id=\"66006ddc\" data-element_type=\"container\" data-e-type=\"container\" data-settings=\"{&quot;background_background&quot;:&quot;classic&quot;}\">\n\t\t\t\t\t<div class=\"e-con-inner\">\n\t\t\t\t<div class=\"elementor-element elementor-element-13e2137e elementor-widget elementor-widget-text-editor\" data-id=\"13e2137e\" data-element_type=\"widget\" data-e-type=\"widget\" data-settings=\"{&quot;ekit_we_effect_on&quot;:&quot;none&quot;}\" data-widget_type=\"text-editor.default\">\n\t\t\t\t\t\t\t\t\t<p>Nel Tapadum Music Store, siamo estremamente orgogliosi di collaborare con artigiani esperti che nutrono una grande passione per il loro mestiere. Uno di questi artigiani \u00e8 Ali Riza Acar, un maestro nella realizzazione di Kavals turchi, rinomato per la sua straordinaria maestria artigianale.<\/p>\t\t\t\t\t\t\t\t<\/div>\n\t\t\t\t\t<\/div>\n\t\t\t\t<\/div>\n\t\t\t\t\t<\/div>\n\t\t\t\t<\/div>\n\t\t<div class=\"elementor-element elementor-element-b56ce89 e-flex e-con-boxed e-con e-parent\" data-id=\"b56ce89\" data-element_type=\"container\" data-e-type=\"container\" data-settings=\"{&quot;background_background&quot;:&quot;classic&quot;}\">\n\t\t\t\t\t<div class=\"e-con-inner\">\n\t\t<div class=\"elementor-element elementor-element-e6d1eb0 e-flex e-con-boxed e-con e-child\" data-id=\"e6d1eb0\" data-element_type=\"container\" data-e-type=\"container\" data-settings=\"{&quot;background_background&quot;:&quot;classic&quot;}\">\n\t\t\t\t\t<div class=\"e-con-inner\">\n\t\t\t\t<div class=\"elementor-element elementor-element-369ebf5d elementor-grid-4 elementor-grid-tablet-3 elementor-grid-mobile-2 elementor-products-grid elementor-wc-products elementor-show-pagination-border-yes elementor-widget elementor-widget-woocommerce-products\" data-id=\"369ebf5d\" data-element_type=\"widget\" data-e-type=\"widget\" data-settings=\"{&quot;ekit_we_effect_on&quot;:&quot;none&quot;}\" data-widget_type=\"woocommerce-products.default\">\n\t\t\t\t<div class=\"elementor-widget-container\">\n\t\t\t\t\t<div class=\"woocommerce columns-4 \"><div class=\"woocommerce-notices-wrapper\"><\/div><p class=\"woocommerce-result-count\" role=\"alert\" aria-relevant=\"all\" >\n\tVisualizzazione del risultato<\/p>\n<form class=\"woocommerce-ordering\" method=\"get\">\n\t\t<select\n\t\tname=\"orderby\"\n\t\tclass=\"orderby\"\n\t\t\t\t\taria-label=\"Ordine negozio\"\n\t\t\t>\n\t\t\t\t\t<option value=\"popularity\" >Popolarit\u00e0<\/option>\n\t\t\t\t\t<option value=\"rating\" >Valutazione media<\/option>\n\t\t\t\t\t<option value=\"date\" >Ordina in base al pi\u00f9 recente<\/option>\n\t\t\t\t\t<option value=\"price\"  selected='selected'>Prezzo: dal pi\u00f9 economico<\/option>\n\t\t\t\t\t<option value=\"price-desc\" >Prezzo: dal pi\u00f9 caro<\/option>\n\t\t\t<\/select>\n\t<input type=\"hidden\" name=\"paged\" value=\"1\" \/>\n\t<\/form>\n<ul class=\"products elementor-grid columns-4\">\n<li class=\"product type-product post-17332 status-publish first instock product_cat-kaval-it product_cat-strumenti-a-fiato has-post-thumbnail shipping-taxable purchasable product-type-simple\">\n\t<a href=\"https:\/\/tapadum.com\/it\/prodotto\/kaval-professionale-di-ali-riza-acar\/\" class=\"woocommerce-LoopProduct-link woocommerce-loop-product__link\"><img fetchpriority=\"high\" decoding=\"async\" width=\"300\" height=\"300\" src=\"https:\/\/i0.wp.com\/tapadum.com\/wp-content\/uploads\/2023\/05\/BlackFriday-post-1.png?resize=300%2C300&amp;ssl=1\" class=\"attachment-woocommerce_thumbnail size-woocommerce_thumbnail\" alt=\"kaval\" srcset=\"https:\/\/i0.wp.com\/tapadum.com\/wp-content\/uploads\/2023\/05\/BlackFriday-post-1.png?w=1080&amp;ssl=1 1080w, https:\/\/i0.wp.com\/tapadum.com\/wp-content\/uploads\/2023\/05\/BlackFriday-post-1.png?resize=300%2C300&amp;ssl=1 300w, https:\/\/i0.wp.com\/tapadum.com\/wp-content\/uploads\/2023\/05\/BlackFriday-post-1.png?resize=100%2C100&amp;ssl=1 100w, https:\/\/i0.wp.com\/tapadum.com\/wp-content\/uploads\/2023\/05\/BlackFriday-post-1.png?resize=600%2C600&amp;ssl=1 600w\" sizes=\"(max-width: 300px) 100vw, 300px\" \/><h2 class=\"woocommerce-loop-product__title\">Kaval Professionale di Ali Riza Acar<\/h2>\n\t<span class=\"price\"><span class=\"woocommerce-Price-amount amount\"><bdi><span class=\"woocommerce-Price-currencySymbol\">&euro;<\/span>149,00<\/bdi><\/span><\/span>\n<\/a><a href=\"\/it\/wp-json\/wp\/v2\/pages\/16485?add-to-cart=17332\" aria-describedby=\"woocommerce_loop_add_to_cart_link_describedby_17332\" data-quantity=\"1\" class=\"button product_type_simple add_to_cart_button ajax_add_to_cart\" data-product_id=\"17332\" data-product_sku=\"Tap189\" aria-label=\"Aggiungi al carrello: &quot;Kaval Professionale di Ali Riza Acar&quot;\" rel=\"nofollow\" data-success_message=\"&quot;Kaval Professionale di Ali Riza Acar&quot; \u00e8 stato aggiunto al tuo carrello\" role=\"button\">Aggiungi al carrello<\/a>\t<span id=\"woocommerce_loop_add_to_cart_link_describedby_17332\" class=\"screen-reader-text\">\n\t\t\t<\/span>\n<\/li>\n<\/ul>\n<\/div>\t\t\t\t<\/div>\n\t\t\t\t<\/div>\n\t\t\t\t\t<\/div>\n\t\t\t\t<\/div>\n\t\t\t\t\t<\/div>\n\t\t\t\t<\/div>\n\t\t<div class=\"elementor-element elementor-element-38a835b8 e-flex e-con-boxed e-con e-parent\" data-id=\"38a835b8\" data-element_type=\"container\" data-e-type=\"container\" data-settings=\"{&quot;background_background&quot;:&quot;gradient&quot;}\">\n\t\t\t\t\t<div class=\"e-con-inner\">\n\t\t<div class=\"elementor-element elementor-element-45deb300 e-flex e-con-boxed e-con e-child\" data-id=\"45deb300\" data-element_type=\"container\" data-e-type=\"container\" data-settings=\"{&quot;background_background&quot;:&quot;classic&quot;}\">\n\t\t\t\t\t<div class=\"e-con-inner\">\n\t\t\t\t<div class=\"elementor-element elementor-element-7197f0b2 elementor-widget elementor-widget-text-editor\" data-id=\"7197f0b2\" data-element_type=\"widget\" data-e-type=\"widget\" data-settings=\"{&quot;ekit_we_effect_on&quot;:&quot;none&quot;}\" data-widget_type=\"text-editor.default\">\n\t\t\t\t\t\t\t\t\t<p>Kaval del Tapadum Music Store<\/p><p>Benvenuti nella categoria Kaval del Tapadum Music Store, dove potete esplorare la bellezza e la tradizione di questo unico strumento a fiato turco. \u00c8 un flauto di legno che occupa un posto importante nella musica folk turca, rinomato per il suo suono distintivo e la sua profondit\u00e0 emotiva. Al Tapadum Music Store, siamo fieri di offrire strumenti a fiato di alta qualit\u00e0, realizzati con cura da artigiani esperti.<\/p><p>Artigianato del Kaval<\/p><p>Ogni strumento \u00e8 realizzato a mano con precisione e grande attenzione ai dettagli. Ali Riza Acar, un maestro artigiano, dedica anni di esperienza alla creazione di strumenti in cui i musicisti possono avere fiducia. Quando scegliete un Kaval dal Tapadum Music Store, potete essere certi della sua qualit\u00e0 e del suo suono. Questo flauto di legno \u00e8 solitamente fatto di legno di pruno, anche se si possono usare anche altri tipi come il fico e l\u2019albicocco. Ogni materiale dona qualit\u00e0 tonali uniche, migliorando il suono caldo e risonante di questo strumento.<\/p><p>Il Suono del Kaval<\/p><p>Questo strumento a fiato turco \u00e8 apprezzato per la sua capacit\u00e0 di trasmettere l\u2019essenza della musica folk turca e delle melodie tradizionali. Questo strumento incarna i paesaggi pastorali della Turchia, spesso associato ai pastori che lo suonavano mentre si prendevano cura dei loro greggi. Il suo suono morbido e al contempo penetrante evoca immagini della natura, trasportando gli ascoltatori nel cuore della Turchia rurale.<\/p><p>Suonare questo strumento richiede una combinazione di controllo del respiro, destrezza delle dita e conoscenza dei modi musicali turchi, noti come &#8220;makams.&#8221; L\u2019ampia gamma di note prodotte da questo flauto consente un\u2019interpretazione espressiva, rendendolo adatto a trasmettere una vasta gamma di emozioni. Padroneggiare questo strumento tradizionale pu\u00f2 essere un\u2019esperienza gratificante, poich\u00e9 i musicisti possono connettersi profondamente con il loro pubblico attraverso il suono.<\/p><p>Significato Culturale dello Strumento<\/p><p>Questo splendido strumento \u00e8 pi\u00f9 di un semplice strumento musicale; \u00e8 un simbolo culturale in Turchia. Da secoli, viene utilizzato in vari contesti, dai matrimoni e celebrazioni ai momenti di quieta riflessione. Nelle aree rurali, il Kaval spesso serviva come mezzo di comunicazione tra i pastori, esprimendo i loro sentimenti e creando un legame con la natura. Questa ricca storia culturale rende il Kaval uno strumento prezioso.<\/p><p>Oggi, questo strumento tradizionale continua a evolversi e a trovare il suo posto nella musica moderna. Musicisti di diversi generi incorporano il flauto di legno nelle loro composizioni, fondendo suoni tradizionali con influenze contemporanee. Questa versatilit\u00e0 mantiene il Kaval rilevante e apprezzato nel panorama musicale in continua evoluzione.<\/p><p>Scegliere il Giusto Strumento a Fiato<\/p><p>Quando si sceglie uno strumento, considerate sia il suono che la qualit\u00e0 artigianale. Al Tapadum Music Store, offriamo una gamma diversificata di questi strumenti, garantendo che ogni musicista possa trovare quello pi\u00f9 adatto al proprio stile. Ogni pezzo \u00e8 realizzato con cura, assicurando non solo bellezza ma anche un suono eccezionale.<\/p><p>Che siate principianti o musicisti esperti, il nostro personale competente \u00e8 qui per aiutarvi a trovare lo strumento perfetto. Comprendiamo che ogni musicista ha esigenze uniche, e ci impegniamo ad assistervi nella scelta migliore per il vostro percorso musicale.<\/p><p>Vivete la Magia del Kaval<\/p><p>Al Tapadum Music Store, vi invitiamo a scoprire la magia del <a href=\"https:\/\/tr.wikipedia.org\/wiki\/Kaval\" target=\"_blank\" rel=\"noopener\">Kaval<\/a>. Scoprite come questo strumento straordinario pu\u00f2 arricchire la vostra espressione musicale e connettervi alle profonde tradizioni della musica turca. Che suoniate per voi stessi, in un gruppo, o di fronte a un pubblico, questo strumento a fiato ispirer\u00e0 il vostro viaggio musicale. Esplorate la nostra collezione oggi e lasciate che il suono affascinante di questo flauto di legno vi trasporti nel cuore del paesaggio culturale vibrante della Turchia.<\/p>\t\t\t\t\t\t\t\t<\/div>\n\t\t\t\t\t<\/div>\n\t\t\t\t<\/div>\n\t\t\t\t\t<\/div>\n\t\t\t\t<\/div>\n\t\t\t\t<section class=\"elementor-section elementor-top-section elementor-element elementor-element-35b331b1 elementor-section-boxed elementor-section-height-default elementor-section-height-default\" data-id=\"35b331b1\" data-element_type=\"section\" data-e-type=\"section\" data-settings=\"{&quot;background_background&quot;:&quot;classic&quot;}\">\n\t\t\t\t\t\t<div class=\"elementor-container elementor-column-gap-default\">\n\t\t\t\t\t<div class=\"elementor-column elementor-col-100 elementor-top-column elementor-element elementor-element-4f58bcb6\" data-id=\"4f58bcb6\" data-element_type=\"column\" data-e-type=\"column\">\n\t\t\t<div class=\"elementor-widget-wrap elementor-element-populated\">\n\t\t\t\t\t\t<section class=\"elementor-section elementor-inner-section elementor-element elementor-element-4cea1bb7 elementor-section-boxed elementor-section-height-default elementor-section-height-default\" data-id=\"4cea1bb7\" data-element_type=\"section\" data-e-type=\"section\">\n\t\t\t\t\t\t<div class=\"elementor-container elementor-column-gap-default\">\n\t\t\t\t\t<div class=\"elementor-column elementor-col-25 elementor-inner-column elementor-element elementor-element-13e0c1db elementor-invisible\" data-id=\"13e0c1db\" data-element_type=\"column\" data-e-type=\"column\" data-settings=\"{&quot;animation&quot;:&quot;fadeInLeft&quot;}\">\n\t\t\t<div class=\"elementor-widget-wrap elementor-element-populated\">\n\t\t\t\t\t\t<div class=\"elementor-element elementor-element-3da99281 elementor-position-inline-start elementor-view-default elementor-mobile-position-block-start elementor-widget elementor-widget-icon-box\" data-id=\"3da99281\" data-element_type=\"widget\" data-e-type=\"widget\" data-settings=\"{&quot;ekit_we_effect_on&quot;:&quot;none&quot;}\" data-widget_type=\"icon-box.default\">\n\t\t\t\t\t\t\t<div class=\"elementor-icon-box-wrapper\">\n\n\t\t\t\t\t\t<div class=\"elementor-icon-box-icon\">\n\t\t\t\t<span  class=\"elementor-icon\">\n\t\t\t\t<svg aria-hidden=\"true\" class=\"e-font-icon-svg e-fas-shipping-fast\" viewBox=\"0 0 640 512\" xmlns=\"http:\/\/www.w3.org\/2000\/svg\"><path d=\"M624 352h-16V243.9c0-12.7-5.1-24.9-14.1-33.9L494 110.1c-9-9-21.2-14.1-33.9-14.1H416V48c0-26.5-21.5-48-48-48H112C85.5 0 64 21.5 64 48v48H8c-4.4 0-8 3.6-8 8v16c0 4.4 3.6 8 8 8h272c4.4 0 8 3.6 8 8v16c0 4.4-3.6 8-8 8H40c-4.4 0-8 3.6-8 8v16c0 4.4 3.6 8 8 8h208c4.4 0 8 3.6 8 8v16c0 4.4-3.6 8-8 8H8c-4.4 0-8 3.6-8 8v16c0 4.4 3.6 8 8 8h208c4.4 0 8 3.6 8 8v16c0 4.4-3.6 8-8 8H64v128c0 53 43 96 96 96s96-43 96-96h128c0 53 43 96 96 96s96-43 96-96h48c8.8 0 16-7.2 16-16v-32c0-8.8-7.2-16-16-16zM160 464c-26.5 0-48-21.5-48-48s21.5-48 48-48 48 21.5 48 48-21.5 48-48 48zm320 0c-26.5 0-48-21.5-48-48s21.5-48 48-48 48 21.5 48 48-21.5 48-48 48zm80-208H416V144h44.1l99.9 99.9V256z\"><\/path><\/svg>\t\t\t\t<\/span>\n\t\t\t<\/div>\n\t\t\t\n\t\t\t\t\t\t<div class=\"elementor-icon-box-content\">\n\n\t\t\t\t\t\t\t\t\t<h4 class=\"elementor-icon-box-title\">\n\t\t\t\t\t\t<span  >\n\t\t\t\t\t\t\tFree Shipping\t\t\t\t\t\t<\/span>\n\t\t\t\t\t<\/h4>\n\t\t\t\t\n\t\t\t\t\t\t\t\t\t<p class=\"elementor-icon-box-description\">\n\t\t\t\t\t\tTo Europe &amp; %0 Custom Tax\n\t\t\t\t\t<\/p>\n\t\t\t\t\n\t\t\t<\/div>\n\t\t\t\n\t\t<\/div>\n\t\t\t\t\t\t<\/div>\n\t\t\t\t\t<\/div>\n\t\t<\/div>\n\t\t\t\t<div class=\"elementor-column elementor-col-25 elementor-inner-column elementor-element elementor-element-13426c98 elementor-invisible\" data-id=\"13426c98\" data-element_type=\"column\" data-e-type=\"column\" data-settings=\"{&quot;animation&quot;:&quot;fadeInLeft&quot;,&quot;animation_delay&quot;:240}\">\n\t\t\t<div class=\"elementor-widget-wrap elementor-element-populated\">\n\t\t\t\t\t\t<div class=\"elementor-element elementor-element-bba37fa elementor-position-inline-start elementor-view-default elementor-mobile-position-block-start elementor-widget elementor-widget-icon-box\" data-id=\"bba37fa\" data-element_type=\"widget\" data-e-type=\"widget\" data-settings=\"{&quot;ekit_we_effect_on&quot;:&quot;none&quot;}\" data-widget_type=\"icon-box.default\">\n\t\t\t\t\t\t\t<div class=\"elementor-icon-box-wrapper\">\n\n\t\t\t\t\t\t<div class=\"elementor-icon-box-icon\">\n\t\t\t\t<span  class=\"elementor-icon\">\n\t\t\t\t<i aria-hidden=\"true\" class=\"icon icon-shield\"><\/i>\t\t\t\t<\/span>\n\t\t\t<\/div>\n\t\t\t\n\t\t\t\t\t\t<div class=\"elementor-icon-box-content\">\n\n\t\t\t\t\t\t\t\t\t<h4 class=\"elementor-icon-box-title\">\n\t\t\t\t\t\t<span  >\n\t\t\t\t\t\t\t15 Days Warranty\t\t\t\t\t\t<\/span>\n\t\t\t\t\t<\/h4>\n\t\t\t\t\n\t\t\t\t\t\t\t\t\t<p class=\"elementor-icon-box-description\">\n\t\t\t\t\t\t15 days money back\n\n\n\t\t\t\t\t<\/p>\n\t\t\t\t\n\t\t\t<\/div>\n\t\t\t\n\t\t<\/div>\n\t\t\t\t\t\t<\/div>\n\t\t\t\t\t<\/div>\n\t\t<\/div>\n\t\t\t\t<div class=\"elementor-column elementor-col-25 elementor-inner-column elementor-element elementor-element-3c0787e5 elementor-invisible\" data-id=\"3c0787e5\" data-element_type=\"column\" data-e-type=\"column\" data-settings=\"{&quot;animation&quot;:&quot;fadeInLeft&quot;,&quot;animation_delay&quot;:480}\">\n\t\t\t<div class=\"elementor-widget-wrap elementor-element-populated\">\n\t\t\t\t\t\t<div class=\"elementor-element elementor-element-74a6777c elementor-position-inline-start elementor-view-default elementor-mobile-position-block-start elementor-widget elementor-widget-icon-box\" data-id=\"74a6777c\" data-element_type=\"widget\" data-e-type=\"widget\" data-settings=\"{&quot;ekit_we_effect_on&quot;:&quot;none&quot;}\" data-widget_type=\"icon-box.default\">\n\t\t\t\t\t\t\t<div class=\"elementor-icon-box-wrapper\">\n\n\t\t\t\t\t\t<div class=\"elementor-icon-box-icon\">\n\t\t\t\t<span  class=\"elementor-icon\">\n\t\t\t\t<i aria-hidden=\"true\" class=\"icon icon-planet-earth\"><\/i>\t\t\t\t<\/span>\n\t\t\t<\/div>\n\t\t\t\n\t\t\t\t\t\t<div class=\"elementor-icon-box-content\">\n\n\t\t\t\t\t\t\t\t\t<h4 class=\"elementor-icon-box-title\">\n\t\t\t\t\t\t<span  >\n\t\t\t\t\t\t\tGlobal Shipping\t\t\t\t\t\t<\/span>\n\t\t\t\t\t<\/h4>\n\t\t\t\t\n\t\t\t\t\t\t\t\t\t<p class=\"elementor-icon-box-description\">\n\t\t\t\t\t\tWorldwide Shipping\t\t\t\t\t<\/p>\n\t\t\t\t\n\t\t\t<\/div>\n\t\t\t\n\t\t<\/div>\n\t\t\t\t\t\t<\/div>\n\t\t\t\t\t<\/div>\n\t\t<\/div>\n\t\t\t\t<div class=\"elementor-column elementor-col-25 elementor-inner-column elementor-element elementor-element-45ec6b99 elementor-invisible\" data-id=\"45ec6b99\" data-element_type=\"column\" data-e-type=\"column\" data-settings=\"{&quot;animation&quot;:&quot;fadeInLeft&quot;,&quot;animation_delay&quot;:600}\">\n\t\t\t<div class=\"elementor-widget-wrap elementor-element-populated\">\n\t\t\t\t\t\t<div class=\"elementor-element elementor-element-5b6d4d28 elementor-position-inline-start elementor-view-default elementor-mobile-position-block-start elementor-widget elementor-widget-icon-box\" data-id=\"5b6d4d28\" data-element_type=\"widget\" data-e-type=\"widget\" data-settings=\"{&quot;ekit_we_effect_on&quot;:&quot;none&quot;}\" data-widget_type=\"icon-box.default\">\n\t\t\t\t\t\t\t<div class=\"elementor-icon-box-wrapper\">\n\n\t\t\t\t\t\t<div class=\"elementor-icon-box-icon\">\n\t\t\t\t<span  class=\"elementor-icon\">\n\t\t\t\t<i aria-hidden=\"true\" class=\"icon icon-safebox\"><\/i>\t\t\t\t<\/span>\n\t\t\t<\/div>\n\t\t\t\n\t\t\t\t\t\t<div class=\"elementor-icon-box-content\">\n\n\t\t\t\t\t\t\t\t\t<h4 class=\"elementor-icon-box-title\">\n\t\t\t\t\t\t<span  >\n\t\t\t\t\t\t\t100% Secure\t\t\t\t\t\t<\/span>\n\t\t\t\t\t<\/h4>\n\t\t\t\t\n\t\t\t\t\t\t\t\t\t<p class=\"elementor-icon-box-description\">\n\t\t\t\t\t\t100% Secure Checkout\n\n\n\t\t\t\t\t<\/p>\n\t\t\t\t\n\t\t\t<\/div>\n\t\t\t\n\t\t<\/div>\n\t\t\t\t\t\t<\/div>\n\t\t\t\t\t<\/div>\n\t\t<\/div>\n\t\t\t\t\t<\/div>\n\t\t<\/section>\n\t\t\t\t\t<\/div>\n\t\t<\/div>\n\t\t\t\t\t<\/div>\n\t\t<\/section>\n\t\t\t\t<\/div>\n\t\t","protected":false},"excerpt":{"rendered":"<p>Kaval Kaval Kaval Nel Tapadum Music Store, siamo estremamente orgogliosi di collaborare con artigiani esperti che nutrono una grande passione per il loro mestiere. Uno di questi artigiani \u00e8 Ali Riza Acar, un maestro nella realizzazione di Kavals turchi, rinomato per la sua straordinaria maestria artigianale. Kaval del Tapadum Music Store Benvenuti nella categoria Kaval [&hellip;]<\/p>\n","protected":false},"author":2,"featured_media":0,"parent":0,"menu_order":0,"comment_status":"closed","ping_status":"closed","template":"","meta":{"_eb_attr":"","footnotes":""},"class_list":["post-16485","page","type-page","status-publish","hentry"],"jetpack_sharing_enabled":true,"_links":{"self":[{"href":"https:\/\/tapadum.com\/it\/wp-json\/wp\/v2\/pages\/16485","targetHints":{"allow":["GET"]}}],"collection":[{"href":"https:\/\/tapadum.com\/it\/wp-json\/wp\/v2\/pages"}],"about":[{"href":"https:\/\/tapadum.com\/it\/wp-json\/wp\/v2\/types\/page"}],"author":[{"embeddable":true,"href":"https:\/\/tapadum.com\/it\/wp-json\/wp\/v2\/users\/2"}],"replies":[{"embeddable":true,"href":"https:\/\/tapadum.com\/it\/wp-json\/wp\/v2\/comments?post=16485"}],"version-history":[{"count":7,"href":"https:\/\/tapadum.com\/it\/wp-json\/wp\/v2\/pages\/16485\/revisions"}],"predecessor-version":[{"id":20443,"href":"https:\/\/tapadum.com\/it\/wp-json\/wp\/v2\/pages\/16485\/revisions\/20443"}],"wp:attachment":[{"href":"https:\/\/tapadum.com\/it\/wp-json\/wp\/v2\/media?parent=16485"}],"curies":[{"name":"wp","href":"https:\/\/api.w.org\/{rel}","templated":true}]}}