{"id":16638,"date":"2023-06-14T10:38:50","date_gmt":"2023-06-14T10:38:50","guid":{"rendered":"https:\/\/tapadum.com\/?page_id=16638"},"modified":"2024-12-01T12:53:27","modified_gmt":"2024-12-01T12:53:27","slug":"informativa-sulla-privacy-1","status":"publish","type":"page","link":"https:\/\/tapadum.com\/it\/informativa-sulla-privacy-1\/","title":{"rendered":"Privacy"},"content":{"rendered":"\t\t<div data-elementor-type=\"wp-page\" data-elementor-id=\"16638\" class=\"elementor elementor-16638 elementor-6900\" data-elementor-post-type=\"page\">\n\t\t\t\t<div class=\"elementor-element elementor-element-c2c109c e-flex e-con-boxed e-con e-parent\" data-id=\"c2c109c\" data-element_type=\"container\" data-e-type=\"container\">\n\t\t\t\t\t<div class=\"e-con-inner\">\n\t\t\t\t<div class=\"elementor-element elementor-element-b55cbc8 elementor-widget elementor-widget-heading\" data-id=\"b55cbc8\" data-element_type=\"widget\" data-e-type=\"widget\" data-settings=\"{&quot;ekit_we_effect_on&quot;:&quot;none&quot;}\" data-widget_type=\"heading.default\">\n\t\t\t\t\t<h2 class=\"elementor-heading-title elementor-size-default\">Informativa Sulla Privacy<\/h2>\t\t\t\t<\/div>\n\t\t\t\t<div class=\"elementor-element elementor-element-f463609 elementor-widget elementor-widget-text-editor\" data-id=\"f463609\" data-element_type=\"widget\" data-e-type=\"widget\" data-settings=\"{&quot;ekit_we_effect_on&quot;:&quot;none&quot;}\" data-widget_type=\"text-editor.default\">\n\t\t\t\t\t\t\t\t\t<p><strong>Informativa sulla Privacy<\/strong><\/p><p>Questa informativa sulla privacy \u00e8 stata redatta per meglio servire coloro che sono preoccupati di come le loro \u201cInformazioni Personali Identificabili\u201d (PII) vengano utilizzate online. Le PII, come definite dalla legge sulla privacy negli Stati Uniti e dalla sicurezza delle informazioni, sono informazioni che possono essere utilizzate da sole o con altre informazioni per identificare, contattare o localizzare una singola persona, o per identificare un individuo nel contesto. Si prega di leggere attentamente questa informativa sulla privacy per comprendere come raccogliamo, utilizziamo, proteggiamo o gestiamo altrimenti le vostre informazioni personali identificabili in conformit\u00e0 con il nostro sito web.<\/p><p><strong>Quali informazioni personali raccogliamo dalle persone che visitano il nostro blog, sito web o app?<\/strong><\/p><p>Non raccogliamo informazioni dai visitatori del nostro sito. O altre informazioni per migliorare la vostra esperienza.<\/p><p><strong>Quando raccogliamo informazioni?<\/strong><\/p><p>Raccogliamo informazioni quando vi registrate sul nostro sito, effettuate un ordine, vi iscrivete alla nostra newsletter, utilizzate la chat live o inserite informazioni nel nostro sito.<\/p><p><strong>Come utilizziamo le vostre informazioni?<\/strong><\/p><p>Possiamo utilizzare le informazioni che raccogliamo da voi quando vi registrate, effettuate un acquisto, vi iscrivete alla nostra newsletter, rispondete a un sondaggio o comunicazione di marketing, navigate nel sito o utilizzate altre funzionalit\u00e0 del sito nei seguenti modi:<\/p><p>\u2022 Per personalizzare l\u2019esperienza dell\u2019utente e permetterci di offrire i contenuti e le offerte di prodotto a cui siete maggiormente interessati. \u2022 Per elaborare rapidamente le vostre transazioni.<\/p><p><strong>Utilizziamo i \u2018cookie\u2019?<\/strong><\/p><p>S\u00ec. I cookie sono piccoli file che un sito o il suo fornitore di servizi trasferisce al disco rigido del vostro computer attraverso il vostro browser web (se lo consentite) che permette ai sistemi del sito o del fornitore di riconoscere il vostro browser e raccogliere e memorizzare alcune informazioni. Ad esempio, usiamo i cookie per aiutarci a ricordare e processare gli articoli nel carrello. Vengono inoltre utilizzati per aiutarci a comprendere le vostre preferenze in base alle attivit\u00e0 precedenti o correnti del sito, il che ci consente di offrire servizi migliorati. Usiamo anche i cookie per aiutarci a compilare dati aggregati sul traffico del sito e sull\u2019interazione con il sito in modo da offrire esperienze e strumenti migliori in futuro.<\/p><p>Usiamo i cookie per: \u2022 Aiutare a ricordare e processare gli articoli nel carrello.<\/p><p>Potete scegliere di ricevere una notifica ogni volta che un cookie viene inviato o scegliere di disabilitare tutti i cookie. Potete fare ci\u00f2 attraverso le impostazioni del vostro browser (ad esempio, Internet Explorer). Ogni browser \u00e8 un po&#8217; diverso, quindi consultate il menu di aiuto del vostro browser per imparare come modificare correttamente i cookie.<\/p><p>Se disabilitate i cookie, alcune funzionalit\u00e0 saranno disabilitate. Questo non influir\u00e0 sull\u2019esperienza dell\u2019utente che rende il sito pi\u00f9 efficiente, ma alcuni dei nostri servizi potrebbero non funzionare correttamente.<\/p><p>Tuttavia, potrete comunque effettuare ordini.<\/p><p><strong>Divulgazione a terzi<\/strong><\/p><p>Non vendiamo, scambiamo o trasferiamo in altro modo a terze parti le vostre informazioni personali identificabili.<\/p><p><strong>Link di terze parti<\/strong><\/p><p>Non includiamo n\u00e9 offriamo prodotti o servizi di terze parti sul nostro sito web.<\/p><p><strong>California Online Privacy Protection Act<\/strong><\/p><p>Il CalOPPA \u00e8 la prima legge statale negli Stati Uniti che richiede ai siti web commerciali e ai servizi online di pubblicare una politica sulla privacy. La legge si estende ben oltre la California, richiedendo a una persona o azienda negli Stati Uniti (e potenzialmente in tutto il mondo) che gestisce siti web che raccolgono informazioni personali identificabili dai consumatori della California di pubblicare una politica sulla privacy visibile sul proprio sito web, indicando esattamente le informazioni raccolte e con chi vengono condivise, e di conformarsi a questa politica. \u2013 Per saperne di pi\u00f9 su: <a href=\"http:\/\/consumercal.org\/california-online-privacy-protection-act-caloppa\/#sthash.0FdRbT51.dpuf\" target=\"_new\" rel=\"noopener\">http:\/\/consumercal.org\/california-online-privacy-protection-act-caloppa\/#sthash.0FdRbT51.dpuf<\/a><\/p><p>Secondo il CalOPPA, accettiamo quanto segue: Gli utenti possono visitare il nostro sito in modo anonimo. Una volta creata questa politica sulla privacy, aggiungeremo un link ad essa nella nostra home page o, almeno, sulla prima pagina significativa dopo l&#8217;ingresso nel nostro sito web. Il nostro link alla Politica sulla Privacy include la parola \u2018Privacy\u2019 e pu\u00f2 essere facilmente trovato sulla pagina sopra indicata.<\/p><p>Gli utenti verranno notificati di eventuali modifiche alla politica sulla privacy: \u2022 Sulla nostra pagina della Politica sulla Privacy. Gli utenti possono modificare le proprie informazioni personali: \u2022 Accedendo al loro account.<\/p><p><strong>Come gestisce il nostro sito i segnali \u201cDo Not Track\u201d?<\/strong><\/p><p>Onoriamo i segnali \u201cDo Not Track\u201d e non tracciamo, piantiamo cookie n\u00e9 utilizziamo pubblicit\u00e0 quando \u00e8 attivato un meccanismo del browser Do Not Track (DNT).<\/p><p><strong>Il nostro sito consente il tracciamento comportamentale da parte di terzi?<\/strong><\/p><p>\u00c8 importante notare che non consentiamo il tracciamento comportamentale da parte di terzi.<\/p><p>Se avete domande relative a questa politica sulla privacy, potete contattarci utilizzando le informazioni sottostanti.<\/p><p><strong>Contattaci per maggiori informazioni.<\/strong><\/p>\t\t\t\t\t\t\t\t<\/div>\n\t\t\t\t\t<\/div>\n\t\t\t\t<\/div>\n\t\t\t\t<\/div>\n\t\t","protected":false},"excerpt":{"rendered":"<p>Informativa Sulla Privacy Informativa sulla Privacy Questa informativa sulla privacy \u00e8 stata redatta per meglio servire coloro che sono preoccupati di come le loro \u201cInformazioni Personali Identificabili\u201d (PII) vengano utilizzate online. Le PII, come definite dalla legge sulla privacy negli Stati Uniti e dalla sicurezza delle informazioni, sono informazioni che possono essere utilizzate da sole [&hellip;]<\/p>\n","protected":false},"author":2,"featured_media":0,"parent":0,"menu_order":0,"comment_status":"closed","ping_status":"closed","template":"essential-blocks-fullwidth-template.php","meta":{"_eb_attr":"","footnotes":""},"class_list":["post-16638","page","type-page","status-publish","hentry"],"jetpack_sharing_enabled":true,"_links":{"self":[{"href":"https:\/\/tapadum.com\/it\/wp-json\/wp\/v2\/pages\/16638","targetHints":{"allow":["GET"]}}],"collection":[{"href":"https:\/\/tapadum.com\/it\/wp-json\/wp\/v2\/pages"}],"about":[{"href":"https:\/\/tapadum.com\/it\/wp-json\/wp\/v2\/types\/page"}],"author":[{"embeddable":true,"href":"https:\/\/tapadum.com\/it\/wp-json\/wp\/v2\/users\/2"}],"replies":[{"embeddable":true,"href":"https:\/\/tapadum.com\/it\/wp-json\/wp\/v2\/comments?post=16638"}],"version-history":[{"count":7,"href":"https:\/\/tapadum.com\/it\/wp-json\/wp\/v2\/pages\/16638\/revisions"}],"predecessor-version":[{"id":17837,"href":"https:\/\/tapadum.com\/it\/wp-json\/wp\/v2\/pages\/16638\/revisions\/17837"}],"wp:attachment":[{"href":"https:\/\/tapadum.com\/it\/wp-json\/wp\/v2\/media?parent=16638"}],"curies":[{"name":"wp","href":"https:\/\/api.w.org\/{rel}","templated":true}]}}