{"id":16649,"date":"2023-07-09T14:51:39","date_gmt":"2023-07-09T12:51:39","guid":{"rendered":"https:\/\/tapadum.com\/?page_id=16649"},"modified":"2026-05-02T13:04:17","modified_gmt":"2026-05-02T11:04:17","slug":"tamburi-a-cornice","status":"publish","type":"page","link":"https:\/\/tapadum.com\/it\/tamburi-a-cornice\/","title":{"rendered":"Tamburi a cornice"},"content":{"rendered":"\t\t<div data-elementor-type=\"wp-page\" data-elementor-id=\"16649\" class=\"elementor elementor-16649 elementor-9066\" data-elementor-post-type=\"page\">\n\t\t\t\t\t\t<section class=\"elementor-section elementor-top-section elementor-element elementor-element-cb8a7d3 elementor-section-full_width elementor-section-height-min-height elementor-section-height-default elementor-section-items-middle\" data-id=\"cb8a7d3\" data-element_type=\"section\" data-e-type=\"section\" data-settings=\"{&quot;background_background&quot;:&quot;classic&quot;}\">\n\t\t\t\t\t\t\t<div class=\"elementor-background-overlay\"><\/div>\n\t\t\t\t\t\t\t<div class=\"elementor-container elementor-column-gap-default\">\n\t\t\t\t\t<div class=\"elementor-column elementor-col-50 elementor-top-column elementor-element elementor-element-6fe2b79\" data-id=\"6fe2b79\" data-element_type=\"column\" data-e-type=\"column\">\n\t\t\t<div class=\"elementor-widget-wrap elementor-element-populated\">\n\t\t\t\t\t\t<div class=\"elementor-element elementor-element-44e670e elementor-widget elementor-widget-woocommerce-breadcrumb\" data-id=\"44e670e\" data-element_type=\"widget\" data-e-type=\"widget\" data-settings=\"{&quot;ekit_we_effect_on&quot;:&quot;none&quot;}\" data-widget_type=\"woocommerce-breadcrumb.default\">\n\t\t\t\t\t<nav class=\"woocommerce-breadcrumb\" aria-label=\"Breadcrumb\">Home<\/nav>\t\t\t\t<\/div>\n\t\t\t\t\t<\/div>\n\t\t<\/div>\n\t\t\t\t<div class=\"elementor-column elementor-col-50 elementor-top-column elementor-element elementor-element-d322114\" data-id=\"d322114\" data-element_type=\"column\" data-e-type=\"column\" data-settings=\"{&quot;background_background&quot;:&quot;classic&quot;}\">\n\t\t\t<div class=\"elementor-widget-wrap elementor-element-populated\">\n\t\t\t\t\t\t<div class=\"elementor-element elementor-element-7d8f984 elementor-widget elementor-widget-text-editor\" data-id=\"7d8f984\" data-element_type=\"widget\" data-e-type=\"widget\" data-settings=\"{&quot;ekit_we_effect_on&quot;:&quot;none&quot;}\" data-widget_type=\"text-editor.default\">\n\t\t\t\t\t\t\t\t\t<p>Tamburi a cornice<\/p>\t\t\t\t\t\t\t\t<\/div>\n\t\t\t\t\t<\/div>\n\t\t<\/div>\n\t\t\t\t\t<\/div>\n\t\t<\/section>\n\t\t<div class=\"elementor-element elementor-element-30437c7 e-flex e-con-boxed e-con e-parent\" data-id=\"30437c7\" data-element_type=\"container\" data-e-type=\"container\" data-settings=\"{&quot;background_background&quot;:&quot;classic&quot;}\">\n\t\t\t\t\t<div class=\"e-con-inner\">\n\t\t\t\t<div class=\"elementor-element elementor-element-a374207 elementor-widget elementor-widget-text-editor\" data-id=\"a374207\" data-element_type=\"widget\" data-e-type=\"widget\" data-settings=\"{&quot;ekit_we_effect_on&quot;:&quot;none&quot;}\" data-widget_type=\"text-editor.default\">\n\t\t\t\t\t\t\t\t\t<p>Esplora i tamburi a cornice tradizionali e moderni e trova lo strumento perfetto che risuona con la tua visione musicale. Che tu sia un musicista esperto o un principiante, abbiamo lo strumento ideale per arricchire il tuo percorso ritmico.Discover professional percussion instruments at Tapadum \u2014 darbukas, doumbeks, frame drums &amp; more.\u00a0<\/p>\t\t\t\t\t\t\t\t<\/div>\n\t\t\t\t\t<\/div>\n\t\t\t\t<\/div>\n\t\t<div class=\"elementor-element elementor-element-50e63ae e-con-full e-flex e-con e-parent\" data-id=\"50e63ae\" data-element_type=\"container\" data-e-type=\"container\" data-settings=\"{&quot;background_background&quot;:&quot;classic&quot;}\">\n\t\t<div class=\"elementor-element elementor-element-5e1c6ef e-flex e-con-boxed e-con e-child\" data-id=\"5e1c6ef\" data-element_type=\"container\" data-e-type=\"container\" data-settings=\"{&quot;background_background&quot;:&quot;classic&quot;}\">\n\t\t\t\t\t<div class=\"e-con-inner\">\n\t\t\t\t<div class=\"elementor-element elementor-element-2ea7560 elementor-grid-4 elementor-grid-tablet-3 elementor-grid-mobile-2 elementor-products-grid elementor-wc-products elementor-show-pagination-border-yes elementor-widget elementor-widget-woocommerce-products\" data-id=\"2ea7560\" data-element_type=\"widget\" data-e-type=\"widget\" data-settings=\"{&quot;ekit_we_effect_on&quot;:&quot;none&quot;}\" data-widget_type=\"woocommerce-products.default\">\n\t\t\t\t<div class=\"elementor-widget-container\">\n\t\t\t\t\t<div class=\"woocommerce columns-4 \"><div class=\"woocommerce-notices-wrapper\"><\/div><p class=\"woocommerce-result-count\" role=\"alert\" aria-relevant=\"all\" data-is-sorted-by=\"true\">\n\tVisualizzazione di 4 risultati<span class=\"screen-reader-text\">Prezzo: dal pi\u00f9 economico<\/span><\/p>\n<form class=\"woocommerce-ordering\" method=\"get\">\n\t\t<select\n\t\tname=\"orderby\"\n\t\tclass=\"orderby\"\n\t\t\t\t\taria-label=\"Ordine negozio\"\n\t\t\t>\n\t\t\t\t\t<option value=\"popularity\" >Popolarit\u00e0<\/option>\n\t\t\t\t\t<option value=\"rating\" >Valutazione media<\/option>\n\t\t\t\t\t<option value=\"date\" >Ordina in base al pi\u00f9 recente<\/option>\n\t\t\t\t\t<option value=\"price\"  selected='selected'>Prezzo: dal pi\u00f9 economico<\/option>\n\t\t\t\t\t<option value=\"price-desc\" >Prezzo: dal pi\u00f9 caro<\/option>\n\t\t\t<\/select>\n\t<input type=\"hidden\" name=\"paged\" value=\"1\" \/>\n\t<\/form>\n<ul class=\"products elementor-grid columns-4\">\n<li class=\"product type-product post-31103 status-publish first instock product_cat-tamburo-a-cornice product_cat-percussioni has-post-thumbnail sale shipping-taxable purchasable product-type-simple\">\n\t<a href=\"https:\/\/tapadum.com\/it\/prodotto\/tamburo-a-cornice-con-accordatura-interna\/\" class=\"woocommerce-LoopProduct-link woocommerce-loop-product__link\">\n\t<span class=\"onsale\">In offerta!<\/span>\n\t<img fetchpriority=\"high\" decoding=\"async\" width=\"300\" height=\"300\" src=\"https:\/\/i0.wp.com\/tapadum.com\/wp-content\/uploads\/2025\/11\/69.jpg?resize=300%2C300&amp;ssl=1\" class=\"attachment-woocommerce_thumbnail size-woocommerce_thumbnail\" alt=\"internal Tuning Frame Drum\" srcset=\"https:\/\/i0.wp.com\/tapadum.com\/wp-content\/uploads\/2025\/11\/69.jpg?w=1080&amp;ssl=1 1080w, https:\/\/i0.wp.com\/tapadum.com\/wp-content\/uploads\/2025\/11\/69.jpg?resize=300%2C300&amp;ssl=1 300w, https:\/\/i0.wp.com\/tapadum.com\/wp-content\/uploads\/2025\/11\/69.jpg?resize=1024%2C1024&amp;ssl=1 1024w, https:\/\/i0.wp.com\/tapadum.com\/wp-content\/uploads\/2025\/11\/69.jpg?resize=150%2C150&amp;ssl=1 150w, https:\/\/i0.wp.com\/tapadum.com\/wp-content\/uploads\/2025\/11\/69.jpg?resize=768%2C768&amp;ssl=1 768w, https:\/\/i0.wp.com\/tapadum.com\/wp-content\/uploads\/2025\/11\/69.jpg?resize=600%2C600&amp;ssl=1 600w, https:\/\/i0.wp.com\/tapadum.com\/wp-content\/uploads\/2025\/11\/69.jpg?resize=100%2C100&amp;ssl=1 100w\" sizes=\"(max-width: 300px) 100vw, 300px\" \/><h2 class=\"woocommerce-loop-product__title\">Bendir Turco &#8211; Tamburo a Cornice con Accordatura Interna n.1 &#8211; d.45 cm &#8211; Qualit\u00e0 Premium<\/h2>\n\t<span class=\"price\"><del aria-hidden=\"true\"><span class=\"woocommerce-Price-amount amount\"><bdi><span class=\"woocommerce-Price-currencySymbol\">&euro;<\/span>345,50<\/bdi><\/span><\/del> <span class=\"screen-reader-text\">Il prezzo originale era: &euro;345,50.<\/span><ins aria-hidden=\"true\"><span class=\"woocommerce-Price-amount amount\"><bdi><span class=\"woocommerce-Price-currencySymbol\">&euro;<\/span>249,31<\/bdi><\/span><\/ins><span class=\"screen-reader-text\">Il prezzo attuale \u00e8: &euro;249,31.<\/span><\/span>\n<\/a><a href=\"\/it\/wp-json\/wp\/v2\/pages\/16649?add-to-cart=31103\" aria-describedby=\"woocommerce_loop_add_to_cart_link_describedby_31103\" data-quantity=\"1\" class=\"button product_type_simple add_to_cart_button ajax_add_to_cart\" data-product_id=\"31103\" data-product_sku=\"Tap B143\" aria-label=\"Aggiungi al carrello: &quot;Bendir Turco - Tamburo a Cornice con Accordatura Interna n.1 - d.45 cm - Qualit\u00e0 Premium&quot;\" rel=\"nofollow\" data-success_message=\"&quot;Bendir Turco - Tamburo a Cornice con Accordatura Interna n.1 - d.45 cm - Qualit\u00e0 Premium&quot; \u00e8 stato aggiunto al tuo carrello\" role=\"button\">Aggiungi al carrello<\/a>\t<span id=\"woocommerce_loop_add_to_cart_link_describedby_31103\" class=\"screen-reader-text\">\n\t\t\t<\/span>\n<\/li>\n<li class=\"product type-product post-33528 status-publish instock product_cat-tamburo-a-cornice product_cat-percussioni has-post-thumbnail sale shipping-taxable purchasable product-type-simple\">\n\t<a href=\"https:\/\/tapadum.com\/it\/prodotto\/bendir-turco-tamburo-accordatura-interna-45cm\/\" class=\"woocommerce-LoopProduct-link woocommerce-loop-product__link\">\n\t<span class=\"onsale\">In offerta!<\/span>\n\t<img decoding=\"async\" width=\"300\" height=\"300\" src=\"https:\/\/i0.wp.com\/tapadum.com\/wp-content\/uploads\/2023\/08\/54.jpg?resize=300%2C300&amp;ssl=1\" class=\"attachment-woocommerce_thumbnail size-woocommerce_thumbnail\" alt=\"Internal Tuning Frame Drum\" srcset=\"https:\/\/i0.wp.com\/tapadum.com\/wp-content\/uploads\/2023\/08\/54.jpg?w=1080&amp;ssl=1 1080w, https:\/\/i0.wp.com\/tapadum.com\/wp-content\/uploads\/2023\/08\/54.jpg?resize=300%2C300&amp;ssl=1 300w, https:\/\/i0.wp.com\/tapadum.com\/wp-content\/uploads\/2023\/08\/54.jpg?resize=1024%2C1024&amp;ssl=1 1024w, https:\/\/i0.wp.com\/tapadum.com\/wp-content\/uploads\/2023\/08\/54.jpg?resize=150%2C150&amp;ssl=1 150w, https:\/\/i0.wp.com\/tapadum.com\/wp-content\/uploads\/2023\/08\/54.jpg?resize=768%2C768&amp;ssl=1 768w, https:\/\/i0.wp.com\/tapadum.com\/wp-content\/uploads\/2023\/08\/54.jpg?resize=600%2C600&amp;ssl=1 600w, https:\/\/i0.wp.com\/tapadum.com\/wp-content\/uploads\/2023\/08\/54.jpg?resize=100%2C100&amp;ssl=1 100w\" sizes=\"(max-width: 300px) 100vw, 300px\" \/><h2 class=\"woocommerce-loop-product__title\">Bendir Turco &#8211; Tamburo a Cornice di Accordatura Interna n.1 &#8211; d.45 cm &#8211; Qualit\u00e0 Premium<\/h2>\n\t<span class=\"price\"><del aria-hidden=\"true\"><span class=\"woocommerce-Price-amount amount\"><bdi><span class=\"woocommerce-Price-currencySymbol\">&euro;<\/span>345,50<\/bdi><\/span><\/del> <span class=\"screen-reader-text\">Il prezzo originale era: &euro;345,50.<\/span><ins aria-hidden=\"true\"><span class=\"woocommerce-Price-amount amount\"><bdi><span class=\"woocommerce-Price-currencySymbol\">&euro;<\/span>249,31<\/bdi><\/span><\/ins><span class=\"screen-reader-text\">Il prezzo attuale \u00e8: &euro;249,31.<\/span><\/span>\n<\/a><a href=\"\/it\/wp-json\/wp\/v2\/pages\/16649?add-to-cart=33528\" aria-describedby=\"woocommerce_loop_add_to_cart_link_describedby_33528\" data-quantity=\"1\" class=\"button product_type_simple add_to_cart_button ajax_add_to_cart\" data-product_id=\"33528\" data-product_sku=\"Tap143\" aria-label=\"Aggiungi al carrello: &quot;Bendir Turco - Tamburo a Cornice di Accordatura Interna n.1 - d.45 cm - Qualit\u00e0 Premium&quot;\" rel=\"nofollow\" data-success_message=\"&quot;Bendir Turco - Tamburo a Cornice di Accordatura Interna n.1 - d.45 cm - Qualit\u00e0 Premium&quot; \u00e8 stato aggiunto al tuo carrello\" role=\"button\">Aggiungi al carrello<\/a>\t<span id=\"woocommerce_loop_add_to_cart_link_describedby_33528\" class=\"screen-reader-text\">\n\t\t\t<\/span>\n<\/li>\n<li class=\"product type-product post-18212 status-publish instock product_cat-percussioni product_cat-tamburo-a-cornice has-post-thumbnail sale shipping-taxable purchasable product-type-simple\">\n\t<a href=\"https:\/\/tapadum.com\/it\/prodotto\/tamburo-a-cornice-accordabile-professionale-frame-drum\/\" class=\"woocommerce-LoopProduct-link woocommerce-loop-product__link\">\n\t<span class=\"onsale\">In offerta!<\/span>\n\t<img decoding=\"async\" width=\"300\" height=\"300\" src=\"https:\/\/i0.wp.com\/tapadum.com\/wp-content\/uploads\/2023\/11\/1-7.jpg?resize=300%2C300&amp;ssl=1\" class=\"attachment-woocommerce_thumbnail size-woocommerce_thumbnail\" alt=\"Tamburo a Cornice Accordabile \" srcset=\"https:\/\/i0.wp.com\/tapadum.com\/wp-content\/uploads\/2023\/11\/1-7.jpg?w=1080&amp;ssl=1 1080w, https:\/\/i0.wp.com\/tapadum.com\/wp-content\/uploads\/2023\/11\/1-7.jpg?resize=300%2C300&amp;ssl=1 300w, https:\/\/i0.wp.com\/tapadum.com\/wp-content\/uploads\/2023\/11\/1-7.jpg?resize=1024%2C1024&amp;ssl=1 1024w, https:\/\/i0.wp.com\/tapadum.com\/wp-content\/uploads\/2023\/11\/1-7.jpg?resize=150%2C150&amp;ssl=1 150w, https:\/\/i0.wp.com\/tapadum.com\/wp-content\/uploads\/2023\/11\/1-7.jpg?resize=768%2C768&amp;ssl=1 768w, https:\/\/i0.wp.com\/tapadum.com\/wp-content\/uploads\/2023\/11\/1-7.jpg?resize=600%2C600&amp;ssl=1 600w, https:\/\/i0.wp.com\/tapadum.com\/wp-content\/uploads\/2023\/11\/1-7.jpg?resize=100%2C100&amp;ssl=1 100w\" sizes=\"(max-width: 300px) 100vw, 300px\" \/><h2 class=\"woocommerce-loop-product__title\">Tamburo a Cornice Accordabile Professionale | Frame Drum<\/h2>\n\t<span class=\"price\"><del aria-hidden=\"true\"><span class=\"woocommerce-Price-amount amount\"><bdi><span class=\"woocommerce-Price-currencySymbol\">&euro;<\/span>369,13<\/bdi><\/span><\/del> <span class=\"screen-reader-text\">Il prezzo originale era: &euro;369,13.<\/span><ins aria-hidden=\"true\"><span class=\"woocommerce-Price-amount amount\"><bdi><span class=\"woocommerce-Price-currencySymbol\">&euro;<\/span>269,35<\/bdi><\/span><\/ins><span class=\"screen-reader-text\">Il prezzo attuale \u00e8: &euro;269,35.<\/span><\/span>\n<\/a><a href=\"\/it\/wp-json\/wp\/v2\/pages\/16649?add-to-cart=18212\" aria-describedby=\"woocommerce_loop_add_to_cart_link_describedby_18212\" data-quantity=\"1\" class=\"button product_type_simple add_to_cart_button ajax_add_to_cart\" data-product_id=\"18212\" data-product_sku=\"Tap128\" aria-label=\"Aggiungi al carrello: &quot;Tamburo a Cornice Accordabile Professionale | Frame Drum&quot;\" rel=\"nofollow\" data-success_message=\"&quot;Tamburo a Cornice Accordabile Professionale | Frame Drum&quot; \u00e8 stato aggiunto al tuo carrello\" role=\"button\">Aggiungi al carrello<\/a>\t<span id=\"woocommerce_loop_add_to_cart_link_describedby_18212\" class=\"screen-reader-text\">\n\t\t\t<\/span>\n<\/li>\n<li class=\"product type-product post-18203 status-publish last instock product_cat-percussioni product_cat-tamburo-a-cornice has-post-thumbnail sale shipping-taxable purchasable product-type-simple\">\n\t<a href=\"https:\/\/tapadum.com\/it\/prodotto\/tamburo-a-cornice-professionale-frame-drum-accordabile\/\" class=\"woocommerce-LoopProduct-link woocommerce-loop-product__link\">\n\t<span class=\"onsale\">In offerta!<\/span>\n\t<img loading=\"lazy\" decoding=\"async\" width=\"300\" height=\"300\" src=\"https:\/\/i0.wp.com\/tapadum.com\/wp-content\/uploads\/2024\/01\/1.jpg?resize=300%2C300&amp;ssl=1\" class=\"attachment-woocommerce_thumbnail size-woocommerce_thumbnail\" alt=\"Tamburo a Cornice Professionale &amp; Pelle Sintetica - (Accordatura Interna)\" srcset=\"https:\/\/i0.wp.com\/tapadum.com\/wp-content\/uploads\/2024\/01\/1.jpg?w=1080&amp;ssl=1 1080w, https:\/\/i0.wp.com\/tapadum.com\/wp-content\/uploads\/2024\/01\/1.jpg?resize=300%2C300&amp;ssl=1 300w, https:\/\/i0.wp.com\/tapadum.com\/wp-content\/uploads\/2024\/01\/1.jpg?resize=1024%2C1024&amp;ssl=1 1024w, https:\/\/i0.wp.com\/tapadum.com\/wp-content\/uploads\/2024\/01\/1.jpg?resize=150%2C150&amp;ssl=1 150w, https:\/\/i0.wp.com\/tapadum.com\/wp-content\/uploads\/2024\/01\/1.jpg?resize=768%2C768&amp;ssl=1 768w, https:\/\/i0.wp.com\/tapadum.com\/wp-content\/uploads\/2024\/01\/1.jpg?resize=600%2C600&amp;ssl=1 600w, https:\/\/i0.wp.com\/tapadum.com\/wp-content\/uploads\/2024\/01\/1.jpg?resize=100%2C100&amp;ssl=1 100w\" sizes=\"(max-width: 300px) 100vw, 300px\" \/><h2 class=\"woocommerce-loop-product__title\">Tamburo a Cornice Professionale &amp; Pelle Sintetica &#8211; (Accordatura Interna)<\/h2>\n\t<span class=\"price\"><del aria-hidden=\"true\"><span class=\"woocommerce-Price-amount amount\"><bdi><span class=\"woocommerce-Price-currencySymbol\">&euro;<\/span>369,13<\/bdi><\/span><\/del> <span class=\"screen-reader-text\">Il prezzo originale era: &euro;369,13.<\/span><ins aria-hidden=\"true\"><span class=\"woocommerce-Price-amount amount\"><bdi><span class=\"woocommerce-Price-currencySymbol\">&euro;<\/span>279,35<\/bdi><\/span><\/ins><span class=\"screen-reader-text\">Il prezzo attuale \u00e8: &euro;279,35.<\/span><\/span>\n<\/a><a href=\"\/it\/wp-json\/wp\/v2\/pages\/16649?add-to-cart=18203\" aria-describedby=\"woocommerce_loop_add_to_cart_link_describedby_18203\" data-quantity=\"1\" class=\"button product_type_simple add_to_cart_button ajax_add_to_cart\" data-product_id=\"18203\" data-product_sku=\"Tap120\" aria-label=\"Aggiungi al carrello: &quot;Tamburo a Cornice Professionale &amp; Pelle Sintetica - (Accordatura Interna)&quot;\" rel=\"nofollow\" data-success_message=\"&quot;Tamburo a Cornice Professionale &amp; Pelle Sintetica - (Accordatura Interna)&quot; \u00e8 stato aggiunto al tuo carrello\" role=\"button\">Aggiungi al carrello<\/a>\t<span id=\"woocommerce_loop_add_to_cart_link_describedby_18203\" class=\"screen-reader-text\">\n\t\t\t<\/span>\n<\/li>\n<\/ul>\n<\/div>\t\t\t\t<\/div>\n\t\t\t\t<\/div>\n\t\t\t\t\t<\/div>\n\t\t\t\t<\/div>\n\t\t\t\t<\/div>\n\t\t<div class=\"elementor-element elementor-element-aea65e1 e-flex e-con-boxed e-con e-parent\" data-id=\"aea65e1\" data-element_type=\"container\" data-e-type=\"container\" data-settings=\"{&quot;background_background&quot;:&quot;gradient&quot;}\">\n\t\t\t\t\t<div class=\"e-con-inner\">\n\t\t<div class=\"elementor-element elementor-element-51665d3 e-flex e-con-boxed e-con e-child\" data-id=\"51665d3\" data-element_type=\"container\" data-e-type=\"container\" data-settings=\"{&quot;background_background&quot;:&quot;classic&quot;}\">\n\t\t\t\t\t<div class=\"e-con-inner\">\n\t\t\t\t<div class=\"elementor-element elementor-element-d32b565 elementor-widget elementor-widget-heading\" data-id=\"d32b565\" data-element_type=\"widget\" data-e-type=\"widget\" data-settings=\"{&quot;ekit_we_effect_on&quot;:&quot;none&quot;}\" data-widget_type=\"heading.default\">\n\t\t\t\t\t<h2 class=\"elementor-heading-title elementor-size-default\">Tamburi di Tapadum<\/h2>\t\t\t\t<\/div>\n\t\t\t\t<div class=\"elementor-element elementor-element-bcbe6db elementor-widget elementor-widget-text-editor\" data-id=\"bcbe6db\" data-element_type=\"widget\" data-e-type=\"widget\" data-settings=\"{&quot;ekit_we_effect_on&quot;:&quot;none&quot;}\" data-widget_type=\"text-editor.default\">\n\t\t\t\t\t\t\t\t\t<p>Darbuka: Scatena i ritmi accattivanti della darbuka, un tamburo suonato a mano che produce sonorit\u00e0 ipnotiche e vibranti.<\/p><p>Riq: Arricchisci la tua musica con i suoni vibranti del riq, un tamburello tradizionale rinomato per la sua risonanza ricca e dinamica.<\/p><p>Tamburo a cornice: Eleva i tuoi ritmi con il tamburo a cornice, uno strumento a percussione caratterizzato da una pelle tesa su un telaio, che crea armonie profonde e risonanti.<\/p><p>Tombak: Immergiti nelle intricate melodie e ritmi del tombak, un elegante tamburo che pu\u00f2 essere suonato sia come strumento solista che in un ensemble.<\/p><p>Daf: Scopri le trame ritmiche e ipnotiche del daf, un tamburello con cornice che aggiunge profondit\u00e0 e vivacit\u00e0 alla tua musica.<\/p><p>Cajon: Scopri la versatilit\u00e0 ritmica del cajon, uno strumento a percussione che offre un&#8217;ampia gamma di possibilit\u00e0 sonore grazie alla sua particolare costruzione.<\/p><p>Tabla: Immergiti nei ritmi complessi e nel potenziale espressivo della tabla, uno strumento fondamentale nella musica indiana.<\/p><p>Tamburo sciamanico: Scopri la risonanza profonda e mistica del tamburo sciamanico, uno strumento tradizionale spesso utilizzato in contesti spirituali e cerimoniali.<\/p><p>Davul: Senti i ritmi incalzanti del davul, un grande tamburo a doppia membrana che cattura l&#8217;attenzione nella musica tradizionale e folk.<\/p><p>Kanjira: Lasciati conquistare dai ritmi complessi del kanjira, un tamburo a cornice dell&#8217;India meridionale rinomato per i suoi toni risonanti e le intricate tecniche di diteggiatura.<\/p><p>Da Tapadum Music Store, diamo priorit\u00e0 all&#8217;eccellenza e offriamo un vasto assortimento di strumenti a percussione per soddisfare ogni esigenza musicale. Ogni strumento \u00e8 accuratamente selezionato per la sua durata, la qualit\u00e0 del suono e la suonabilit\u00e0. Esplora la nostra categoria Tamburi a cornice e scopri le possibilit\u00e0 ritmiche che ti attendono nel mondo della musica percussiva.<\/p>\t\t\t\t\t\t\t\t<\/div>\n\t\t\t\t\t<\/div>\n\t\t\t\t<\/div>\n\t\t\t\t\t<\/div>\n\t\t\t\t<\/div>\n\t\t\t\t<\/div>\n\t\t","protected":false},"excerpt":{"rendered":"<p>Esplora tamburi a cornice. Tradizionali e moderni e trova il tamburo perfetto che risuona con la tua visione musicale. Che tu sia un musicista esperto o un principiante, abbiamo lo&#8230;<\/p>\n","protected":false},"author":1,"featured_media":0,"parent":0,"menu_order":0,"comment_status":"closed","ping_status":"closed","template":"","meta":{"_eb_attr":"","footnotes":""},"class_list":["post-16649","page","type-page","status-publish","hentry"],"jetpack_sharing_enabled":true,"_links":{"self":[{"href":"https:\/\/tapadum.com\/it\/wp-json\/wp\/v2\/pages\/16649","targetHints":{"allow":["GET"]}}],"collection":[{"href":"https:\/\/tapadum.com\/it\/wp-json\/wp\/v2\/pages"}],"about":[{"href":"https:\/\/tapadum.com\/it\/wp-json\/wp\/v2\/types\/page"}],"author":[{"embeddable":true,"href":"https:\/\/tapadum.com\/it\/wp-json\/wp\/v2\/users\/1"}],"replies":[{"embeddable":true,"href":"https:\/\/tapadum.com\/it\/wp-json\/wp\/v2\/comments?post=16649"}],"version-history":[{"count":15,"href":"https:\/\/tapadum.com\/it\/wp-json\/wp\/v2\/pages\/16649\/revisions"}],"predecessor-version":[{"id":35212,"href":"https:\/\/tapadum.com\/it\/wp-json\/wp\/v2\/pages\/16649\/revisions\/35212"}],"wp:attachment":[{"href":"https:\/\/tapadum.com\/it\/wp-json\/wp\/v2\/media?parent=16649"}],"curies":[{"name":"wp","href":"https:\/\/api.w.org\/{rel}","templated":true}]}}