{"id":16714,"date":"2023-07-08T23:00:07","date_gmt":"2023-07-08T23:00:07","guid":{"rendered":"https:\/\/tapadum.com\/?page_id=16714"},"modified":"2024-11-21T17:16:10","modified_gmt":"2024-11-21T17:16:10","slug":"darbuka-pro","status":"publish","type":"page","link":"https:\/\/tapadum.com\/it\/darbuka-pro\/","title":{"rendered":"Acquista Darbuka in Italia | Le Migliori Percussioni  Tapadum dal 2019"},"content":{"rendered":"\t\t<div data-elementor-type=\"wp-page\" data-elementor-id=\"16714\" class=\"elementor elementor-16714 elementor-8969\" data-elementor-post-type=\"page\">\n\t\t\t\t\t\t<section class=\"elementor-section elementor-top-section elementor-element elementor-element-1c03c620 elementor-section-boxed elementor-section-height-default elementor-section-height-default\" data-id=\"1c03c620\" data-element_type=\"section\" data-e-type=\"section\">\n\t\t\t\t\t\t<div class=\"elementor-container elementor-column-gap-default\">\n\t\t\t\t\t<div class=\"elementor-column elementor-col-100 elementor-top-column elementor-element elementor-element-336402b5\" data-id=\"336402b5\" data-element_type=\"column\" data-e-type=\"column\" data-settings=\"{&quot;background_background&quot;:&quot;classic&quot;}\">\n\t\t\t<div class=\"elementor-widget-wrap elementor-element-populated\">\n\t\t\t\t\t\t<section class=\"elementor-section elementor-inner-section elementor-element elementor-element-7e1ddd86 elementor-section-boxed elementor-section-height-default elementor-section-height-default\" data-id=\"7e1ddd86\" data-element_type=\"section\" data-e-type=\"section\">\n\t\t\t\t\t\t<div class=\"elementor-container elementor-column-gap-default\">\n\t\t\t\t\t<div class=\"elementor-column elementor-col-100 elementor-inner-column elementor-element elementor-element-67243453 elementor-invisible\" data-id=\"67243453\" data-element_type=\"column\" data-e-type=\"column\" data-settings=\"{&quot;animation&quot;:&quot;fadeIn&quot;,&quot;animation_delay&quot;:360}\">\n\t\t\t<div class=\"elementor-widget-wrap elementor-element-populated\">\n\t\t\t\t\t\t<div class=\"elementor-element elementor-element-2c345fb elementor-widget elementor-widget-heading\" data-id=\"2c345fb\" data-element_type=\"widget\" data-e-type=\"widget\" data-settings=\"{&quot;ekit_we_effect_on&quot;:&quot;none&quot;}\" data-widget_type=\"heading.default\">\n\t\t\t\t\t<h1 class=\"elementor-heading-title elementor-size-default\">Darbuka in Alluminio Pro<\/h1>\t\t\t\t<\/div>\n\t\t\t\t\t<\/div>\n\t\t<\/div>\n\t\t\t\t\t<\/div>\n\t\t<\/section>\n\t\t\t\t\t<\/div>\n\t\t<\/div>\n\t\t\t\t\t<\/div>\n\t\t<\/section>\n\t\t<div class=\"elementor-element elementor-element-1fbb4e22 e-flex e-con-boxed e-con e-parent\" data-id=\"1fbb4e22\" data-element_type=\"container\" data-e-type=\"container\" data-settings=\"{&quot;background_background&quot;:&quot;classic&quot;}\">\n\t\t\t\t\t<div class=\"e-con-inner\">\n\t\t<div class=\"elementor-element elementor-element-7dcc6c9 e-flex e-con-boxed e-con e-child\" data-id=\"7dcc6c9\" data-element_type=\"container\" data-e-type=\"container\" data-settings=\"{&quot;background_background&quot;:&quot;classic&quot;}\">\n\t\t\t\t\t<div class=\"e-con-inner\">\n\t\t\t\t<div class=\"elementor-element elementor-element-73430f1d elementor-widget elementor-widget-text-editor\" data-id=\"73430f1d\" data-element_type=\"widget\" data-e-type=\"widget\" data-settings=\"{&quot;ekit_we_effect_on&quot;:&quot;none&quot;}\" data-widget_type=\"text-editor.default\">\n\t\t\t\t\t\t\t\t\t<p>Lo strumento professionale in fusione di alluminio egiziano Darbuka \u00e8 una percussione turca e araba accattivante e versatile. Il miglior tamburo Darbuka disponibile nel negozio di musica Tapadum<\/p>\t\t\t\t\t\t\t\t<\/div>\n\t\t\t\t\t<\/div>\n\t\t\t\t<\/div>\n\t\t\t\t\t<\/div>\n\t\t\t\t<\/div>\n\t\t<div class=\"elementor-element elementor-element-648e63d e-flex e-con-boxed e-con e-parent\" data-id=\"648e63d\" data-element_type=\"container\" data-e-type=\"container\" data-settings=\"{&quot;background_background&quot;:&quot;classic&quot;}\">\n\t\t\t\t\t<div class=\"e-con-inner\">\n\t\t<div class=\"elementor-element elementor-element-6ec0f5da e-flex e-con-boxed e-con e-child\" data-id=\"6ec0f5da\" data-element_type=\"container\" data-e-type=\"container\" data-settings=\"{&quot;background_background&quot;:&quot;classic&quot;}\">\n\t\t\t\t\t<div class=\"e-con-inner\">\n\t\t\t\t<div class=\"elementor-element elementor-element-128e9584 elementor-grid-4 elementor-grid-tablet-3 elementor-grid-mobile-2 elementor-products-grid elementor-wc-products elementor-show-pagination-border-yes elementor-widget elementor-widget-woocommerce-products\" data-id=\"128e9584\" data-element_type=\"widget\" data-e-type=\"widget\" data-settings=\"{&quot;ekit_we_effect_on&quot;:&quot;none&quot;}\" data-widget_type=\"woocommerce-products.default\">\n\t\t\t\t<div class=\"elementor-widget-container\">\n\t\t\t\t\t<div class=\"woocommerce columns-4 \"><div class=\"woocommerce-notices-wrapper\"><\/div><p class=\"woocommerce-result-count\" role=\"alert\" aria-relevant=\"all\" >\n\tVisualizzazione del risultato<\/p>\n<form class=\"woocommerce-ordering\" method=\"get\">\n\t\t<select\n\t\tname=\"orderby\"\n\t\tclass=\"orderby\"\n\t\t\t\t\taria-label=\"Ordine negozio\"\n\t\t\t>\n\t\t\t\t\t<option value=\"popularity\" >Popolarit\u00e0<\/option>\n\t\t\t\t\t<option value=\"rating\" >Valutazione media<\/option>\n\t\t\t\t\t<option value=\"date\" >Ordina in base al pi\u00f9 recente<\/option>\n\t\t\t\t\t<option value=\"price\"  selected='selected'>Prezzo: dal pi\u00f9 economico<\/option>\n\t\t\t\t\t<option value=\"price-desc\" >Prezzo: dal pi\u00f9 caro<\/option>\n\t\t\t<\/select>\n\t<input type=\"hidden\" name=\"paged\" value=\"1\" \/>\n\t<\/form>\n<ul class=\"products elementor-grid columns-4\">\n<li class=\"product type-product post-17593 status-publish first instock product_cat-darbuka-it product_cat-darbuka-alluminio-pro product_cat-percussioni has-post-thumbnail sale shipping-taxable purchasable product-type-simple\">\n\t<a href=\"https:\/\/tapadum.com\/it\/prodotto\/darbuka-professionale-doumbek-derbake-strumento-a-percussione-egiziano-3\/\" class=\"woocommerce-LoopProduct-link woocommerce-loop-product__link\">\n\t<span class=\"onsale\">In offerta!<\/span>\n\t<img fetchpriority=\"high\" decoding=\"async\" width=\"300\" height=\"300\" src=\"https:\/\/i0.wp.com\/tapadum.com\/wp-content\/uploads\/2024\/05\/1-6-e1715428693629.jpg?resize=300%2C300&amp;ssl=1\" class=\"attachment-woocommerce_thumbnail size-woocommerce_thumbnail\" alt=\"darbuka\" srcset=\"https:\/\/i0.wp.com\/tapadum.com\/wp-content\/uploads\/2024\/05\/1-6-e1715428693629.jpg?w=970&amp;ssl=1 970w, https:\/\/i0.wp.com\/tapadum.com\/wp-content\/uploads\/2024\/05\/1-6-e1715428693629.jpg?resize=300%2C300&amp;ssl=1 300w, https:\/\/i0.wp.com\/tapadum.com\/wp-content\/uploads\/2024\/05\/1-6-e1715428693629.jpg?resize=150%2C150&amp;ssl=1 150w, https:\/\/i0.wp.com\/tapadum.com\/wp-content\/uploads\/2024\/05\/1-6-e1715428693629.jpg?resize=768%2C768&amp;ssl=1 768w, https:\/\/i0.wp.com\/tapadum.com\/wp-content\/uploads\/2024\/05\/1-6-e1715428693629.jpg?resize=600%2C600&amp;ssl=1 600w, https:\/\/i0.wp.com\/tapadum.com\/wp-content\/uploads\/2024\/05\/1-6-e1715428693629.jpg?resize=100%2C100&amp;ssl=1 100w\" sizes=\"(max-width: 300px) 100vw, 300px\" \/><h2 class=\"woocommerce-loop-product__title\">Darbuka professionale | Doumbek &#8211; Derbake &#8211; Strumento a Percussione Egiziano<\/h2>\n\t<span class=\"price\"><del aria-hidden=\"true\"><span class=\"woocommerce-Price-amount amount\"><bdi><span class=\"woocommerce-Price-currencySymbol\">&euro;<\/span>440,00<\/bdi><\/span><\/del> <span class=\"screen-reader-text\">Il prezzo originale era: &euro;440,00.<\/span><ins aria-hidden=\"true\"><span class=\"woocommerce-Price-amount amount\"><bdi><span class=\"woocommerce-Price-currencySymbol\">&euro;<\/span>329,00<\/bdi><\/span><\/ins><span class=\"screen-reader-text\">Il prezzo attuale \u00e8: &euro;329,00.<\/span><\/span>\n<\/a><a href=\"\/it\/wp-json\/wp\/v2\/pages\/16714?add-to-cart=17593\" aria-describedby=\"woocommerce_loop_add_to_cart_link_describedby_17593\" data-quantity=\"1\" class=\"button product_type_simple add_to_cart_button ajax_add_to_cart\" data-product_id=\"17593\" data-product_sku=\"Tap076\" aria-label=\"Aggiungi al carrello: &quot;Darbuka professionale | Doumbek - Derbake - Strumento a Percussione Egiziano&quot;\" rel=\"nofollow\" data-success_message=\"&quot;Darbuka professionale | Doumbek - Derbake - Strumento a Percussione Egiziano&quot; \u00e8 stato aggiunto al tuo carrello\" role=\"button\">Aggiungi al carrello<\/a>\t<span id=\"woocommerce_loop_add_to_cart_link_describedby_17593\" class=\"screen-reader-text\">\n\t\t\t<\/span>\n<\/li>\n<\/ul>\n<\/div>\t\t\t\t<\/div>\n\t\t\t\t<\/div>\n\t\t\t\t\t<\/div>\n\t\t\t\t<\/div>\n\t\t\t\t\t<\/div>\n\t\t\t\t<\/div>\n\t\t<div class=\"elementor-element elementor-element-1ab05d47 e-flex e-con-boxed e-con e-parent\" data-id=\"1ab05d47\" data-element_type=\"container\" data-e-type=\"container\" data-settings=\"{&quot;background_background&quot;:&quot;gradient&quot;}\">\n\t\t\t\t\t<div class=\"e-con-inner\">\n\t\t<div class=\"elementor-element elementor-element-7165d463 e-flex e-con-boxed e-con e-child\" data-id=\"7165d463\" data-element_type=\"container\" data-e-type=\"container\" data-settings=\"{&quot;background_background&quot;:&quot;classic&quot;}\">\n\t\t\t\t\t<div class=\"e-con-inner\">\n\t\t\t\t<div class=\"elementor-element elementor-element-78b3caea elementor-widget elementor-widget-text-editor\" data-id=\"78b3caea\" data-element_type=\"widget\" data-e-type=\"widget\" data-settings=\"{&quot;ekit_we_effect_on&quot;:&quot;none&quot;}\" data-widget_type=\"text-editor.default\">\n\t\t\t\t\t\t\t\t\t<p>Ecco la nostra selezione di strumenti a percussione moderni, gli <strong>Aluminum Casting Derbake<\/strong>, disponibili presso <strong>Tapadum Music Store<\/strong>. Questi <strong>darbuka<\/strong> combinano il fascino dei ritmi tradizionali con la maestria della fusione di <strong>alluminio<\/strong>. Realizzati con cura, questi strumenti offrono sia durevolezza che risonanza impressionante, il tutto con un design visivamente sbalorditivo.<\/p><p>Questa percussione presenta un design elegante e contemporaneo con un robusto corpo in <strong>alluminio<\/strong>. Questa costruzione garantisce la longevit\u00e0 dello strumento e contribuisce alle sue qualit\u00e0 sonore uniche. Il materiale in <strong>alluminio<\/strong> produce un tono brillante e nitido, creando un&#8217;esperienza sonora unica nel suo genere per musicisti e appassionati.<\/p><p>I tamburi professionali <strong>Egyptian Goblet<\/strong> si distinguono dagli strumenti per principianti per il loro design leggero. Per un suono ottimale, si consiglia un intervallo di peso di almeno <strong>6-7 kg<\/strong>, anche se questo pu\u00f2 variare a seconda dello stile di esecuzione del musicista.<\/p><p>Dotati di pelli sintetiche o naturali finemente accordate, i nostri <strong>Derbake<\/strong> offrono un&#8217;ampia gamma di possibilit\u00e0 espressive. Dai colpi percussivi ai toni risonanti e melodici, questi tamburi consentono ai musicisti di esplorare diversi schemi ritmici e creare composizioni accattivanti.<\/p><p>Progettati sia per musicisti esperti che per aspiranti musicisti, i nostri tamburi <strong>darbake<\/strong> offrono una suonabilit\u00e0 e una reattivit\u00e0 eccezionali. La forma ergonomica e la comoda impugnatura consentono lunghe sessioni di gioco senza affaticamento, permettendo ai musicisti di esprimere appieno la propria creativit\u00e0 e passione.<\/p><p>Che tu sia un percussionista, un batterista o semplicemente affascinato dai ritmi incantevoli del <strong>darbuka<\/strong>, il nostro <strong>darbake<\/strong> in <strong>alluminio<\/strong> apre le porte al mondo vibrante della musica percussiva. Sperimenta l&#8217;armoniosa fusione di artigianato moderno e ritmi tradizionali con la nostra squisita collezione di <strong>darbuka<\/strong> in fusione di <strong>alluminio<\/strong>.<\/p><p>Visita oggi stesso il <strong>Tapadum Music Store<\/strong> e scopri l&#8217;impareggiabile risonanza e il fascino contemporaneo di questa percussione tradizionale. Scatena la tua abilit\u00e0 musicale e lascia che i ritmi accattivanti di questi strumenti accendano la tua passione per le percussioni.<\/p><p><strong>Altri nomi<\/strong>: <strong>tarabuka<\/strong> (o <strong>tarambuka<\/strong>), <strong>tarabaki<\/strong>, <strong>derbake<\/strong>, <strong>debuka<\/strong>, <strong>doumbek<\/strong>, <strong>dumbec<\/strong>, <strong>dumbeg<\/strong>, <strong>dumbelek<\/strong>, <strong>dumbul<\/strong>, <strong>toumperleki<\/strong> (o <strong>tumberleki<\/strong>), <strong>tumbak<\/strong>, <strong>zerbaghali<\/strong>.<\/p><p><strong>Il battito cardiaco dei ritmi mediorientali<\/strong><\/p><p>Il <strong>derbake egiziano<\/strong>, noto anche come <strong>tamburo a calice<\/strong>, \u00e8 uno strumento a percussione manuale con una ricca storia e una presenza vibrante nella musica mediorientale. Il suo caratteristico corpo a forma di calice e il suono dinamico lo hanno reso una pietra miliare di innumerevoli generi musicali, dal tradizionale <strong>Baladi egiziano<\/strong> ai moderni stili fusion.<\/p><p><strong>Costruito per il ritmo<\/strong>:<\/p><p>Queste percussioni egiziane sono solitamente realizzate con un corpo in <strong>ceramica<\/strong> o <strong>metallo<\/strong>, sormontato da una pelle di <strong>capra<\/strong> o da una pelle <strong>sintetica<\/strong>. Il suonatore tiene il tamburo in verticale, colpendo la pelle con le dita e i palmi per produrre una gamma di toni. La tecnica consente potenti colpi <strong>dum<\/strong> che ancorano il ritmo, nitidi accenti <strong>tak<\/strong> per dettagli intricati e luccicanti rotoli di dita che aggiungono uno strato di consistenza luccicante.<\/p><p><strong>Un mondo di suoni:<\/strong><\/p><p>La versatilit\u00e0 del Doumbek egiziano risplende nella sua capacit\u00e0 di adattarsi a vari stili musicali. Nella musica popolare egiziana, fornisce un impulso trainante insieme al riq (tamburello) e al mizmar (clarinetto doppio). Nelle esibizioni di danza del ventre, i suoi ritmi vivaci completano i movimenti del ballerino. Il darbuka ha anche trasceso i confini geografici, trovando il suo posto negli ensemble di world music moderni e persino nelle produzioni di musica elettronica.<\/p><p><strong>Oltre la tradizione:<\/strong><\/p><p>Sebbene il\u00a0Dumbelek\u00a0egiziano porti con s\u00e9 l&#8217;eredit\u00e0 della sua tradizione, \u00e8 anche uno strumento che accoglie l&#8217;innovazione. I musicisti moderni sperimentano tecniche di accordatura, ottenendo toni pi\u00f9 alti per specifici contesti musicali. Inoltre, i darbuka professionali possono presentare tocchi decorativi come intarsi in madreperla, trasformandoli in opere d&#8217;arte.<\/p><p><strong>Imparare le percussioni tradizionali:<\/strong><\/p><p>Il fascino del tamburo egiziano si estende alla sua accessibilit\u00e0. La sua forma relativamente semplice lo rende accessibile ai principianti, mentre il suo ricco potenziale sonoro offre ai musicisti esperti una vita di esplorazione. Con dedizione e pratica, chiunque pu\u00f2 sbloccare il linguaggio ritmico di questo strumento accattivante.<\/p>\t\t\t\t\t\t\t\t<\/div>\n\t\t\t\t\t<\/div>\n\t\t\t\t<\/div>\n\t\t\t\t\t<\/div>\n\t\t\t\t<\/div>\n\t\t\t\t<section class=\"elementor-section elementor-top-section elementor-element elementor-element-6200f568 elementor-section-boxed elementor-section-height-default elementor-section-height-default\" data-id=\"6200f568\" data-element_type=\"section\" data-e-type=\"section\" data-settings=\"{&quot;background_background&quot;:&quot;classic&quot;}\">\n\t\t\t\t\t\t<div class=\"elementor-container elementor-column-gap-default\">\n\t\t\t\t\t<div class=\"elementor-column elementor-col-100 elementor-top-column elementor-element elementor-element-764dcdac\" data-id=\"764dcdac\" data-element_type=\"column\" data-e-type=\"column\">\n\t\t\t<div class=\"elementor-widget-wrap elementor-element-populated\">\n\t\t\t\t\t\t<section class=\"elementor-section elementor-inner-section elementor-element elementor-element-14e5521a elementor-section-boxed elementor-section-height-default elementor-section-height-default\" data-id=\"14e5521a\" data-element_type=\"section\" data-e-type=\"section\">\n\t\t\t\t\t\t<div class=\"elementor-container elementor-column-gap-default\">\n\t\t\t\t\t<div class=\"elementor-column elementor-col-25 elementor-inner-column elementor-element elementor-element-53c8f9f5 elementor-invisible\" data-id=\"53c8f9f5\" data-element_type=\"column\" data-e-type=\"column\" data-settings=\"{&quot;animation&quot;:&quot;fadeInLeft&quot;}\">\n\t\t\t<div class=\"elementor-widget-wrap elementor-element-populated\">\n\t\t\t\t\t\t<div class=\"elementor-element elementor-element-4ec47ca0 elementor-position-inline-start elementor-view-default elementor-mobile-position-block-start elementor-widget elementor-widget-icon-box\" data-id=\"4ec47ca0\" data-element_type=\"widget\" data-e-type=\"widget\" data-settings=\"{&quot;ekit_we_effect_on&quot;:&quot;none&quot;}\" data-widget_type=\"icon-box.default\">\n\t\t\t\t\t\t\t<div class=\"elementor-icon-box-wrapper\">\n\n\t\t\t\t\t\t<div class=\"elementor-icon-box-icon\">\n\t\t\t\t<span  class=\"elementor-icon\">\n\t\t\t\t<svg aria-hidden=\"true\" class=\"e-font-icon-svg e-fas-shipping-fast\" viewBox=\"0 0 640 512\" xmlns=\"http:\/\/www.w3.org\/2000\/svg\"><path d=\"M624 352h-16V243.9c0-12.7-5.1-24.9-14.1-33.9L494 110.1c-9-9-21.2-14.1-33.9-14.1H416V48c0-26.5-21.5-48-48-48H112C85.5 0 64 21.5 64 48v48H8c-4.4 0-8 3.6-8 8v16c0 4.4 3.6 8 8 8h272c4.4 0 8 3.6 8 8v16c0 4.4-3.6 8-8 8H40c-4.4 0-8 3.6-8 8v16c0 4.4 3.6 8 8 8h208c4.4 0 8 3.6 8 8v16c0 4.4-3.6 8-8 8H8c-4.4 0-8 3.6-8 8v16c0 4.4 3.6 8 8 8h208c4.4 0 8 3.6 8 8v16c0 4.4-3.6 8-8 8H64v128c0 53 43 96 96 96s96-43 96-96h128c0 53 43 96 96 96s96-43 96-96h48c8.8 0 16-7.2 16-16v-32c0-8.8-7.2-16-16-16zM160 464c-26.5 0-48-21.5-48-48s21.5-48 48-48 48 21.5 48 48-21.5 48-48 48zm320 0c-26.5 0-48-21.5-48-48s21.5-48 48-48 48 21.5 48 48-21.5 48-48 48zm80-208H416V144h44.1l99.9 99.9V256z\"><\/path><\/svg>\t\t\t\t<\/span>\n\t\t\t<\/div>\n\t\t\t\n\t\t\t\t\t\t<div class=\"elementor-icon-box-content\">\n\n\t\t\t\t\t\t\t\t\t<h4 class=\"elementor-icon-box-title\">\n\t\t\t\t\t\t<span  >\n\t\t\t\t\t\t\tFree Shipping\t\t\t\t\t\t<\/span>\n\t\t\t\t\t<\/h4>\n\t\t\t\t\n\t\t\t\t\t\t\t\t\t<p class=\"elementor-icon-box-description\">\n\t\t\t\t\t\tTo Europe &amp; %0 Custom Tax\n\t\t\t\t\t<\/p>\n\t\t\t\t\n\t\t\t<\/div>\n\t\t\t\n\t\t<\/div>\n\t\t\t\t\t\t<\/div>\n\t\t\t\t\t<\/div>\n\t\t<\/div>\n\t\t\t\t<div class=\"elementor-column elementor-col-25 elementor-inner-column elementor-element elementor-element-8e0dcec elementor-invisible\" data-id=\"8e0dcec\" data-element_type=\"column\" data-e-type=\"column\" data-settings=\"{&quot;animation&quot;:&quot;fadeInLeft&quot;,&quot;animation_delay&quot;:240}\">\n\t\t\t<div class=\"elementor-widget-wrap elementor-element-populated\">\n\t\t\t\t\t\t<div class=\"elementor-element elementor-element-40a9110f elementor-position-inline-start elementor-view-default elementor-mobile-position-block-start elementor-widget elementor-widget-icon-box\" data-id=\"40a9110f\" data-element_type=\"widget\" data-e-type=\"widget\" data-settings=\"{&quot;ekit_we_effect_on&quot;:&quot;none&quot;}\" data-widget_type=\"icon-box.default\">\n\t\t\t\t\t\t\t<div class=\"elementor-icon-box-wrapper\">\n\n\t\t\t\t\t\t<div class=\"elementor-icon-box-icon\">\n\t\t\t\t<span  class=\"elementor-icon\">\n\t\t\t\t<i aria-hidden=\"true\" class=\"icon icon-shield\"><\/i>\t\t\t\t<\/span>\n\t\t\t<\/div>\n\t\t\t\n\t\t\t\t\t\t<div class=\"elementor-icon-box-content\">\n\n\t\t\t\t\t\t\t\t\t<h4 class=\"elementor-icon-box-title\">\n\t\t\t\t\t\t<span  >\n\t\t\t\t\t\t\t15 Days Warranty\t\t\t\t\t\t<\/span>\n\t\t\t\t\t<\/h4>\n\t\t\t\t\n\t\t\t\t\t\t\t\t\t<p class=\"elementor-icon-box-description\">\n\t\t\t\t\t\t15 days money back\n\n\n\t\t\t\t\t<\/p>\n\t\t\t\t\n\t\t\t<\/div>\n\t\t\t\n\t\t<\/div>\n\t\t\t\t\t\t<\/div>\n\t\t\t\t\t<\/div>\n\t\t<\/div>\n\t\t\t\t<div class=\"elementor-column elementor-col-25 elementor-inner-column elementor-element elementor-element-aa0194f elementor-invisible\" data-id=\"aa0194f\" data-element_type=\"column\" data-e-type=\"column\" data-settings=\"{&quot;animation&quot;:&quot;fadeInLeft&quot;,&quot;animation_delay&quot;:480}\">\n\t\t\t<div class=\"elementor-widget-wrap elementor-element-populated\">\n\t\t\t\t\t\t<div class=\"elementor-element elementor-element-625f7317 elementor-position-inline-start elementor-view-default elementor-mobile-position-block-start elementor-widget elementor-widget-icon-box\" data-id=\"625f7317\" data-element_type=\"widget\" data-e-type=\"widget\" data-settings=\"{&quot;ekit_we_effect_on&quot;:&quot;none&quot;}\" data-widget_type=\"icon-box.default\">\n\t\t\t\t\t\t\t<div class=\"elementor-icon-box-wrapper\">\n\n\t\t\t\t\t\t<div class=\"elementor-icon-box-icon\">\n\t\t\t\t<span  class=\"elementor-icon\">\n\t\t\t\t<i aria-hidden=\"true\" class=\"icon icon-planet-earth\"><\/i>\t\t\t\t<\/span>\n\t\t\t<\/div>\n\t\t\t\n\t\t\t\t\t\t<div class=\"elementor-icon-box-content\">\n\n\t\t\t\t\t\t\t\t\t<h4 class=\"elementor-icon-box-title\">\n\t\t\t\t\t\t<span  >\n\t\t\t\t\t\t\tGlobal Shipping\t\t\t\t\t\t<\/span>\n\t\t\t\t\t<\/h4>\n\t\t\t\t\n\t\t\t\t\t\t\t\t\t<p class=\"elementor-icon-box-description\">\n\t\t\t\t\t\tWorldwide Shipping\t\t\t\t\t<\/p>\n\t\t\t\t\n\t\t\t<\/div>\n\t\t\t\n\t\t<\/div>\n\t\t\t\t\t\t<\/div>\n\t\t\t\t\t<\/div>\n\t\t<\/div>\n\t\t\t\t<div class=\"elementor-column elementor-col-25 elementor-inner-column elementor-element elementor-element-52ab08cf elementor-invisible\" data-id=\"52ab08cf\" data-element_type=\"column\" data-e-type=\"column\" data-settings=\"{&quot;animation&quot;:&quot;fadeInLeft&quot;,&quot;animation_delay&quot;:600}\">\n\t\t\t<div class=\"elementor-widget-wrap elementor-element-populated\">\n\t\t\t\t\t\t<div class=\"elementor-element elementor-element-67dd05b6 elementor-position-inline-start elementor-view-default elementor-mobile-position-block-start elementor-widget elementor-widget-icon-box\" data-id=\"67dd05b6\" data-element_type=\"widget\" data-e-type=\"widget\" data-settings=\"{&quot;ekit_we_effect_on&quot;:&quot;none&quot;}\" data-widget_type=\"icon-box.default\">\n\t\t\t\t\t\t\t<div class=\"elementor-icon-box-wrapper\">\n\n\t\t\t\t\t\t<div class=\"elementor-icon-box-icon\">\n\t\t\t\t<span  class=\"elementor-icon\">\n\t\t\t\t<i aria-hidden=\"true\" class=\"icon icon-safebox\"><\/i>\t\t\t\t<\/span>\n\t\t\t<\/div>\n\t\t\t\n\t\t\t\t\t\t<div class=\"elementor-icon-box-content\">\n\n\t\t\t\t\t\t\t\t\t<h4 class=\"elementor-icon-box-title\">\n\t\t\t\t\t\t<span  >\n\t\t\t\t\t\t\t100% Secure\t\t\t\t\t\t<\/span>\n\t\t\t\t\t<\/h4>\n\t\t\t\t\n\t\t\t\t\t\t\t\t\t<p class=\"elementor-icon-box-description\">\n\t\t\t\t\t\t100% Secure Checkout\n\n\n\t\t\t\t\t<\/p>\n\t\t\t\t\n\t\t\t<\/div>\n\t\t\t\n\t\t<\/div>\n\t\t\t\t\t\t<\/div>\n\t\t\t\t\t<\/div>\n\t\t<\/div>\n\t\t\t\t\t<\/div>\n\t\t<\/section>\n\t\t\t\t\t<\/div>\n\t\t<\/div>\n\t\t\t\t\t<\/div>\n\t\t<\/section>\n\t\t\t\t<\/div>\n\t\t","protected":false},"excerpt":{"rendered":"<p>Darbuka in Alluminio Pro Lo strumento professionale in fusione di alluminio egiziano Darbuka \u00e8 una percussione turca e araba accattivante e versatile. Il miglior tamburo Darbuka disponibile nel negozio di musica Tapadum Ecco la nostra selezione di strumenti a percussione moderni, gli Aluminum Casting Derbake, disponibili presso Tapadum Music Store. Questi darbuka combinano il fascino [&hellip;]<\/p>\n","protected":false},"author":1,"featured_media":0,"parent":0,"menu_order":0,"comment_status":"closed","ping_status":"closed","template":"","meta":{"_eb_attr":"","footnotes":""},"class_list":["post-16714","page","type-page","status-publish","hentry"],"jetpack_sharing_enabled":true,"_links":{"self":[{"href":"https:\/\/tapadum.com\/it\/wp-json\/wp\/v2\/pages\/16714","targetHints":{"allow":["GET"]}}],"collection":[{"href":"https:\/\/tapadum.com\/it\/wp-json\/wp\/v2\/pages"}],"about":[{"href":"https:\/\/tapadum.com\/it\/wp-json\/wp\/v2\/types\/page"}],"author":[{"embeddable":true,"href":"https:\/\/tapadum.com\/it\/wp-json\/wp\/v2\/users\/1"}],"replies":[{"embeddable":true,"href":"https:\/\/tapadum.com\/it\/wp-json\/wp\/v2\/comments?post=16714"}],"version-history":[{"count":8,"href":"https:\/\/tapadum.com\/it\/wp-json\/wp\/v2\/pages\/16714\/revisions"}],"predecessor-version":[{"id":20275,"href":"https:\/\/tapadum.com\/it\/wp-json\/wp\/v2\/pages\/16714\/revisions\/20275"}],"wp:attachment":[{"href":"https:\/\/tapadum.com\/it\/wp-json\/wp\/v2\/media?parent=16714"}],"curies":[{"name":"wp","href":"https:\/\/api.w.org\/{rel}","templated":true}]}}