{"id":16733,"date":"2023-07-09T15:42:50","date_gmt":"2023-07-09T15:42:50","guid":{"rendered":"https:\/\/tapadum.com\/?page_id=16733"},"modified":"2024-11-21T18:09:38","modified_gmt":"2024-11-21T18:09:38","slug":"kemence-classico-lyra","status":"publish","type":"page","link":"https:\/\/tapadum.com\/it\/kemence-classico-lyra\/","title":{"rendered":"Acquista Kemence Classico | Kemence Classico in vendita 2024"},"content":{"rendered":"\t\t<div data-elementor-type=\"wp-page\" data-elementor-id=\"16733\" class=\"elementor elementor-16733 elementor-9088\" data-elementor-post-type=\"page\">\n\t\t\t\t\t\t<section class=\"elementor-section elementor-top-section elementor-element elementor-element-bab4aed elementor-section-boxed elementor-section-height-default elementor-section-height-default\" data-id=\"bab4aed\" data-element_type=\"section\" data-e-type=\"section\">\n\t\t\t\t\t\t<div class=\"elementor-container elementor-column-gap-default\">\n\t\t\t\t\t<div class=\"elementor-column elementor-col-100 elementor-top-column elementor-element elementor-element-51c82b7c\" data-id=\"51c82b7c\" data-element_type=\"column\" data-e-type=\"column\" data-settings=\"{&quot;background_background&quot;:&quot;classic&quot;}\">\n\t\t\t<div class=\"elementor-widget-wrap elementor-element-populated\">\n\t\t\t\t\t\t<section class=\"elementor-section elementor-inner-section elementor-element elementor-element-5c5f5114 elementor-section-boxed elementor-section-height-default elementor-section-height-default\" data-id=\"5c5f5114\" data-element_type=\"section\" data-e-type=\"section\">\n\t\t\t\t\t\t<div class=\"elementor-container elementor-column-gap-default\">\n\t\t\t\t\t<div class=\"elementor-column elementor-col-100 elementor-inner-column elementor-element elementor-element-cceb69f elementor-invisible\" data-id=\"cceb69f\" data-element_type=\"column\" data-e-type=\"column\" data-settings=\"{&quot;animation&quot;:&quot;fadeIn&quot;,&quot;animation_delay&quot;:360}\">\n\t\t\t<div class=\"elementor-widget-wrap elementor-element-populated\">\n\t\t\t\t\t\t<div class=\"elementor-element elementor-element-54cb5014 elementor-widget elementor-widget-heading\" data-id=\"54cb5014\" data-element_type=\"widget\" data-e-type=\"widget\" data-settings=\"{&quot;ekit_we_effect_on&quot;:&quot;none&quot;}\" data-widget_type=\"heading.default\">\n\t\t\t\t\t<h1 class=\"elementor-heading-title elementor-size-default\">Kemence Classico<\/h1>\t\t\t\t<\/div>\n\t\t\t\t\t<\/div>\n\t\t<\/div>\n\t\t\t\t\t<\/div>\n\t\t<\/section>\n\t\t\t\t\t<\/div>\n\t\t<\/div>\n\t\t\t\t\t<\/div>\n\t\t<\/section>\n\t\t<div class=\"elementor-element elementor-element-65e93e1e e-flex e-con-boxed e-con e-parent\" data-id=\"65e93e1e\" data-element_type=\"container\" data-e-type=\"container\" data-settings=\"{&quot;background_background&quot;:&quot;classic&quot;}\">\n\t\t\t\t\t<div class=\"e-con-inner\">\n\t\t<div class=\"elementor-element elementor-element-7fb7e130 e-flex e-con-boxed e-con e-child\" data-id=\"7fb7e130\" data-element_type=\"container\" data-e-type=\"container\" data-settings=\"{&quot;background_background&quot;:&quot;classic&quot;}\">\n\t\t\t\t\t<div class=\"e-con-inner\">\n\t\t\t\t<div class=\"elementor-element elementor-element-b1c06b1 elementor-widget elementor-widget-text-editor\" data-id=\"b1c06b1\" data-element_type=\"widget\" data-e-type=\"widget\" data-settings=\"{&quot;ekit_we_effect_on&quot;:&quot;none&quot;}\" data-widget_type=\"text-editor.default\">\n\t\t\t\t\t\t\t\t\t<p>Il Kemence classico, noto anche come violino turco, ha una ricca storia che risale a secoli fa. Le sue origini possono essere ricondotte alla musica tradizionale dell&#8217;Impero ottomano e al pi\u00f9 ampio patrimonio culturale dell&#8217;Anatolia<\/p>\t\t\t\t\t\t\t\t<\/div>\n\t\t\t\t\t<\/div>\n\t\t\t\t<\/div>\n\t\t\t\t\t<\/div>\n\t\t\t\t<\/div>\n\t\t<div class=\"elementor-element elementor-element-3f68030 e-flex e-con-boxed e-con e-parent\" data-id=\"3f68030\" data-element_type=\"container\" data-e-type=\"container\" data-settings=\"{&quot;background_background&quot;:&quot;classic&quot;}\">\n\t\t\t\t\t<div class=\"e-con-inner\">\n\t\t<div class=\"elementor-element elementor-element-1377511e e-flex e-con-boxed e-con e-child\" data-id=\"1377511e\" data-element_type=\"container\" data-e-type=\"container\" data-settings=\"{&quot;background_background&quot;:&quot;classic&quot;}\">\n\t\t\t\t\t<div class=\"e-con-inner\">\n\t\t\t\t\t<\/div>\n\t\t\t\t<\/div>\n\t\t\t\t\t<\/div>\n\t\t\t\t<\/div>\n\t\t<div class=\"elementor-element elementor-element-5777be4a e-flex e-con-boxed e-con e-parent\" data-id=\"5777be4a\" data-element_type=\"container\" data-e-type=\"container\" data-settings=\"{&quot;background_background&quot;:&quot;gradient&quot;}\">\n\t\t\t\t\t<div class=\"e-con-inner\">\n\t\t<div class=\"elementor-element elementor-element-dd54a5d e-flex e-con-boxed e-con e-child\" data-id=\"dd54a5d\" data-element_type=\"container\" data-e-type=\"container\" data-settings=\"{&quot;background_background&quot;:&quot;classic&quot;}\">\n\t\t\t\t\t<div class=\"e-con-inner\">\n\t\t\t\t<div class=\"elementor-element elementor-element-432c526e elementor-widget elementor-widget-text-editor\" data-id=\"432c526e\" data-element_type=\"widget\" data-e-type=\"widget\" data-settings=\"{&quot;ekit_we_effect_on&quot;:&quot;none&quot;}\" data-widget_type=\"text-editor.default\">\n\t\t\t\t\t\t\t\t\t<p><strong>Kemence Classico: Un Tesoro della Musica Tradizionale Turca<\/strong><\/p><p>Il <strong>Kemence classico<\/strong>, noto anche come <strong>klasik kemen\u00e7e<\/strong> o <strong>armud\u00ee kemen\u00e7e<\/strong> (&#8220;kemen\u00e7e a forma di pera&#8221;), \u00e8 un raffinato strumento ad arco che incarna la ricca eredit\u00e0 della musica turca e ottomana. Caratterizzato dal suo design compatto e dal timbro inconfondibile, il <strong>Kemence classico<\/strong> ha conquistato un posto di rilievo nella musica tradizionale e continua a ispirare musicisti di tutto il mondo.<\/p><div class=\"flex-shrink-0 flex flex-col relative items-end\"><div><div class=\"pt-0\"><div class=\"gizmo-bot-avatar flex h-8 w-8 items-center justify-center overflow-hidden rounded-full\"><div class=\"relative p-1 rounded-sm flex items-center justify-center bg-token-main-surface-primary text-token-text-primary h-8 w-8\">\u00a0<\/div><\/div><\/div><\/div><\/div><div class=\"group\/conversation-turn relative flex w-full min-w-0 flex-col agent-turn\"><div class=\"flex-col gap-1 md:gap-3\"><div class=\"flex max-w-full flex-col flex-grow\"><div class=\"min-h-8 text-message flex w-full flex-col items-end gap-2 whitespace-normal break-words [.text-message+&amp;]:mt-5\" dir=\"auto\" data-message-author-role=\"assistant\" data-message-id=\"104b2519-0b64-4ad6-adc2-028d066e0e6a\" data-message-model-slug=\"gpt-4o-mini\"><div class=\"flex w-full flex-col gap-1 empty:hidden first:pt-[3px]\"><div class=\"markdown prose w-full break-words dark:prose-invert dark\"><p>La <strong>Lyra<\/strong> greca, con il suo suono unico e il design distintivo, \u00e8 da secoli un simbolo della tradizione musicale greca, e rappresenta uno dei legami pi\u00f9 significativi tra le culture turca e greca. Nonostante le differenze, entrambe le tradizioni hanno convissuto per secoli, intrecciandosi in modo profondo e complesso sotto l&#8217;influenza dell&#8217;Impero Bizantino e della successiva evoluzione storica. La <strong>Lyra<\/strong>, con la sua melodia evocativa, ha viaggiato attraverso le generazioni, mantenendo un posto speciale nella musica popolare di entrambe le nazioni. Questo strumento, insieme alla musica che genera, racconta una storia di convivenza pacifica e di scambio culturale tra due popoli che, pur con le loro distinte identit\u00e0, hanno condiviso le stesse terre e tradizioni musicali per secoli.<\/p><\/div><\/div><\/div><\/div><\/div><\/div><h3><strong>Un Design Unico e Raffinato<\/strong><\/h3><p>Il <strong>Kemence classico<\/strong> \u00e8 ricavato da un unico blocco di legno, spesso <strong>ginepro<\/strong> o <strong>gelso<\/strong>, che contribuisce al suo suono caldo e risonante. La <strong>tavola armonica<\/strong>, realizzata in <strong>abete<\/strong>, garantisce una proiezione chiara e vibrante. Lo strumento \u00e8 tradizionalmente dotato di tre corde, anche se le versioni moderne possono includerne quattro per ampliare la gamma tonale. Con una lunghezza di circa 40-41 cm, il suo corpo compatto \u00e8 progettato per essere tenuto sulle ginocchia o in grembo durante l&#8217;esecuzione.<\/p><h3><strong>Tecniche di Esecuzione Distintive<\/strong><\/h3><p>Una delle caratteristiche pi\u00f9 affascinanti del <strong>Kemence classico<\/strong> \u00e8 la sua tecnica di esecuzione. A differenza di altri strumenti ad arco, le corde sono premute lateralmente con le unghie, consentendo transizioni fluide e decorazioni melodiche intricate. L\u2019archetto \u00e8 utilizzato per estrarre suoni che variano dal delicato al potente, permettendo una straordinaria gamma di espressioni dinamiche.<\/p><h3><strong>Il Suono del Kemence Classico<\/strong><\/h3><p>Il <strong>Kemence classico<\/strong> produce un timbro ricco e profondo, ideale per melodie ornamentali e linee espressive. Questo lo rende uno strumento essenziale nella <strong>musica classica ottomana<\/strong> e in altre tradizioni musicali del Mediterraneo. Le sue sonorit\u00e0 evocative spaziano da toni malinconici e riflessivi a vibranti espressioni di gioia, adattandosi perfettamente a un&#8217;ampia gamma di emozioni e contesti.<\/p><h3><strong>Kemence Classico e la Tradizione Musicale<\/strong><\/h3><p>Il <strong>Kemence classico<\/strong> svolge un ruolo fondamentale nella <strong>musica turca tradizionale<\/strong>, spesso come strumento solista o parte di un ensemble. \u00c8 utilizzato in danze popolari, cerimonie rituali ed esibizioni concertistiche, dove la sua capacit\u00e0 di catturare l\u2019essenza emotiva della musica lo rende insostituibile.<\/p><h3><strong>Tapadum Music Store: Custodi della Tradizione del Kemence Classico<\/strong><\/h3><p>Presso <strong>Tapadum Music Store<\/strong>, celebriamo l&#8217;eredit\u00e0 del <a href=\"https:\/\/it.wikipedia.org\/wiki\/Kemence_(strumento_musicale)\" target=\"_blank\" rel=\"noopener\">Kemence classico<\/a> con una selezione di strumenti artigianali che incarnano qualit\u00e0 sonora e maestria senza pari. La nostra collezione onora la tradizione preservando l&#8217;arte e il significato culturale di questo straordinario strumento, rendendolo accessibile a musicisti di tutti i livelli.<\/p>\t\t\t\t\t\t\t\t<\/div>\n\t\t\t\t\t<\/div>\n\t\t\t\t<\/div>\n\t\t\t\t\t<\/div>\n\t\t\t\t<\/div>\n\t\t\t\t<section class=\"elementor-section elementor-top-section elementor-element elementor-element-51d759a elementor-section-boxed elementor-section-height-default elementor-section-height-default\" data-id=\"51d759a\" data-element_type=\"section\" data-e-type=\"section\" data-settings=\"{&quot;background_background&quot;:&quot;classic&quot;}\">\n\t\t\t\t\t\t<div class=\"elementor-container elementor-column-gap-default\">\n\t\t\t\t\t<div class=\"elementor-column elementor-col-100 elementor-top-column elementor-element elementor-element-3f4cedd5\" data-id=\"3f4cedd5\" data-element_type=\"column\" data-e-type=\"column\">\n\t\t\t<div class=\"elementor-widget-wrap elementor-element-populated\">\n\t\t\t\t\t\t<section class=\"elementor-section elementor-inner-section elementor-element elementor-element-4ef6a397 elementor-section-boxed elementor-section-height-default elementor-section-height-default\" data-id=\"4ef6a397\" data-element_type=\"section\" data-e-type=\"section\">\n\t\t\t\t\t\t<div class=\"elementor-container elementor-column-gap-default\">\n\t\t\t\t\t<div class=\"elementor-column elementor-col-25 elementor-inner-column elementor-element elementor-element-28383080 elementor-invisible\" data-id=\"28383080\" data-element_type=\"column\" data-e-type=\"column\" data-settings=\"{&quot;animation&quot;:&quot;fadeInLeft&quot;}\">\n\t\t\t<div class=\"elementor-widget-wrap elementor-element-populated\">\n\t\t\t\t\t\t<div class=\"elementor-element elementor-element-753d76aa elementor-position-inline-start elementor-view-default elementor-mobile-position-block-start elementor-widget elementor-widget-icon-box\" data-id=\"753d76aa\" data-element_type=\"widget\" data-e-type=\"widget\" data-settings=\"{&quot;ekit_we_effect_on&quot;:&quot;none&quot;}\" data-widget_type=\"icon-box.default\">\n\t\t\t\t\t\t\t<div class=\"elementor-icon-box-wrapper\">\n\n\t\t\t\t\t\t<div class=\"elementor-icon-box-icon\">\n\t\t\t\t<span  class=\"elementor-icon\">\n\t\t\t\t<svg aria-hidden=\"true\" class=\"e-font-icon-svg e-fas-shipping-fast\" viewBox=\"0 0 640 512\" xmlns=\"http:\/\/www.w3.org\/2000\/svg\"><path d=\"M624 352h-16V243.9c0-12.7-5.1-24.9-14.1-33.9L494 110.1c-9-9-21.2-14.1-33.9-14.1H416V48c0-26.5-21.5-48-48-48H112C85.5 0 64 21.5 64 48v48H8c-4.4 0-8 3.6-8 8v16c0 4.4 3.6 8 8 8h272c4.4 0 8 3.6 8 8v16c0 4.4-3.6 8-8 8H40c-4.4 0-8 3.6-8 8v16c0 4.4 3.6 8 8 8h208c4.4 0 8 3.6 8 8v16c0 4.4-3.6 8-8 8H8c-4.4 0-8 3.6-8 8v16c0 4.4 3.6 8 8 8h208c4.4 0 8 3.6 8 8v16c0 4.4-3.6 8-8 8H64v128c0 53 43 96 96 96s96-43 96-96h128c0 53 43 96 96 96s96-43 96-96h48c8.8 0 16-7.2 16-16v-32c0-8.8-7.2-16-16-16zM160 464c-26.5 0-48-21.5-48-48s21.5-48 48-48 48 21.5 48 48-21.5 48-48 48zm320 0c-26.5 0-48-21.5-48-48s21.5-48 48-48 48 21.5 48 48-21.5 48-48 48zm80-208H416V144h44.1l99.9 99.9V256z\"><\/path><\/svg>\t\t\t\t<\/span>\n\t\t\t<\/div>\n\t\t\t\n\t\t\t\t\t\t<div class=\"elementor-icon-box-content\">\n\n\t\t\t\t\t\t\t\t\t<h4 class=\"elementor-icon-box-title\">\n\t\t\t\t\t\t<span  >\n\t\t\t\t\t\t\tFree Shipping\t\t\t\t\t\t<\/span>\n\t\t\t\t\t<\/h4>\n\t\t\t\t\n\t\t\t\t\t\t\t\t\t<p class=\"elementor-icon-box-description\">\n\t\t\t\t\t\tTo Europe &amp; %0 Custom Tax\n\t\t\t\t\t<\/p>\n\t\t\t\t\n\t\t\t<\/div>\n\t\t\t\n\t\t<\/div>\n\t\t\t\t\t\t<\/div>\n\t\t\t\t\t<\/div>\n\t\t<\/div>\n\t\t\t\t<div class=\"elementor-column elementor-col-25 elementor-inner-column elementor-element elementor-element-4aa9c573 elementor-invisible\" data-id=\"4aa9c573\" data-element_type=\"column\" data-e-type=\"column\" data-settings=\"{&quot;animation&quot;:&quot;fadeInLeft&quot;,&quot;animation_delay&quot;:240}\">\n\t\t\t<div class=\"elementor-widget-wrap elementor-element-populated\">\n\t\t\t\t\t\t<div class=\"elementor-element elementor-element-4db166f0 elementor-position-inline-start elementor-view-default elementor-mobile-position-block-start elementor-widget elementor-widget-icon-box\" data-id=\"4db166f0\" data-element_type=\"widget\" data-e-type=\"widget\" data-settings=\"{&quot;ekit_we_effect_on&quot;:&quot;none&quot;}\" data-widget_type=\"icon-box.default\">\n\t\t\t\t\t\t\t<div class=\"elementor-icon-box-wrapper\">\n\n\t\t\t\t\t\t<div class=\"elementor-icon-box-icon\">\n\t\t\t\t<span  class=\"elementor-icon\">\n\t\t\t\t<i aria-hidden=\"true\" class=\"icon icon-shield\"><\/i>\t\t\t\t<\/span>\n\t\t\t<\/div>\n\t\t\t\n\t\t\t\t\t\t<div class=\"elementor-icon-box-content\">\n\n\t\t\t\t\t\t\t\t\t<h4 class=\"elementor-icon-box-title\">\n\t\t\t\t\t\t<span  >\n\t\t\t\t\t\t\t15 Days Warranty\t\t\t\t\t\t<\/span>\n\t\t\t\t\t<\/h4>\n\t\t\t\t\n\t\t\t\t\t\t\t\t\t<p class=\"elementor-icon-box-description\">\n\t\t\t\t\t\t15 days money back\n\n\n\t\t\t\t\t<\/p>\n\t\t\t\t\n\t\t\t<\/div>\n\t\t\t\n\t\t<\/div>\n\t\t\t\t\t\t<\/div>\n\t\t\t\t\t<\/div>\n\t\t<\/div>\n\t\t\t\t<div class=\"elementor-column elementor-col-25 elementor-inner-column elementor-element elementor-element-5223b5b1 elementor-invisible\" data-id=\"5223b5b1\" data-element_type=\"column\" data-e-type=\"column\" data-settings=\"{&quot;animation&quot;:&quot;fadeInLeft&quot;,&quot;animation_delay&quot;:480}\">\n\t\t\t<div class=\"elementor-widget-wrap elementor-element-populated\">\n\t\t\t\t\t\t<div class=\"elementor-element elementor-element-7cf7808e elementor-position-inline-start elementor-view-default elementor-mobile-position-block-start elementor-widget elementor-widget-icon-box\" data-id=\"7cf7808e\" data-element_type=\"widget\" data-e-type=\"widget\" data-settings=\"{&quot;ekit_we_effect_on&quot;:&quot;none&quot;}\" data-widget_type=\"icon-box.default\">\n\t\t\t\t\t\t\t<div class=\"elementor-icon-box-wrapper\">\n\n\t\t\t\t\t\t<div class=\"elementor-icon-box-icon\">\n\t\t\t\t<span  class=\"elementor-icon\">\n\t\t\t\t<i aria-hidden=\"true\" class=\"icon icon-planet-earth\"><\/i>\t\t\t\t<\/span>\n\t\t\t<\/div>\n\t\t\t\n\t\t\t\t\t\t<div class=\"elementor-icon-box-content\">\n\n\t\t\t\t\t\t\t\t\t<h4 class=\"elementor-icon-box-title\">\n\t\t\t\t\t\t<span  >\n\t\t\t\t\t\t\tGlobal Shipping\t\t\t\t\t\t<\/span>\n\t\t\t\t\t<\/h4>\n\t\t\t\t\n\t\t\t\t\t\t\t\t\t<p class=\"elementor-icon-box-description\">\n\t\t\t\t\t\tWorldwide Shipping\t\t\t\t\t<\/p>\n\t\t\t\t\n\t\t\t<\/div>\n\t\t\t\n\t\t<\/div>\n\t\t\t\t\t\t<\/div>\n\t\t\t\t\t<\/div>\n\t\t<\/div>\n\t\t\t\t<div class=\"elementor-column elementor-col-25 elementor-inner-column elementor-element elementor-element-72664980 elementor-invisible\" data-id=\"72664980\" data-element_type=\"column\" data-e-type=\"column\" data-settings=\"{&quot;animation&quot;:&quot;fadeInLeft&quot;,&quot;animation_delay&quot;:600}\">\n\t\t\t<div class=\"elementor-widget-wrap elementor-element-populated\">\n\t\t\t\t\t\t<div class=\"elementor-element elementor-element-46ef5dd8 elementor-position-inline-start elementor-view-default elementor-mobile-position-block-start elementor-widget elementor-widget-icon-box\" data-id=\"46ef5dd8\" data-element_type=\"widget\" data-e-type=\"widget\" data-settings=\"{&quot;ekit_we_effect_on&quot;:&quot;none&quot;}\" data-widget_type=\"icon-box.default\">\n\t\t\t\t\t\t\t<div class=\"elementor-icon-box-wrapper\">\n\n\t\t\t\t\t\t<div class=\"elementor-icon-box-icon\">\n\t\t\t\t<span  class=\"elementor-icon\">\n\t\t\t\t<i aria-hidden=\"true\" class=\"icon icon-safebox\"><\/i>\t\t\t\t<\/span>\n\t\t\t<\/div>\n\t\t\t\n\t\t\t\t\t\t<div class=\"elementor-icon-box-content\">\n\n\t\t\t\t\t\t\t\t\t<h4 class=\"elementor-icon-box-title\">\n\t\t\t\t\t\t<span  >\n\t\t\t\t\t\t\t100% Secure\t\t\t\t\t\t<\/span>\n\t\t\t\t\t<\/h4>\n\t\t\t\t\n\t\t\t\t\t\t\t\t\t<p class=\"elementor-icon-box-description\">\n\t\t\t\t\t\t100% Secure Checkout\n\n\n\t\t\t\t\t<\/p>\n\t\t\t\t\n\t\t\t<\/div>\n\t\t\t\n\t\t<\/div>\n\t\t\t\t\t\t<\/div>\n\t\t\t\t\t<\/div>\n\t\t<\/div>\n\t\t\t\t\t<\/div>\n\t\t<\/section>\n\t\t\t\t\t<\/div>\n\t\t<\/div>\n\t\t\t\t\t<\/div>\n\t\t<\/section>\n\t\t\t\t<\/div>\n\t\t","protected":false},"excerpt":{"rendered":"<p>Kemence Classico Il Kemence classico, noto anche come violino turco, ha una ricca storia che risale a secoli fa. Le sue origini possono essere ricondotte alla musica tradizionale dell&#8217;Impero ottomano e al pi\u00f9 ampio patrimonio culturale dell&#8217;Anatolia Kemence Classico: Un Tesoro della Musica Tradizionale Turca Il Kemence classico, noto anche come klasik kemen\u00e7e o armud\u00ee [&hellip;]<\/p>\n","protected":false},"author":1,"featured_media":0,"parent":0,"menu_order":0,"comment_status":"closed","ping_status":"closed","template":"","meta":{"_eb_attr":"","footnotes":""},"class_list":["post-16733","page","type-page","status-publish","hentry"],"jetpack_sharing_enabled":true,"_links":{"self":[{"href":"https:\/\/tapadum.com\/it\/wp-json\/wp\/v2\/pages\/16733","targetHints":{"allow":["GET"]}}],"collection":[{"href":"https:\/\/tapadum.com\/it\/wp-json\/wp\/v2\/pages"}],"about":[{"href":"https:\/\/tapadum.com\/it\/wp-json\/wp\/v2\/types\/page"}],"author":[{"embeddable":true,"href":"https:\/\/tapadum.com\/it\/wp-json\/wp\/v2\/users\/1"}],"replies":[{"embeddable":true,"href":"https:\/\/tapadum.com\/it\/wp-json\/wp\/v2\/comments?post=16733"}],"version-history":[{"count":8,"href":"https:\/\/tapadum.com\/it\/wp-json\/wp\/v2\/pages\/16733\/revisions"}],"predecessor-version":[{"id":20283,"href":"https:\/\/tapadum.com\/it\/wp-json\/wp\/v2\/pages\/16733\/revisions\/20283"}],"wp:attachment":[{"href":"https:\/\/tapadum.com\/it\/wp-json\/wp\/v2\/media?parent=16733"}],"curies":[{"name":"wp","href":"https:\/\/api.w.org\/{rel}","templated":true}]}}