{"id":16867,"date":"2024-10-11T07:52:26","date_gmt":"2024-10-11T07:52:26","guid":{"rendered":"https:\/\/tapadum.com\/product\/professionale-ogur-sazi-kopuz\/"},"modified":"2024-10-11T07:52:26","modified_gmt":"2024-10-11T07:52:26","slug":"professionale-ogur-sazi-kopuz","status":"publish","type":"product","link":"https:\/\/tapadum.com\/it\/prodotto\/professionale-ogur-sazi-kopuz\/","title":{"rendered":"Professionale Ogur Sazi &#8211; Kopuz"},"content":{"rendered":"<p><strong>O\u011fur Saz\u0131 Professionale Fatta a Mano<\/strong><\/p>\n<p>Sperimenta i toni profondi e risonanti dell\u2019<strong>O\u011fur Saz\u0131<\/strong>, uno strumento a sei corde inventato dal celebre musicista <strong>Erkan O\u011fur<\/strong>. Realizzato a mano con precisione e cura, questo strumento unisce l&#8217;artigianato tradizionale con un design innovativo, pensato per i musicisti in cerca di un suono unico e un\u2019esperienza di esecuzione distintiva.<\/p>\n<ul>\n<li><strong>Corpo<\/strong>: Legno di ginepro, che offre una risonanza acustica calda e ricca.<\/li>\n<li><strong>Manico<\/strong>: Mogano, che garantisce forza e stabilit\u00e0 per una suonabilit\u00e0 fluida.<\/li>\n<li><strong>Tastiera<\/strong>: Noce turco, che dona durabilit\u00e0 e una finitura naturale e raffinata.<\/li>\n<li><strong>Tavola<\/strong>: Abete, per toni brillanti, chiari e un\u2019ottima proiezione.<\/li>\n<\/ul>\n<p>Ispirato al <strong>ba\u011flama<\/strong> tradizionale, l\u2019O\u011fur Saz\u0131 presenta corde posizionate singolarmente, simili a una chitarra, per una maggiore complessit\u00e0 tonale e ricchezza armonica. Suonato senza plettro, lo strumento \u00e8 ideale per la tecnica dell\u2019arpeggio, offrendo un suono fluido ed espressivo.<\/p>\n<p>Con opzioni di corde a fila singola o doppia e un sistema di accordatura non tradizionale sviluppato dallo stesso O\u011fur, questo strumento permette ai musicisti di esplorare nuovi paesaggi sonori. Perfetto per chi desidera spingere i confini della propria espressione musicale, l\u2019O\u011fur Saz\u0131 \u00e8 una vera opera d\u2019arte realizzata a mano.<\/p>\n","protected":false},"excerpt":{"rendered":"<p>L\u2019<strong>O\u011fur Saz\u0131 fatto a mano<\/strong> \u00e8 uno strumento unico a sei corde, inventato da <strong>Erkan O\u011fur<\/strong>, che fonde artigianato tradizionale e design moderno.<br \/>\nRealizzato con un corpo in ginepro, un manico in mogano, una tastiera in noce turco e una tavola in abete, questo strumento offre una ricca complessit\u00e0 tonale e grande versatilit\u00e0.<br \/>\nLe corde, posizionate singolarmente come in una chitarra, e il sistema di accordatura non tradizionale conferiscono un suono distintivo, ideale per la tecnica dell\u2019arpeggio senza plettro.<\/p>\n<p>Con opzioni di corde a fila singola o doppia, l\u2019<strong>O\u011fur Saz\u0131<\/strong> offre ai musicisti un\u2019esperienza di suono e suonabilit\u00e0 senza paragoni.<\/p>\n","protected":false},"featured_media":16868,"comment_status":"open","ping_status":"closed","template":"","meta":{"_eb_attr":""},"product_brand":[],"product_cat":[260,248],"product_tag":[],"class_list":{"0":"post-16867","1":"product","2":"type-product","3":"status-publish","4":"has-post-thumbnail","6":"product_cat-ogur-sazi-it","7":"product_cat-strumenti-a-corda","9":"first","10":"instock","11":"sale","12":"shipping-taxable","13":"purchasable","14":"product-type-simple"},"jetpack_sharing_enabled":true,"_links":{"self":[{"href":"https:\/\/tapadum.com\/it\/wp-json\/wp\/v2\/product\/16867","targetHints":{"allow":["GET"]}}],"collection":[{"href":"https:\/\/tapadum.com\/it\/wp-json\/wp\/v2\/product"}],"about":[{"href":"https:\/\/tapadum.com\/it\/wp-json\/wp\/v2\/types\/product"}],"replies":[{"embeddable":true,"href":"https:\/\/tapadum.com\/it\/wp-json\/wp\/v2\/comments?post=16867"}],"version-history":[{"count":0,"href":"https:\/\/tapadum.com\/it\/wp-json\/wp\/v2\/product\/16867\/revisions"}],"wp:featuredmedia":[{"embeddable":true,"href":"https:\/\/tapadum.com\/it\/wp-json\/wp\/v2\/media\/16868"}],"wp:attachment":[{"href":"https:\/\/tapadum.com\/it\/wp-json\/wp\/v2\/media?parent=16867"}],"wp:term":[{"taxonomy":"product_brand","embeddable":true,"href":"https:\/\/tapadum.com\/it\/wp-json\/wp\/v2\/product_brand?post=16867"},{"taxonomy":"product_cat","embeddable":true,"href":"https:\/\/tapadum.com\/it\/wp-json\/wp\/v2\/product_cat?post=16867"},{"taxonomy":"product_tag","embeddable":true,"href":"https:\/\/tapadum.com\/it\/wp-json\/wp\/v2\/product_tag?post=16867"}],"curies":[{"name":"wp","href":"https:\/\/api.w.org\/{rel}","templated":true}]}}