{"id":17084,"date":"2022-10-06T08:25:31","date_gmt":"2022-10-06T08:25:31","guid":{"rendered":"https:\/\/tapadum.com\/product\/baglama-saz-collo-corto-professionale-di-cogur\/"},"modified":"2024-11-17T09:28:12","modified_gmt":"2024-11-17T09:28:12","slug":"baglama-saz-collo-corto-professionale-di-cogur","status":"publish","type":"product","link":"https:\/\/tapadum.com\/it\/prodotto\/baglama-saz-collo-corto-professionale-di-cogur\/","title":{"rendered":"Baglama Saz Collo Corto Professionale di Cogur"},"content":{"rendered":"<p><strong>Turkish Short Neck Baglama Saz di Cogur \u2013 Strumento Artigianale di Alta Qualit\u00e0<\/strong><\/p>\n<p>Immergiti nei suoni autentici della <strong>musica turca<\/strong> con il <strong>Turkish Short Neck Baglama Saz di Cogur<\/strong>, uno <strong>strumento artigianale<\/strong> che cattura la vera essenza delle <strong>melodie tradizionali turche<\/strong>.<\/p>\n<p><strong>Tastiera in Rosewood:<\/strong> La <strong>tastiera in rosewood<\/strong> garantisce un&#8217;esperienza di suono fluida e senza sforzo, offrendo comfort e durata. Le <strong>tonalit\u00e0 ricche e calde<\/strong> migliorano l&#8217;espressione musicale, consentendo di eseguire con facilit\u00e0 e creativit\u00e0.<\/p>\n<p><strong>Corpo in Mogano di Alta Qualit\u00e0:<\/strong> Il <strong>corpo in mogano<\/strong> del saz produce un suono ricco e vibrante. Conosciuto per le sue eccellenti propriet\u00e0 tonali, il <strong>mogano<\/strong> esprime l&#8217;anima della <strong>musica folk turca<\/strong>, dando ad ogni nota una presenza profonda e potente.<\/p>\n<p><strong>Manico in Mogano:<\/strong> Il <strong>manico in mogano<\/strong> fornisce forza e stabilit\u00e0, assicurando una presa comoda per i musicisti. \u00c8 progettato per un movimento fluido, permettendo di esplorare melodie e ritmi complessi con sicurezza.<\/p>\n<p><strong>Top in Abete:<\/strong> Il <strong>top in abete<\/strong> migliora la chiarezza e la proiezione del saz. Questa combinazione di luminosit\u00e0 e calore rende l&#8217;instrumento perfetto per performance solistiche e di gruppo, elevando il suono complessivo.<\/p>\n<p><strong>Pechi in Ebano:<\/strong> I <strong>pechi in ebano<\/strong> permettono una regolazione precisa e fluida dell&#8217;accordatura, garantendo che il saz rimanga perfettamente accordato per ogni performance. Aiutano a mantenere la stabilit\u00e0 e la longevit\u00e0 dello strumento.<\/p>\n<p>Eleva il tuo viaggio musicale con il <strong>Turkish Short Neck Baglama Saz di Cogur<\/strong>, la scelta ideale per i musicisti che apprezzano <strong>strumenti turchi autentici e di alta qualit\u00e0<\/strong>. Che tu sia un professionista o un musicista in erba, questo <strong>saz artigianale<\/strong> ispirer\u00e0 la tua creativit\u00e0 e porter\u00e0 le tue performance a nuovi livelli.<\/p>\n","protected":false},"excerpt":{"rendered":"<p>Baglama Saz turco a collo corto<\/p>\n","protected":false},"featured_media":17085,"comment_status":"open","ping_status":"closed","template":"","meta":{"_eb_attr":""},"product_brand":[],"product_cat":[249,253,248],"product_tag":[],"class_list":{"0":"post-17084","1":"product","2":"type-product","3":"status-publish","4":"has-post-thumbnail","6":"product_cat-baglama-saz-it","7":"product_cat-manico-corto","8":"product_cat-strumenti-a-corda","10":"first","11":"instock","12":"sale","13":"shipping-taxable","14":"purchasable","15":"product-type-simple"},"jetpack_sharing_enabled":true,"_links":{"self":[{"href":"https:\/\/tapadum.com\/it\/wp-json\/wp\/v2\/product\/17084","targetHints":{"allow":["GET"]}}],"collection":[{"href":"https:\/\/tapadum.com\/it\/wp-json\/wp\/v2\/product"}],"about":[{"href":"https:\/\/tapadum.com\/it\/wp-json\/wp\/v2\/types\/product"}],"replies":[{"embeddable":true,"href":"https:\/\/tapadum.com\/it\/wp-json\/wp\/v2\/comments?post=17084"}],"version-history":[{"count":2,"href":"https:\/\/tapadum.com\/it\/wp-json\/wp\/v2\/product\/17084\/revisions"}],"predecessor-version":[{"id":18997,"href":"https:\/\/tapadum.com\/it\/wp-json\/wp\/v2\/product\/17084\/revisions\/18997"}],"wp:featuredmedia":[{"embeddable":true,"href":"https:\/\/tapadum.com\/it\/wp-json\/wp\/v2\/media\/17085"}],"wp:attachment":[{"href":"https:\/\/tapadum.com\/it\/wp-json\/wp\/v2\/media?parent=17084"}],"wp:term":[{"taxonomy":"product_brand","embeddable":true,"href":"https:\/\/tapadum.com\/it\/wp-json\/wp\/v2\/product_brand?post=17084"},{"taxonomy":"product_cat","embeddable":true,"href":"https:\/\/tapadum.com\/it\/wp-json\/wp\/v2\/product_cat?post=17084"},{"taxonomy":"product_tag","embeddable":true,"href":"https:\/\/tapadum.com\/it\/wp-json\/wp\/v2\/product_tag?post=17084"}],"curies":[{"name":"wp","href":"https:\/\/api.w.org\/{rel}","templated":true}]}}