{"id":17121,"date":"2022-11-20T11:37:20","date_gmt":"2022-11-20T11:37:20","guid":{"rendered":"https:\/\/tapadum.com\/product\/oud-turco-professionale-di-feramis-aktas-corpo-in-acero-di-qualita-premium\/"},"modified":"2024-11-13T17:32:36","modified_gmt":"2024-11-13T17:32:36","slug":"oud-turco-professionale-di-feramis-aktas-corpo-in-acero-di-qualita-premium","status":"publish","type":"product","link":"https:\/\/tapadum.com\/it\/prodotto\/oud-turco-professionale-di-feramis-aktas-corpo-in-acero-di-qualita-premium\/","title":{"rendered":"Oud Turco Professionale in Acero di Feramis Aktas di Qualit\u00e0 Premium"},"content":{"rendered":"<p><strong>Presentazione dell\u2019Oud Turco Professionale in Acero di Feramis Aktas<\/strong>: un Capolavoro di Artigianalit\u00e0 e Melodia<\/p>\n<p>Scoprite il fascino irresistibile dell\u2019<strong>Oud Turco Professionale in Acero di Feramis Aktas<\/strong>, uno strumento finemente lavorato che incarna l&#8217;essenza della tradizione musicale turca.<\/p>\n<p>Realizzato a mano dal rinomato maestro di oud, <strong>Feramis Usta<\/strong> di Izmir, Turchia, questo oud \u00e8 una dimostrazione di eccezionale abilit\u00e0 artigianale e qualit\u00e0 sonora superiore.<\/p>\n<p>Il corpo, meticolosamente costruito in <strong>legno di acero di alta qualit\u00e0<\/strong>, offre un equilibrio perfetto tra risonanza e chiarezza, producendo toni caldi e melodiosi che incanteranno musicisti e ascoltatori.<\/p>\n<p>Il frontale dell&#8217;oud \u00e8 realizzato in <strong>Abete Orientale (Picea orientalis)<\/strong>, scelto per la sua proiezione sonora eccezionale e la sua reattivit\u00e0, ideale per chi cerca una qualit\u00e0 sonora superiore.<\/p>\n<p>L&#8217;<strong>Oud Feramis Aktas in Acero<\/strong> \u00e8 impreziosito da dettagli raffinati, come la <strong>gabbia in Madreperla<\/strong>, che aggiunge un tocco di eleganza al design. I piroli in palissandro garantiscono un&#8217;accordatura stabile, offrendo ai musicisti facilit\u00e0 di esecuzione e sicurezza durante le performance.<\/p>\n<p>Le corde selezionate accuratamente amplificano la risonanza e il timbro di ogni nota, permettendo ai musicisti di esprimere le proprie emozioni con chiarezza straordinaria.<\/p>\n<p>Il Maestro Feramis, il talentuoso creatore di questo capolavoro, \u00e8 nato con una passione innata per la lavorazione del legno e la musica. Il suo percorso inizi\u00f2 nelle botteghe di falegnameria sin dalla giovane et\u00e0, e raggiunse nuovi traguardi quando incontr\u00f2 il suo mentore, <strong>Sinai Ozkan<\/strong>.<\/p>\n<p>Sotto la guida del Maestro Sinai, Feramis Usta affin\u00f2 le sue abilit\u00e0 nella realizzazione di strumenti tradizionali come l&#8217;oud, il tanbur, il liuto e il qanun.<\/p>\n<p>Oggi, la sua dedizione e competenza si riflettono in ogni aspetto dell&#8217;<strong>Oud Turco Professionale in Acero di Feramis Aktas<\/strong>.<\/p>\n<p><iframe title=\"Professional Turkish Oud By Feramis Aktas\" width=\"800\" height=\"450\" src=\"https:\/\/www.youtube.com\/embed\/JYUZ16tlztc?feature=oembed\" frameborder=\"0\" allow=\"accelerometer; autoplay; clipboard-write; encrypted-media; gyroscope; picture-in-picture; web-share\" referrerpolicy=\"strict-origin-when-cross-origin\" allowfullscreen><\/iframe><\/p>\n","protected":false},"excerpt":{"rendered":"<p>Immergiti nell&#8217;incantevole mondo della musica turca con il\u00a0 <strong>Oud Turco Professionale in Acero di Feramis Aktas<\/strong> uno strumento meticolosamente realizzato dal rinomato maestro di oud Feramis Usta di Izmir, Turchia.<br \/>\nRealizzato in acero e decorato con abete orientale, gabbia in madreperla e piroli in palissandro, questo oud offre toni caldi e melodiosi e un&#8217;eccezionale proiezione sonora.<br \/>\nIncarnando il ricco patrimonio culturale della musica turca, questo capolavoro riflette l&#8217;esperienza e la dedizione di Feramis, offrendo ai musicisti un&#8217;impareggiabile via d&#8217;accesso per esprimere emozioni attraverso la musica con la massima chiarezza e risonanza.<\/p>\n","protected":false},"featured_media":17122,"comment_status":"open","ping_status":"closed","template":"","meta":{"_eb_attr":""},"product_brand":[],"product_cat":[261,263,264,248],"product_tag":[],"class_list":{"0":"post-17121","1":"product","2":"type-product","3":"status-publish","4":"has-post-thumbnail","6":"product_cat-oud-it","7":"product_cat-oud-di-feramis-aktas","8":"product_cat-oud-turco","9":"product_cat-strumenti-a-corda","11":"first","12":"instock","13":"sale","14":"shipping-taxable","15":"purchasable","16":"product-type-simple"},"jetpack_sharing_enabled":true,"_links":{"self":[{"href":"https:\/\/tapadum.com\/it\/wp-json\/wp\/v2\/product\/17121","targetHints":{"allow":["GET"]}}],"collection":[{"href":"https:\/\/tapadum.com\/it\/wp-json\/wp\/v2\/product"}],"about":[{"href":"https:\/\/tapadum.com\/it\/wp-json\/wp\/v2\/types\/product"}],"replies":[{"embeddable":true,"href":"https:\/\/tapadum.com\/it\/wp-json\/wp\/v2\/comments?post=17121"}],"version-history":[{"count":2,"href":"https:\/\/tapadum.com\/it\/wp-json\/wp\/v2\/product\/17121\/revisions"}],"predecessor-version":[{"id":18062,"href":"https:\/\/tapadum.com\/it\/wp-json\/wp\/v2\/product\/17121\/revisions\/18062"}],"wp:featuredmedia":[{"embeddable":true,"href":"https:\/\/tapadum.com\/it\/wp-json\/wp\/v2\/media\/17122"}],"wp:attachment":[{"href":"https:\/\/tapadum.com\/it\/wp-json\/wp\/v2\/media?parent=17121"}],"wp:term":[{"taxonomy":"product_brand","embeddable":true,"href":"https:\/\/tapadum.com\/it\/wp-json\/wp\/v2\/product_brand?post=17121"},{"taxonomy":"product_cat","embeddable":true,"href":"https:\/\/tapadum.com\/it\/wp-json\/wp\/v2\/product_cat?post=17121"},{"taxonomy":"product_tag","embeddable":true,"href":"https:\/\/tapadum.com\/it\/wp-json\/wp\/v2\/product_tag?post=17121"}],"curies":[{"name":"wp","href":"https:\/\/api.w.org\/{rel}","templated":true}]}}