{"id":17128,"date":"2022-12-03T18:59:29","date_gmt":"2022-12-03T18:59:29","guid":{"rendered":"https:\/\/tapadum.com\/product\/custodia-rigida-per-oud\/"},"modified":"2024-11-10T22:40:21","modified_gmt":"2024-11-10T22:40:21","slug":"custodia-rigida-per-oud","status":"publish","type":"product","link":"https:\/\/tapadum.com\/it\/prodotto\/custodia-rigida-per-oud\/","title":{"rendered":"Custodia Rigida per Oud"},"content":{"rendered":"<p><strong>Custodia Rigida per Oud<\/strong> \u2013 Protezione Premium in Fibra per il Tuo Oud<\/p>\n<p>Proteggi il tuo oud con questa custodia rigida premium in fibra, progettata per offrire massima sicurezza sia durante i viaggi che nell\u2019uso quotidiano. Realizzata per resistere agli urti, alle condizioni atmosferiche e ad altri potenziali rischi, questa custodia \u00e8 la scelta ideale per i musicisti che cercano affidabilit\u00e0 e praticit\u00e0.<\/p>\n<h3>Caratteristiche Principali:<\/h3>\n<ul>\n<li><strong>Lunghezza Totale<\/strong>: 86 cm<\/li>\n<li><strong>Larghezza della Cassa<\/strong>: 39 cm<\/li>\n<li><strong>Lunghezza della Cassa<\/strong>: 51 cm<\/li>\n<li><strong>Profondit\u00e0 della Cassa<\/strong>: 22 cm<\/li>\n<\/ul>\n<p>Costruita in <strong>materiale di fibra di alta qualit\u00e0<\/strong>, questa custodia offre un design leggero ma resistente, garantendo una vestibilit\u00e0 aderente che mantiene l\u2019oud stabile e protetto. Pur non avendo l\u2019aspetto classico delle custodie in legno, la costruzione in fibra la rende molto pi\u00f9 leggera e facile da trasportare, perfetta per i musicisti in viaggio.<\/p>\n","protected":false},"excerpt":{"rendered":"<p>Custodia rigida per oud<\/p>\n<p>Proteggi il tuo oud con questa custodia rigida in fibra di alta qualit\u00e0. Lunghezza totale: 86 cm, dimensioni della ciotola per una vestibilit\u00e0 sicura, perfetta per riporre e trasportare in sicurezza.<\/p>\n<p>Per ogni acquisto di oud, abbiamo uno sconto del 50% per la custodia rigida<\/p>\n<p>Contattaci per il buono sconto<\/p>\n<p>Info@tapadum.com<\/p>\n","protected":false},"featured_media":17129,"comment_status":"open","ping_status":"closed","template":"","meta":{"_eb_attr":""},"product_brand":[],"product_cat":[223,224],"product_tag":[],"class_list":{"0":"post-17128","1":"product","2":"type-product","3":"status-publish","4":"has-post-thumbnail","6":"product_cat-accessori","7":"product_cat-accessori-di-oud","9":"first","10":"instock","11":"shipping-taxable","12":"purchasable","13":"product-type-simple"},"jetpack_sharing_enabled":true,"_links":{"self":[{"href":"https:\/\/tapadum.com\/it\/wp-json\/wp\/v2\/product\/17128","targetHints":{"allow":["GET"]}}],"collection":[{"href":"https:\/\/tapadum.com\/it\/wp-json\/wp\/v2\/product"}],"about":[{"href":"https:\/\/tapadum.com\/it\/wp-json\/wp\/v2\/types\/product"}],"replies":[{"embeddable":true,"href":"https:\/\/tapadum.com\/it\/wp-json\/wp\/v2\/comments?post=17128"}],"version-history":[{"count":1,"href":"https:\/\/tapadum.com\/it\/wp-json\/wp\/v2\/product\/17128\/revisions"}],"predecessor-version":[{"id":17133,"href":"https:\/\/tapadum.com\/it\/wp-json\/wp\/v2\/product\/17128\/revisions\/17133"}],"wp:featuredmedia":[{"embeddable":true,"href":"https:\/\/tapadum.com\/it\/wp-json\/wp\/v2\/media\/17129"}],"wp:attachment":[{"href":"https:\/\/tapadum.com\/it\/wp-json\/wp\/v2\/media?parent=17128"}],"wp:term":[{"taxonomy":"product_brand","embeddable":true,"href":"https:\/\/tapadum.com\/it\/wp-json\/wp\/v2\/product_brand?post=17128"},{"taxonomy":"product_cat","embeddable":true,"href":"https:\/\/tapadum.com\/it\/wp-json\/wp\/v2\/product_cat?post=17128"},{"taxonomy":"product_tag","embeddable":true,"href":"https:\/\/tapadum.com\/it\/wp-json\/wp\/v2\/product_tag?post=17128"}],"curies":[{"name":"wp","href":"https:\/\/api.w.org\/{rel}","templated":true}]}}