{"id":17134,"date":"2022-12-03T20:32:18","date_gmt":"2022-12-03T20:32:18","guid":{"rendered":"https:\/\/tapadum.com\/product\/16-pz-professional-risha-pick-plettro-per-oud\/"},"modified":"2024-11-17T09:38:16","modified_gmt":"2024-11-17T09:38:16","slug":"16-pz-professional-risha-pick-plettro-per-oud","status":"publish","type":"product","link":"https:\/\/tapadum.com\/it\/prodotto\/16-pz-professional-risha-pick-plettro-per-oud\/","title":{"rendered":"16 Pz. Professional Risha &#8211; Pick &#8211; Plettro per Oud"},"content":{"rendered":"<p>Oud Pick &#8211; Plettro per Oud<\/p>\n<p>Per tutti i tipi di Oud<\/p>\n<p><br data-mce-bogus=\"1\"><\/p>\n<p>Oud professionali Risha<\/p>\n<p>16 pezzi di plettro per Oud professionale &#8211; Plettro per Oud<\/p>\n<p>Materiale: plastica<\/p>\n<p>Spessore: 0,71 m<\/p>\n<p>1 set: 16 pezzi<\/p>\n<p>Ti divertirai anche a suonare con questa buona qualit\u00e0 in diversi spessori.<\/p>\n<p>Il nome ud pensai \u00e8 usato come Mizrap in turco. Questi mizrap sono i mizrap pi\u00f9 amati e usati dai musicisti in Turchia. Puoi scegliere i mizrap pi\u00f9 adatti a te e al tuo pezzo con i loro diversi spessori.<br \/>Si distingue anche dagli altri visivamente con i suoi motivi e colori unici.<\/p>\n","protected":false},"excerpt":{"rendered":"<p>Oud Pick &#8211; Plettro per Oud<\/p>\n<p>Per tutti i tipi di Oud<\/p>\n","protected":false},"featured_media":17135,"comment_status":"closed","ping_status":"closed","template":"","meta":{"_eb_attr":""},"product_brand":[],"product_cat":[223,224],"product_tag":[],"class_list":{"0":"post-17134","1":"product","2":"type-product","3":"status-publish","4":"has-post-thumbnail","6":"product_cat-accessori","7":"product_cat-accessori-di-oud","9":"first","10":"instock","11":"shipping-taxable","12":"purchasable","13":"product-type-simple"},"jetpack_sharing_enabled":true,"_links":{"self":[{"href":"https:\/\/tapadum.com\/it\/wp-json\/wp\/v2\/product\/17134","targetHints":{"allow":["GET"]}}],"collection":[{"href":"https:\/\/tapadum.com\/it\/wp-json\/wp\/v2\/product"}],"about":[{"href":"https:\/\/tapadum.com\/it\/wp-json\/wp\/v2\/types\/product"}],"replies":[{"embeddable":true,"href":"https:\/\/tapadum.com\/it\/wp-json\/wp\/v2\/comments?post=17134"}],"version-history":[{"count":1,"href":"https:\/\/tapadum.com\/it\/wp-json\/wp\/v2\/product\/17134\/revisions"}],"predecessor-version":[{"id":19007,"href":"https:\/\/tapadum.com\/it\/wp-json\/wp\/v2\/product\/17134\/revisions\/19007"}],"wp:featuredmedia":[{"embeddable":true,"href":"https:\/\/tapadum.com\/it\/wp-json\/wp\/v2\/media\/17135"}],"wp:attachment":[{"href":"https:\/\/tapadum.com\/it\/wp-json\/wp\/v2\/media?parent=17134"}],"wp:term":[{"taxonomy":"product_brand","embeddable":true,"href":"https:\/\/tapadum.com\/it\/wp-json\/wp\/v2\/product_brand?post=17134"},{"taxonomy":"product_cat","embeddable":true,"href":"https:\/\/tapadum.com\/it\/wp-json\/wp\/v2\/product_cat?post=17134"},{"taxonomy":"product_tag","embeddable":true,"href":"https:\/\/tapadum.com\/it\/wp-json\/wp\/v2\/product_tag?post=17134"}],"curies":[{"name":"wp","href":"https:\/\/api.w.org\/{rel}","templated":true}]}}