{"id":17204,"date":"2022-12-10T11:42:41","date_gmt":"2022-12-10T11:42:41","guid":{"rendered":"https:\/\/tapadum.com\/product\/ney-turco-professionale-e-tune-bolahenk\/"},"modified":"2026-04-20T21:50:21","modified_gmt":"2026-04-20T21:50:21","slug":"ney-turco-professionale-e-tune-bolahenk","status":"publish","type":"product","link":"https:\/\/tapadum.com\/it\/prodotto\/ney-turco-professionale-e-tune-bolahenk\/","title":{"rendered":"Ney turco professionale &#8211; E Tune (Bolahenk)"},"content":{"rendered":"<p>{&#8220;product_id&#8221;: 17204, &#8220;target_language&#8221;: &#8220;Italian&#8221;, &#8220;title&#8221;: &#8220;Ney Turco Professionale &#8211; E Tune (Bolahenk)&#8221;, &#8220;description&#8221;: &#8220;<\/p>\n<h1 style=\"text-align: center\">Ney Turco Professionale &#8211; E Tune (Bolahenk Ney)<\/h1>\n<p>n<\/p>\n<h2 style=\"text-align: center\">Ney Turco Fatto a Mano<\/h2>\n<p>n<\/p>\n<p style=\"text-align: center\"><strong>(Spedizione dalla Turchia)<\/strong><\/p>\n<p>n<\/p>\n<p style=\"text-align: center\">Realizzato in bamb\u00f9 che \u00e8 stato essiccato per almeno 15 anni<\/p>\n<p>n<\/p>\n<p style=\"text-align: center\">Il bamb\u00f9 proviene dalle regioni Egeo, Marmara e Mediterraneo della Turchia.<\/p>\n<p>n<\/p>\n<p style=\"text-align: center\">Sebbene il tono principale sia accettato come mi, \u00e8 possibile suonare diverse tonalit\u00e0 e maqam sulla flauto ney.nAscolterai la voce del Ney Bolahenk nel primo video qui sotto.<\/p>\n<p>n<\/p>\n<p style=\"text-align: center\">Nel secondo video, un musicista professionista e conferenziere Volkan Incuvez spiega le diverse tonalit\u00e0 e modi nel ney attraverso Kiz Ney (B Tune).<\/p>\n<p>n<strong>\u00a0 \u00a0 \u00a0 \u00a0* Viene fornito con una custodia resistente!<\/strong>n<strong>\u00a0 \u00a0 \u00a0 \u00a0* Pu\u00f2 essere suonato con la mano sinistra o destra in cima, se desiderato!<\/strong>n<\/p>\n<ul>n \t<\/p>\n<li><strong>(Spedizione dalla Turchia)<\/strong><\/li>\n<p>n<\/ul>\n<p>n<iframe title=\"Professional Turkish Ney - Bolahenk Ney (Tune E)\" width=\"800\" height=\"450\" src=\"https:\/\/www.youtube.com\/embed\/HKutt1bgKjY?feature=oembed\" frameborder=\"0\" allow=\"accelerometer; autoplay; clipboard-write; encrypted-media; gyroscope; picture-in-picture; web-share\" referrerpolicy=\"strict-origin-when-cross-origin\" allowfullscreen><\/iframe>nnhttps:\/\/www.youtube.com\/watch?v=W0qAVcgrhK0&#8243;, &#8220;short_description&#8221;: &#8220;Ney Turco Fatto a Mano ProfessionalenE -Tune (Bolahenk Ney) Con la mano sinistra in cima!nViene fornito con una custodia resistente!n<strong>Pu\u00f2 essere suonato con la mano sinistra o destra in cima, se desiderato.<\/strong>n<strong>(Spedizione dalla Turchia)<\/strong>&#8220;, &#8220;meta_title&#8221;: &#8220;Ney Turco Professionale &#8211; E Tune (Bolahenk)&#8221;, &#8220;meta_description&#8221;: &#8220;Acquista un Ney Turco Professionale fatto a mano. Spedizione dalla Turchia e viene fornito con una custodia resistente!&#8221;, &#8220;focus_keyword&#8221;: &#8220;Ney Turco Professionale&#8221;, &#8220;slug&#8221;: &#8220;ney-turco-professionale-e-tune-bolahenk&#8221;}<\/p>\n","protected":false},"excerpt":{"rendered":"<p>{&#8220;product_id&#8221;: 17204, &#8220;target_language&#8221;: &#8220;Italian&#8221;, &#8220;title&#8221;: &#8220;Ney Turco Professionale &#8211; E Tune (Bolahenk)&#8221;, &#8220;description&#8221;: &#8220; Ney Turco Professionale &#8211; E Tune (Bolahenk Ney) n Ney Turco Fatto a Mano n (Spedizione dalla Turchia) n Realizzato in bamb\u00f9 che \u00e8 stato essiccato per almeno 15 anni n Il bamb\u00f9 proviene dalle regioni Egeo, Marmara e Mediterraneo della [&hellip;]<\/p>\n","protected":false},"featured_media":6240,"comment_status":"open","ping_status":"closed","template":"","meta":{"googlesitekit_rrm_CAow0IDLDA:productID":"","_eb_attr":""},"product_brand":[],"product_cat":[327,275,331,271],"product_tag":[],"class_list":{"0":"post-17204","1":"product","2":"type-product","3":"status-publish","4":"has-post-thumbnail","6":"product_cat-instruments-a-vent","7":"product_cat-ney","8":"product_cat-ney-turc","9":"product_cat-strumenti-a-fiato","11":"first","12":"instock","13":"sold-individually","14":"shipping-taxable","15":"purchasable","16":"product-type-simple"},"jetpack_sharing_enabled":true,"_links":{"self":[{"href":"https:\/\/tapadum.com\/it\/wp-json\/wp\/v2\/product\/17204","targetHints":{"allow":["GET"]}}],"collection":[{"href":"https:\/\/tapadum.com\/it\/wp-json\/wp\/v2\/product"}],"about":[{"href":"https:\/\/tapadum.com\/it\/wp-json\/wp\/v2\/types\/product"}],"replies":[{"embeddable":true,"href":"https:\/\/tapadum.com\/it\/wp-json\/wp\/v2\/comments?post=17204"}],"version-history":[{"count":2,"href":"https:\/\/tapadum.com\/it\/wp-json\/wp\/v2\/product\/17204\/revisions"}],"predecessor-version":[{"id":34077,"href":"https:\/\/tapadum.com\/it\/wp-json\/wp\/v2\/product\/17204\/revisions\/34077"}],"wp:featuredmedia":[{"embeddable":true,"href":"https:\/\/tapadum.com\/it\/wp-json\/wp\/v2\/media\/6240"}],"wp:attachment":[{"href":"https:\/\/tapadum.com\/it\/wp-json\/wp\/v2\/media?parent=17204"}],"wp:term":[{"taxonomy":"product_brand","embeddable":true,"href":"https:\/\/tapadum.com\/it\/wp-json\/wp\/v2\/product_brand?post=17204"},{"taxonomy":"product_cat","embeddable":true,"href":"https:\/\/tapadum.com\/it\/wp-json\/wp\/v2\/product_cat?post=17204"},{"taxonomy":"product_tag","embeddable":true,"href":"https:\/\/tapadum.com\/it\/wp-json\/wp\/v2\/product_tag?post=17204"}],"curies":[{"name":"wp","href":"https:\/\/api.w.org\/{rel}","templated":true}]}}