{"id":17211,"date":"2022-12-10T12:58:45","date_gmt":"2022-12-10T12:58:45","guid":{"rendered":"https:\/\/tapadum.com\/product\/ney-a-tune-turco-professionale-mansur\/"},"modified":"2022-12-10T12:58:45","modified_gmt":"2022-12-10T12:58:45","slug":"ney-a-tune-turco-professionale-mansur","status":"publish","type":"product","link":"https:\/\/tapadum.com\/it\/prodotto\/ney-a-tune-turco-professionale-mansur\/","title":{"rendered":"Ney A-Tune Turco Professionale (Mansur)"},"content":{"rendered":"<div class=\"flex max-w-full flex-col flex-grow\">\n<div class=\"min-h-8 text-message flex w-full flex-col items-end gap-2 whitespace-normal break-words [.text-message+&amp;]:mt-5\" dir=\"auto\" data-message-author-role=\"assistant\" data-message-id=\"9b8fca5a-2bf5-4e94-acf3-0c33411251ae\" data-message-model-slug=\"gpt-4o\">\n<div class=\"flex w-full flex-col gap-1 empty:hidden first:pt-[3px]\">\n<div class=\"markdown prose w-full break-words dark:prose-invert dark\">\n<p><strong>Ney Turco Professionale Accordato in La (Mansur Ney) \u2013 Capolavoro Artigianale Autentico<\/strong><\/p>\n<p>Immergiti nella bellezza profonda delle tradizioni musicali turche con il <strong>Ney Turco Professionale Accordato in La (Mansur Ney)<\/strong>. Questo strumento eccezionale, realizzato a mano con cura, incarna l&#8217;anima del <strong>patrimonio musicale turco<\/strong> e ti invita a un viaggio incantevole di scoperta melodica.<\/p>\n<p>Il <strong>Mansur Ney<\/strong> \u00e8 realizzato in <strong>bamb\u00f9<\/strong> accuratamente essiccato per almeno 15 anni. Questo processo di invecchiamento ottimizza le propriet\u00e0 acustiche del bamb\u00f9, creando un Ney capace di produrre toni ricchi, avvolgenti e pieni di emozione.<\/p>\n<p>Il bamb\u00f9 proviene esclusivamente dalle regioni turche di <strong>Ege, Marmara e Mediterraneo<\/strong>, rinomate per il clima e il terreno ideali che producono bamb\u00f9 di qualit\u00e0 superiore, con forza, flessibilit\u00e0 e carattere tonale distintivi. Il risultato \u00e8 un <strong>Ney<\/strong> che offre un suono autentico ed emotivamente profondo, rappresentando al meglio la <strong>musica turca<\/strong>.<\/p>\n<p>Progettato pensando ai musicisti, il <strong>Ney Turco Professionale Accordato in La (Mansur Ney)<\/strong> \u00e8 dotato di una robusta <strong>custodia rigida<\/strong>. Questa custodia garantisce una protezione eccezionale, mantenendo il tuo prezioso strumento in condizioni impeccabili per anni e offrendo un trasporto comodo per chi si esibisce.<\/p>\n<p>Pi\u00f9 di un semplice strumento, il <strong>Mansur Ney<\/strong> \u00e8 un\u2019opera d\u2019arte che racchiude secoli di tradizione musicale nel suo elegante profilo. Ispirer\u00e0 sia i musicisti esperti che i nuovi appassionati di Ney a creare capolavori sonori che riflettono l&#8217;essenza stessa della musica turca.<\/p>\n<p><strong>Caratteristiche Aggiuntive<\/strong>:<\/p>\n<ul>\n<li>Personalizzabile per la disposizione della mano sinistra o destra su richiesta.<\/li>\n<li><strong>Tono Principale<\/strong>: La (A), con la possibilit\u00e0 di esplorare vari toni e <strong>maqam<\/strong>.<br \/>\nGuarda e ascolta la dimostrazione del <strong>Mansur Ney<\/strong> nel video qui sotto. Approfondisci ulteriormente le sue capacit\u00e0 tonali con il musicista e docente professionista <strong>Volkan Incuvez<\/strong> che mostra diverse tonalit\u00e0 e modalit\u00e0 utilizzando un <strong>K\u0131z Ney (Accordato in B)<\/strong>.<\/li>\n<\/ul>\n<p>(Spedizione dalla Turchia)<\/p>\n<p><iframe title=\"Professional Turkish Ney - Mansur Ney - (LA)\" width=\"800\" height=\"450\" src=\"https:\/\/www.youtube.com\/embed\/ALrhXN9qYpI?feature=oembed\" frameborder=\"0\" allow=\"accelerometer; autoplay; clipboard-write; encrypted-media; gyroscope; picture-in-picture; web-share\" referrerpolicy=\"strict-origin-when-cross-origin\" allowfullscreen><\/iframe><\/p>\n<p>\u200b<\/p>\n<p>&nbsp;<\/p>\n<\/div>\n<\/div>\n<\/div>\n<\/div>\n","protected":false},"excerpt":{"rendered":"<p>Vivi l&#8217;essenza del patrimonio musicale turco con il Ney turco professionale &#8211; La Tune (Mansur Ney).<br \/>\nQuesto strumento in bamb\u00f9 meticolosamente realizzato a mano, invecchiato per 15 anni, risuona con toni accattivanti provenienti dalle regioni turche di Ege, Marmara e Mediterraneo.<br \/>\nCompleto di una custodia rigida resistente, protegge il Ney consentendo ai musicisti la libert\u00e0 di esplorare le sue melodie emozionanti.<br \/>\nChe tu sia un musicista esperto o un principiante, immergiti nell&#8217;incantevole mondo della musica turca e lascia che il Mansur Ney ti trasporti in culture antiche e terre lontane, creando capolavori emozionanti che toccano cuori e anime.<br \/>\nSpedizione dalla Turchia<\/p>\n","protected":false},"featured_media":17205,"comment_status":"open","ping_status":"closed","template":"","meta":{"_eb_attr":""},"product_brand":[],"product_cat":[275,271],"product_tag":[],"class_list":{"0":"post-17211","1":"product","2":"type-product","3":"status-publish","4":"has-post-thumbnail","6":"product_cat-ney","7":"product_cat-strumenti-a-fiato","9":"first","10":"instock","11":"sold-individually","12":"shipping-taxable","13":"purchasable","14":"product-type-simple"},"jetpack_sharing_enabled":true,"_links":{"self":[{"href":"https:\/\/tapadum.com\/it\/wp-json\/wp\/v2\/product\/17211","targetHints":{"allow":["GET"]}}],"collection":[{"href":"https:\/\/tapadum.com\/it\/wp-json\/wp\/v2\/product"}],"about":[{"href":"https:\/\/tapadum.com\/it\/wp-json\/wp\/v2\/types\/product"}],"replies":[{"embeddable":true,"href":"https:\/\/tapadum.com\/it\/wp-json\/wp\/v2\/comments?post=17211"}],"version-history":[{"count":0,"href":"https:\/\/tapadum.com\/it\/wp-json\/wp\/v2\/product\/17211\/revisions"}],"wp:featuredmedia":[{"embeddable":true,"href":"https:\/\/tapadum.com\/it\/wp-json\/wp\/v2\/media\/17205"}],"wp:attachment":[{"href":"https:\/\/tapadum.com\/it\/wp-json\/wp\/v2\/media?parent=17211"}],"wp:term":[{"taxonomy":"product_brand","embeddable":true,"href":"https:\/\/tapadum.com\/it\/wp-json\/wp\/v2\/product_brand?post=17211"},{"taxonomy":"product_cat","embeddable":true,"href":"https:\/\/tapadum.com\/it\/wp-json\/wp\/v2\/product_cat?post=17211"},{"taxonomy":"product_tag","embeddable":true,"href":"https:\/\/tapadum.com\/it\/wp-json\/wp\/v2\/product_tag?post=17211"}],"curies":[{"name":"wp","href":"https:\/\/api.w.org\/{rel}","templated":true}]}}