{"id":17503,"date":"2024-06-18T11:20:43","date_gmt":"2024-06-18T11:20:43","guid":{"rendered":"https:\/\/tapadum.com\/product\/oud-turco-professionale-di-feramis-aktas-padouk-noce\/"},"modified":"2024-06-18T11:20:43","modified_gmt":"2024-06-18T11:20:43","slug":"oud-turco-professionale-di-feramis-aktas-padouk-noce","status":"publish","type":"product","link":"https:\/\/tapadum.com\/it\/prodotto\/oud-turco-professionale-di-feramis-aktas-padouk-noce\/","title":{"rendered":"Oud Turco Professionale di Feramis Aktas Padouk &#038; Noce"},"content":{"rendered":"<p><strong>Introducendo il Liuto Turco Professionale di Feramis Aktas Padouk e Noce: Un Capolavoro di Artigianato e Melodia<\/strong><\/p>\n<p>Scopri il fascino irresistibile del Liuto Turco Professionale di Feramis Aktas, uno strumento finemente lavorato che incarna l&#8217;essenza del patrimonio musicale turco.<\/p>\n<p>Realizzato a mano dal rinomato maestro di liuto, Feramis Usta, originario di Izmir, Turchia, questo liuto \u00e8 una testimonianza di straordinaria maestria e qualit\u00e0 sonora superiore.<\/p>\n<p>Il corpo, costruito con precisione in Padouk e Noce di alta qualit\u00e0, offre un perfetto equilibrio tra risonanza e chiarezza, producendo toni caldi e melodiosi che affascinano sia i musicisti che gli ascoltatori.<\/p>\n<p>La parte frontale del liuto \u00e8 realizzata in Abete Orientale (Picea orientalis), scelto per la sua eccezionale proiezione sonora e reattivit\u00e0.<\/p>\n<p>Il Liuto Feramis Aktas in Acero vanta dettagli raffinati, come una gabbia in Madreperla, che aggiunge un tocco di eleganza al suo design.<\/p>\n<p>Le meccaniche in Rosewood garantiscono una sintonizzazione stabile, offrendo ai musicisti facilit\u00e0 di esecuzione e fiducia durante le performance.<\/p>\n<p>Le corde sono selezionate con cura per migliorare la risonanza e il timbro di ogni nota, permettendo ai musicisti di esprimere le proprie emozioni attraverso la musica con una chiarezza eccezionale.<\/p>\n<p>Il maestro Feramis, il talentuoso liutaio dietro questo capolavoro, \u00e8 nato con una passione per la lavorazione del legno e la musica. Il suo percorso \u00e8 iniziato in laboratori di falegnameria in giovane et\u00e0, e ha raggiunto nuove vette quando ha incontrato il suo mentore, Sinai Ozkan.<\/p>\n<p>Oggi, la sua dedizione e competenza brillano in ogni aspetto del Liuto Turco Professionale di Feramis Aktas.<\/p>\n<p><iframe title=\"Turkish Oud By Feramis Aktas (Paduk &amp; Walnut)\" width=\"800\" height=\"450\" src=\"https:\/\/www.youtube.com\/embed\/1ypaBedu_50?feature=oembed\" frameborder=\"0\" allow=\"accelerometer; autoplay; clipboard-write; encrypted-media; gyroscope; picture-in-picture; web-share\" referrerpolicy=\"strict-origin-when-cross-origin\" allowfullscreen><\/iframe><\/p>\n<p>&nbsp;<\/p>\n","protected":false},"excerpt":{"rendered":"<p><strong>Immergiti nel mondo affascinante della musica turca con il Liuto Turco Professionale di Feramis Aktas Padouk e Noce, uno strumento finemente realizzato dal rinomato maestro di liuto Feramis Usta di Izmir, Turchia.<\/strong><\/p>\n<p>Realizzato in Padouk e Noce e adornato con Abete Orientale, una gabbia in Madreperla e meccaniche in Rosewood, questo liuto offre toni caldi e melodiosi con un\u2019eccezionale proiezione sonora.<\/p>\n<p>Riflettendo il ricco patrimonio culturale della musica turca, questo capolavoro \u00e8 il risultato della competenza e dedizione di Feramis, offrendo ai musicisti un&#8217;incredibile opportunit\u00e0 di esprimere emozioni attraverso la musica con chiarezza e risonanza senza pari.<\/p>\n<p><strong>Spedizione dall&#8217;Italia<\/strong><\/p>\n","protected":false},"featured_media":17504,"comment_status":"open","ping_status":"closed","template":"","meta":{"_eb_attr":""},"product_brand":[],"product_cat":[261,263,264,248],"product_tag":[],"class_list":{"0":"post-17503","1":"product","2":"type-product","3":"status-publish","4":"has-post-thumbnail","6":"product_cat-oud-it","7":"product_cat-oud-di-feramis-aktas","8":"product_cat-oud-turco","9":"product_cat-strumenti-a-corda","11":"first","12":"instock","13":"sale","14":"shipping-taxable","15":"purchasable","16":"product-type-simple"},"jetpack_sharing_enabled":true,"_links":{"self":[{"href":"https:\/\/tapadum.com\/it\/wp-json\/wp\/v2\/product\/17503","targetHints":{"allow":["GET"]}}],"collection":[{"href":"https:\/\/tapadum.com\/it\/wp-json\/wp\/v2\/product"}],"about":[{"href":"https:\/\/tapadum.com\/it\/wp-json\/wp\/v2\/types\/product"}],"replies":[{"embeddable":true,"href":"https:\/\/tapadum.com\/it\/wp-json\/wp\/v2\/comments?post=17503"}],"version-history":[{"count":0,"href":"https:\/\/tapadum.com\/it\/wp-json\/wp\/v2\/product\/17503\/revisions"}],"wp:featuredmedia":[{"embeddable":true,"href":"https:\/\/tapadum.com\/it\/wp-json\/wp\/v2\/media\/17504"}],"wp:attachment":[{"href":"https:\/\/tapadum.com\/it\/wp-json\/wp\/v2\/media?parent=17503"}],"wp:term":[{"taxonomy":"product_brand","embeddable":true,"href":"https:\/\/tapadum.com\/it\/wp-json\/wp\/v2\/product_brand?post=17503"},{"taxonomy":"product_cat","embeddable":true,"href":"https:\/\/tapadum.com\/it\/wp-json\/wp\/v2\/product_cat?post=17503"},{"taxonomy":"product_tag","embeddable":true,"href":"https:\/\/tapadum.com\/it\/wp-json\/wp\/v2\/product_tag?post=17503"}],"curies":[{"name":"wp","href":"https:\/\/api.w.org\/{rel}","templated":true}]}}