{"id":17732,"date":"2023-07-03T19:08:00","date_gmt":"2023-07-03T19:08:00","guid":{"rendered":"https:\/\/tapadum.com\/product\/darbuka-egiziana-in-rame-con-decorazioni\/"},"modified":"2023-07-03T19:08:00","modified_gmt":"2023-07-03T19:08:00","slug":"darbuka-egiziana-in-rame-con-decorazioni","status":"publish","type":"product","link":"https:\/\/tapadum.com\/it\/prodotto\/darbuka-egiziana-in-rame-con-decorazioni\/","title":{"rendered":"Darbuka Egiziana in Rame con Decorazioni"},"content":{"rendered":"<p><strong>Darbuka Egiziana in Rame con Decorazioni Tradizionali<\/strong> &#8211; Fascino e Tradizione per I Tuoi Ritmi<\/p>\n<p>Presentiamo la nostra <strong>Darbuka Egiziana in Rame<\/strong> finemente lavorata, uno strumento di percussione tradizionale che unisce arte e funzionalit\u00e0. Realizzata a mano con precisione e cura nei dettagli, questa darbuka \u00e8 impreziosita da decorazioni tradizionali che riflettono la ricca eredit\u00e0 culturale dell\u2019<strong>Egitto<\/strong>.<\/p>\n<p>Con un <strong>diametro della pelle di 22 cm<\/strong> e un&#8217;altezza di 44 cm, questa darbuka emette un suono profondo e risonante che conquister\u00e0 il pubblico, elevando le tue performance musicali. Nonostante la sua dimensione, pesa solo 3 kg, rendendola facile da trasportare e maneggiare durante prove e spettacoli.<\/p>\n<h3>Caratteristiche Principali:<\/h3>\n<ul>\n<li><strong>Materiale di Alta Qualit\u00e0<\/strong>: Corpo in rame che conferisce un tono caldo e autentico.<\/li>\n<li><strong>Decorazioni Tradizionali<\/strong>: Ogni darbuka \u00e8 unica grazie alle decorazioni artigianali che rievocano l&#8217;estetica egiziana.<\/li>\n<li><strong>Leggera e Portatile<\/strong>: Perfetta per musicisti in movimento, pesa solo 3 kg e viene fornita con una borsa sottile per il trasporto.<\/li>\n<\/ul>\n<h3>Perch\u00e9 Scegliere la Darbuka Egiziana in Rame?<\/h3>\n<p>Ideale per musicisti professionisti che desiderano arricchire il proprio ensemble o per principianti desiderosi di esplorare il mondo delle percussioni, la <strong>Darbuka Egiziana in Rame con Decorazioni Tradizionali<\/strong> \u00e8 la scelta perfetta per aggiungere un tocco autentico alla tua musica. Scopri la magia dei ritmi egiziani e immergiti in un&#8217;esperienza sonora unica.<\/p>\n","protected":false},"excerpt":{"rendered":"<p>Darbuka Egiziano in rame con decorazione tradizionale<\/p>\n<p>Diametro della pelle 22 cm<\/p>\n<p>Altezza: 44 cm<\/p>\n<p>Peso 3Kg<\/p>\n<p>Viene fornito con una custodia morbida.<\/p>\n","protected":false},"featured_media":17734,"comment_status":"open","ping_status":"closed","template":"","meta":{"_eb_attr":""},"product_brand":[],"product_cat":[236,234,239],"product_tag":[],"class_list":{"0":"post-17732","1":"product","2":"type-product","3":"status-publish","4":"has-post-thumbnail","6":"product_cat-darbuka-it","7":"product_cat-percussioni","8":"product_cat-travel-darbuka-leggere","10":"first","11":"instock","12":"sale","13":"shipping-taxable","14":"purchasable","15":"product-type-simple"},"jetpack_sharing_enabled":true,"_links":{"self":[{"href":"https:\/\/tapadum.com\/it\/wp-json\/wp\/v2\/product\/17732","targetHints":{"allow":["GET"]}}],"collection":[{"href":"https:\/\/tapadum.com\/it\/wp-json\/wp\/v2\/product"}],"about":[{"href":"https:\/\/tapadum.com\/it\/wp-json\/wp\/v2\/types\/product"}],"replies":[{"embeddable":true,"href":"https:\/\/tapadum.com\/it\/wp-json\/wp\/v2\/comments?post=17732"}],"version-history":[{"count":0,"href":"https:\/\/tapadum.com\/it\/wp-json\/wp\/v2\/product\/17732\/revisions"}],"wp:featuredmedia":[{"embeddable":true,"href":"https:\/\/tapadum.com\/it\/wp-json\/wp\/v2\/media\/17734"}],"wp:attachment":[{"href":"https:\/\/tapadum.com\/it\/wp-json\/wp\/v2\/media?parent=17732"}],"wp:term":[{"taxonomy":"product_brand","embeddable":true,"href":"https:\/\/tapadum.com\/it\/wp-json\/wp\/v2\/product_brand?post=17732"},{"taxonomy":"product_cat","embeddable":true,"href":"https:\/\/tapadum.com\/it\/wp-json\/wp\/v2\/product_cat?post=17732"},{"taxonomy":"product_tag","embeddable":true,"href":"https:\/\/tapadum.com\/it\/wp-json\/wp\/v2\/product_tag?post=17732"}],"curies":[{"name":"wp","href":"https:\/\/api.w.org\/{rel}","templated":true}]}}