{"id":22035,"date":"2025-02-22T16:17:00","date_gmt":"2025-02-22T16:17:00","guid":{"rendered":"https:\/\/tapadum.com\/product\/acero-oud-arabo-opaco\/"},"modified":"2025-06-29T12:54:51","modified_gmt":"2025-06-29T12:54:51","slug":"acero-oud-arabo-opaco","status":"publish","type":"product","link":"https:\/\/tapadum.com\/it\/prodotto\/acero-oud-arabo-opaco\/","title":{"rendered":"Acero Oud Arabo (opaco)"},"content":{"rendered":"<p>Analizziamo le sue caratteristiche essenziali, come il corpo in acero, i piroli in ebano, la tavola armonica in abete orientale e le corde K\u00fcrschner, e scopriamo anche una semplice guida su come accordare l&#8217;oud per prestazioni ottimali.<\/p>\n<p>Realizzato in acero: l&#8217;Arabic Oud vanta un corpo in acero resistente, rinomato per i suoi toni caldi e risonanti, che garantisce non solo longevit\u00e0 ma anche un aspetto elegante.<\/p>\n<p>Accordatura senza sforzo con piroli in ebano: accordare l&#8217;oud diventa un gioco da ragazzi con l&#8217;inclusione di piroli in ebano, che forniscono regolazioni precise e un&#8217;esperienza di gioco senza preoccupazioni con un&#8217;accordatura stabile.<\/p>\n<p>Toni chiari e vibranti con l&#8217;abete orientale: la tavola armonica in abete orientale contribuisce all&#8217;autentico suono arabo, producendo toni chiari e vibranti che risuonano con gli appassionati di oud.<\/p>\n<p>Corde K\u00fcrschner versatili: dotato di corde K\u00fcrschner, l&#8217;Intermediate Arabic Oud offre un&#8217;eccellente reattivit\u00e0 e versatilit\u00e0, consentendo ai musicisti di esplorare un&#8217;ampia gamma di espressioni musicali.<\/p>\n<p>Sblocca il tuo potenziale musicale: l&#8217;Arabic Oud \u00e8 il compagno perfetto per principianti e aspiranti musicisti. Il suo corpo in acero, i piroli in ebano, la tavola in abete orientale e le corde K\u00fcrschner offrono un&#8217;opzione conveniente senza compromettere la qualit\u00e0.<\/p>\n<p>Inizia il tuo viaggio nell&#8217;oud, accorda facilmente il tuo strumento e sblocca il tuo potenziale musicale con il nostro Arabic Oud. Inizia a creare melodie accattivanti e immergiti nell&#8217;incantevole mondo della musica araba.<\/p>\n<p>Semplice guida all&#8217;accordatura dell&#8217;oud: accordare l&#8217;Arabic Oud \u00e8 un processo semplice. Segui questi passaggi per un&#8217;accordatura accurata:<\/p>\n<p>Inizia con la corda pi\u00f9 bassa e accordala su C.<br \/>\nPassa alla corda successiva e accordala su G.<br \/>\nProcedi alla terza corda e accordala su D.<br \/>\nAccorda la quarta corda su A.<br \/>\nPassa alla quinta corda e accordala su F.<br \/>\nInfine, accorda la corda pi\u00f9 alta su C.<\/p>\n<p><iframe title=\"Arabic Oud\" width=\"800\" height=\"450\" src=\"https:\/\/www.youtube.com\/embed\/Vi-sFgr9SvQ?feature=oembed\" frameborder=\"0\" allow=\"accelerometer; autoplay; clipboard-write; encrypted-media; gyroscope; picture-in-picture; web-share\" referrerpolicy=\"strict-origin-when-cross-origin\" allowfullscreen><\/iframe><\/p>\n","protected":false},"excerpt":{"rendered":"<p>Inizia il tuo viaggio nell&#8217;oud con il nostro Arabic Oud<br \/>\nCon un corpo in acero, piroli in ebano, un top in abete orientale<br \/>\nCorde K\u00fcrschner, questo oud offre autentici toni arabi.<br \/>\nScopri come accordarlo facilmente e libera il tuo potenziale musicale.<\/p>\n","protected":false},"featured_media":21892,"comment_status":"open","ping_status":"closed","template":"","meta":{"_eb_attr":""},"product_brand":[],"product_cat":[261,281,248],"product_tag":[],"class_list":{"0":"post-22035","1":"product","2":"type-product","3":"status-publish","4":"has-post-thumbnail","6":"product_cat-oud-it","7":"product_cat-oud-arabo","8":"product_cat-strumenti-a-corda","10":"first","11":"instock","12":"sale","13":"shipping-taxable","14":"purchasable","15":"product-type-simple"},"jetpack_sharing_enabled":true,"_links":{"self":[{"href":"https:\/\/tapadum.com\/it\/wp-json\/wp\/v2\/product\/22035","targetHints":{"allow":["GET"]}}],"collection":[{"href":"https:\/\/tapadum.com\/it\/wp-json\/wp\/v2\/product"}],"about":[{"href":"https:\/\/tapadum.com\/it\/wp-json\/wp\/v2\/types\/product"}],"replies":[{"embeddable":true,"href":"https:\/\/tapadum.com\/it\/wp-json\/wp\/v2\/comments?post=22035"}],"version-history":[{"count":2,"href":"https:\/\/tapadum.com\/it\/wp-json\/wp\/v2\/product\/22035\/revisions"}],"predecessor-version":[{"id":26518,"href":"https:\/\/tapadum.com\/it\/wp-json\/wp\/v2\/product\/22035\/revisions\/26518"}],"wp:featuredmedia":[{"embeddable":true,"href":"https:\/\/tapadum.com\/it\/wp-json\/wp\/v2\/media\/21892"}],"wp:attachment":[{"href":"https:\/\/tapadum.com\/it\/wp-json\/wp\/v2\/media?parent=22035"}],"wp:term":[{"taxonomy":"product_brand","embeddable":true,"href":"https:\/\/tapadum.com\/it\/wp-json\/wp\/v2\/product_brand?post=22035"},{"taxonomy":"product_cat","embeddable":true,"href":"https:\/\/tapadum.com\/it\/wp-json\/wp\/v2\/product_cat?post=22035"},{"taxonomy":"product_tag","embeddable":true,"href":"https:\/\/tapadum.com\/it\/wp-json\/wp\/v2\/product_tag?post=22035"}],"curies":[{"name":"wp","href":"https:\/\/api.w.org\/{rel}","templated":true}]}}