{"id":23056,"date":"2021-10-10T17:33:11","date_gmt":"2021-10-10T17:33:11","guid":{"rendered":"https:\/\/tapadum.com\/product\/cumbus-saz-cooper-cumbus-collo-saz-sazbus-professionale\/"},"modified":"2021-10-10T17:33:11","modified_gmt":"2021-10-10T17:33:11","slug":"cumbus-saz-cooper-cumbus-collo-saz-sazbus-professionale","status":"publish","type":"product","link":"https:\/\/tapadum.com\/it\/prodotto\/cumbus-saz-cooper-cumbus-collo-saz-sazbus-professionale\/","title":{"rendered":"Cumbus Saz Cooper (Cumbus Collo Saz) Sazbus Professionale"},"content":{"rendered":"<article class=\"text-token-text-primary w-full\" dir=\"auto\" data-testid=\"conversation-turn-12\" data-scroll-anchor=\"true\">\n<div class=\"text-base my-auto mx-auto py-5 px-6\">\n<div class=\"mx-auto flex flex-1 text-base gap-4 md:gap-5 lg:gap-6 md:max-w-3xl group\/turn-messages focus-visible:outline-hidden\" data-mce-tabindex=\"-1\">\n<div class=\"group\/conversation-turn relative flex w-full min-w-0 flex-col agent-turn @xs\/thread:px-0 @sm\/thread:px-1.5 @md\/thread:px-4\">\n<div class=\"relative flex-col gap-1 md:gap-3\">\n<div class=\"flex max-w-full flex-col grow\">\n<div class=\"min-h-8 text-message relative flex w-full flex-col items-end gap-2 text-start break-words whitespace-normal [.text-message+&amp;]:mt-5\" dir=\"auto\" data-message-author-role=\"assistant\" data-message-id=\"df421764-b24a-488b-bd5c-073f11b92abb\" data-message-model-slug=\"gpt-4o-mini\">\n<div class=\"flex w-full flex-col gap-1 empty:hidden first:pt-[3px]\">\n<div class=\"markdown prose dark:prose-invert w-full break-words light\">\n<p class=\"\" data-start=\"47\" data-end=\"219\"><strong data-start=\"47\" data-end=\"219\">Il C\u00fcmb\u00fc\u015f \u00e8 uno strumento unico e innovativo che occupa un posto speciale nella musica turca, essendo stato sviluppato da Zeynel Abidin C\u00fcmb\u00fc\u015f all&#8217;inizio del XX secolo.<\/strong><\/p>\n<p class=\"\" data-start=\"221\" data-end=\"418\"><strong data-start=\"221\" data-end=\"418\">Ha un corpo in rame con pelle naturale o sintetica tesa sulla tavola armonica, un manico lungo, tasti e corde metalliche, creando un suono versatile che fonde elementi di chitarra, banjo e oud.<\/strong><\/p>\n<p class=\"\" data-start=\"420\" data-end=\"591\"><strong data-start=\"420\" data-end=\"591\">Una delle principali innovazioni del C\u00fcmb\u00fc\u015f \u00e8 il suo manico regolabile e intercambiabile, che consente regolazioni dell&#8217;altezza e la possibilit\u00e0 di cambiare il manico.<\/strong><\/p>\n<p class=\"\" data-start=\"593\" data-end=\"784\"><strong data-start=\"593\" data-end=\"784\">Questo design offre flessibilit\u00e0 ai musicisti per regolare l&#8217;altezza dello strumento in base alle proprie preferenze ed esplorare diverse possibilit\u00e0 tonali utilizzando manici differenti.<\/strong><\/p>\n<p class=\"\" data-start=\"786\" data-end=\"929\"><strong data-start=\"786\" data-end=\"929\">Con questa caratteristica unica, il C\u00fcmb\u00fc\u015f diventa uno strumento versatile che pu\u00f2 adattarsi a vari stili musicali ed espressioni creative.<\/strong><\/p>\n<p class=\"\" data-start=\"931\" data-end=\"1006\">Let me know if you need any further adjustments or additional translations!<\/p>\n<\/div>\n<\/div>\n<\/div>\n<\/div>\n<div class=\"flex justify-start\">\n<div class=\"touch:-me-2 touch:-ms-3.5 -ms-2.5 -me-1 flex items-center p-1 select-none -mt-1 duration-[1.5s] focus-within:transition-none hover:transition-none pointer-events-none [mask-image:linear-gradient(to_right,black_33%,transparent_66%)] [mask-position:100%_0%] [mask-size:300%_100%] motion-safe:transition-[mask-position] group-hover\/turn-messages:pointer-events-auto group-hover\/turn-messages:[mask-position:0_0] group-focus-within\/turn-messages:pointer-events-auto group-focus-within\/turn-messages:[mask-position:0_0] has-data-[state=open]:pointer-events-auto has-data-[state=open]:[mask-position:0_0]\"><\/div>\n<\/div>\n<\/div>\n<div class=\"absolute\">\n<div class=\"flex items-center justify-center\"><\/div>\n<\/div>\n<\/div>\n<\/div>\n<\/div>\n<\/article>\n<div class=\"pointer-events-none h-px w-px\" aria-hidden=\"true\" data-edge=\"true\"><br data-mce-bogus=\"1\"><\/div>\n","protected":false},"excerpt":{"rendered":"<p>Cumbus Saz in Rame Creato da Zeynel Abidin C\u00fcmb\u00fc\u015f<\/p>\n","protected":false},"featured_media":23057,"comment_status":"open","ping_status":"closed","template":"","meta":{"_eb_attr":""},"product_brand":[],"product_cat":[249,252,248],"product_tag":[],"class_list":{"0":"post-23056","1":"product","2":"type-product","3":"status-publish","4":"has-post-thumbnail","6":"product_cat-baglama-saz-it","7":"product_cat-manico-lungo","8":"product_cat-strumenti-a-corda","10":"first","11":"instock","12":"sold-individually","13":"shipping-taxable","14":"purchasable","15":"product-type-simple"},"jetpack_sharing_enabled":true,"_links":{"self":[{"href":"https:\/\/tapadum.com\/it\/wp-json\/wp\/v2\/product\/23056","targetHints":{"allow":["GET"]}}],"collection":[{"href":"https:\/\/tapadum.com\/it\/wp-json\/wp\/v2\/product"}],"about":[{"href":"https:\/\/tapadum.com\/it\/wp-json\/wp\/v2\/types\/product"}],"replies":[{"embeddable":true,"href":"https:\/\/tapadum.com\/it\/wp-json\/wp\/v2\/comments?post=23056"}],"version-history":[{"count":0,"href":"https:\/\/tapadum.com\/it\/wp-json\/wp\/v2\/product\/23056\/revisions"}],"wp:featuredmedia":[{"embeddable":true,"href":"https:\/\/tapadum.com\/it\/wp-json\/wp\/v2\/media\/23057"}],"wp:attachment":[{"href":"https:\/\/tapadum.com\/it\/wp-json\/wp\/v2\/media?parent=23056"}],"wp:term":[{"taxonomy":"product_brand","embeddable":true,"href":"https:\/\/tapadum.com\/it\/wp-json\/wp\/v2\/product_brand?post=23056"},{"taxonomy":"product_cat","embeddable":true,"href":"https:\/\/tapadum.com\/it\/wp-json\/wp\/v2\/product_cat?post=23056"},{"taxonomy":"product_tag","embeddable":true,"href":"https:\/\/tapadum.com\/it\/wp-json\/wp\/v2\/product_tag?post=23056"}],"curies":[{"name":"wp","href":"https:\/\/api.w.org\/{rel}","templated":true}]}}