{"id":28287,"date":"2023-07-01T21:53:15","date_gmt":"2023-07-01T21:53:15","guid":{"rendered":"https:\/\/tapadum.com\/product\/tzouras-greco\/"},"modified":"2023-07-01T21:53:15","modified_gmt":"2023-07-01T21:53:15","slug":"tzouras-greco","status":"publish","type":"product","link":"https:\/\/tapadum.com\/it\/prodotto\/tzouras-greco\/","title":{"rendered":"Tzouras Greco"},"content":{"rendered":"<p>&nbsp;<\/p>\n<p data-start=\"124\" data-end=\"172\"><strong data-start=\"124\" data-end=\"170\">TZOURAS GRECO SPECIALE CON CORPO BALTA SAZ<\/strong><\/p>\n<p data-start=\"174\" data-end=\"240\"><strong data-start=\"174\" data-end=\"184\">Corpo:<\/strong> <strong data-start=\"185\" data-end=\"205\">Gelso intagliato<\/strong><br data-start=\"205\" data-end=\"208\" \/><strong data-start=\"208\" data-end=\"228\">Tavola armonica:<\/strong> <strong data-start=\"229\" data-end=\"238\">Abete<\/strong><\/p>\n<p data-start=\"242\" data-end=\"546\">Lo <strong data-start=\"245\" data-end=\"262\">TZOURAS Greco<\/strong> \u00e8 un gioiello musicale profondamente radicato nel patrimonio culturale della Grecia. Questo strumento a corda affascinante e versatile ha incantato il pubblico per secoli, grazie al suo suono unico e al design distintivo, trovando un posto speciale nella musica tradizionale greca.<\/p>\n<p data-start=\"548\" data-end=\"1005\">Membro della famiglia dei <strong data-start=\"574\" data-end=\"586\">bouzouki<\/strong>, lo <strong data-start=\"591\" data-end=\"602\">TZOURAS<\/strong> si distingue per le dimensioni pi\u00f9 ridotte e per l\u2019intonazione pi\u00f9 acuta rispetto ai suoi parenti. Presenta un <strong data-start=\"714\" data-end=\"740\">manico lungo e sottile<\/strong> e un <strong data-start=\"746\" data-end=\"773\">corpo a coppa risonante<\/strong>, solitamente realizzato con legni pregiati come <strong data-start=\"822\" data-end=\"831\">gelso<\/strong>, <strong data-start=\"833\" data-end=\"841\">noce<\/strong> o <strong data-start=\"844\" data-end=\"853\">acero<\/strong>. Questa scelta accurata dei materiali garantisce a ogni strumento un suono distinto e risonante, contribuendo a creare un timbro ricco ed espressivo.<\/p>\n<p data-start=\"1007\" data-end=\"1307\">Tradizionalmente dotato di tre o quattro corde doppie in metallo, questo strumento greco offre un\u2019ampia gamma di possibilit\u00e0 melodiche. I musicisti possono esplorare la sua versatilit\u00e0, eseguendo sia vivaci danze tradizionali sia ballate toccanti che riflettono la profondit\u00e0 delle emozioni greche.<\/p>\n<p data-start=\"1309\" data-end=\"1588\">Negli ultimi anni, lo <strong data-start=\"1331\" data-end=\"1342\">TZOURAS<\/strong> ha conquistato popolarit\u00e0 anche al di fuori della Grecia, affascinando musicisti e appassionati di tutto il mondo. Il suo suono evocativo, l\u2019eredit\u00e0 culturale e la versatilit\u00e0 ne fanno un\u2019aggiunta preziosa a diversi contesti musicali e generi.<\/p>\n<p data-start=\"1590\" data-end=\"1989\">Immergiti nel mondo coinvolgente della musica greca con lo <strong data-start=\"1649\" data-end=\"1660\">TZOURAS<\/strong>. Lascia che i suoi toni risonanti e il carattere distintivo accendano la tua passione musicale, trasportandoti nelle melodie incantevoli della Grecia. Eleva la tua espressione artistica, cattura il tuo pubblico e scopri l\u2019essenza autentica della tradizione greca con questo strumento eccezionale e culturalmente significativo.<\/p>\n","protected":false},"excerpt":{"rendered":"<p>Scopri il TZOURAS Greco Speciale: corpo in gelso intagliato, tavola in abete, suono risonante e versatile. Perfetto per musicisti e appassionati di musica tradizionale greca.<\/p>\n","protected":false},"featured_media":27055,"comment_status":"open","ping_status":"closed","template":"","meta":{"_eb_attr":""},"product_brand":[],"product_cat":[254,248],"product_tag":[],"class_list":{"0":"post-28287","1":"product","2":"type-product","3":"status-publish","4":"has-post-thumbnail","6":"product_cat-bouzouki-greco","7":"product_cat-strumenti-a-corda","9":"first","10":"instock","11":"sale","12":"shipping-taxable","13":"purchasable","14":"product-type-simple"},"jetpack_sharing_enabled":true,"_links":{"self":[{"href":"https:\/\/tapadum.com\/it\/wp-json\/wp\/v2\/product\/28287","targetHints":{"allow":["GET"]}}],"collection":[{"href":"https:\/\/tapadum.com\/it\/wp-json\/wp\/v2\/product"}],"about":[{"href":"https:\/\/tapadum.com\/it\/wp-json\/wp\/v2\/types\/product"}],"replies":[{"embeddable":true,"href":"https:\/\/tapadum.com\/it\/wp-json\/wp\/v2\/comments?post=28287"}],"version-history":[{"count":0,"href":"https:\/\/tapadum.com\/it\/wp-json\/wp\/v2\/product\/28287\/revisions"}],"wp:featuredmedia":[{"embeddable":true,"href":"https:\/\/tapadum.com\/it\/wp-json\/wp\/v2\/media\/27055"}],"wp:attachment":[{"href":"https:\/\/tapadum.com\/it\/wp-json\/wp\/v2\/media?parent=28287"}],"wp:term":[{"taxonomy":"product_brand","embeddable":true,"href":"https:\/\/tapadum.com\/it\/wp-json\/wp\/v2\/product_brand?post=28287"},{"taxonomy":"product_cat","embeddable":true,"href":"https:\/\/tapadum.com\/it\/wp-json\/wp\/v2\/product_cat?post=28287"},{"taxonomy":"product_tag","embeddable":true,"href":"https:\/\/tapadum.com\/it\/wp-json\/wp\/v2\/product_tag?post=28287"}],"curies":[{"name":"wp","href":"https:\/\/api.w.org\/{rel}","templated":true}]}}